{"id":8247,"date":"2021-06-17T17:11:31","date_gmt":"2021-06-17T17:11:31","guid":{"rendered":"https:\/\/elischools.com\/?page_id=8247"},"modified":"2025-01-10T16:13:50","modified_gmt":"2025-01-10T21:13:50","slug":"ana-bilgisayara-uygula","status":"publish","type":"page","link":"https:\/\/elischools.com\/tr\/ana-bilgisayara-uygula\/","title":{"rendered":"Ana Bilgisayara Uygula"},"content":{"rendered":"\t\t<div data-elementor-type=\"wp-page\" data-elementor-id=\"8247\" class=\"elementor elementor-8247 elementor-8193\" data-elementor-post-type=\"page\">\n\t\t\t\t\t\t<section class=\"elementor-section elementor-top-section elementor-element elementor-element-4d02bab5 elementor-section-full_width elementor-section-stretched elementor-section-height-min-height elementor-section-height-default elementor-section-items-middle\" data-id=\"4d02bab5\" data-element_type=\"section\" data-e-type=\"section\" data-settings=\"{&quot;stretch_section&quot;:&quot;section-stretched&quot;,&quot;background_background&quot;:&quot;classic&quot;}\">\n\t\t\t\t\t\t\t<div class=\"elementor-background-overlay\"><\/div>\n\t\t\t\t\t\t\t<div class=\"elementor-container elementor-column-gap-no\">\n\t\t\t\t\t<div class=\"elementor-column elementor-col-100 elementor-top-column elementor-element elementor-element-51f30c22\" data-id=\"51f30c22\" data-element_type=\"column\" data-e-type=\"column\">\n\t\t\t<div class=\"elementor-widget-wrap elementor-element-populated\">\n\t\t\t\t\t\t<section class=\"elementor-section elementor-inner-section elementor-element elementor-element-5b4ab656 elementor-section-full_width elementor-section-height-default elementor-section-height-default\" data-id=\"5b4ab656\" data-element_type=\"section\" data-e-type=\"section\">\n\t\t\t\t\t\t<div class=\"elementor-container elementor-column-gap-default\">\n\t\t\t\t\t<div class=\"elementor-column elementor-col-100 elementor-inner-column elementor-element elementor-element-39db0244\" data-id=\"39db0244\" data-element_type=\"column\" data-e-type=\"column\">\n\t\t\t<div class=\"elementor-widget-wrap elementor-element-populated\">\n\t\t\t\t\t\t<div class=\"elementor-element elementor-element-7acec70b elementor-hidden-desktop elementor-hidden-tablet elementor-hidden-mobile elementor-widget elementor-widget-text-editor\" data-id=\"7acec70b\" data-element_type=\"widget\" data-e-type=\"widget\" data-widget_type=\"text-editor.default\">\n\t\t\t\t<div class=\"elementor-widget-container\">\n\t\t\t\t\t\t\t\t\t<p>Ev sahibi aileye ba\u015fvuruda bulunun<\/p>\n\t\t\t\t\t\t\t\t<\/div>\n\t\t\t\t<\/div>\n\t\t\t\t<div class=\"elementor-element elementor-element-9ecea4c elementor-widget elementor-widget-heading\" data-id=\"9ecea4c\" data-element_type=\"widget\" data-e-type=\"widget\" data-widget_type=\"heading.default\">\n\t\t\t\t<div class=\"elementor-widget-container\">\n\t\t\t\t\t<h1 class=\"elementor-heading-title elementor-size-default\">Ev sahibi aileye ba\u015fvuruda bulunun<\/h1>\t\t\t\t<\/div>\n\t\t\t\t<\/div>\n\t\t\t\t\t<\/div>\n\t\t<\/div>\n\t\t\t\t\t<\/div>\n\t\t<\/section>\n\t\t\t\t\t<\/div>\n\t\t<\/div>\n\t\t\t\t\t<\/div>\n\t\t<\/section>\n\t\t<div class=\"elementor-element elementor-element-ef92071 e-flex e-con-boxed e-con e-parent\" data-id=\"ef92071\" data-element_type=\"container\" data-e-type=\"container\">\n\t\t\t\t\t<div class=\"e-con-inner\">\n\t\t\t\t<div class=\"elementor-element elementor-element-cf96d66 elementor-widget elementor-widget-heading\" data-id=\"cf96d66\" data-element_type=\"widget\" data-e-type=\"widget\" data-widget_type=\"heading.default\">\n\t\t\t\t<div class=\"elementor-widget-container\">\n\t\t\t\t\t<span class=\"elementor-heading-title elementor-size-default\"><a href=\"https:\/\/elischools.com\/tr\/\">ANA SAYFA &gt;<\/a><\/span>\t\t\t\t<\/div>\n\t\t\t\t<\/div>\n\t\t\t\t<div class=\"elementor-element elementor-element-b764fd2 elementor-widget elementor-widget-heading\" data-id=\"b764fd2\" data-element_type=\"widget\" data-e-type=\"widget\" data-widget_type=\"heading.default\">\n\t\t\t\t<div class=\"elementor-widget-container\">\n\t\t\t\t\t<h2 class=\"elementor-heading-title elementor-size-default\">Ev sahibi aileye ba\u015fvuruda bulunun<\/h2>\t\t\t\t<\/div>\n\t\t\t\t<\/div>\n\t\t\t\t\t<\/div>\n\t\t\t\t<\/div>\n\t\t<div class=\"elementor-element elementor-element-31747b8 e-flex e-con-boxed e-con e-parent\" data-id=\"31747b8\" data-element_type=\"container\" data-e-type=\"container\" id=\"apply-section\" data-settings=\"{&quot;background_background&quot;:&quot;classic&quot;}\">\n\t\t\t\t\t<div class=\"e-con-inner\">\n\t\t<div class=\"elementor-element elementor-element-ddbe9ce e-con-full e-flex e-con e-child\" data-id=\"ddbe9ce\" data-element_type=\"container\" data-e-type=\"container\">\n\t\t\t\t<div class=\"elementor-element elementor-element-9aa0e85 elementor-widget elementor-widget-image\" data-id=\"9aa0e85\" data-element_type=\"widget\" data-e-type=\"widget\" data-widget_type=\"image.default\">\n\t\t\t\t<div class=\"elementor-widget-container\">\n\t\t\t\t\t\t\t\t\t\t\t\t\t\t\t<img fetchpriority=\"high\" decoding=\"async\" width=\"873\" height=\"600\" src=\"https:\/\/elischools.com\/wp-content\/uploads\/2024\/10\/AdobeStock_237288284-scaled-1.webp\" class=\"attachment-full size-full wp-image-82921\" alt=\"Apply to host ELI\" srcset=\"https:\/\/elischools.com\/wp-content\/uploads\/2024\/10\/AdobeStock_237288284-scaled-1.webp 873w, https:\/\/elischools.com\/wp-content\/uploads\/2024\/10\/AdobeStock_237288284-scaled-1-300x206.webp 300w, https:\/\/elischools.com\/wp-content\/uploads\/2024\/10\/AdobeStock_237288284-scaled-1-768x528.webp 768w\" sizes=\"(max-width: 873px) 100vw, 873px\" \/>\t\t\t\t\t\t\t\t\t\t\t\t\t\t\t<\/div>\n\t\t\t\t<\/div>\n\t\t\t\t<\/div>\n\t\t<div class=\"elementor-element elementor-element-8bb3f5d e-con-full e-flex e-con e-child\" data-id=\"8bb3f5d\" data-element_type=\"container\" data-e-type=\"container\">\n\t\t\t\t<div class=\"elementor-element elementor-element-3c1a494 elementor-widget elementor-widget-heading\" data-id=\"3c1a494\" data-element_type=\"widget\" data-e-type=\"widget\" data-widget_type=\"heading.default\">\n\t\t\t\t<div class=\"elementor-widget-container\">\n\t\t\t\t\t<h2 class=\"elementor-heading-title elementor-size-default\">\u0130rlanda'da ev sahibi aile olun<\/h2>\t\t\t\t<\/div>\n\t\t\t\t<\/div>\n\t\t\t\t<div class=\"elementor-element elementor-element-f50e5ff elementor-widget elementor-widget-text-editor\" data-id=\"f50e5ff\" data-element_type=\"widget\" data-e-type=\"widget\" data-settings=\"{&quot;_animation&quot;:&quot;none&quot;,&quot;_animation_delay&quot;:100}\" data-widget_type=\"text-editor.default\">\n\t\t\t\t<div class=\"elementor-widget-container\">\n\t\t\t\t\t\t\t\t\t<p>Uluslararas\u0131 bir \u00f6\u011frenciyi evinizde a\u011f\u0131rlamak t\u00fcm aile i\u00e7in \u00f6d\u00fcllendirici bir deneyim olabilir.<\/p>\n<p>\u00d6\u011frencilerimiz \u0130rlandal\u0131 insanlarla tan\u0131\u015fmaya ve k\u00fclt\u00fcr\u00fcm\u00fcz hakk\u0131nda bilgi edinmeye ve kendi hikayelerini payla\u015fmaya isteklidir. Uluslararas\u0131 \u00f6\u011frencileri a\u011f\u0131rlamak sadece kullan\u0131lmayan yatak odalar\u0131ndan ekstra para kazanman\u0131n m\u00fckemmel bir yolu de\u011fil, ayn\u0131 zamanda yeni insanlarla tan\u0131\u015fmak ve \u00fclkemizi ziyaret eden gen\u00e7 uluslararas\u0131 \u00f6\u011frencilere ho\u015f geldin demek i\u00e7in de harika bir f\u0131rsatt\u0131r.<\/p>\n\t\t\t\t\t\t\t\t<\/div>\n\t\t\t\t<\/div>\n\t\t\t\t<div class=\"elementor-element elementor-element-3f9424d elementor-align-left elementor-mobile-align-center elementor-widget elementor-widget-button\" data-id=\"3f9424d\" data-element_type=\"widget\" data-e-type=\"widget\" data-widget_type=\"button.default\">\n\t\t\t\t<div class=\"elementor-widget-container\">\n\t\t\t\t\t\t\t\t\t<div class=\"elementor-button-wrapper\">\n\t\t\t\t\t<a class=\"elementor-button elementor-button-link elementor-size-xs\" href=\"#elementor-action%3Aaction%3Dpopup%3Aopen%26settings%3DeyJpZCI6ODM1MzUsInRvZ2dsZSI6ZmFsc2V9\">\n\t\t\t\t\t\t<span class=\"elementor-button-content-wrapper\">\n\t\t\t\t\t\t\t\t\t<span class=\"elementor-button-text\">EV SAH\u0130B\u0130 A\u0130LE OLMAK \u0130\u00c7\u0130N BA\u015eVURUN<\/span>\n\t\t\t\t\t<\/span>\n\t\t\t\t\t<\/a>\n\t\t\t\t<\/div>\n\t\t\t\t\t\t\t\t<\/div>\n\t\t\t\t<\/div>\n\t\t\t\t<\/div>\n\t\t\t\t\t<\/div>\n\t\t\t\t<\/div>\n\t\t\t\t<\/div>\n\t\t","protected":false},"excerpt":{"rendered":"<p>Ev sahibi aileye ba\u015fvuruda bulunun Ev sahibi aileye ba\u015fvuruda bulunun ANA SAYFA &gt; Ev sahibi aileye ba\u015fvuruda bulunun \u0130rlanda&#8217;da ev sahibi aile olun Uluslararas\u0131 bir \u00f6\u011frenciyi evinizde a\u011f\u0131rlamak t\u00fcm aile i\u00e7in \u00f6d\u00fcllendirici bir deneyim olabilir. \u00d6\u011frencilerimiz \u0130rlandal\u0131 insanlarla tan\u0131\u015fmaya ve k\u00fclt\u00fcr\u00fcm\u00fcz hakk\u0131nda bilgi edinmeye ve kendi hikayelerini payla\u015fmaya isteklidir. Uluslararas\u0131 \u00f6\u011frencileri a\u011f\u0131rlamak sadece kullan\u0131lmayan yatak [&hellip;]<\/p>\n","protected":false},"author":19,"featured_media":81393,"parent":0,"menu_order":0,"comment_status":"closed","ping_status":"closed","template":"elementor_header_footer","meta":{"footnotes":""},"class_list":["post-8247","page","type-page","status-publish","has-post-thumbnail","hentry"],"_links":{"self":[{"href":"https:\/\/elischools.com\/tr\/wp-json\/wp\/v2\/pages\/8247","targetHints":{"allow":["GET"]}}],"collection":[{"href":"https:\/\/elischools.com\/tr\/wp-json\/wp\/v2\/pages"}],"about":[{"href":"https:\/\/elischools.com\/tr\/wp-json\/wp\/v2\/types\/page"}],"author":[{"embeddable":true,"href":"https:\/\/elischools.com\/tr\/wp-json\/wp\/v2\/users\/19"}],"replies":[{"embeddable":true,"href":"https:\/\/elischools.com\/tr\/wp-json\/wp\/v2\/comments?post=8247"}],"version-history":[{"count":0,"href":"https:\/\/elischools.com\/tr\/wp-json\/wp\/v2\/pages\/8247\/revisions"}],"wp:featuredmedia":[{"embeddable":true,"href":"https:\/\/elischools.com\/tr\/wp-json\/wp\/v2\/media\/81393"}],"wp:attachment":[{"href":"https:\/\/elischools.com\/tr\/wp-json\/wp\/v2\/media?parent=8247"}],"curies":[{"name":"wp","href":"https:\/\/api.w.org\/{rel}","templated":true}]}}