{"id":81027,"date":"2024-09-24T16:13:21","date_gmt":"2024-09-24T21:13:21","guid":{"rendered":"https:\/\/elischools.com\/brosurler\/brosur-okul-gruplari\/"},"modified":"2025-08-25T15:49:26","modified_gmt":"2025-08-25T20:49:26","slug":"brosur-okul-gruplari","status":"publish","type":"page","link":"https:\/\/elischools.com\/tr\/brosurler\/brosur-okul-gruplari\/","title":{"rendered":"Bro\u015f\u00fcr Okul Gruplar\u0131"},"content":{"rendered":"\t\t<div data-elementor-type=\"wp-page\" data-elementor-id=\"81027\" class=\"elementor elementor-81027 elementor-62496\" data-elementor-post-type=\"page\">\n\t\t\t\t<div class=\"elementor-element elementor-element-7523ffd7 e-flex e-con-boxed e-con e-parent\" data-id=\"7523ffd7\" data-element_type=\"container\" data-e-type=\"container\">\n\t\t\t\t\t<div class=\"e-con-inner\">\n\t\t\t\t<div class=\"elementor-element elementor-element-2565ddd8 elementor-widget elementor-widget-heading\" data-id=\"2565ddd8\" data-element_type=\"widget\" data-e-type=\"widget\" data-widget_type=\"heading.default\">\n\t\t\t\t<div class=\"elementor-widget-container\">\n\t\t\t\t\t<h1 class=\"elementor-heading-title elementor-size-default\">HEPS\u0130 HAZIR<\/h1>\t\t\t\t<\/div>\n\t\t\t\t<\/div>\n\t\t\t\t<div class=\"elementor-element elementor-element-6dbcea03 elementor-widget elementor-widget-text-editor\" data-id=\"6dbcea03\" data-element_type=\"widget\" data-e-type=\"widget\" data-widget_type=\"text-editor.default\">\n\t\t\t\t<div class=\"elementor-widget-container\">\n\t\t\t\t\t\t\t\t\t<p>Bro\u015f\u00fcr\u00fcm\u00fcz e-postan\u0131za ula\u015facak, b\u00f6ylece istedi\u011finiz zaman eri\u015febileceksiniz. Bu arada, burada &#8220;Okul Gruplar\u0131&#8221; bro\u015f\u00fcr\u00fcne eri\u015febileceksiniz.<\/p>\n\t\t\t\t\t\t\t\t<\/div>\n\t\t\t\t<\/div>\n\t\t\t\t<div class=\"elementor-element elementor-element-5efd212e elementor-widget elementor-widget-heading\" data-id=\"5efd212e\" data-element_type=\"widget\" data-e-type=\"widget\" data-widget_type=\"heading.default\">\n\t\t\t\t<div class=\"elementor-widget-container\">\n\t\t\t\t\t<h2 class=\"elementor-heading-title elementor-size-default\">OKUL GRUPLARI<\/h2>\t\t\t\t<\/div>\n\t\t\t\t<\/div>\n\t\t\t\t<div class=\"elementor-element elementor-element-2b3986fe elementor-widget elementor-widget-shortcode\" data-id=\"2b3986fe\" data-element_type=\"widget\" data-e-type=\"widget\" data-widget_type=\"shortcode.default\">\n\t\t\t\t<div class=\"elementor-widget-container\">\n\t\t\t\t\t\t\t<div class=\"elementor-shortcode\"><div class=\"_df_book df-container df-loading \"  data-slug=\"brochure-school-groups-2\" data-_slug=\"brochure-school-groups-2\" _slug=\"brochure-school-groups-2\" data-title=\"brochure-school-groups\" id=\"df_83152\" data-df-option=\"df_option_83152\" ><\/div><script class=\"df-shortcode-script\" nowprocket type=\"application\/javascript\">window.df_option_83152 = {\"source\":\"https:\\\/\\\/elischools.com\\\/wp-content\\\/uploads\\\/2024\\\/10\\\/2026-Brochure-School-Groups-B2C-English-V2-1.pdf\",\"outline\":[],\"overwritePDFOutline\":false,\"pageSize\":\"0\",\"slug\":\"brochure-school-groups-2\",\"wpOptions\":\"true\",\"id\":83152}; if(window.DFLIP && window.DFLIP.parseBooks){window.DFLIP.parseBooks();}<\/script><\/div>\n\t\t\t\t\t\t<\/div>\n\t\t\t\t<\/div>\n\t\t\t\t\t<\/div>\n\t\t\t\t<\/div>\n\t\t<div class=\"elementor-element elementor-element-4f85a06d e-flex e-con-boxed e-con e-parent\" data-id=\"4f85a06d\" data-element_type=\"container\" data-e-type=\"container\">\n\t\t\t\t\t<div class=\"e-con-inner\">\n\t\t<div class=\"elementor-element elementor-element-197a6491 e-flex e-con-boxed e-con e-child\" data-id=\"197a6491\" data-element_type=\"container\" data-e-type=\"container\" data-settings=\"{&quot;background_background&quot;:&quot;classic&quot;}\">\n\t\t\t\t\t<div class=\"e-con-inner\">\n\t\t<div class=\"elementor-element elementor-element-dc716bc e-con-full e-flex e-con e-child\" data-id=\"dc716bc\" data-element_type=\"container\" data-e-type=\"container\">\n\t\t\t\t<div class=\"elementor-element elementor-element-56c99c70 elementor-widget elementor-widget-heading\" data-id=\"56c99c70\" data-element_type=\"widget\" data-e-type=\"widget\" data-widget_type=\"heading.default\">\n\t\t\t\t<div class=\"elementor-widget-container\">\n\t\t\t\t\t<h4 class=\"elementor-heading-title elementor-size-default\">SONRAK\u0130 ADIM NED\u0130R?<\/h4>\t\t\t\t<\/div>\n\t\t\t\t<\/div>\n\t\t\t\t<div class=\"elementor-element elementor-element-46f2dd6b elementor-widget elementor-widget-heading\" data-id=\"46f2dd6b\" data-element_type=\"widget\" data-e-type=\"widget\" data-widget_type=\"heading.default\">\n\t\t\t\t<div class=\"elementor-widget-container\">\n\t\t\t\t\t<span class=\"elementor-heading-title elementor-size-default\">\u0130ngilizce s\u0131nav\u0131n\u0131za girin ve Bug\u00fcn Kendinizi Test Edin!<\/span>\t\t\t\t<\/div>\n\t\t\t\t<\/div>\n\t\t\t\t<\/div>\n\t\t<div class=\"elementor-element elementor-element-7e6b35c2 e-flex e-con-boxed e-con e-child\" data-id=\"7e6b35c2\" data-element_type=\"container\" data-e-type=\"container\">\n\t\t\t\t\t<div class=\"e-con-inner\">\n\t\t\t\t<div class=\"elementor-element elementor-element-3b74b44 elementor-align-center elementor-widget elementor-widget-button\" data-id=\"3b74b44\" data-element_type=\"widget\" data-e-type=\"widget\" data-widget_type=\"button.default\">\n\t\t\t\t<div class=\"elementor-widget-container\">\n\t\t\t\t\t\t\t\t\t<div class=\"elementor-button-wrapper\">\n\t\t\t\t\t<a class=\"elementor-button elementor-button-link elementor-size-sm\" href=\"https:\/\/elischools.com\/tr\/ingilizce-seviye-testi\/\">\n\t\t\t\t\t\t<span class=\"elementor-button-content-wrapper\">\n\t\t\t\t\t\t\t\t\t<span class=\"elementor-button-text\">\u00dcCRET YOK, \u00dcCRETS\u0130Z!<\/span>\n\t\t\t\t\t<\/span>\n\t\t\t\t\t<\/a>\n\t\t\t\t<\/div>\n\t\t\t\t\t\t\t\t<\/div>\n\t\t\t\t<\/div>\n\t\t\t\t\t<\/div>\n\t\t\t\t<\/div>\n\t\t\t\t\t<\/div>\n\t\t\t\t<\/div>\n\t\t\t\t\t<\/div>\n\t\t\t\t<\/div>\n\t\t<div class=\"elementor-element elementor-element-4f743ded e-flex e-con-boxed e-con e-parent\" data-id=\"4f743ded\" data-element_type=\"container\" data-e-type=\"container\">\n\t\t\t\t\t<div class=\"e-con-inner\">\n\t\t\t\t<div class=\"elementor-element elementor-element-53bcb4b1 elementor-widget elementor-widget-spacer\" data-id=\"53bcb4b1\" data-element_type=\"widget\" data-e-type=\"widget\" data-widget_type=\"spacer.default\">\n\t\t\t\t<div class=\"elementor-widget-container\">\n\t\t\t\t\t\t\t<div class=\"elementor-spacer\">\n\t\t\t<div class=\"elementor-spacer-inner\"><\/div>\n\t\t<\/div>\n\t\t\t\t\t\t<\/div>\n\t\t\t\t<\/div>\n\t\t\t\t\t<\/div>\n\t\t\t\t<\/div>\n\t\t\t\t<\/div>\n\t\t","protected":false},"excerpt":{"rendered":"<p>HEPS\u0130 HAZIR Bro\u015f\u00fcr\u00fcm\u00fcz e-postan\u0131za ula\u015facak, b\u00f6ylece istedi\u011finiz zaman eri\u015febileceksiniz. Bu arada, burada &#8220;Okul Gruplar\u0131&#8221; bro\u015f\u00fcr\u00fcne eri\u015febileceksiniz. OKUL GRUPLARI SONRAK\u0130 ADIM NED\u0130R? \u0130ngilizce s\u0131nav\u0131n\u0131za girin ve Bug\u00fcn Kendinizi Test Edin! \u00dcCRET YOK, \u00dcCRETS\u0130Z!<\/p>\n","protected":false},"author":19,"featured_media":81393,"parent":62463,"menu_order":0,"comment_status":"closed","ping_status":"closed","template":"elementor_header_footer","meta":{"_angie_page":false,"footnotes":""},"class_list":["post-81027","page","type-page","status-publish","has-post-thumbnail","hentry"],"_links":{"self":[{"href":"https:\/\/elischools.com\/tr\/wp-json\/wp\/v2\/pages\/81027","targetHints":{"allow":["GET"]}}],"collection":[{"href":"https:\/\/elischools.com\/tr\/wp-json\/wp\/v2\/pages"}],"about":[{"href":"https:\/\/elischools.com\/tr\/wp-json\/wp\/v2\/types\/page"}],"author":[{"embeddable":true,"href":"https:\/\/elischools.com\/tr\/wp-json\/wp\/v2\/users\/19"}],"replies":[{"embeddable":true,"href":"https:\/\/elischools.com\/tr\/wp-json\/wp\/v2\/comments?post=81027"}],"version-history":[{"count":0,"href":"https:\/\/elischools.com\/tr\/wp-json\/wp\/v2\/pages\/81027\/revisions"}],"up":[{"embeddable":true,"href":"https:\/\/elischools.com\/tr\/wp-json\/wp\/v2\/pages\/62463"}],"wp:featuredmedia":[{"embeddable":true,"href":"https:\/\/elischools.com\/tr\/wp-json\/wp\/v2\/media\/81393"}],"wp:attachment":[{"href":"https:\/\/elischools.com\/tr\/wp-json\/wp\/v2\/media?parent=81027"}],"curies":[{"name":"wp","href":"https:\/\/api.w.org\/{rel}","templated":true}]}}