{"id":72399,"date":"2024-05-08T13:44:08","date_gmt":"2024-05-08T18:44:08","guid":{"rendered":"https:\/\/elischools.com\/brosurler\/2024-calisma-ve-egitim-brosuru-kuresel-avrupali-olmayanlar\/"},"modified":"2025-04-08T11:44:38","modified_gmt":"2025-04-08T16:44:38","slug":"brosur-calisma-ve-egitim-avrupali-olmayanlar","status":"publish","type":"page","link":"https:\/\/elischools.com\/tr\/brosurler\/brosur-calisma-ve-egitim-avrupali-olmayanlar\/","title":{"rendered":"Bro\u015f\u00fcr \u00c7al\u0131\u015fma ve E\u011fitim Avrupal\u0131 Olmayanlar"},"content":{"rendered":"\t\t<div data-elementor-type=\"wp-page\" data-elementor-id=\"72399\" class=\"elementor elementor-72399 elementor-61412\" data-elementor-post-type=\"page\">\n\t\t\t\t<div class=\"elementor-element elementor-element-5db49011 e-flex e-con-boxed e-con e-parent\" data-id=\"5db49011\" data-element_type=\"container\" data-e-type=\"container\">\n\t\t\t\t\t<div class=\"e-con-inner\">\n\t\t\t\t<div class=\"elementor-element elementor-element-6916e955 elementor-widget elementor-widget-heading\" data-id=\"6916e955\" data-element_type=\"widget\" data-e-type=\"widget\" data-widget_type=\"heading.default\">\n\t\t\t\t<div class=\"elementor-widget-container\">\n\t\t\t\t\t<h1 class=\"elementor-heading-title elementor-size-default\">HEPS\u0130 HAZIR<\/h1>\t\t\t\t<\/div>\n\t\t\t\t<\/div>\n\t\t\t\t<div class=\"elementor-element elementor-element-140c5960 elementor-widget elementor-widget-text-editor\" data-id=\"140c5960\" data-element_type=\"widget\" data-e-type=\"widget\" data-widget_type=\"text-editor.default\">\n\t\t\t\t<div class=\"elementor-widget-container\">\n\t\t\t\t\t\t\t\t\t<p>Bro\u015f\u00fcr\u00fcm\u00fcz e-postan\u0131za ula\u015facak, b\u00f6ylece istedi\u011finiz zaman eri\u015febileceksiniz. Bu arada burada &#8220;\u0130rlanda&#8217;da \u00c7al\u0131\u015fma ve E\u011fitim&#8221; bro\u015f\u00fcr\u00fcne eri\u015febileceksiniz.<\/p>\n\t\t\t\t\t\t\t\t<\/div>\n\t\t\t\t<\/div>\n\t\t\t\t<div class=\"elementor-element elementor-element-662fd0be elementor-widget elementor-widget-heading\" data-id=\"662fd0be\" data-element_type=\"widget\" data-e-type=\"widget\" data-widget_type=\"heading.default\">\n\t\t\t\t<div class=\"elementor-widget-container\">\n\t\t\t\t\t<h2 class=\"elementor-heading-title elementor-size-default\">\u0130rlanda'da \u00c7al\u0131\u015fma ve E\u011fitim<\/h2>\t\t\t\t<\/div>\n\t\t\t\t<\/div>\n\t\t\t\t<div class=\"elementor-element elementor-element-cc2541a elementor-widget elementor-widget-shortcode\" data-id=\"cc2541a\" data-element_type=\"widget\" data-e-type=\"widget\" data-widget_type=\"shortcode.default\">\n\t\t\t\t<div class=\"elementor-widget-container\">\n\t\t\t\t\t\t\t<div class=\"elementor-shortcode\"><div class=\"_df_book df-container df-loading \"  data-slug=\"work-and-study-program-non-european-2\" data-_slug=\"work-and-study-program-non-european-2\" _slug=\"work-and-study-program-non-european-2\" data-title=\"work-and-study-program-non-european\" id=\"df_85259\" data-df-option=\"df_option_85259\" ><\/div><script class=\"df-shortcode-script\" nowprocket type=\"application\/javascript\">window.df_option_85259 = {\"source\":\"https:\\\/\\\/elischools.com\\\/wp-content\\\/uploads\\\/2024\\\/11\\\/Brochure-Work-and-Study-Non-EU-B2C-2026-English-V3.pdf\",\"outline\":[],\"overwritePDFOutline\":false,\"pageSize\":\"0\",\"slug\":\"work-and-study-program-non-european-2\",\"wpOptions\":\"true\",\"id\":85259}; if(window.DFLIP && window.DFLIP.parseBooks){window.DFLIP.parseBooks();}<\/script><\/div>\n\t\t\t\t\t\t<\/div>\n\t\t\t\t<\/div>\n\t\t\t\t\t<\/div>\n\t\t\t\t<\/div>\n\t\t<div class=\"elementor-element elementor-element-18786503 e-flex e-con-boxed e-con e-parent\" data-id=\"18786503\" data-element_type=\"container\" data-e-type=\"container\">\n\t\t\t\t\t<div class=\"e-con-inner\">\n\t\t<div class=\"elementor-element elementor-element-35b3ecd9 e-flex e-con-boxed e-con e-child\" data-id=\"35b3ecd9\" data-element_type=\"container\" data-e-type=\"container\" data-settings=\"{&quot;background_background&quot;:&quot;classic&quot;}\">\n\t\t\t\t\t<div class=\"e-con-inner\">\n\t\t<div class=\"elementor-element elementor-element-7b654c61 e-con-full e-flex e-con e-child\" data-id=\"7b654c61\" data-element_type=\"container\" data-e-type=\"container\">\n\t\t\t\t<div class=\"elementor-element elementor-element-148f3a51 elementor-widget elementor-widget-heading\" data-id=\"148f3a51\" data-element_type=\"widget\" data-e-type=\"widget\" data-widget_type=\"heading.default\">\n\t\t\t\t<div class=\"elementor-widget-container\">\n\t\t\t\t\t<h4 class=\"elementor-heading-title elementor-size-default\">SONRAK\u0130 ADIM NED\u0130R?<\/h4>\t\t\t\t<\/div>\n\t\t\t\t<\/div>\n\t\t\t\t<div class=\"elementor-element elementor-element-5a9227d0 elementor-widget elementor-widget-heading\" data-id=\"5a9227d0\" data-element_type=\"widget\" data-e-type=\"widget\" data-widget_type=\"heading.default\">\n\t\t\t\t<div class=\"elementor-widget-container\">\n\t\t\t\t\t<span class=\"elementor-heading-title elementor-size-default\">\u0130ngilizce s\u0131nav\u0131n\u0131za girin ve Bug\u00fcn Kendinizi Test Edin!<\/span>\t\t\t\t<\/div>\n\t\t\t\t<\/div>\n\t\t\t\t<\/div>\n\t\t<div class=\"elementor-element elementor-element-630cd24f e-flex e-con-boxed e-con e-child\" data-id=\"630cd24f\" data-element_type=\"container\" data-e-type=\"container\">\n\t\t\t\t\t<div class=\"e-con-inner\">\n\t\t\t\t<div class=\"elementor-element elementor-element-76cf2e25 elementor-align-center elementor-widget elementor-widget-button\" data-id=\"76cf2e25\" data-element_type=\"widget\" data-e-type=\"widget\" data-widget_type=\"button.default\">\n\t\t\t\t<div class=\"elementor-widget-container\">\n\t\t\t\t\t\t\t\t\t<div class=\"elementor-button-wrapper\">\n\t\t\t\t\t<a class=\"elementor-button elementor-button-link elementor-size-sm\" href=\"https:\/\/elischools.com\/tr\/ingilizce-seviye-testi\/\">\n\t\t\t\t\t\t<span class=\"elementor-button-content-wrapper\">\n\t\t\t\t\t\t\t\t\t<span class=\"elementor-button-text\">\u00dcCRET YOK, \u00dcCRETS\u0130Z!<\/span>\n\t\t\t\t\t<\/span>\n\t\t\t\t\t<\/a>\n\t\t\t\t<\/div>\n\t\t\t\t\t\t\t\t<\/div>\n\t\t\t\t<\/div>\n\t\t\t\t\t<\/div>\n\t\t\t\t<\/div>\n\t\t\t\t\t<\/div>\n\t\t\t\t<\/div>\n\t\t\t\t\t<\/div>\n\t\t\t\t<\/div>\n\t\t<div class=\"elementor-element elementor-element-25cdec2b e-flex e-con-boxed e-con e-parent\" data-id=\"25cdec2b\" data-element_type=\"container\" data-e-type=\"container\">\n\t\t\t\t\t<div class=\"e-con-inner\">\n\t\t\t\t<div class=\"elementor-element elementor-element-7d9bcc34 elementor-widget elementor-widget-spacer\" data-id=\"7d9bcc34\" data-element_type=\"widget\" data-e-type=\"widget\" data-widget_type=\"spacer.default\">\n\t\t\t\t<div class=\"elementor-widget-container\">\n\t\t\t\t\t\t\t<div class=\"elementor-spacer\">\n\t\t\t<div class=\"elementor-spacer-inner\"><\/div>\n\t\t<\/div>\n\t\t\t\t\t\t<\/div>\n\t\t\t\t<\/div>\n\t\t\t\t\t<\/div>\n\t\t\t\t<\/div>\n\t\t\t\t<\/div>\n\t\t","protected":false},"excerpt":{"rendered":"<p>HEPS\u0130 HAZIR Bro\u015f\u00fcr\u00fcm\u00fcz e-postan\u0131za ula\u015facak, b\u00f6ylece istedi\u011finiz zaman eri\u015febileceksiniz. Bu arada burada &#8220;\u0130rlanda&#8217;da \u00c7al\u0131\u015fma ve E\u011fitim&#8221; bro\u015f\u00fcr\u00fcne eri\u015febileceksiniz. \u0130rlanda&#8217;da \u00c7al\u0131\u015fma ve E\u011fitim SONRAK\u0130 ADIM NED\u0130R? \u0130ngilizce s\u0131nav\u0131n\u0131za girin ve Bug\u00fcn Kendinizi Test Edin! \u00dcCRET YOK, \u00dcCRETS\u0130Z!<\/p>\n","protected":false},"author":19,"featured_media":81393,"parent":62463,"menu_order":0,"comment_status":"closed","ping_status":"closed","template":"elementor_header_footer","meta":{"footnotes":""},"class_list":["post-72399","page","type-page","status-publish","has-post-thumbnail","hentry"],"_links":{"self":[{"href":"https:\/\/elischools.com\/tr\/wp-json\/wp\/v2\/pages\/72399","targetHints":{"allow":["GET"]}}],"collection":[{"href":"https:\/\/elischools.com\/tr\/wp-json\/wp\/v2\/pages"}],"about":[{"href":"https:\/\/elischools.com\/tr\/wp-json\/wp\/v2\/types\/page"}],"author":[{"embeddable":true,"href":"https:\/\/elischools.com\/tr\/wp-json\/wp\/v2\/users\/19"}],"replies":[{"embeddable":true,"href":"https:\/\/elischools.com\/tr\/wp-json\/wp\/v2\/comments?post=72399"}],"version-history":[{"count":0,"href":"https:\/\/elischools.com\/tr\/wp-json\/wp\/v2\/pages\/72399\/revisions"}],"up":[{"embeddable":true,"href":"https:\/\/elischools.com\/tr\/wp-json\/wp\/v2\/pages\/62463"}],"wp:featuredmedia":[{"embeddable":true,"href":"https:\/\/elischools.com\/tr\/wp-json\/wp\/v2\/media\/81393"}],"wp:attachment":[{"href":"https:\/\/elischools.com\/tr\/wp-json\/wp\/v2\/media?parent=72399"}],"curies":[{"name":"wp","href":"https:\/\/api.w.org\/{rel}","templated":true}]}}