{"id":62463,"date":"2024-03-04T12:53:15","date_gmt":"2024-03-04T17:53:15","guid":{"rendered":"https:\/\/elischools.com\/brosurler\/"},"modified":"2024-03-04T12:53:20","modified_gmt":"2024-03-04T17:53:20","slug":"brosurler","status":"publish","type":"page","link":"https:\/\/elischools.com\/tr\/brosurler\/","title":{"rendered":"Bro\u015f\u00fcrler"},"content":{"rendered":"\t\t<div data-elementor-type=\"wp-page\" data-elementor-id=\"62463\" class=\"elementor elementor-62463 elementor-41610\" data-elementor-post-type=\"page\">\n\t\t\t\t<div class=\"elementor-element elementor-element-b0ee642 e-flex e-con-boxed e-con e-parent\" data-id=\"b0ee642\" data-element_type=\"container\" data-e-type=\"container\">\n\t\t\t\t\t<div class=\"e-con-inner\">\n\t\t<div class=\"elementor-element elementor-element-2f6de50 elementor-hidden-mobile e-flex e-con-boxed e-con e-child\" data-id=\"2f6de50\" data-element_type=\"container\" data-e-type=\"container\">\n\t\t\t\t\t<div class=\"e-con-inner\">\n\t\t\t\t\t<\/div>\n\t\t\t\t<\/div>\n\t\t<div class=\"elementor-element elementor-element-d25709d e-flex e-con-boxed e-con e-child\" data-id=\"d25709d\" data-element_type=\"container\" data-e-type=\"container\">\n\t\t\t\t\t<div class=\"e-con-inner\">\n\t\t\t\t<div class=\"elementor-element elementor-element-d2f0ab5 elementor-widget elementor-widget-image\" data-id=\"d2f0ab5\" data-element_type=\"widget\" data-e-type=\"widget\" data-widget_type=\"image.default\">\n\t\t\t\t<div class=\"elementor-widget-container\">\n\t\t\t\t\t\t\t\t\t\t\t\t\t\t\t<img decoding=\"async\" src=\"https:\/\/elischools.com\/wp-content\/uploads\/2023\/11\/Recurso-34-2x.png\" title=\"Recurso 34-2x\" alt=\"Recurso 34-2x\" loading=\"lazy\" \/>\t\t\t\t\t\t\t\t\t\t\t\t\t\t\t<\/div>\n\t\t\t\t<\/div>\n\t\t\t\t\t<\/div>\n\t\t\t\t<\/div>\n\t\t<div class=\"elementor-element elementor-element-40d52fa e-flex e-con-boxed e-con e-child\" data-id=\"40d52fa\" data-element_type=\"container\" data-e-type=\"container\">\n\t\t\t\t\t<div class=\"e-con-inner\">\n\t\t\t\t<div class=\"elementor-element elementor-element-01996e5 elementor-widget elementor-widget-heading\" data-id=\"01996e5\" data-element_type=\"widget\" data-e-type=\"widget\" data-widget_type=\"heading.default\">\n\t\t\t\t<div class=\"elementor-widget-container\">\n\t\t\t\t\t<span class=\"elementor-heading-title elementor-size-default\">+353 1 55 98 717<\/span>\t\t\t\t<\/div>\n\t\t\t\t<\/div>\n\t\t\t\t\t<\/div>\n\t\t\t\t<\/div>\n\t\t\t\t\t<\/div>\n\t\t\t\t<\/div>\n\t\t<div class=\"elementor-element elementor-element-f289e56 e-con-full e-flex e-con e-parent\" data-id=\"f289e56\" data-element_type=\"container\" data-e-type=\"container\" data-settings=\"{&quot;background_background&quot;:&quot;classic&quot;}\">\n\t\t<div class=\"elementor-element elementor-element-90c6b9d e-flex e-con-boxed e-con e-child\" data-id=\"90c6b9d\" data-element_type=\"container\" data-e-type=\"container\">\n\t\t\t\t\t<div class=\"e-con-inner\">\n\t\t\t\t<div class=\"elementor-element elementor-element-93700cf elementor-view-default elementor-widget elementor-widget-icon\" data-id=\"93700cf\" data-element_type=\"widget\" data-e-type=\"widget\" data-widget_type=\"icon.default\">\n\t\t\t\t<div class=\"elementor-widget-container\">\n\t\t\t\t\t\t\t<div class=\"elementor-icon-wrapper\">\n\t\t\t<div class=\"elementor-icon\">\n\t\t\t<svg aria-hidden=\"true\" class=\"e-font-icon-svg e-fas-download\" viewBox=\"0 0 512 512\" xmlns=\"http:\/\/www.w3.org\/2000\/svg\"><path d=\"M216 0h80c13.3 0 24 10.7 24 24v168h87.7c17.8 0 26.7 21.5 14.1 34.1L269.7 378.3c-7.5 7.5-19.8 7.5-27.3 0L90.1 226.1c-12.6-12.6-3.7-34.1 14.1-34.1H192V24c0-13.3 10.7-24 24-24zm296 376v112c0 13.3-10.7 24-24 24H24c-13.3 0-24-10.7-24-24V376c0-13.3 10.7-24 24-24h146.7l49 49c20.1 20.1 52.5 20.1 72.6 0l49-49H488c13.3 0 24 10.7 24 24zm-124 88c0-11-9-20-20-20s-20 9-20 20 9 20 20 20 20-9 20-20zm64 0c0-11-9-20-20-20s-20 9-20 20 9 20 20 20 20-9 20-20z\"><\/path><\/svg>\t\t\t<\/div>\n\t\t<\/div>\n\t\t\t\t\t\t<\/div>\n\t\t\t\t<\/div>\n\t\t\t\t<div class=\"elementor-element elementor-element-be8e0eb elementor-widget elementor-widget-heading\" data-id=\"be8e0eb\" data-element_type=\"widget\" data-e-type=\"widget\" data-widget_type=\"heading.default\">\n\t\t\t\t<div class=\"elementor-widget-container\">\n\t\t\t\t\t<h1 class=\"elementor-heading-title elementor-size-default\">YOLCULU\u011eUNUZ<br> BURADA BA\u015eLIYOR<\/h1>\t\t\t\t<\/div>\n\t\t\t\t<\/div>\n\t\t\t\t<div class=\"elementor-element elementor-element-ef19eea elementor-widget__width-initial elementor-widget elementor-widget-text-editor\" data-id=\"ef19eea\" data-element_type=\"widget\" data-e-type=\"widget\" data-widget_type=\"text-editor.default\">\n\t\t\t\t<div class=\"elementor-widget-container\">\n\t\t\t\t\t\t\t\t\t<p>\u0130ngilizcenizi geli\u015ftirmek ve yurtd\u0131\u015f\u0131nda bir i\u015f bulmak m\u0131 istiyorsunuz? \u00dccretsiz bro\u015f\u00fcrlerimizden herhangi birini bug\u00fcn se\u00e7in ve indirin.<\/p>\n\t\t\t\t\t\t\t\t<\/div>\n\t\t\t\t<\/div>\n\t\t\t\t<div class=\"elementor-element elementor-element-025a4a3 elementor-widget elementor-widget-button\" data-id=\"025a4a3\" data-element_type=\"widget\" data-e-type=\"widget\" data-widget_type=\"button.default\">\n\t\t\t\t<div class=\"elementor-widget-container\">\n\t\t\t\t\t\t\t\t\t<div class=\"elementor-button-wrapper\">\n\t\t\t\t\t<a class=\"elementor-button elementor-button-link elementor-size-sm\" href=\"#\">\n\t\t\t\t\t\t<span class=\"elementor-button-content-wrapper\">\n\t\t\t\t\t\t\t\t\t<span class=\"elementor-button-text\">\u00dcCRETS\u0130Z BRO\u015e\u00dcRLER<\/span>\n\t\t\t\t\t<\/span>\n\t\t\t\t\t<\/a>\n\t\t\t\t<\/div>\n\t\t\t\t\t\t\t\t<\/div>\n\t\t\t\t<\/div>\n\t\t\t\t\t<\/div>\n\t\t\t\t<\/div>\n\t\t\t\t<\/div>\n\t\t<div class=\"elementor-element elementor-element-1ee1558 e-flex e-con-boxed e-con e-parent\" data-id=\"1ee1558\" data-element_type=\"container\" data-e-type=\"container\">\n\t\t\t\t\t<div class=\"e-con-inner\">\n\t\t\t\t<div class=\"elementor-element elementor-element-82493c1 elementor-widget elementor-widget-heading\" data-id=\"82493c1\" data-element_type=\"widget\" data-e-type=\"widget\" data-widget_type=\"heading.default\">\n\t\t\t\t<div class=\"elementor-widget-container\">\n\t\t\t\t\t<h2 class=\"elementor-heading-title elementor-size-default\">\u00dcCRETS\u0130Z BRO\u015e\u00dcRLER\u0130M\u0130ZDEN B\u0130R\u0130N\u0130 SE\u00c7\u0130N<\/h2>\t\t\t\t<\/div>\n\t\t\t\t<\/div>\n\t\t\t\t<div class=\"elementor-element elementor-element-0d029e4 elementor-widget-divider--view-line elementor-widget elementor-widget-divider\" data-id=\"0d029e4\" data-element_type=\"widget\" data-e-type=\"widget\" data-widget_type=\"divider.default\">\n\t\t\t\t<div class=\"elementor-widget-container\">\n\t\t\t\t\t\t\t<div class=\"elementor-divider\">\n\t\t\t<span class=\"elementor-divider-separator\">\n\t\t\t\t\t\t<\/span>\n\t\t<\/div>\n\t\t\t\t\t\t<\/div>\n\t\t\t\t<\/div>\n\t\t\t\t<div class=\"elementor-element elementor-element-eb0a501 elementor-widget elementor-widget-text-editor\" data-id=\"eb0a501\" data-element_type=\"widget\" data-e-type=\"widget\" data-widget_type=\"text-editor.default\">\n\t\t\t\t<div class=\"elementor-widget-container\">\n\t\t\t\t\t\t\t\t\t<p>\u00dccretsiz bro\u015f\u00fcr\u00fcm\u00fcze g\u00f6z at\u0131n ve ELI Okullar\u0131n\u0131n \u0130rlanda&#8217;da e\u011fitim ve \u00e7al\u0131\u015fma i\u00e7in neden en iyi se\u00e7enek oldu\u011funu ke\u015ffedin.<\/p>\n\t\t\t\t\t\t\t\t<\/div>\n\t\t\t\t<\/div>\n\t\t\t\t\t<\/div>\n\t\t\t\t<\/div>\n\t\t<div class=\"elementor-element elementor-element-eef83c8 e-flex e-con-boxed e-con e-parent\" data-id=\"eef83c8\" data-element_type=\"container\" data-e-type=\"container\">\n\t\t\t\t\t<div class=\"e-con-inner\">\n\t\t<div class=\"elementor-element elementor-element-3f678e9 e-flex e-con-boxed e-con e-child\" data-id=\"3f678e9\" data-element_type=\"container\" data-e-type=\"container\">\n\t\t\t\t\t<div class=\"e-con-inner\">\n\t\t\t\t<div class=\"elementor-element elementor-element-40602eb elementor-widget elementor-widget-heading\" data-id=\"40602eb\" data-element_type=\"widget\" data-e-type=\"widget\" data-widget_type=\"heading.default\">\n\t\t\t\t<div class=\"elementor-widget-container\">\n\t\t\t\t\t<h3 class=\"elementor-heading-title elementor-size-default\">\u0130RLANDA DENEY\u0130M\u0130<\/h3>\t\t\t\t<\/div>\n\t\t\t\t<\/div>\n\t\t\t\t<div class=\"elementor-element elementor-element-1e239cc elementor-widget elementor-widget-image\" data-id=\"1e239cc\" data-element_type=\"widget\" data-e-type=\"widget\" data-widget_type=\"image.default\">\n\t\t\t\t<div class=\"elementor-widget-container\">\n\t\t\t\t\t\t\t\t\t\t\t\t\t\t\t<img fetchpriority=\"high\" decoding=\"async\" width=\"760\" height=\"584\" src=\"https:\/\/elischools.com\/wp-content\/uploads\/2023\/11\/eli-schools-english-institute-experience-ireland-brochure-book-2x.png\" class=\"attachment-full size-full wp-image-54673\" alt=\"Experience Ireland\u00a0Program\" srcset=\"https:\/\/elischools.com\/wp-content\/uploads\/2023\/11\/eli-schools-english-institute-experience-ireland-brochure-book-2x.png 760w, https:\/\/elischools.com\/wp-content\/uploads\/2023\/11\/eli-schools-english-institute-experience-ireland-brochure-book-2x-300x231.png 300w\" sizes=\"(max-width: 760px) 100vw, 760px\" \/>\t\t\t\t\t\t\t\t\t\t\t\t\t\t\t<\/div>\n\t\t\t\t<\/div>\n\t\t\t\t<div class=\"elementor-element elementor-element-ecdb3d1 elementor-widget elementor-widget-html\" data-id=\"ecdb3d1\" data-element_type=\"widget\" data-e-type=\"widget\" data-widget_type=\"html.default\">\n\t\t\t\t<div class=\"elementor-widget-container\">\n\t\t\t\t\t<iframe data-w-token=\"e064740e3a6a3b001466\" data-w-type=\"pop-in\" frameborder=\"0\" scrolling=\"yes\" marginheight=\"0\" marginwidth=\"0\" src=\"https:\/\/xjr45.mjt.lu\/wgt\/xjr45\/9il\/form?c=375f2e79\" width=\"100%\" style=\"height: 0;\"><\/iframe>\r\n<iframe data-w-token=\"e064740e3a6a3b001466\" data-w-type=\"trigger\" frameborder=\"0\" scrolling=\"no\" marginheight=\"0\" marginwidth=\"0\" src=\"https:\/\/xjr45.mjt.lu\/wgt\/xjr45\/9il\/trigger?c=1275447f\" width=\"100%\" style=\"height: 0;\"><\/iframe>\r\n\r\n<script type=\"text\/javascript\" src=\"https:\/\/app.mailjet.com\/pas-nc-pop-in-v1.js\"><\/script>\t\t\t\t<\/div>\n\t\t\t\t<\/div>\n\t\t\t\t<div class=\"elementor-element elementor-element-c60565d elementor-widget-divider--view-line elementor-widget elementor-widget-divider\" data-id=\"c60565d\" data-element_type=\"widget\" data-e-type=\"widget\" data-widget_type=\"divider.default\">\n\t\t\t\t<div class=\"elementor-widget-container\">\n\t\t\t\t\t\t\t<div class=\"elementor-divider\">\n\t\t\t<span class=\"elementor-divider-separator\">\n\t\t\t\t\t\t<\/span>\n\t\t<\/div>\n\t\t\t\t\t\t<\/div>\n\t\t\t\t<\/div>\n\t\t\t\t\t<\/div>\n\t\t\t\t<\/div>\n\t\t<div class=\"elementor-element elementor-element-243fc90 e-flex e-con-boxed e-con e-child\" data-id=\"243fc90\" data-element_type=\"container\" data-e-type=\"container\">\n\t\t\t\t\t<div class=\"e-con-inner\">\n\t\t\t\t<div class=\"elementor-element elementor-element-20ed11b elementor-widget elementor-widget-heading\" data-id=\"20ed11b\" data-element_type=\"widget\" data-e-type=\"widget\" data-widget_type=\"heading.default\">\n\t\t\t\t<div class=\"elementor-widget-container\">\n\t\t\t\t\t<h3 class=\"elementor-heading-title elementor-size-default\">\u0130NG\u0130L\u0130ZCE YAZ<\/h3>\t\t\t\t<\/div>\n\t\t\t\t<\/div>\n\t\t\t\t<div class=\"elementor-element elementor-element-9af8033 elementor-widget elementor-widget-image\" data-id=\"9af8033\" data-element_type=\"widget\" data-e-type=\"widget\" data-widget_type=\"image.default\">\n\t\t\t\t<div class=\"elementor-widget-container\">\n\t\t\t\t\t\t\t\t\t\t\t\t\t\t\t<img decoding=\"async\" width=\"760\" height=\"584\" src=\"https:\/\/elischools.com\/wp-content\/uploads\/2023\/11\/eli-schools-english-institute-english-summer-brochure-book-2x.png\" class=\"attachment-full size-full wp-image-54660\" alt=\"\" srcset=\"https:\/\/elischools.com\/wp-content\/uploads\/2023\/11\/eli-schools-english-institute-english-summer-brochure-book-2x.png 760w, https:\/\/elischools.com\/wp-content\/uploads\/2023\/11\/eli-schools-english-institute-english-summer-brochure-book-2x-300x231.png 300w\" sizes=\"(max-width: 760px) 100vw, 760px\" \/>\t\t\t\t\t\t\t\t\t\t\t\t\t\t\t<\/div>\n\t\t\t\t<\/div>\n\t\t\t\t<div class=\"elementor-element elementor-element-a660783 elementor-align-center elementor-widget elementor-widget-button\" data-id=\"a660783\" data-element_type=\"widget\" data-e-type=\"widget\" data-widget_type=\"button.default\">\n\t\t\t\t<div class=\"elementor-widget-container\">\n\t\t\t\t\t\t\t\t\t<div class=\"elementor-button-wrapper\">\n\t\t\t\t\t<a class=\"elementor-button elementor-button-link elementor-size-sm\" href=\"https:\/\/elischools.com\/brochures\/english-summer\/\">\n\t\t\t\t\t\t<span class=\"elementor-button-content-wrapper\">\n\t\t\t\t\t\t\t\t\t<span class=\"elementor-button-text\">BRO\u015e\u00dcR\u00dc ALIN<\/span>\n\t\t\t\t\t<\/span>\n\t\t\t\t\t<\/a>\n\t\t\t\t<\/div>\n\t\t\t\t\t\t\t\t<\/div>\n\t\t\t\t<\/div>\n\t\t\t\t<div class=\"elementor-element elementor-element-15009c5 elementor-widget-divider--view-line elementor-widget elementor-widget-divider\" data-id=\"15009c5\" data-element_type=\"widget\" data-e-type=\"widget\" data-widget_type=\"divider.default\">\n\t\t\t\t<div class=\"elementor-widget-container\">\n\t\t\t\t\t\t\t<div class=\"elementor-divider\">\n\t\t\t<span class=\"elementor-divider-separator\">\n\t\t\t\t\t\t<\/span>\n\t\t<\/div>\n\t\t\t\t\t\t<\/div>\n\t\t\t\t<\/div>\n\t\t\t\t\t<\/div>\n\t\t\t\t<\/div>\n\t\t\t\t\t<\/div>\n\t\t\t\t<\/div>\n\t\t<div class=\"elementor-element elementor-element-5744d1f7 e-flex e-con-boxed e-con e-parent\" data-id=\"5744d1f7\" data-element_type=\"container\" data-e-type=\"container\" data-settings=\"{&quot;background_background&quot;:&quot;classic&quot;}\">\n\t\t\t\t\t<div class=\"e-con-inner\">\n\t\t<div class=\"elementor-element elementor-element-3ba61117 e-flex e-con-boxed e-con e-child\" data-id=\"3ba61117\" data-element_type=\"container\" data-e-type=\"container\">\n\t\t\t\t\t<div class=\"e-con-inner\">\n\t\t\t\t<div class=\"elementor-element elementor-element-3118ef1d elementor-widget elementor-widget-heading\" data-id=\"3118ef1d\" data-element_type=\"widget\" data-e-type=\"widget\" data-widget_type=\"heading.default\">\n\t\t\t\t<div class=\"elementor-widget-container\">\n\t\t\t\t\t<h2 class=\"elementor-heading-title elementor-size-default\">LT Education Abroad Limited N\u00ba 605302<\/h2>\t\t\t\t<\/div>\n\t\t\t\t<\/div>\n\t\t\t\t\t<\/div>\n\t\t\t\t<\/div>\n\t\t\t\t<div class=\"elementor-element elementor-element-12c57502 elementor-widget-divider--view-line elementor-widget elementor-widget-divider\" data-id=\"12c57502\" data-element_type=\"widget\" data-e-type=\"widget\" data-widget_type=\"divider.default\">\n\t\t\t\t<div class=\"elementor-widget-container\">\n\t\t\t\t\t\t\t<div class=\"elementor-divider\">\n\t\t\t<span class=\"elementor-divider-separator\">\n\t\t\t\t\t\t<\/span>\n\t\t<\/div>\n\t\t\t\t\t\t<\/div>\n\t\t\t\t<\/div>\n\t\t<div class=\"elementor-element elementor-element-218aa385 e-flex e-con-boxed e-con e-child\" data-id=\"218aa385\" data-element_type=\"container\" data-e-type=\"container\">\n\t\t\t\t\t<div class=\"e-con-inner\">\n\t\t\t\t<div class=\"elementor-element elementor-element-3f7f384c elementor-widget elementor-widget-heading\" data-id=\"3f7f384c\" data-element_type=\"widget\" data-e-type=\"widget\" data-widget_type=\"heading.default\">\n\t\t\t\t<div class=\"elementor-widget-container\">\n\t\t\t\t\t<h2 class=\"elementor-heading-title elementor-size-default\"><a href=\"https:\/\/elischools.com\/tr\/gizlilik-politikasi\/\">Gizlilik Politikas\u0131<\/a><\/h2>\t\t\t\t<\/div>\n\t\t\t\t<\/div>\n\t\t\t\t<div class=\"elementor-element elementor-element-9d29762 elementor-widget elementor-widget-heading\" data-id=\"9d29762\" data-element_type=\"widget\" data-e-type=\"widget\" data-widget_type=\"heading.default\">\n\t\t\t\t<div class=\"elementor-widget-container\">\n\t\t\t\t\t<h2 class=\"elementor-heading-title elementor-size-default\"><a href=\"https:\/\/elischools.com\/\/wp-content\/uploads\/2023\/11\/ELI-Schools-Terms-and-Conditions-Adult-Programs.pdf\" target=\"_blank\">\u015eartlar ve ko\u015fullar<\/a><\/h2>\t\t\t\t<\/div>\n\t\t\t\t<\/div>\n\t\t\t\t<div class=\"elementor-element elementor-element-e79a8d9 elementor-widget elementor-widget-heading\" data-id=\"e79a8d9\" data-element_type=\"widget\" data-e-type=\"widget\" data-widget_type=\"heading.default\">\n\t\t\t\t<div class=\"elementor-widget-container\">\n\t\t\t\t\t<h2 class=\"elementor-heading-title elementor-size-default\"><a href=\"https:\/\/elischools.com\/tr\/politikalar\/\">\u00d6\u011frenci Politikas\u0131<\/a><\/h2>\t\t\t\t<\/div>\n\t\t\t\t<\/div>\n\t\t\t\t\t<\/div>\n\t\t\t\t<\/div>\n\t\t\t\t\t<\/div>\n\t\t\t\t<\/div>\n\t\t\t\t<\/div>\n\t\t","protected":false},"excerpt":{"rendered":"<p>+353 1 55 98 717 YOLCULU\u011eUNUZ BURADA BA\u015eLIYOR \u0130ngilizcenizi geli\u015ftirmek ve yurtd\u0131\u015f\u0131nda bir i\u015f bulmak m\u0131 istiyorsunuz? \u00dccretsiz bro\u015f\u00fcrlerimizden herhangi birini bug\u00fcn se\u00e7in ve indirin. \u00dcCRETS\u0130Z BRO\u015e\u00dcRLER \u00dcCRETS\u0130Z BRO\u015e\u00dcRLER\u0130M\u0130ZDEN B\u0130R\u0130N\u0130 SE\u00c7\u0130N \u00dccretsiz bro\u015f\u00fcr\u00fcm\u00fcze g\u00f6z at\u0131n ve ELI Okullar\u0131n\u0131n \u0130rlanda&#8217;da e\u011fitim ve \u00e7al\u0131\u015fma i\u00e7in neden en iyi se\u00e7enek oldu\u011funu ke\u015ffedin. \u0130RLANDA DENEY\u0130M\u0130 \u0130NG\u0130L\u0130ZCE YAZ BRO\u015e\u00dcR\u00dc ALIN [&hellip;]<\/p>\n","protected":false},"author":19,"featured_media":0,"parent":0,"menu_order":0,"comment_status":"closed","ping_status":"closed","template":"elementor_canvas","meta":{"footnotes":""},"class_list":["post-62463","page","type-page","status-publish","hentry"],"_links":{"self":[{"href":"https:\/\/elischools.com\/tr\/wp-json\/wp\/v2\/pages\/62463","targetHints":{"allow":["GET"]}}],"collection":[{"href":"https:\/\/elischools.com\/tr\/wp-json\/wp\/v2\/pages"}],"about":[{"href":"https:\/\/elischools.com\/tr\/wp-json\/wp\/v2\/types\/page"}],"author":[{"embeddable":true,"href":"https:\/\/elischools.com\/tr\/wp-json\/wp\/v2\/users\/19"}],"replies":[{"embeddable":true,"href":"https:\/\/elischools.com\/tr\/wp-json\/wp\/v2\/comments?post=62463"}],"version-history":[{"count":0,"href":"https:\/\/elischools.com\/tr\/wp-json\/wp\/v2\/pages\/62463\/revisions"}],"wp:attachment":[{"href":"https:\/\/elischools.com\/tr\/wp-json\/wp\/v2\/media?parent=62463"}],"curies":[{"name":"wp","href":"https:\/\/api.w.org\/{rel}","templated":true}]}}