{"id":6063,"date":"2021-05-14T16:42:24","date_gmt":"2021-05-14T16:42:24","guid":{"rendered":"https:\/\/elischools.com\/?page_id=6063"},"modified":"2021-11-09T14:31:45","modified_gmt":"2021-11-09T14:31:45","slug":"universite-yollari-irlanda","status":"publish","type":"page","link":"https:\/\/elischools.com\/tr\/universite-yollari-irlanda\/","title":{"rendered":"\u00dcniversite Yollar\u0131 \u0130rlanda"},"content":{"rendered":"\t\t<div data-elementor-type=\"wp-page\" data-elementor-id=\"6063\" class=\"elementor elementor-6063 elementor-4669\" data-elementor-post-type=\"page\">\n\t\t\t\t\t\t<section class=\"elementor-section elementor-top-section elementor-element elementor-element-41120591 elementor-section-full_width elementor-section-stretched elementor-section-height-min-height elementor-section-height-default elementor-section-items-middle\" data-id=\"41120591\" data-element_type=\"section\" data-e-type=\"section\" data-settings=\"{&quot;stretch_section&quot;:&quot;section-stretched&quot;,&quot;background_background&quot;:&quot;classic&quot;}\">\n\t\t\t\t\t\t\t<div class=\"elementor-background-overlay\"><\/div>\n\t\t\t\t\t\t\t<div class=\"elementor-container elementor-column-gap-no\">\n\t\t\t\t\t<div class=\"elementor-column elementor-col-100 elementor-top-column elementor-element elementor-element-75c174a6\" data-id=\"75c174a6\" data-element_type=\"column\" data-e-type=\"column\">\n\t\t\t<div class=\"elementor-widget-wrap elementor-element-populated\">\n\t\t\t\t\t\t<section class=\"elementor-section elementor-inner-section elementor-element elementor-element-2f67f616 elementor-section-full_width elementor-section-height-default elementor-section-height-default\" data-id=\"2f67f616\" data-element_type=\"section\" data-e-type=\"section\">\n\t\t\t\t\t\t<div class=\"elementor-container elementor-column-gap-default\">\n\t\t\t\t\t<div class=\"elementor-column elementor-col-100 elementor-inner-column elementor-element elementor-element-342f3a10\" data-id=\"342f3a10\" data-element_type=\"column\" data-e-type=\"column\">\n\t\t\t<div class=\"elementor-widget-wrap elementor-element-populated\">\n\t\t\t\t\t\t<div class=\"elementor-element elementor-element-1383f155 elementor-widget elementor-widget-text-editor\" data-id=\"1383f155\" data-element_type=\"widget\" data-e-type=\"widget\" data-widget_type=\"text-editor.default\">\n\t\t\t\t<div class=\"elementor-widget-container\">\n\t\t\t\t\t\t\t\t\t<span>\u00dcniversite Yollar\u0131<\/span>\t\t\t\t\t\t\t\t<\/div>\n\t\t\t\t<\/div>\n\t\t\t\t\t<\/div>\n\t\t<\/div>\n\t\t\t\t\t<\/div>\n\t\t<\/section>\n\t\t\t\t\t<\/div>\n\t\t<\/div>\n\t\t\t\t\t<\/div>\n\t\t<\/section>\n\t\t\t\t<section class=\"elementor-section elementor-top-section elementor-element elementor-element-2f557239 elementor-section-boxed elementor-section-height-default elementor-section-height-default\" data-id=\"2f557239\" data-element_type=\"section\" data-e-type=\"section\">\n\t\t\t\t\t\t<div class=\"elementor-container elementor-column-gap-no\">\n\t\t\t\t\t<div class=\"elementor-column elementor-col-100 elementor-top-column elementor-element elementor-element-266a2685\" data-id=\"266a2685\" data-element_type=\"column\" data-e-type=\"column\">\n\t\t\t<div class=\"elementor-widget-wrap elementor-element-populated\">\n\t\t\t\t\t\t<div class=\"elementor-element elementor-element-245d9474 elementor-widget elementor-widget-spacer\" data-id=\"245d9474\" data-element_type=\"widget\" data-e-type=\"widget\" data-widget_type=\"spacer.default\">\n\t\t\t\t<div class=\"elementor-widget-container\">\n\t\t\t\t\t\t\t<div class=\"elementor-spacer\">\n\t\t\t<div class=\"elementor-spacer-inner\"><\/div>\n\t\t<\/div>\n\t\t\t\t\t\t<\/div>\n\t\t\t\t<\/div>\n\t\t\t\t<div class=\"elementor-element elementor-element-7708475c elementor-widget elementor-widget-text-editor\" data-id=\"7708475c\" data-element_type=\"widget\" data-e-type=\"widget\" data-widget_type=\"text-editor.default\">\n\t\t\t\t<div class=\"elementor-widget-container\">\n\t\t\t\t\t\t\t\t\t<p><span>G\u00fczel \u00fclke ve s\u0131cak kar\u015f\u0131laman\u0131n yan\u0131 s\u0131ra, \u0130rlanda h\u0131zla teknoloji, i\u015f ve e\u011fitim i\u00e7in k\u00fcresel bir merkez haline geliyor.\u00a0<\/span><span>\u0130rlanda ya\u015famak ve \u00e7al\u0131\u015fmak i\u00e7in \u00e7ekici bir yerdir ve uluslararas\u0131 \u00f6\u011frenciler i\u00e7in avantajlar g\u00fc\u00e7l\u00fcd\u00fcr.<\/span><\/p>\t\t\t\t\t\t\t\t<\/div>\n\t\t\t\t<\/div>\n\t\t\t\t<section class=\"elementor-section elementor-inner-section elementor-element elementor-element-767a13f1 elementor-section-boxed elementor-section-height-default elementor-section-height-default\" data-id=\"767a13f1\" data-element_type=\"section\" data-e-type=\"section\">\n\t\t\t\t\t\t<div class=\"elementor-container elementor-column-gap-default\">\n\t\t\t\t\t<div class=\"elementor-column elementor-col-50 elementor-inner-column elementor-element elementor-element-360e2cc3\" data-id=\"360e2cc3\" data-element_type=\"column\" data-e-type=\"column\" data-settings=\"{&quot;background_background&quot;:&quot;classic&quot;}\">\n\t\t\t<div class=\"elementor-widget-wrap elementor-element-populated\">\n\t\t\t\t\t\t<div class=\"elementor-element elementor-element-32d5dcab elementor-widget elementor-widget-heading\" data-id=\"32d5dcab\" data-element_type=\"widget\" data-e-type=\"widget\" data-widget_type=\"heading.default\">\n\t\t\t\t<div class=\"elementor-widget-container\">\n\t\t\t\t\t<h2 class=\"elementor-heading-title elementor-size-default\">\u0130rlanda'da Y\u00fcksek \u00d6\u011frenim<\/h2>\t\t\t\t<\/div>\n\t\t\t\t<\/div>\n\t\t\t\t<div class=\"elementor-element elementor-element-3cd1d3df elementor-widget-divider--view-line elementor-widget elementor-widget-divider\" data-id=\"3cd1d3df\" data-element_type=\"widget\" data-e-type=\"widget\" data-widget_type=\"divider.default\">\n\t\t\t\t<div class=\"elementor-widget-container\">\n\t\t\t\t\t\t\t<div class=\"elementor-divider\">\n\t\t\t<span class=\"elementor-divider-separator\">\n\t\t\t\t\t\t<\/span>\n\t\t<\/div>\n\t\t\t\t\t\t<\/div>\n\t\t\t\t<\/div>\n\t\t\t\t<div class=\"elementor-element elementor-element-26ab5597 elementor-widget elementor-widget-text-editor\" data-id=\"26ab5597\" data-element_type=\"widget\" data-e-type=\"widget\" data-widget_type=\"text-editor.default\">\n\t\t\t\t<div class=\"elementor-widget-container\">\n\t\t\t\t\t\t\t\t\t<p><span>\u0130rlanda misafirperverli\u011fi ile \u00fcnl\u00fcd\u00fcr ve \u0130rlandal\u0131lar do\u011fal olarak s\u0131cak ve dost canl\u0131s\u0131d\u0131r. \u00dclkenin m\u00fczik, sanat, \u015fiir ve dansta zengin bir k\u00fclt\u00fcrel miras\u0131 var ve \u015fehirler g\u00f6r\u00fclecek ve yap\u0131lacak \u015feylerle dolup ta\u015f\u0131yor. \u0130rlanda&#8217;da her ya\u015ftan uluslararas\u0131 \u00f6\u011frenciye sunacak \u00e7ok \u015fey vard\u0131r. \u0130rlanda H\u00fck\u00fcmeti, \u0130rlanda&#8217;da Y\u00fcksek \u00d6\u011fretime yat\u0131r\u0131m yapmaktad\u0131r ve halihaz\u0131rda k\u00fcresel olarak \u00e7ok y\u00fcksek bir s\u0131ralamaya sahip olmas\u0131na ra\u011fmen, onu 2025 y\u0131l\u0131na kadar Avrupa&#8217;n\u0131n en iyisi yapma hedefine sahiptir. Bu strateji ve yat\u0131r\u0131m\u0131n bir k\u0131sm\u0131, \u0130rlanda&#8217;y\u0131 \u00e7ok daha \u00e7ekici bir yer haline getirmektir. \u0130rlanda&#8217;da Y\u00fcksek \u00d6\u011frenime daha fazla uluslararas\u0131 \u00f6\u011frenciyi a\u011f\u0131rlamak.<\/span><br \/><span>Yurtd\u0131\u015f\u0131ndaki \u00fcniversitelere ba\u015fvurmaya haz\u0131rlanan bir\u00e7ok uluslararas\u0131 \u00f6\u011frenci i\u00e7in g\u00f6z korkutucu ve zorlu bir deneyim olabilir. Pek \u00e7ok f\u0131rsat, bir\u00e7ok se\u00e7enek ve al\u0131nacak bir\u00e7ok karar var.<\/span><br \/><span>Ortaklar\u0131m\u0131za ve \u00f6\u011frencilerimize do\u011fru program\u0131 se\u00e7meleri i\u00e7in nas\u0131l yard\u0131mc\u0131 olabilece\u011fimizi d\u00fc\u015f\u00fcn\u00fcrken, mevcut f\u0131rsat yelpazesi hakk\u0131nda tarafs\u0131z tavsiyelerde bulunacak \u015feffaf ve ba\u011f\u0131ms\u0131z bir hizmete ihtiyac\u0131m\u0131z oldu\u011funu fark ettik.<\/span><\/p>\t\t\t\t\t\t\t\t<\/div>\n\t\t\t\t<\/div>\n\t\t\t\t\t<\/div>\n\t\t<\/div>\n\t\t\t\t<div class=\"elementor-column elementor-col-50 elementor-inner-column elementor-element elementor-element-39218abf\" data-id=\"39218abf\" data-element_type=\"column\" data-e-type=\"column\" data-settings=\"{&quot;background_background&quot;:&quot;classic&quot;}\">\n\t\t\t<div class=\"elementor-widget-wrap elementor-element-populated\">\n\t\t\t\t\t\t<div class=\"elementor-element elementor-element-1e6fa53b elementor-widget elementor-widget-spacer\" data-id=\"1e6fa53b\" data-element_type=\"widget\" data-e-type=\"widget\" data-widget_type=\"spacer.default\">\n\t\t\t\t<div class=\"elementor-widget-container\">\n\t\t\t\t\t\t\t<div class=\"elementor-spacer\">\n\t\t\t<div class=\"elementor-spacer-inner\"><\/div>\n\t\t<\/div>\n\t\t\t\t\t\t<\/div>\n\t\t\t\t<\/div>\n\t\t\t\t<div class=\"elementor-element elementor-element-442c2245 elementor-widget elementor-widget-image\" data-id=\"442c2245\" data-element_type=\"widget\" data-e-type=\"widget\" data-widget_type=\"image.default\">\n\t\t\t\t<div class=\"elementor-widget-container\">\n\t\t\t\t\t\t\t\t\t\t\t\t\t\t\t<img decoding=\"async\" src=\"https:\/\/elischools.com\/wp-content\/uploads\/elementor\/thumbs\/Higher-Education-in-Ireland-qzz40qocha6108d3kf3tntv3my3be1pjc8wd6oyli0.jpg\" title=\"Higher Education in Ireland\" alt=\"Higher Education in Ireland\" loading=\"lazy\" \/>\t\t\t\t\t\t\t\t\t\t\t\t\t\t\t<\/div>\n\t\t\t\t<\/div>\n\t\t\t\t\t<\/div>\n\t\t<\/div>\n\t\t\t\t\t<\/div>\n\t\t<\/section>\n\t\t\t\t<div class=\"elementor-element elementor-element-30de478a elementor-widget elementor-widget-spacer\" data-id=\"30de478a\" data-element_type=\"widget\" data-e-type=\"widget\" data-widget_type=\"spacer.default\">\n\t\t\t\t<div class=\"elementor-widget-container\">\n\t\t\t\t\t\t\t<div class=\"elementor-spacer\">\n\t\t\t<div class=\"elementor-spacer-inner\"><\/div>\n\t\t<\/div>\n\t\t\t\t\t\t<\/div>\n\t\t\t\t<\/div>\n\t\t\t\t\t<\/div>\n\t\t<\/div>\n\t\t\t\t\t<\/div>\n\t\t<\/section>\n\t\t\t\t<section class=\"elementor-section elementor-top-section elementor-element elementor-element-76726b8d elementor-section-stretched elementor-section-boxed elementor-section-height-default elementor-section-height-default\" data-id=\"76726b8d\" data-element_type=\"section\" data-e-type=\"section\" data-settings=\"{&quot;stretch_section&quot;:&quot;section-stretched&quot;,&quot;background_background&quot;:&quot;classic&quot;}\">\n\t\t\t\t\t\t<div class=\"elementor-container elementor-column-gap-no\">\n\t\t\t\t\t<div class=\"elementor-column elementor-col-100 elementor-top-column elementor-element elementor-element-30032ad1\" data-id=\"30032ad1\" data-element_type=\"column\" data-e-type=\"column\">\n\t\t\t<div class=\"elementor-widget-wrap elementor-element-populated\">\n\t\t\t\t\t\t<div class=\"elementor-element elementor-element-2a62acc2 elementor-widget elementor-widget-spacer\" data-id=\"2a62acc2\" data-element_type=\"widget\" data-e-type=\"widget\" data-widget_type=\"spacer.default\">\n\t\t\t\t<div class=\"elementor-widget-container\">\n\t\t\t\t\t\t\t<div class=\"elementor-spacer\">\n\t\t\t<div class=\"elementor-spacer-inner\"><\/div>\n\t\t<\/div>\n\t\t\t\t\t\t<\/div>\n\t\t\t\t<\/div>\n\t\t\t\t<div class=\"elementor-element elementor-element-6dae982f elementor-widget elementor-widget-heading\" data-id=\"6dae982f\" data-element_type=\"widget\" data-e-type=\"widget\" data-widget_type=\"heading.default\">\n\t\t\t\t<div class=\"elementor-widget-container\">\n\t\t\t\t\t<h2 class=\"elementor-heading-title elementor-size-default\">\u00dcniversite Yollar\u0131 \u0130rlanda<\/h2>\t\t\t\t<\/div>\n\t\t\t\t<\/div>\n\t\t\t\t<div class=\"elementor-element elementor-element-3ab01b6a elementor-widget-divider--view-line elementor-widget elementor-widget-divider\" data-id=\"3ab01b6a\" data-element_type=\"widget\" data-e-type=\"widget\" data-widget_type=\"divider.default\">\n\t\t\t\t<div class=\"elementor-widget-container\">\n\t\t\t\t\t\t\t<div class=\"elementor-divider\">\n\t\t\t<span class=\"elementor-divider-separator\">\n\t\t\t\t\t\t<\/span>\n\t\t<\/div>\n\t\t\t\t\t\t<\/div>\n\t\t\t\t<\/div>\n\t\t\t\t<div class=\"elementor-element elementor-element-7b822657 elementor-widget elementor-widget-text-editor\" data-id=\"7b822657\" data-element_type=\"widget\" data-e-type=\"widget\" data-widget_type=\"text-editor.default\">\n\t\t\t\t<div class=\"elementor-widget-container\">\n\t\t\t\t\t\t\t\t\t<p><span>University Pathways Ireland, uluslararas\u0131 \u00f6\u011frencilerin \u0130rlanda&#8217;daki en iyi \u00fcniversiteleri ve kolejleri ke\u015ffetmelerine ve bunlara ba\u015fvurmalar\u0131na yard\u0131mc\u0131 olan uzman bir dan\u0131\u015fmanl\u0131k hizmetidir.\u00a0\u0130rlanda&#8217;da, \u00e7e\u015fitli konularda binlerce kurs veren 40&#8217;tan fazla Y\u00fcksek \u00d6\u011fretim kurumu vard\u0131r.<\/span><br \/><br \/><span>\u00d6\u011frencilerimize ger\u00e7ekten en bilin\u00e7li tavsiyeyi sunmak i\u00e7in, giri\u015f ko\u015fullar\u0131, \u00f6\u011frenim \u00fccretleri ve her program ve kurum i\u00e7in mevcut olan burslar hakk\u0131nda derinlemesine bilgi sa\u011flayabilecek bir uzmana ihtiyac\u0131m\u0131z vard\u0131.<\/span><br \/><span>University Pathways Ireland hizmeti \u00f6\u011frenciler i\u00e7in \u00fccretsizdir, kurumlar taraf\u0131ndan finanse edilir ve uygulama \u00f6ncesi planlama ve ke\u015fif etkinliklerinden eksiksiz bir u\u00e7tan uca uygulama hizmetine kadar kapsaml\u0131 bir hizmet sunar. UPI&#8217;nin uluslararas\u0131 \u00f6\u011frencilere ve ortaklara arad\u0131\u011f\u0131m\u0131z uzmanl\u0131k yelpazesini sundu\u011fundan eminiz ve deniza\u015f\u0131r\u0131 \u00f6\u011frencilere mevcut se\u00e7enekler hakk\u0131nda tavsiyelerde bulunurken ekipleriyle yak\u0131n bir \u015fekilde \u00e7al\u0131\u015faca\u011f\u0131z.<\/span>\u00a0<\/p><p><span>Pek \u00e7ok uluslararas\u0131 \u00f6\u011frenci i\u00e7in \u0130rlanda&#8217;da Y\u00fcksek \u00d6\u011frenim f\u0131rsatlar\u0131, hayallerinin pe\u015finden gitmek i\u00e7in gerekli \u0130ngilizce yeterlili\u011fini hen\u00fcz geli\u015ftirmedikleri i\u00e7in ula\u015f\u0131lamaz.\u00a0Ana dili konu\u015fulmayan \u00fclkelerde \u0130ngilizce&#8217;de y\u00fcksek seviyelere ula\u015fmak, b\u00fcy\u00fck bir adanm\u0131\u015fl\u0131k ve hat\u0131r\u0131 say\u0131l\u0131r zaman alan bir zorluktur.\u00a0ELI Schools Pathway program\u0131, uluslararas\u0131 \u00f6\u011frencilerin \u0130rlanda&#8217;da ya\u015farken ve \u00e7al\u0131\u015f\u0131rken Y\u00fcksek \u00d6\u011fretime eri\u015fmek i\u00e7in gerekli \u0130ngilizce seviyesine ula\u015fmalar\u0131na yard\u0131mc\u0131 olmak i\u00e7in tasarlanm\u0131\u015f haz\u0131rl\u0131k \u0130ngilizce program\u0131d\u0131r.\u00a0Deneyimli \u00f6\u011fretmenlerimiz, \u00f6\u011frencilerin IELTS&#8217;de y\u00fcksek seviyelere ula\u015fmalar\u0131na ve ileri akademik \u00e7al\u0131\u015fmalara giden rotalar\u0131n\u0131 h\u0131zl\u0131 bir \u015fekilde izlemelerine yard\u0131mc\u0131 olacakt\u0131r.<\/span><\/p>\t\t\t\t\t\t\t\t<\/div>\n\t\t\t\t<\/div>\n\t\t\t\t<div class=\"elementor-element elementor-element-b4f5832 elementor-widget elementor-widget-spacer\" data-id=\"b4f5832\" data-element_type=\"widget\" data-e-type=\"widget\" data-widget_type=\"spacer.default\">\n\t\t\t\t<div class=\"elementor-widget-container\">\n\t\t\t\t\t\t\t<div class=\"elementor-spacer\">\n\t\t\t<div class=\"elementor-spacer-inner\"><\/div>\n\t\t<\/div>\n\t\t\t\t\t\t<\/div>\n\t\t\t\t<\/div>\n\t\t\t\t\t<\/div>\n\t\t<\/div>\n\t\t\t\t\t<\/div>\n\t\t<\/section>\n\t\t\t\t<section class=\"elementor-section elementor-top-section elementor-element elementor-element-28ee0bb6 elementor-section-full_width elementor-section-height-default elementor-section-height-default\" data-id=\"28ee0bb6\" data-element_type=\"section\" data-e-type=\"section\">\n\t\t\t\t\t\t<div class=\"elementor-container elementor-column-gap-default\">\n\t\t\t\t\t<div class=\"elementor-column elementor-col-100 elementor-top-column elementor-element elementor-element-938ebfa\" data-id=\"938ebfa\" data-element_type=\"column\" data-e-type=\"column\">\n\t\t\t<div class=\"elementor-widget-wrap elementor-element-populated\">\n\t\t\t\t\t\t<div class=\"elementor-element elementor-element-a12e263 elementor-widget elementor-widget-spacer\" data-id=\"a12e263\" data-element_type=\"widget\" data-e-type=\"widget\" data-widget_type=\"spacer.default\">\n\t\t\t\t<div class=\"elementor-widget-container\">\n\t\t\t\t\t\t\t<div class=\"elementor-spacer\">\n\t\t\t<div class=\"elementor-spacer-inner\"><\/div>\n\t\t<\/div>\n\t\t\t\t\t\t<\/div>\n\t\t\t\t<\/div>\n\t\t\t\t<section class=\"elementor-section elementor-inner-section elementor-element elementor-element-792817c4 elementor-section-boxed elementor-section-height-default elementor-section-height-default\" data-id=\"792817c4\" data-element_type=\"section\" data-e-type=\"section\">\n\t\t\t\t\t\t<div class=\"elementor-container elementor-column-gap-default\">\n\t\t\t\t\t<div class=\"elementor-column elementor-col-33 elementor-inner-column elementor-element elementor-element-3434f0f0\" data-id=\"3434f0f0\" data-element_type=\"column\" data-e-type=\"column\">\n\t\t\t<div class=\"elementor-widget-wrap\">\n\t\t\t\t\t\t\t<\/div>\n\t\t<\/div>\n\t\t\t\t<div class=\"elementor-column elementor-col-33 elementor-inner-column elementor-element elementor-element-380b960\" data-id=\"380b960\" data-element_type=\"column\" data-e-type=\"column\">\n\t\t\t<div class=\"elementor-widget-wrap\">\n\t\t\t\t\t\t\t<\/div>\n\t\t<\/div>\n\t\t\t\t<div class=\"elementor-column elementor-col-33 elementor-inner-column elementor-element elementor-element-58246383\" data-id=\"58246383\" data-element_type=\"column\" data-e-type=\"column\">\n\t\t\t<div class=\"elementor-widget-wrap elementor-element-populated\">\n\t\t\t\t\t\t<div class=\"elementor-element elementor-element-419dba43 elementor-align-justify elementor-widget elementor-widget-button\" data-id=\"419dba43\" data-element_type=\"widget\" data-e-type=\"widget\" data-widget_type=\"button.default\">\n\t\t\t\t<div class=\"elementor-widget-container\">\n\t\t\t\t\t\t\t\t\t<div class=\"elementor-button-wrapper\">\n\t\t\t\t\t<a class=\"elementor-button elementor-size-xl\" role=\"button\">\n\t\t\t\t\t\t<span class=\"elementor-button-content-wrapper\">\n\t\t\t\t\t\t\t\t\t<span class=\"elementor-button-text\">Sonrakini Oku&gt; Pathway Program\u0131<\/span>\n\t\t\t\t\t<\/span>\n\t\t\t\t\t<\/a>\n\t\t\t\t<\/div>\n\t\t\t\t\t\t\t\t<\/div>\n\t\t\t\t<\/div>\n\t\t\t\t\t<\/div>\n\t\t<\/div>\n\t\t\t\t\t<\/div>\n\t\t<\/section>\n\t\t\t\t<div class=\"elementor-element elementor-element-cd7778a elementor-widget elementor-widget-spacer\" data-id=\"cd7778a\" data-element_type=\"widget\" data-e-type=\"widget\" data-widget_type=\"spacer.default\">\n\t\t\t\t<div class=\"elementor-widget-container\">\n\t\t\t\t\t\t\t<div class=\"elementor-spacer\">\n\t\t\t<div class=\"elementor-spacer-inner\"><\/div>\n\t\t<\/div>\n\t\t\t\t\t\t<\/div>\n\t\t\t\t<\/div>\n\t\t\t\t\t<\/div>\n\t\t<\/div>\n\t\t\t\t\t<\/div>\n\t\t<\/section>\n\t\t\t\t<\/div>\n\t\t","protected":false},"excerpt":{"rendered":"<p>\u00dcniversite Yollar\u0131 G\u00fczel \u00fclke ve s\u0131cak kar\u015f\u0131laman\u0131n yan\u0131 s\u0131ra, \u0130rlanda h\u0131zla teknoloji, i\u015f ve e\u011fitim i\u00e7in k\u00fcresel bir merkez haline geliyor.\u00a0\u0130rlanda ya\u015famak ve \u00e7al\u0131\u015fmak i\u00e7in \u00e7ekici bir yerdir ve uluslararas\u0131 \u00f6\u011frenciler i\u00e7in avantajlar g\u00fc\u00e7l\u00fcd\u00fcr. \u0130rlanda&#8217;da Y\u00fcksek \u00d6\u011frenim \u0130rlanda misafirperverli\u011fi ile \u00fcnl\u00fcd\u00fcr ve \u0130rlandal\u0131lar do\u011fal olarak s\u0131cak ve dost canl\u0131s\u0131d\u0131r. \u00dclkenin m\u00fczik, sanat, \u015fiir ve dansta [&hellip;]<\/p>\n","protected":false},"author":19,"featured_media":0,"parent":0,"menu_order":0,"comment_status":"closed","ping_status":"closed","template":"elementor_header_footer","meta":{"footnotes":""},"class_list":["post-6063","page","type-page","status-publish","hentry"],"_links":{"self":[{"href":"https:\/\/elischools.com\/tr\/wp-json\/wp\/v2\/pages\/6063","targetHints":{"allow":["GET"]}}],"collection":[{"href":"https:\/\/elischools.com\/tr\/wp-json\/wp\/v2\/pages"}],"about":[{"href":"https:\/\/elischools.com\/tr\/wp-json\/wp\/v2\/types\/page"}],"author":[{"embeddable":true,"href":"https:\/\/elischools.com\/tr\/wp-json\/wp\/v2\/users\/19"}],"replies":[{"embeddable":true,"href":"https:\/\/elischools.com\/tr\/wp-json\/wp\/v2\/comments?post=6063"}],"version-history":[{"count":0,"href":"https:\/\/elischools.com\/tr\/wp-json\/wp\/v2\/pages\/6063\/revisions"}],"wp:attachment":[{"href":"https:\/\/elischools.com\/tr\/wp-json\/wp\/v2\/media?parent=6063"}],"curies":[{"name":"wp","href":"https:\/\/api.w.org\/{rel}","templated":true}]}}