{"id":5847,"date":"2021-05-13T20:08:16","date_gmt":"2021-05-13T20:08:16","guid":{"rendered":"https:\/\/elischools.com\/?page_id=5847"},"modified":"2021-10-13T18:47:20","modified_gmt":"2021-10-13T18:47:20","slug":"eli-ile-ogrenmek","status":"publish","type":"page","link":"https:\/\/elischools.com\/tr\/eli-ile-ogrenmek\/","title":{"rendered":"ELI ile \u00f6\u011frenmek"},"content":{"rendered":"\t\t<div data-elementor-type=\"wp-page\" data-elementor-id=\"5847\" class=\"elementor elementor-5847 elementor-688\" data-elementor-post-type=\"page\">\n\t\t\t\t\t\t<section class=\"elementor-section elementor-top-section elementor-element elementor-element-48c651a9 elementor-section-full_width elementor-section-stretched elementor-section-height-min-height elementor-section-height-default elementor-section-items-middle\" data-id=\"48c651a9\" data-element_type=\"section\" data-e-type=\"section\" data-settings=\"{&quot;stretch_section&quot;:&quot;section-stretched&quot;,&quot;background_background&quot;:&quot;classic&quot;}\">\n\t\t\t\t\t\t<div class=\"elementor-container elementor-column-gap-no\">\n\t\t\t\t\t<div class=\"elementor-column elementor-col-100 elementor-top-column elementor-element elementor-element-4b1d32a2\" data-id=\"4b1d32a2\" data-element_type=\"column\" data-e-type=\"column\">\n\t\t\t<div class=\"elementor-widget-wrap elementor-element-populated\">\n\t\t\t\t\t\t<section class=\"elementor-section elementor-inner-section elementor-element elementor-element-6992d92b elementor-section-full_width elementor-section-height-default elementor-section-height-default\" data-id=\"6992d92b\" data-element_type=\"section\" data-e-type=\"section\">\n\t\t\t\t\t\t<div class=\"elementor-container elementor-column-gap-default\">\n\t\t\t\t\t<div class=\"elementor-column elementor-col-100 elementor-inner-column elementor-element elementor-element-6295eaaa\" data-id=\"6295eaaa\" data-element_type=\"column\" data-e-type=\"column\">\n\t\t\t<div class=\"elementor-widget-wrap elementor-element-populated\">\n\t\t\t\t\t\t<div class=\"elementor-element elementor-element-485b2923 elementor-widget elementor-widget-text-editor\" data-id=\"485b2923\" data-element_type=\"widget\" data-e-type=\"widget\" data-widget_type=\"text-editor.default\">\n\t\t\t\t<div class=\"elementor-widget-container\">\n\t\t\t\t\t\t\t\t\t<span>ELI ile \u00f6\u011frenmek<\/span>\t\t\t\t\t\t\t\t<\/div>\n\t\t\t\t<\/div>\n\t\t\t\t\t<\/div>\n\t\t<\/div>\n\t\t\t\t\t<\/div>\n\t\t<\/section>\n\t\t\t\t\t<\/div>\n\t\t<\/div>\n\t\t\t\t\t<\/div>\n\t\t<\/section>\n\t\t\t\t<section class=\"elementor-section elementor-top-section elementor-element elementor-element-3409c0ff elementor-section-boxed elementor-section-height-default elementor-section-height-default\" data-id=\"3409c0ff\" data-element_type=\"section\" data-e-type=\"section\">\n\t\t\t\t\t\t<div class=\"elementor-container elementor-column-gap-no\">\n\t\t\t\t\t<div class=\"elementor-column elementor-col-100 elementor-top-column elementor-element elementor-element-26ce538a\" data-id=\"26ce538a\" data-element_type=\"column\" data-e-type=\"column\">\n\t\t\t<div class=\"elementor-widget-wrap elementor-element-populated\">\n\t\t\t\t\t\t<div class=\"elementor-element elementor-element-4e335b47 elementor-widget elementor-widget-spacer\" data-id=\"4e335b47\" data-element_type=\"widget\" data-e-type=\"widget\" data-widget_type=\"spacer.default\">\n\t\t\t\t<div class=\"elementor-widget-container\">\n\t\t\t\t\t\t\t<div class=\"elementor-spacer\">\n\t\t\t<div class=\"elementor-spacer-inner\"><\/div>\n\t\t<\/div>\n\t\t\t\t\t\t<\/div>\n\t\t\t\t<\/div>\n\t\t\t\t<div class=\"elementor-element elementor-element-4424c6f elementor-widget elementor-widget-text-editor\" data-id=\"4424c6f\" data-element_type=\"widget\" data-e-type=\"widget\" data-widget_type=\"text-editor.default\">\n\t\t\t\t<div class=\"elementor-widget-container\">\n\t\t\t\t\t\t\t\t\t<div class=\"elementor-element elementor-element-4424c6f elementor-widget elementor-widget-text-editor\" data-id=\"4424c6f\" data-element_type=\"widget\" data-widget_type=\"text-editor.default\"><div class=\"elementor-widget-container\"><div class=\"elementor-text-editor elementor-clearfix\"><p>\u00d6\u011frencilerimizin hayatlar\u0131n\u0131 ger\u00e7ekten de\u011fi\u015ftirme potansiyeline sahip bir dizi program sunuyoruz. M\u00fcfredat\u0131m\u0131z ve \u00f6\u011fretim metodolojimiz, en y\u00fcksek uluslararas\u0131 standartlara uyacak \u015fekilde tasarlanm\u0131\u015ft\u0131r, ancak her bir \u00f6\u011frencinin ihtiya\u00e7lar\u0131n\u0131 kar\u015f\u0131layabilmemiz i\u00e7in yakla\u015f\u0131m\u0131m\u0131z\u0131 ki\u015fiselle\u015ftiriyoruz.<\/p><\/div><\/div><\/div>\t\t\t\t\t\t\t\t<\/div>\n\t\t\t\t<\/div>\n\t\t\t\t<div class=\"elementor-element elementor-element-4367c6c elementor-widget elementor-widget-spacer\" data-id=\"4367c6c\" data-element_type=\"widget\" data-e-type=\"widget\" data-widget_type=\"spacer.default\">\n\t\t\t\t<div class=\"elementor-widget-container\">\n\t\t\t\t\t\t\t<div class=\"elementor-spacer\">\n\t\t\t<div class=\"elementor-spacer-inner\"><\/div>\n\t\t<\/div>\n\t\t\t\t\t\t<\/div>\n\t\t\t\t<\/div>\n\t\t\t\t<div class=\"elementor-element elementor-element-7e367c06 elementor-widget elementor-widget-spacer\" data-id=\"7e367c06\" data-element_type=\"widget\" data-e-type=\"widget\" data-widget_type=\"spacer.default\">\n\t\t\t\t<div class=\"elementor-widget-container\">\n\t\t\t\t\t\t\t<div class=\"elementor-spacer\">\n\t\t\t<div class=\"elementor-spacer-inner\"><\/div>\n\t\t<\/div>\n\t\t\t\t\t\t<\/div>\n\t\t\t\t<\/div>\n\t\t\t\t\t<\/div>\n\t\t<\/div>\n\t\t\t\t\t<\/div>\n\t\t<\/section>\n\t\t\t\t<section class=\"elementor-section elementor-top-section elementor-element elementor-element-77abaea elementor-section-full_width elementor-section-height-default elementor-section-height-default\" data-id=\"77abaea\" data-element_type=\"section\" data-e-type=\"section\" data-settings=\"{&quot;background_background&quot;:&quot;classic&quot;}\">\n\t\t\t\t\t\t<div class=\"elementor-container elementor-column-gap-no\">\n\t\t\t\t\t<div class=\"elementor-column elementor-col-100 elementor-top-column elementor-element elementor-element-369c6eae\" data-id=\"369c6eae\" data-element_type=\"column\" data-e-type=\"column\">\n\t\t\t<div class=\"elementor-widget-wrap elementor-element-populated\">\n\t\t\t\t\t\t<section class=\"elementor-section elementor-inner-section elementor-element elementor-element-421067b9 elementor-section-full_width space-column-acommodation elementor-section-height-default elementor-section-height-default\" data-id=\"421067b9\" data-element_type=\"section\" data-e-type=\"section\">\n\t\t\t\t\t\t<div class=\"elementor-container elementor-column-gap-default\">\n\t\t\t\t\t<div class=\"elementor-column elementor-col-25 elementor-inner-column elementor-element elementor-element-14d669ec\" data-id=\"14d669ec\" data-element_type=\"column\" data-e-type=\"column\" data-settings=\"{&quot;background_background&quot;:&quot;classic&quot;}\">\n\t\t\t<div class=\"elementor-widget-wrap elementor-element-populated\">\n\t\t\t\t\t\t<div class=\"elementor-element elementor-element-1abc1ef8 elementor-widget elementor-widget-image\" data-id=\"1abc1ef8\" data-element_type=\"widget\" data-e-type=\"widget\" data-widget_type=\"image.default\">\n\t\t\t\t<div class=\"elementor-widget-container\">\n\t\t\t\t\t\t\t\t\t\t\t\t\t\t\t<img fetchpriority=\"high\" decoding=\"async\" width=\"768\" height=\"350\" src=\"https:\/\/elischools.com\/wp-content\/uploads\/2021\/03\/Elli-School-General-English-Ireland-Teacher-768x350.jpg\" class=\"attachment-medium_large size-medium_large wp-image-5852\" alt=\"\" srcset=\"https:\/\/elischools.com\/wp-content\/uploads\/2021\/03\/Elli-School-General-English-Ireland-Teacher-768x350.jpg 768w, https:\/\/elischools.com\/wp-content\/uploads\/2021\/03\/Elli-School-General-English-Ireland-Teacher-300x137.jpg 300w, https:\/\/elischools.com\/wp-content\/uploads\/2021\/03\/Elli-School-General-English-Ireland-Teacher.jpg 960w\" sizes=\"(max-width: 768px) 100vw, 768px\" \/>\t\t\t\t\t\t\t\t\t\t\t\t\t\t\t<\/div>\n\t\t\t\t<\/div>\n\t\t\t\t<div class=\"elementor-element elementor-element-181c990 elementor-widget elementor-widget-heading\" data-id=\"181c990\" data-element_type=\"widget\" data-e-type=\"widget\" data-widget_type=\"heading.default\">\n\t\t\t\t<div class=\"elementor-widget-container\">\n\t\t\t\t\t<h3 class=\"elementor-heading-title elementor-size-default\">\u00d6\u011fretme metodolojisi<\/h3>\t\t\t\t<\/div>\n\t\t\t\t<\/div>\n\t\t\t\t<div class=\"elementor-element elementor-element-2b3cd13 elementor-widget elementor-widget-text-editor\" data-id=\"2b3cd13\" data-element_type=\"widget\" data-e-type=\"widget\" data-widget_type=\"text-editor.default\">\n\t\t\t\t<div class=\"elementor-widget-container\">\n\t\t\t\t\t\t\t\t\t<p><span>\u0130leti\u015fimsel bir yakla\u015f\u0131m kullanarak derslerimiz, g\u00fcnl\u00fck ya\u015famdan konular\u0131 ve temalar\u0131 i\u00e7eren g\u00f6reve dayal\u0131 bir y\u00f6ntem kullan\u0131larak \u00f6\u011fretilir. <\/span><span>Her seviye i\u00e7in merkezi bir ders kitab\u0131 ve \u00e7al\u0131\u015fma kitab\u0131 kullan\u0131yoruz ve \u00f6\u011fretmenler bunlar\u0131 gazeteler, \u00e7evrimi\u00e7i videolar ve ses gibi \u00f6zg\u00fcn materyalleri kullanarak tamaml\u0131yor.<\/span><\/p>\t\t\t\t\t\t\t\t<\/div>\n\t\t\t\t<\/div>\n\t\t\t\t\t<\/div>\n\t\t<\/div>\n\t\t\t\t<div class=\"elementor-column elementor-col-25 elementor-inner-column elementor-element elementor-element-6ecac967\" data-id=\"6ecac967\" data-element_type=\"column\" data-e-type=\"column\">\n\t\t\t<div class=\"elementor-widget-wrap elementor-element-populated\">\n\t\t\t\t\t\t<div class=\"elementor-element elementor-element-581aad51 elementor-widget elementor-widget-image\" data-id=\"581aad51\" data-element_type=\"widget\" data-e-type=\"widget\" data-widget_type=\"image.default\">\n\t\t\t\t<div class=\"elementor-widget-container\">\n\t\t\t\t\t\t\t\t\t\t\t\t\t\t\t<img decoding=\"async\" width=\"768\" height=\"350\" src=\"https:\/\/elischools.com\/wp-content\/uploads\/2021\/03\/Elli-School-General-English-Ireland-Students-768x350.jpg\" class=\"attachment-medium_large size-medium_large wp-image-5851\" alt=\"\" srcset=\"https:\/\/elischools.com\/wp-content\/uploads\/2021\/03\/Elli-School-General-English-Ireland-Students-768x350.jpg 768w, https:\/\/elischools.com\/wp-content\/uploads\/2021\/03\/Elli-School-General-English-Ireland-Students-300x137.jpg 300w, https:\/\/elischools.com\/wp-content\/uploads\/2021\/03\/Elli-School-General-English-Ireland-Students.jpg 960w\" sizes=\"(max-width: 768px) 100vw, 768px\" \/>\t\t\t\t\t\t\t\t\t\t\t\t\t\t\t<\/div>\n\t\t\t\t<\/div>\n\t\t\t\t<div class=\"elementor-element elementor-element-b460667 elementor-widget elementor-widget-heading\" data-id=\"b460667\" data-element_type=\"widget\" data-e-type=\"widget\" data-widget_type=\"heading.default\">\n\t\t\t\t<div class=\"elementor-widget-container\">\n\t\t\t\t\t<h3 class=\"elementor-heading-title elementor-size-default\">Tan\u0131ml\u0131 \u0130lerleme<\/h3>\t\t\t\t<\/div>\n\t\t\t\t<\/div>\n\t\t\t\t<div class=\"elementor-element elementor-element-0515a23 elementor-widget elementor-widget-text-editor\" data-id=\"0515a23\" data-element_type=\"widget\" data-e-type=\"widget\" data-widget_type=\"text-editor.default\">\n\t\t\t\t<div class=\"elementor-widget-container\">\n\t\t\t\t\t\t\t\t\t<p><span>\u00d6\u011fretti\u011fimiz her seviye i\u00e7in, m\u00fcfredat\u0131m\u0131z a\u00e7\u0131k\u00e7a tan\u0131mlanm\u0131\u015f beceri ve yeteneklerden olu\u015fur. <\/span><span>Deneyimli \u00f6\u011fretmenlerimiz, her 6 haftada bir ilerleme testi ve ilerleme raporu ve 12 hafta sonra bir seviye ilerleme testi ile her seviyede size rehberlik edecek.<\/span><\/p>\t\t\t\t\t\t\t\t<\/div>\n\t\t\t\t<\/div>\n\t\t\t\t\t<\/div>\n\t\t<\/div>\n\t\t\t\t\t<\/div>\n\t\t<\/section>\n\t\t\t\t\t<\/div>\n\t\t<\/div>\n\t\t\t\t\t<\/div>\n\t\t<\/section>\n\t\t\t\t<section class=\"elementor-section elementor-top-section elementor-element elementor-element-6eb745b elementor-section-boxed elementor-section-height-default elementor-section-height-default\" data-id=\"6eb745b\" data-element_type=\"section\" data-e-type=\"section\">\n\t\t\t\t\t\t<div class=\"elementor-container elementor-column-gap-default\">\n\t\t\t\t\t<div class=\"elementor-column elementor-col-100 elementor-top-column elementor-element elementor-element-47036ed\" data-id=\"47036ed\" data-element_type=\"column\" data-e-type=\"column\">\n\t\t\t<div class=\"elementor-widget-wrap elementor-element-populated\">\n\t\t\t\t\t\t<div class=\"elementor-element elementor-element-401a65f elementor-widget elementor-widget-image\" data-id=\"401a65f\" data-element_type=\"widget\" data-e-type=\"widget\" data-widget_type=\"image.default\">\n\t\t\t\t<div class=\"elementor-widget-container\">\n\t\t\t\t\t\t\t\t\t\t\t\t\t\t\t<img decoding=\"async\" width=\"1350\" height=\"280\" src=\"https:\/\/elischools.com\/wp-content\/uploads\/2021\/09\/Progress-Table-Transparent-.png\" class=\"attachment-1536x1536 size-1536x1536 wp-image-9038\" alt=\"\" srcset=\"https:\/\/elischools.com\/wp-content\/uploads\/2021\/09\/Progress-Table-Transparent-.png 1350w, https:\/\/elischools.com\/wp-content\/uploads\/2021\/09\/Progress-Table-Transparent--300x62.png 300w, https:\/\/elischools.com\/wp-content\/uploads\/2021\/09\/Progress-Table-Transparent--1024x212.png 1024w, https:\/\/elischools.com\/wp-content\/uploads\/2021\/09\/Progress-Table-Transparent--768x159.png 768w\" sizes=\"(max-width: 1350px) 100vw, 1350px\" \/>\t\t\t\t\t\t\t\t\t\t\t\t\t\t\t<\/div>\n\t\t\t\t<\/div>\n\t\t\t\t\t<\/div>\n\t\t<\/div>\n\t\t\t\t\t<\/div>\n\t\t<\/section>\n\t\t\t\t<section class=\"elementor-section elementor-top-section elementor-element elementor-element-239ed0c7 elementor-section-full_width elementor-section-height-default elementor-section-height-default\" data-id=\"239ed0c7\" data-element_type=\"section\" data-e-type=\"section\">\n\t\t\t\t\t\t<div class=\"elementor-container elementor-column-gap-default\">\n\t\t\t\t\t<div class=\"elementor-column elementor-col-100 elementor-top-column elementor-element elementor-element-248cff14\" data-id=\"248cff14\" data-element_type=\"column\" data-e-type=\"column\">\n\t\t\t<div class=\"elementor-widget-wrap elementor-element-populated\">\n\t\t\t\t\t\t<section class=\"elementor-section elementor-inner-section elementor-element elementor-element-7ea22df0 elementor-section-boxed elementor-section-height-default elementor-section-height-default\" data-id=\"7ea22df0\" data-element_type=\"section\" data-e-type=\"section\">\n\t\t\t\t\t\t<div class=\"elementor-container elementor-column-gap-default\">\n\t\t\t\t\t<div class=\"elementor-column elementor-col-33 elementor-inner-column elementor-element elementor-element-6880a609\" data-id=\"6880a609\" data-element_type=\"column\" data-e-type=\"column\">\n\t\t\t<div class=\"elementor-widget-wrap\">\n\t\t\t\t\t\t\t<\/div>\n\t\t<\/div>\n\t\t\t\t<div class=\"elementor-column elementor-col-33 elementor-inner-column elementor-element elementor-element-751904e6\" data-id=\"751904e6\" data-element_type=\"column\" data-e-type=\"column\">\n\t\t\t<div class=\"elementor-widget-wrap\">\n\t\t\t\t\t\t\t<\/div>\n\t\t<\/div>\n\t\t\t\t<div class=\"elementor-column elementor-col-33 elementor-inner-column elementor-element elementor-element-7df59ebd\" data-id=\"7df59ebd\" data-element_type=\"column\" data-e-type=\"column\">\n\t\t\t<div class=\"elementor-widget-wrap elementor-element-populated\">\n\t\t\t\t\t\t<div class=\"elementor-element elementor-element-2b0219fe elementor-align-right elementor-widget elementor-widget-button\" data-id=\"2b0219fe\" data-element_type=\"widget\" data-e-type=\"widget\" data-widget_type=\"button.default\">\n\t\t\t\t<div class=\"elementor-widget-container\">\n\t\t\t\t\t\t\t\t\t<div class=\"elementor-button-wrapper\">\n\t\t\t\t\t<a class=\"elementor-button elementor-button-link elementor-size-sm\" href=\"\/tr\/genel-ingilizce\/\">\n\t\t\t\t\t\t<span class=\"elementor-button-content-wrapper\">\n\t\t\t\t\t\t\t\t\t<span class=\"elementor-button-text\">Sonrakini Oku&gt; \u0130ngilizce Programlar\u0131<\/span>\n\t\t\t\t\t<\/span>\n\t\t\t\t\t<\/a>\n\t\t\t\t<\/div>\n\t\t\t\t\t\t\t\t<\/div>\n\t\t\t\t<\/div>\n\t\t\t\t\t<\/div>\n\t\t<\/div>\n\t\t\t\t\t<\/div>\n\t\t<\/section>\n\t\t\t\t<div class=\"elementor-element elementor-element-559ca4be elementor-widget elementor-widget-spacer\" data-id=\"559ca4be\" data-element_type=\"widget\" data-e-type=\"widget\" data-widget_type=\"spacer.default\">\n\t\t\t\t<div class=\"elementor-widget-container\">\n\t\t\t\t\t\t\t<div class=\"elementor-spacer\">\n\t\t\t<div class=\"elementor-spacer-inner\"><\/div>\n\t\t<\/div>\n\t\t\t\t\t\t<\/div>\n\t\t\t\t<\/div>\n\t\t\t\t\t<\/div>\n\t\t<\/div>\n\t\t\t\t\t<\/div>\n\t\t<\/section>\n\t\t\t\t<\/div>\n\t\t","protected":false},"excerpt":{"rendered":"<p>ELI ile \u00f6\u011frenmek \u00d6\u011frencilerimizin hayatlar\u0131n\u0131 ger\u00e7ekten de\u011fi\u015ftirme potansiyeline sahip bir dizi program sunuyoruz. M\u00fcfredat\u0131m\u0131z ve \u00f6\u011fretim metodolojimiz, en y\u00fcksek uluslararas\u0131 standartlara uyacak \u015fekilde tasarlanm\u0131\u015ft\u0131r, ancak her bir \u00f6\u011frencinin ihtiya\u00e7lar\u0131n\u0131 kar\u015f\u0131layabilmemiz i\u00e7in yakla\u015f\u0131m\u0131m\u0131z\u0131 ki\u015fiselle\u015ftiriyoruz. \u00d6\u011fretme metodolojisi \u0130leti\u015fimsel bir yakla\u015f\u0131m kullanarak derslerimiz, g\u00fcnl\u00fck ya\u015famdan konular\u0131 ve temalar\u0131 i\u00e7eren g\u00f6reve dayal\u0131 bir y\u00f6ntem kullan\u0131larak \u00f6\u011fretilir. Her seviye i\u00e7in [&hellip;]<\/p>\n","protected":false},"author":19,"featured_media":0,"parent":0,"menu_order":0,"comment_status":"closed","ping_status":"closed","template":"elementor_header_footer","meta":{"_angie_page":false,"footnotes":""},"class_list":["post-5847","page","type-page","status-publish","hentry"],"_links":{"self":[{"href":"https:\/\/elischools.com\/tr\/wp-json\/wp\/v2\/pages\/5847","targetHints":{"allow":["GET"]}}],"collection":[{"href":"https:\/\/elischools.com\/tr\/wp-json\/wp\/v2\/pages"}],"about":[{"href":"https:\/\/elischools.com\/tr\/wp-json\/wp\/v2\/types\/page"}],"author":[{"embeddable":true,"href":"https:\/\/elischools.com\/tr\/wp-json\/wp\/v2\/users\/19"}],"replies":[{"embeddable":true,"href":"https:\/\/elischools.com\/tr\/wp-json\/wp\/v2\/comments?post=5847"}],"version-history":[{"count":0,"href":"https:\/\/elischools.com\/tr\/wp-json\/wp\/v2\/pages\/5847\/revisions"}],"wp:attachment":[{"href":"https:\/\/elischools.com\/tr\/wp-json\/wp\/v2\/media?parent=5847"}],"curies":[{"name":"wp","href":"https:\/\/api.w.org\/{rel}","templated":true}]}}