{"id":57481,"date":"2024-02-08T10:19:17","date_gmt":"2024-02-08T15:19:17","guid":{"rendered":"https:\/\/elischools.com\/bizimle-calisin\/"},"modified":"2024-11-27T14:15:47","modified_gmt":"2024-11-27T19:15:47","slug":"bizimle-calisin","status":"publish","type":"page","link":"https:\/\/elischools.com\/tr\/bizimle-calisin\/","title":{"rendered":"Bizimle \u00c7al\u0131\u015f\u0131n"},"content":{"rendered":"\t\t<div data-elementor-type=\"wp-page\" data-elementor-id=\"57481\" class=\"elementor elementor-57481 elementor-44803\" data-elementor-post-type=\"page\">\n\t\t\t\t<div class=\"elementor-element elementor-element-34046d7 e-con-full elementor-hidden-mobile top-banner-desktop e-flex e-con e-parent\" data-id=\"34046d7\" data-element_type=\"container\" data-e-type=\"container\" data-settings=\"{&quot;background_background&quot;:&quot;classic&quot;}\">\n\t\t<div class=\"elementor-element elementor-element-b50fce0 e-flex e-con-boxed e-con e-child\" data-id=\"b50fce0\" data-element_type=\"container\" data-e-type=\"container\">\n\t\t\t\t\t<div class=\"e-con-inner\">\n\t\t\t\t<div class=\"elementor-element elementor-element-5ef127f elementor-widget elementor-widget-heading\" data-id=\"5ef127f\" data-element_type=\"widget\" data-e-type=\"widget\" data-widget_type=\"heading.default\">\n\t\t\t\t<div class=\"elementor-widget-container\">\n\t\t\t\t\t<h1 class=\"elementor-heading-title elementor-size-default\">B\u0130Z\u0130MLE \u00c7ALI\u015eIN<\/h1>\t\t\t\t<\/div>\n\t\t\t\t<\/div>\n\t\t\t\t\t<\/div>\n\t\t\t\t<\/div>\n\t\t\t\t<\/div>\n\t\t<div class=\"elementor-element elementor-element-9225069 e-con-full elementor-hidden-desktop elementor-hidden-tablet e-flex e-con e-parent\" data-id=\"9225069\" data-element_type=\"container\" data-e-type=\"container\">\n\t\t\t\t<div class=\"elementor-element elementor-element-ae984b9 elementor-widget elementor-widget-image\" data-id=\"ae984b9\" data-element_type=\"widget\" data-e-type=\"widget\" data-widget_type=\"image.default\">\n\t\t\t\t<div class=\"elementor-widget-container\">\n\t\t\t\t\t\t\t\t\t\t\t\t\t\t\t<img fetchpriority=\"high\" decoding=\"async\" width=\"640\" height=\"800\" src=\"https:\/\/elischools.com\/wp-content\/uploads\/2024\/10\/eli-schools-english-institute-in-ireland-work-with-us-top-mobile.webp\" class=\"attachment-full size-full wp-image-82106\" alt=\"eli-schools-english-institute-in-ireland-work-with-us-top-mobile\" srcset=\"https:\/\/elischools.com\/wp-content\/uploads\/2024\/10\/eli-schools-english-institute-in-ireland-work-with-us-top-mobile.webp 640w, https:\/\/elischools.com\/wp-content\/uploads\/2024\/10\/eli-schools-english-institute-in-ireland-work-with-us-top-mobile-240x300.webp 240w\" sizes=\"(max-width: 640px) 100vw, 640px\" \/>\t\t\t\t\t\t\t\t\t\t\t\t\t\t\t<\/div>\n\t\t\t\t<\/div>\n\t\t<div class=\"elementor-element elementor-element-388adf0 e-con-full e-flex e-con e-child\" data-id=\"388adf0\" data-element_type=\"container\" data-e-type=\"container\" data-settings=\"{&quot;position&quot;:&quot;absolute&quot;}\">\n\t\t\t\t<div class=\"elementor-element elementor-element-13ebff9 elementor-widget elementor-widget-heading\" data-id=\"13ebff9\" data-element_type=\"widget\" data-e-type=\"widget\" data-widget_type=\"heading.default\">\n\t\t\t\t<div class=\"elementor-widget-container\">\n\t\t\t\t\t<h2 class=\"elementor-heading-title elementor-size-default\">B\u0130Z\u0130MLE \u00c7ALI\u015eIN<\/h2>\t\t\t\t<\/div>\n\t\t\t\t<\/div>\n\t\t\t\t<\/div>\n\t\t\t\t<\/div>\n\t\t<div class=\"elementor-element elementor-element-d3fc69a e-flex e-con-boxed e-con e-parent\" data-id=\"d3fc69a\" data-element_type=\"container\" data-e-type=\"container\">\n\t\t\t\t\t<div class=\"e-con-inner\">\n\t\t\t\t<div class=\"elementor-element elementor-element-a55075d elementor-widget elementor-widget-heading\" data-id=\"a55075d\" data-element_type=\"widget\" data-e-type=\"widget\" data-widget_type=\"heading.default\">\n\t\t\t\t<div class=\"elementor-widget-container\">\n\t\t\t\t\t<span class=\"elementor-heading-title elementor-size-default\"><a href=\"https:\/\/elischools.com\/tr\/\">ANA SAYFA &gt;<\/a><\/span>\t\t\t\t<\/div>\n\t\t\t\t<\/div>\n\t\t\t\t<div class=\"elementor-element elementor-element-e6a753a elementor-widget elementor-widget-heading\" data-id=\"e6a753a\" data-element_type=\"widget\" data-e-type=\"widget\" data-widget_type=\"heading.default\">\n\t\t\t\t<div class=\"elementor-widget-container\">\n\t\t\t\t\t<h2 class=\"elementor-heading-title elementor-size-default\">B\u0130Z\u0130MLE \u00c7ALI\u015eIN<\/h2>\t\t\t\t<\/div>\n\t\t\t\t<\/div>\n\t\t\t\t\t<\/div>\n\t\t\t\t<\/div>\n\t\t<div class=\"elementor-element elementor-element-beea14a e-con-full e-flex e-con e-parent\" data-id=\"beea14a\" data-element_type=\"container\" data-e-type=\"container\">\n\t\t<div class=\"elementor-element elementor-element-cddbab9 e-con-full apply-to-host e-flex e-con e-child\" data-id=\"cddbab9\" data-element_type=\"container\" data-e-type=\"container\" data-settings=\"{&quot;background_background&quot;:&quot;classic&quot;}\">\n\t\t\t\t<div class=\"elementor-element elementor-element-630f4c4 elementor-widget elementor-widget-heading\" data-id=\"630f4c4\" data-element_type=\"widget\" data-e-type=\"widget\" data-widget_type=\"heading.default\">\n\t\t\t\t<div class=\"elementor-widget-container\">\n\t\t\t\t\t<h2 class=\"elementor-heading-title elementor-size-default\">EV SAH\u0130B\u0130 OLMAK \u0130\u00c7\u0130N BA\u015eVUR<\/h2>\t\t\t\t<\/div>\n\t\t\t\t<\/div>\n\t\t\t\t<div class=\"elementor-element elementor-element-6419bcf elementor-widget-divider--view-line elementor-widget elementor-widget-divider\" data-id=\"6419bcf\" data-element_type=\"widget\" data-e-type=\"widget\" data-widget_type=\"divider.default\">\n\t\t\t\t<div class=\"elementor-widget-container\">\n\t\t\t\t\t\t\t<div class=\"elementor-divider\">\n\t\t\t<span class=\"elementor-divider-separator\">\n\t\t\t\t\t\t<\/span>\n\t\t<\/div>\n\t\t\t\t\t\t<\/div>\n\t\t\t\t<\/div>\n\t\t\t\t<div class=\"elementor-element elementor-element-8f7644c elementor-widget elementor-widget-heading\" data-id=\"8f7644c\" data-element_type=\"widget\" data-e-type=\"widget\" data-widget_type=\"heading.default\">\n\t\t\t\t<div class=\"elementor-widget-container\">\n\t\t\t\t\t<h2 class=\"elementor-heading-title elementor-size-default\">\u0130rlanda'da ev sahibi aile olun<\/h2>\t\t\t\t<\/div>\n\t\t\t\t<\/div>\n\t\t\t\t<div class=\"elementor-element elementor-element-bbc5252 elementor-widget elementor-widget-heading\" data-id=\"bbc5252\" data-element_type=\"widget\" data-e-type=\"widget\" data-widget_type=\"heading.default\">\n\t\t\t\t<div class=\"elementor-widget-container\">\n\t\t\t\t\t<p class=\"elementor-heading-title elementor-size-default\">ELI i\u00e7in ev sahibi aile olma konusundaki ilginiz i\u00e7in te\u015fekk\u00fcr ederiz. Ev sahibi aileler \u00f6\u011frencilerimiz i\u00e7in hayati \u00f6nem ta\u015f\u0131yan bir hizmet sunar ve var\u0131\u015flar\u0131ndan sonraki haftalarda ve genellikle kal\u0131\u015f s\u00fcreleri boyunca evlerinden uzakta bir ho\u015f geldin sunarlar. Ev sahiplerimizle g\u00fcven, sayg\u0131 ve d\u00fcr\u00fcstl\u00fck \u00fczerine kurulu g\u00fc\u00e7l\u00fc profesyonel ili\u015fkiler geli\u015ftirmek istiyoruz.<\/p>\t\t\t\t<\/div>\n\t\t\t\t<\/div>\n\t\t\t\t<div class=\"elementor-element elementor-element-5ac1b9f elementor-widget elementor-widget-heading\" data-id=\"5ac1b9f\" data-element_type=\"widget\" data-e-type=\"widget\" data-widget_type=\"heading.default\">\n\t\t\t\t<div class=\"elementor-widget-container\">\n\t\t\t\t\t<p class=\"elementor-heading-title elementor-size-default\">Uluslararas\u0131 bir \u00f6\u011frenciyi evinizde a\u011f\u0131rlamak t\u00fcm aile i\u00e7in \u00f6d\u00fcllendirici bir deneyim olabilir. \u00d6\u011frencilerimiz \u0130rlandal\u0131 insanlarla tan\u0131\u015fmak, k\u00fclt\u00fcr\u00fcm\u00fcz\u00fc \u00f6\u011frenmek ve kendi hikayelerini payla\u015fmak i\u00e7in can at\u0131yorlar. Uluslararas\u0131 \u00f6\u011frencileri a\u011f\u0131rlamak sadece kullan\u0131lmayan yatak odalar\u0131ndan ekstra para kazanman\u0131n m\u00fckemmel bir yolu de\u011fil, ayn\u0131 zamanda yeni insanlarla tan\u0131\u015fmak ve \u00fclkemizi ziyaret eden gen\u00e7 uluslararas\u0131 \u00f6\u011frencilere ho\u015f geldin yuvalar\u0131 sa\u011flamak i\u00e7in de harika bir f\u0131rsatt\u0131r.<\/p>\t\t\t\t<\/div>\n\t\t\t\t<\/div>\n\t\t\t\t<div class=\"elementor-element elementor-element-2556bb4 elementor-align-center elementor-mobile-align-center elementor-widget elementor-widget-button\" data-id=\"2556bb4\" data-element_type=\"widget\" data-e-type=\"widget\" data-widget_type=\"button.default\">\n\t\t\t\t<div class=\"elementor-widget-container\">\n\t\t\t\t\t\t\t\t\t<div class=\"elementor-button-wrapper\">\n\t\t\t\t\t<a class=\"elementor-button elementor-button-link elementor-size-xs\" href=\"https:\/\/admin.elischools.com\/contacts\" target=\"_blank\">\n\t\t\t\t\t\t<span class=\"elementor-button-content-wrapper\">\n\t\t\t\t\t\t\t\t\t<span class=\"elementor-button-text\">EV SAH\u0130B\u0130 A\u0130LE OLMAK \u0130\u00c7\u0130N BA\u015eVURUN<\/span>\n\t\t\t\t\t<\/span>\n\t\t\t\t\t<\/a>\n\t\t\t\t<\/div>\n\t\t\t\t\t\t\t\t<\/div>\n\t\t\t\t<\/div>\n\t\t\t\t<\/div>\n\t\t<div class=\"elementor-element elementor-element-0e259f6 e-con-full train-to-teach e-flex e-con e-child\" data-id=\"0e259f6\" data-element_type=\"container\" data-e-type=\"container\" data-settings=\"{&quot;background_background&quot;:&quot;classic&quot;}\">\n\t\t\t\t<div class=\"elementor-element elementor-element-2157580 elementor-widget elementor-widget-heading\" data-id=\"2157580\" data-element_type=\"widget\" data-e-type=\"widget\" data-widget_type=\"heading.default\">\n\t\t\t\t<div class=\"elementor-widget-container\">\n\t\t\t\t\t<h2 class=\"elementor-heading-title elementor-size-default\">\u00d6\u011eRETMEK \u0130\u00c7\u0130N E\u011e\u0130T\u0130M<\/h2>\t\t\t\t<\/div>\n\t\t\t\t<\/div>\n\t\t\t\t<div class=\"elementor-element elementor-element-1dfd8de elementor-widget-divider--view-line elementor-widget elementor-widget-divider\" data-id=\"1dfd8de\" data-element_type=\"widget\" data-e-type=\"widget\" data-widget_type=\"divider.default\">\n\t\t\t\t<div class=\"elementor-widget-container\">\n\t\t\t\t\t\t\t<div class=\"elementor-divider\">\n\t\t\t<span class=\"elementor-divider-separator\">\n\t\t\t\t\t\t<\/span>\n\t\t<\/div>\n\t\t\t\t\t\t<\/div>\n\t\t\t\t<\/div>\n\t\t\t\t<div class=\"elementor-element elementor-element-d0de6af elementor-widget elementor-widget-heading\" data-id=\"d0de6af\" data-element_type=\"widget\" data-e-type=\"widget\" data-widget_type=\"heading.default\">\n\t\t\t\t<div class=\"elementor-widget-container\">\n\t\t\t\t\t<p class=\"elementor-heading-title elementor-size-default\">\u0130rlanda'da veya \u00f6tesinde uluslararas\u0131 \u00f6\u011frencilere ders vermek i\u00e7in \u0130ngilizce \u00f6\u011fretmeni olmakla ilgileniyor musunuz? \u0130rlanda'da ve yurtd\u0131\u015f\u0131nda g\u00fc\u00e7l\u00fc istihdam f\u0131rsatlar\u0131na sahip heyecan verici bir kariyer mi ar\u0131yorsunuz?<\/p>\t\t\t\t<\/div>\n\t\t\t\t<\/div>\n\t\t\t\t<div class=\"elementor-element elementor-element-32b47e7 elementor-widget elementor-widget-heading\" data-id=\"32b47e7\" data-element_type=\"widget\" data-e-type=\"widget\" data-widget_type=\"heading.default\">\n\t\t\t\t<div class=\"elementor-widget-container\">\n\t\t\t\t\t<p class=\"elementor-heading-title elementor-size-default\">E\u011fer d\u0131\u015fa d\u00f6n\u00fck bir ki\u015fili\u011fe sahipseniz ve bir s\u0131n\u0131f\u0131n \u00f6n\u00fcnde konu\u015fabilecek \u00f6zg\u00fcvene sahipseniz, uluslararas\u0131 \u00f6\u011frencilere \u0130ngilizce \u00f6\u011fretmek heyecan verici ve \u00f6d\u00fcllendirici bir kariyer sunar.<\/p>\t\t\t\t<\/div>\n\t\t\t\t<\/div>\n\t\t\t\t<div class=\"elementor-element elementor-element-702c0ce elementor-align-center elementor-mobile-align-center elementor-widget elementor-widget-button\" data-id=\"702c0ce\" data-element_type=\"widget\" data-e-type=\"widget\" data-widget_type=\"button.default\">\n\t\t\t\t<div class=\"elementor-widget-container\">\n\t\t\t\t\t\t\t\t\t<div class=\"elementor-button-wrapper\">\n\t\t\t\t\t<a class=\"elementor-button elementor-button-link elementor-size-xs\" href=\"#elementor-action%3Aaction%3Dpopup%3Aopen%26settings%3DeyJpZCI6NDc5NTIsInRvZ2dsZSI6ZmFsc2V9\">\n\t\t\t\t\t\t<span class=\"elementor-button-content-wrapper\">\n\t\t\t\t\t\t\t\t\t<span class=\"elementor-button-text\">\u00d6\u011eRETMEK \u0130\u00c7\u0130N E\u011e\u0130T\u0130M<\/span>\n\t\t\t\t\t<\/span>\n\t\t\t\t\t<\/a>\n\t\t\t\t<\/div>\n\t\t\t\t\t\t\t\t<\/div>\n\t\t\t\t<\/div>\n\t\t\t\t<\/div>\n\t\t\t\t<\/div>\n\t\t<div class=\"elementor-element elementor-element-6a88a78 e-con-full elementor-hidden-desktop elementor-hidden-tablet elementor-hidden-mobile e-flex e-con e-parent\" data-id=\"6a88a78\" data-element_type=\"container\" data-e-type=\"container\" id=\"contact-container\" data-settings=\"{&quot;background_background&quot;:&quot;classic&quot;}\">\n\t\t<div class=\"elementor-element elementor-element-232d329 e-con-full e-flex e-con e-child\" data-id=\"232d329\" data-element_type=\"container\" data-e-type=\"container\" id=\"Apply-Form\" data-settings=\"{&quot;background_background&quot;:&quot;classic&quot;}\">\n\t\t<div class=\"elementor-element elementor-element-24928e8 e-con-full e-flex e-con e-child\" data-id=\"24928e8\" data-element_type=\"container\" data-e-type=\"container\" data-settings=\"{&quot;background_background&quot;:&quot;classic&quot;}\">\n\t\t\t\t<\/div>\n\t\t<div class=\"elementor-element elementor-element-203c364 e-con-full e-flex e-con e-child\" data-id=\"203c364\" data-element_type=\"container\" data-e-type=\"container\">\n\t\t\t\t<div class=\"elementor-element elementor-element-adb3d9f elementor-widget elementor-widget-heading\" data-id=\"adb3d9f\" data-element_type=\"widget\" data-e-type=\"widget\" data-widget_type=\"heading.default\">\n\t\t\t\t<div class=\"elementor-widget-container\">\n\t\t\t\t\t<h2 class=\"elementor-heading-title elementor-size-default\">Bize Ula\u015f\u0131n<\/h2>\t\t\t\t<\/div>\n\t\t\t\t<\/div>\n\t\t\t\t<div class=\"elementor-element elementor-element-55512c6 elementor-widget elementor-widget-text-editor\" data-id=\"55512c6\" data-element_type=\"widget\" data-e-type=\"widget\" data-widget_type=\"text-editor.default\">\n\t\t\t\t<div class=\"elementor-widget-container\">\n\t\t\t\t\t\t\t\t\t<p>Ba\u015fvurmak i\u00e7in l\u00fctfen g\u00fcncel CV&#8217;nizi ve \u00f6n yaz\u0131n\u0131z\u0131 <a href=\"mailto:workwithus@elischools.com\">workwithus@elischools.com<\/a> adresine g\u00f6nderin.<\/p>\n\t\t\t\t\t\t\t\t<\/div>\n\t\t\t\t<\/div>\n\t\t\t\t<div class=\"elementor-element elementor-element-2d4ca89 elementor-widget elementor-widget-shortcode\" data-id=\"2d4ca89\" data-element_type=\"widget\" data-e-type=\"widget\" id=\"contact-msg\" data-widget_type=\"shortcode.default\">\n\t\t\t\t<div class=\"elementor-widget-container\">\n\t\t\t\t\t\t\t<div class=\"elementor-shortcode\">\n<div class=\"wpcf7 no-js\" id=\"wpcf7-f30550-o1\" lang=\"\" dir=\"ltr\" data-wpcf7-id=\"30550\">\n<div class=\"screen-reader-response\"><p role=\"status\" aria-live=\"polite\" aria-atomic=\"true\"><\/p> <ul><\/ul><\/div>\n<form action=\"\/tr\/wp-json\/wp\/v2\/pages\/57481#wpcf7-f30550-o1\" method=\"post\" class=\"wpcf7-form init\" aria-label=\"\u0130leti\u015fim Formu\" enctype=\"multipart\/form-data\" novalidate=\"novalidate\" data-status=\"init\">\n<fieldset class=\"hidden-fields-container\"><input type=\"hidden\" name=\"_wpcf7\" value=\"30550\" \/><input type=\"hidden\" name=\"_wpcf7_version\" value=\"6.1.5\" \/><input type=\"hidden\" name=\"_wpcf7_locale\" value=\"\" \/><input type=\"hidden\" name=\"_wpcf7_unit_tag\" value=\"wpcf7-f30550-o1\" \/><input type=\"hidden\" name=\"_wpcf7_container_post\" value=\"0\" \/><input type=\"hidden\" name=\"_wpcf7_posted_data_hash\" value=\"\" \/>\n<\/fieldset>\n<div class=\"wpcf7-turnstile cf-turnstile\" data-sitekey=\"0x4AAAAAACukb0Iun98WFoO1\" data-response-field-name=\"_wpcf7_turnstile_response\"><\/div>\n\n<div id=\"contact-msg\" class=\"clearfix\">\n\t<div class=\"form-row\">\n\t\t<div class=\"column-half\">\n\t\t\t<p><span class=\"wpcf7-form-control-wrap\" data-name=\"your-name\"><input size=\"40\" maxlength=\"400\" class=\"wpcf7-form-control wpcf7-text wpcf7-validates-as-required\" aria-required=\"true\" aria-invalid=\"false\" placeholder=\"Name\" value=\"\" type=\"text\" name=\"your-name\" \/><\/span>\n\t\t\t<\/p>\n\t\t<\/div>\n\t\t<div class=\"column-half\">\n\t\t\t<p><span class=\"wpcf7-form-control-wrap\" data-name=\"your-lastname\"><input size=\"40\" maxlength=\"400\" class=\"wpcf7-form-control wpcf7-text wpcf7-validates-as-required\" aria-required=\"true\" aria-invalid=\"false\" placeholder=\"Lastname\" value=\"\" type=\"text\" name=\"your-lastname\" \/><\/span>\n\t\t\t<\/p>\n\t\t<\/div>\n\t<\/div>\n\t<div class=\"form-row\">\n\t\t<div class=\"column-half\">\n\t\t\t<p><span class=\"wpcf7-form-control-wrap\" data-name=\"email\"><input size=\"40\" maxlength=\"400\" class=\"wpcf7-form-control wpcf7-email wpcf7-validates-as-required wpcf7-text wpcf7-validates-as-email\" aria-required=\"true\" aria-invalid=\"false\" placeholder=\"Email**\" value=\"\" type=\"email\" name=\"email\" \/><\/span>\n\t\t\t<\/p>\n\t\t<\/div>\n\t\t<div class=\"column-half\">\n\t\t\t<p><span class=\"wpcf7-form-control-wrap intl_tel-278\"><input class=\"wpcf7-form-control wpcf7-intl_tel wpcf7-validates-as-required wpcf7-intl-tel\" aria-required=\"true\" aria-invalid=\"false\" placeholder=\"Phone\" value=\"\" type=\"tel\" name=\"intl_tel-278-cf7it-national\" \/><input name=\"intl_tel-278\" type=\"hidden\" class=\"wpcf7-intl-tel-full\" \/><input type=\"hidden\" name=\"intl_tel-278-cf7it-country-name\" class=\"wpcf7-intl-tel-country-name\" \/><input type=\"hidden\" name=\"intl_tel-278-cf7it-country-code\" class=\"wpcf7-intl-tel-country-code\" \/><input type=\"hidden\" name=\"intl_tel-278-cf7it-country-iso2\" class=\"wpcf7-intl-tel-country-iso2\" \/><\/span>\n\t\t\t<\/p>\n\t\t<\/div>\n\t<\/div>\n\t<div class=\"form-row\">\n\t\t<div class=\"column-full\">\n\t\t\t<p><span class=\"wpcf7-form-control-wrap\" data-name=\"textarea-342\"><textarea cols=\"40\" rows=\"10\" maxlength=\"2000\" class=\"wpcf7-form-control wpcf7-textarea wpcf7-validates-as-required\" aria-required=\"true\" aria-invalid=\"false\" placeholder=\"Message\" name=\"textarea-342\"><\/textarea><\/span>\n\t\t\t<\/p>\n\t\t<\/div>\n\t<\/div>\n\t<div class=\"form-row\">\n\t\t<div class=\"column-full\">\n\t\t\t<p><span class=\"wpcf7-form-control-wrap\" data-name=\"file-412\"><input size=\"40\" class=\"wpcf7-form-control wpcf7-file wpcf7-validates-as-required\" accept=\".doc,.pdf\" aria-required=\"true\" aria-invalid=\"false\" type=\"file\" name=\"file-412\" \/><\/span>\n\t\t\t<\/p>\n\t\t<\/div>\n\t<\/div>\n\t<div class=\"form-row\">\n\t\t<div class=\"column-full btn-send\">\n\t\t\t<p><input class=\"wpcf7-form-control wpcf7-submit has-spinner\" type=\"submit\" value=\"Send\" \/>\n\t\t\t<\/p>\n\t\t<\/div>\n\t<\/div>\n<\/div><div class=\"wpcf7-response-output\" aria-hidden=\"true\"><\/div>\n<\/form>\n<\/div>\n<\/div>\n\t\t\t\t\t\t<\/div>\n\t\t\t\t<\/div>\n\t\t\t\t<\/div>\n\t\t\t\t<\/div>\n\t\t\t\t<\/div>\n\t\t\t\t<\/div>\n\t\t","protected":false},"excerpt":{"rendered":"<p>B\u0130Z\u0130MLE \u00c7ALI\u015eIN B\u0130Z\u0130MLE \u00c7ALI\u015eIN ANA SAYFA &gt; B\u0130Z\u0130MLE \u00c7ALI\u015eIN EV SAH\u0130B\u0130 OLMAK \u0130\u00c7\u0130N BA\u015eVUR \u0130rlanda&#8217;da ev sahibi aile olun ELI i\u00e7in ev sahibi aile olma konusundaki ilginiz i\u00e7in te\u015fekk\u00fcr ederiz. Ev sahibi aileler \u00f6\u011frencilerimiz i\u00e7in hayati \u00f6nem ta\u015f\u0131yan bir hizmet sunar ve var\u0131\u015flar\u0131ndan sonraki haftalarda ve genellikle kal\u0131\u015f s\u00fcreleri boyunca evlerinden uzakta bir ho\u015f geldin [&hellip;]<\/p>\n","protected":false},"author":19,"featured_media":75523,"parent":0,"menu_order":0,"comment_status":"closed","ping_status":"closed","template":"elementor_header_footer","meta":{"footnotes":""},"class_list":["post-57481","page","type-page","status-publish","has-post-thumbnail","hentry"],"_links":{"self":[{"href":"https:\/\/elischools.com\/tr\/wp-json\/wp\/v2\/pages\/57481","targetHints":{"allow":["GET"]}}],"collection":[{"href":"https:\/\/elischools.com\/tr\/wp-json\/wp\/v2\/pages"}],"about":[{"href":"https:\/\/elischools.com\/tr\/wp-json\/wp\/v2\/types\/page"}],"author":[{"embeddable":true,"href":"https:\/\/elischools.com\/tr\/wp-json\/wp\/v2\/users\/19"}],"replies":[{"embeddable":true,"href":"https:\/\/elischools.com\/tr\/wp-json\/wp\/v2\/comments?post=57481"}],"version-history":[{"count":0,"href":"https:\/\/elischools.com\/tr\/wp-json\/wp\/v2\/pages\/57481\/revisions"}],"wp:featuredmedia":[{"embeddable":true,"href":"https:\/\/elischools.com\/tr\/wp-json\/wp\/v2\/media\/75523"}],"wp:attachment":[{"href":"https:\/\/elischools.com\/tr\/wp-json\/wp\/v2\/media?parent=57481"}],"curies":[{"name":"wp","href":"https:\/\/api.w.org\/{rel}","templated":true}]}}