{"id":57468,"date":"2024-02-07T17:35:07","date_gmt":"2024-02-07T22:35:07","guid":{"rendered":"https:\/\/elischools.com\/irlandayi-deneyimleyin\/"},"modified":"2024-11-26T15:36:28","modified_gmt":"2024-11-26T20:36:28","slug":"irlanda-deneyimi-brosuru","status":"publish","type":"page","link":"https:\/\/elischools.com\/tr\/brosurler\/irlanda-deneyimi-brosuru\/","title":{"rendered":"\u0130rlanda&#8217;y\u0131 deneyimleyin"},"content":{"rendered":"\t\t<div data-elementor-type=\"wp-page\" data-elementor-id=\"57468\" class=\"elementor elementor-57468 elementor-41609\" data-elementor-post-type=\"page\">\n\t\t\t\t<div class=\"elementor-element elementor-element-1f70c733 e-flex e-con-boxed e-con e-parent\" data-id=\"1f70c733\" data-element_type=\"container\" data-e-type=\"container\">\n\t\t\t\t\t<div class=\"e-con-inner\">\n\t\t\t\t<div class=\"elementor-element elementor-element-5617b3a5 elementor-widget elementor-widget-heading\" data-id=\"5617b3a5\" data-element_type=\"widget\" data-e-type=\"widget\" data-widget_type=\"heading.default\">\n\t\t\t\t<div class=\"elementor-widget-container\">\n\t\t\t\t\t<h1 class=\"elementor-heading-title elementor-size-default\">HER \u015eEY HAZIR\n<\/h1>\t\t\t\t<\/div>\n\t\t\t\t<\/div>\n\t\t\t\t<div class=\"elementor-element elementor-element-26f6e718 elementor-widget elementor-widget-text-editor\" data-id=\"26f6e718\" data-element_type=\"widget\" data-e-type=\"widget\" data-widget_type=\"text-editor.default\">\n\t\t\t\t<div class=\"elementor-widget-container\">\n\t\t\t\t\t\t\t\t\t<p>Bro\u015f\u00fcr\u00fcm\u00fcz e-postan\u0131za ula\u015facak, b\u00f6ylece istedi\u011finiz zaman eri\u015fim sa\u011flayabileceksiniz. Bu arada, buradan &#8220;\u0130rlanda Deneyimi&#8221; bro\u015f\u00fcr\u00fcne eri\u015fim sa\u011flayabilirsiniz.<\/p>\t\t\t\t\t\t\t\t<\/div>\n\t\t\t\t<\/div>\n\t\t\t\t<div class=\"elementor-element elementor-element-413eff07 elementor-widget elementor-widget-heading\" data-id=\"413eff07\" data-element_type=\"widget\" data-e-type=\"widget\" data-widget_type=\"heading.default\">\n\t\t\t\t<div class=\"elementor-widget-container\">\n\t\t\t\t\t<h2 class=\"elementor-heading-title elementor-size-default\">\u0130RLANDA DENEY\u0130M\u0130\n<\/h2>\t\t\t\t<\/div>\n\t\t\t\t<\/div>\n\t\t\t\t<div class=\"elementor-element elementor-element-409e4888 elementor-widget elementor-widget-shortcode\" data-id=\"409e4888\" data-element_type=\"widget\" data-e-type=\"widget\" data-widget_type=\"shortcode.default\">\n\t\t\t\t<div class=\"elementor-widget-container\">\n\t\t\t\t\t\t\t<div class=\"elementor-shortcode\"><div class=\"_df_book df-container df-loading \"  data-slug=\"2024-english-courses\" data-_slug=\"2024-english-courses\" _slug=\"2024-english-courses\" data-title=\"2024-english-courses\" id=\"df_41595\" data-df-option=\"df_option_41595\" ><\/div><script class=\"df-shortcode-script\" nowprocket type=\"application\/javascript\">window.df_option_41595 = {\"source\":\"https:\\\/\\\/elischools.com\\\/\\\/wp-content\\\/uploads\\\/2023\\\/08\\\/2024-Experience-Ireland-Brochure_Comprimir.pdf\",\"outline\":[],\"autoEnableOutline\":false,\"autoEnableThumbnail\":false,\"overwritePDFOutline\":false,\"pageSize\":\"0\",\"direction\":\"1\",\"slug\":\"2024-english-courses\",\"wpOptions\":\"true\",\"id\":41595}; if(window.DFLIP && window.DFLIP.parseBooks){window.DFLIP.parseBooks();}<\/script><\/div>\n\t\t\t\t\t\t<\/div>\n\t\t\t\t<\/div>\n\t\t\t\t\t<\/div>\n\t\t\t\t<\/div>\n\t\t<div class=\"elementor-element elementor-element-523526f7 e-flex e-con-boxed e-con e-parent\" data-id=\"523526f7\" data-element_type=\"container\" data-e-type=\"container\">\n\t\t\t\t\t<div class=\"e-con-inner\">\n\t\t<div class=\"elementor-element elementor-element-55f76c2b e-flex e-con-boxed e-con e-child\" data-id=\"55f76c2b\" data-element_type=\"container\" data-e-type=\"container\" data-settings=\"{&quot;background_background&quot;:&quot;classic&quot;}\">\n\t\t\t\t\t<div class=\"e-con-inner\">\n\t\t<div class=\"elementor-element elementor-element-37870c5f e-con-full e-flex e-con e-child\" data-id=\"37870c5f\" data-element_type=\"container\" data-e-type=\"container\">\n\t\t\t\t<div class=\"elementor-element elementor-element-4388540f elementor-widget elementor-widget-heading\" data-id=\"4388540f\" data-element_type=\"widget\" data-e-type=\"widget\" data-widget_type=\"heading.default\">\n\t\t\t\t<div class=\"elementor-widget-container\">\n\t\t\t\t\t<h4 class=\"elementor-heading-title elementor-size-default\">SONRAK\u0130 ADIM NED\u0130R?<\/h4>\t\t\t\t<\/div>\n\t\t\t\t<\/div>\n\t\t\t\t<div class=\"elementor-element elementor-element-790ea8e6 elementor-widget elementor-widget-heading\" data-id=\"790ea8e6\" data-element_type=\"widget\" data-e-type=\"widget\" data-widget_type=\"heading.default\">\n\t\t\t\t<div class=\"elementor-widget-container\">\n\t\t\t\t\t<span class=\"elementor-heading-title elementor-size-default\">\u0130ngilizce s\u0131nav\u0131n\u0131z\u0131 al\u0131n ve bug\u00fcn kendinizi test edin!\n<\/span>\t\t\t\t<\/div>\n\t\t\t\t<\/div>\n\t\t\t\t<\/div>\n\t\t<div class=\"elementor-element elementor-element-416c49c7 e-flex e-con-boxed e-con e-child\" data-id=\"416c49c7\" data-element_type=\"container\" data-e-type=\"container\">\n\t\t\t\t\t<div class=\"e-con-inner\">\n\t\t\t\t<div class=\"elementor-element elementor-element-3663c3d6 elementor-align-center elementor-widget elementor-widget-button\" data-id=\"3663c3d6\" data-element_type=\"widget\" data-e-type=\"widget\" data-widget_type=\"button.default\">\n\t\t\t\t<div class=\"elementor-widget-container\">\n\t\t\t\t\t\t\t\t\t<div class=\"elementor-button-wrapper\">\n\t\t\t\t\t<a class=\"elementor-button elementor-button-link elementor-size-sm\" href=\"https:\/\/elischools.com\/tr\/ingilizce-seviye-testi\/\">\n\t\t\t\t\t\t<span class=\"elementor-button-content-wrapper\">\n\t\t\t\t\t\t\t\t\t<span class=\"elementor-button-text\">\u00dcCRETS\u0130ZD\u0130R, HERHANG\u0130 B\u0130R MAL\u0130YET YOK!<\/span>\n\t\t\t\t\t<\/span>\n\t\t\t\t\t<\/a>\n\t\t\t\t<\/div>\n\t\t\t\t\t\t\t\t<\/div>\n\t\t\t\t<\/div>\n\t\t\t\t\t<\/div>\n\t\t\t\t<\/div>\n\t\t\t\t\t<\/div>\n\t\t\t\t<\/div>\n\t\t\t\t\t<\/div>\n\t\t\t\t<\/div>\n\t\t<div class=\"elementor-element elementor-element-8143dd1 e-flex e-con-boxed e-con e-parent\" data-id=\"8143dd1\" data-element_type=\"container\" data-e-type=\"container\">\n\t\t\t\t\t<div class=\"e-con-inner\">\n\t\t\t\t<div class=\"elementor-element elementor-element-b157ee8 elementor-widget elementor-widget-spacer\" data-id=\"b157ee8\" data-element_type=\"widget\" data-e-type=\"widget\" data-widget_type=\"spacer.default\">\n\t\t\t\t<div class=\"elementor-widget-container\">\n\t\t\t\t\t\t\t<div class=\"elementor-spacer\">\n\t\t\t<div class=\"elementor-spacer-inner\"><\/div>\n\t\t<\/div>\n\t\t\t\t\t\t<\/div>\n\t\t\t\t<\/div>\n\t\t\t\t\t<\/div>\n\t\t\t\t<\/div>\n\t\t\t\t<\/div>\n\t\t","protected":false},"excerpt":{"rendered":"<p>HER \u015eEY HAZIR Bro\u015f\u00fcr\u00fcm\u00fcz e-postan\u0131za ula\u015facak, b\u00f6ylece istedi\u011finiz zaman eri\u015fim sa\u011flayabileceksiniz. Bu arada, buradan &#8220;\u0130rlanda Deneyimi&#8221; bro\u015f\u00fcr\u00fcne eri\u015fim sa\u011flayabilirsiniz. \u0130RLANDA DENEY\u0130M\u0130 SONRAK\u0130 ADIM NED\u0130R? \u0130ngilizce s\u0131nav\u0131n\u0131z\u0131 al\u0131n ve bug\u00fcn kendinizi test edin! \u00dcCRETS\u0130ZD\u0130R, HERHANG\u0130 B\u0130R MAL\u0130YET YOK!<\/p>\n","protected":false},"author":19,"featured_media":0,"parent":62463,"menu_order":0,"comment_status":"closed","ping_status":"closed","template":"elementor_header_footer","meta":{"footnotes":""},"class_list":["post-57468","page","type-page","status-publish","hentry"],"_links":{"self":[{"href":"https:\/\/elischools.com\/tr\/wp-json\/wp\/v2\/pages\/57468","targetHints":{"allow":["GET"]}}],"collection":[{"href":"https:\/\/elischools.com\/tr\/wp-json\/wp\/v2\/pages"}],"about":[{"href":"https:\/\/elischools.com\/tr\/wp-json\/wp\/v2\/types\/page"}],"author":[{"embeddable":true,"href":"https:\/\/elischools.com\/tr\/wp-json\/wp\/v2\/users\/19"}],"replies":[{"embeddable":true,"href":"https:\/\/elischools.com\/tr\/wp-json\/wp\/v2\/comments?post=57468"}],"version-history":[{"count":0,"href":"https:\/\/elischools.com\/tr\/wp-json\/wp\/v2\/pages\/57468\/revisions"}],"up":[{"embeddable":true,"href":"https:\/\/elischools.com\/tr\/wp-json\/wp\/v2\/pages\/62463"}],"wp:attachment":[{"href":"https:\/\/elischools.com\/tr\/wp-json\/wp\/v2\/media?parent=57468"}],"curies":[{"name":"wp","href":"https:\/\/api.w.org\/{rel}","templated":true}]}}