{"id":67616,"date":"2024-04-05T12:19:12","date_gmt":"2024-04-05T17:19:12","guid":{"rendered":"https:\/\/elischools.com\/brosuri\/tabara-de-vara-pentru-juniori\/"},"modified":"2025-08-29T11:51:45","modified_gmt":"2025-08-29T16:51:45","slug":"tabara-de-vara-pentru-juniori","status":"publish","type":"page","link":"https:\/\/elischools.com\/ro\/brosuri\/tabara-de-vara-pentru-juniori\/","title":{"rendered":"Tab\u0103ra de var\u0103 pentru juniori"},"content":{"rendered":"\t\t<div data-elementor-type=\"wp-page\" data-elementor-id=\"67616\" class=\"elementor elementor-67616 elementor-62470\" data-elementor-post-type=\"page\">\n\t\t\t\t<div class=\"elementor-element elementor-element-3eeec481 e-flex e-con-boxed e-con e-parent\" data-id=\"3eeec481\" data-element_type=\"container\" data-e-type=\"container\">\n\t\t\t\t\t<div class=\"e-con-inner\">\n\t\t\t\t<div class=\"elementor-element elementor-element-64d4baf6 elementor-widget elementor-widget-heading\" data-id=\"64d4baf6\" data-element_type=\"widget\" data-e-type=\"widget\" data-widget_type=\"heading.default\">\n\t\t\t\t<div class=\"elementor-widget-container\">\n\t\t\t\t\t<h1 class=\"elementor-heading-title elementor-size-default\">TOTUL ESTE GATA<\/h1>\t\t\t\t<\/div>\n\t\t\t\t<\/div>\n\t\t\t\t<div class=\"elementor-element elementor-element-475095d6 elementor-widget elementor-widget-text-editor\" data-id=\"475095d6\" data-element_type=\"widget\" data-e-type=\"widget\" data-widget_type=\"text-editor.default\">\n\t\t\t\t<div class=\"elementor-widget-container\">\n\t\t\t\t\t\t\t\t\t<p>Bro\u0219ura noastr\u0103 va ajunge \u00een e-mailul dvs., astfel \u00eenc\u00e2t s\u0103 ave\u021bi acces \u00een orice moment. \u00centre timp, aici ve\u021bi avea acces la bor\u0219ura \u201eTab\u0103ra de var\u0103\u201d.<\/p>\n\t\t\t\t\t\t\t\t<\/div>\n\t\t\t\t<\/div>\n\t\t\t\t<div class=\"elementor-element elementor-element-57768b23 elementor-widget elementor-widget-heading\" data-id=\"57768b23\" data-element_type=\"widget\" data-e-type=\"widget\" data-widget_type=\"heading.default\">\n\t\t\t\t<div class=\"elementor-widget-container\">\n\t\t\t\t\t<h2 class=\"elementor-heading-title elementor-size-default\">TAB\u0102R\u0102 DE VAR\u0102<\/h2>\t\t\t\t<\/div>\n\t\t\t\t<\/div>\n\t\t\t\t<div class=\"elementor-element elementor-element-57a416e8 elementor-widget elementor-widget-shortcode\" data-id=\"57a416e8\" data-element_type=\"widget\" data-e-type=\"widget\" data-widget_type=\"shortcode.default\">\n\t\t\t\t<div class=\"elementor-widget-container\">\n\t\t\t\t\t\t\t<div class=\"elementor-shortcode\"><div class=\"_df_book df-container df-loading \"  data-slug=\"brochure-summer-camp-2\" data-_slug=\"brochure-summer-camp-2\" _slug=\"brochure-summer-camp-2\" data-title=\"brochure-summer-camp\" id=\"df_85537\" data-df-option=\"df_option_85537\" ><\/div><script class=\"df-shortcode-script\" nowprocket type=\"application\/javascript\">window.df_option_85537 = {\"source\":\"https:\\\/\\\/elischools.com\\\/wp-content\\\/uploads\\\/2024\\\/11\\\/Brochure-Summer-Camp-B2C-English-V2.pdf\",\"outline\":[],\"overwritePDFOutline\":false,\"pageSize\":\"0\",\"slug\":\"brochure-summer-camp-2\",\"wpOptions\":\"true\",\"id\":85537}; if(window.DFLIP && window.DFLIP.parseBooks){window.DFLIP.parseBooks();}<\/script><\/div>\n\t\t\t\t\t\t<\/div>\n\t\t\t\t<\/div>\n\t\t\t\t\t<\/div>\n\t\t\t\t<\/div>\n\t\t<div class=\"elementor-element elementor-element-164ec9ac e-flex e-con-boxed e-con e-parent\" data-id=\"164ec9ac\" data-element_type=\"container\" data-e-type=\"container\">\n\t\t\t\t\t<div class=\"e-con-inner\">\n\t\t<div class=\"elementor-element elementor-element-5f91c272 e-flex e-con-boxed e-con e-child\" data-id=\"5f91c272\" data-element_type=\"container\" data-e-type=\"container\" data-settings=\"{&quot;background_background&quot;:&quot;classic&quot;}\">\n\t\t\t\t\t<div class=\"e-con-inner\">\n\t\t<div class=\"elementor-element elementor-element-3d175b61 e-con-full e-flex e-con e-child\" data-id=\"3d175b61\" data-element_type=\"container\" data-e-type=\"container\">\n\t\t\t\t<div class=\"elementor-element elementor-element-71ee15bd elementor-widget elementor-widget-heading\" data-id=\"71ee15bd\" data-element_type=\"widget\" data-e-type=\"widget\" data-widget_type=\"heading.default\">\n\t\t\t\t<div class=\"elementor-widget-container\">\n\t\t\t\t\t<h4 class=\"elementor-heading-title elementor-size-default\">CARE ESTE URM\u0102TORUL PAS?<\/h4>\t\t\t\t<\/div>\n\t\t\t\t<\/div>\n\t\t\t\t<div class=\"elementor-element elementor-element-5d5897bf elementor-widget elementor-widget-heading\" data-id=\"5d5897bf\" data-element_type=\"widget\" data-e-type=\"widget\" data-widget_type=\"heading.default\">\n\t\t\t\t<div class=\"elementor-widget-container\">\n\t\t\t\t\t<span class=\"elementor-heading-title elementor-size-default\">Sus\u021bine-\u021bi examenul de limba englez\u0103 \u0219i testeaz\u0103-te ast\u0103zi!<\/span>\t\t\t\t<\/div>\n\t\t\t\t<\/div>\n\t\t\t\t<\/div>\n\t\t<div class=\"elementor-element elementor-element-64f21460 e-flex e-con-boxed e-con e-child\" data-id=\"64f21460\" data-element_type=\"container\" data-e-type=\"container\">\n\t\t\t\t\t<div class=\"e-con-inner\">\n\t\t\t\t<div class=\"elementor-element elementor-element-65d77442 elementor-align-center elementor-widget elementor-widget-button\" data-id=\"65d77442\" data-element_type=\"widget\" data-e-type=\"widget\" data-widget_type=\"button.default\">\n\t\t\t\t<div class=\"elementor-widget-container\">\n\t\t\t\t\t\t\t\t\t<div class=\"elementor-button-wrapper\">\n\t\t\t\t\t<a class=\"elementor-button elementor-button-link elementor-size-sm\" href=\"https:\/\/elischools.com\/ro\/test-de-nivel-de-engleza\/\">\n\t\t\t\t\t\t<span class=\"elementor-button-content-wrapper\">\n\t\t\t\t\t\t\t\t\t<span class=\"elementor-button-text\">F\u0102R\u0102 COSTURI, ESTE GRATUIT!<\/span>\n\t\t\t\t\t<\/span>\n\t\t\t\t\t<\/a>\n\t\t\t\t<\/div>\n\t\t\t\t\t\t\t\t<\/div>\n\t\t\t\t<\/div>\n\t\t\t\t\t<\/div>\n\t\t\t\t<\/div>\n\t\t\t\t\t<\/div>\n\t\t\t\t<\/div>\n\t\t\t\t\t<\/div>\n\t\t\t\t<\/div>\n\t\t<div class=\"elementor-element elementor-element-bd5fb1d e-flex e-con-boxed e-con e-parent\" data-id=\"bd5fb1d\" data-element_type=\"container\" data-e-type=\"container\">\n\t\t\t\t\t<div class=\"e-con-inner\">\n\t\t\t\t<div class=\"elementor-element elementor-element-380b5e5c elementor-widget elementor-widget-spacer\" data-id=\"380b5e5c\" data-element_type=\"widget\" data-e-type=\"widget\" data-widget_type=\"spacer.default\">\n\t\t\t\t<div class=\"elementor-widget-container\">\n\t\t\t\t\t\t\t<div class=\"elementor-spacer\">\n\t\t\t<div class=\"elementor-spacer-inner\"><\/div>\n\t\t<\/div>\n\t\t\t\t\t\t<\/div>\n\t\t\t\t<\/div>\n\t\t\t\t\t<\/div>\n\t\t\t\t<\/div>\n\t\t\t\t<\/div>\n\t\t","protected":false},"excerpt":{"rendered":"<p>TOTUL ESTE GATA Bro\u0219ura noastr\u0103 va ajunge \u00een e-mailul dvs., astfel \u00eenc\u00e2t s\u0103 ave\u021bi acces \u00een orice moment. \u00centre timp, aici ve\u021bi avea acces la bor\u0219ura \u201eTab\u0103ra de var\u0103\u201d. TAB\u0102R\u0102 DE VAR\u0102 CARE ESTE URM\u0102TORUL PAS? Sus\u021bine-\u021bi examenul de limba englez\u0103 \u0219i testeaz\u0103-te ast\u0103zi! F\u0102R\u0102 COSTURI, ESTE GRATUIT!<\/p>\n","protected":false},"author":19,"featured_media":81390,"parent":62461,"menu_order":0,"comment_status":"closed","ping_status":"closed","template":"elementor_header_footer","meta":{"footnotes":""},"class_list":["post-67616","page","type-page","status-publish","has-post-thumbnail","hentry"],"_links":{"self":[{"href":"https:\/\/elischools.com\/ro\/wp-json\/wp\/v2\/pages\/67616","targetHints":{"allow":["GET"]}}],"collection":[{"href":"https:\/\/elischools.com\/ro\/wp-json\/wp\/v2\/pages"}],"about":[{"href":"https:\/\/elischools.com\/ro\/wp-json\/wp\/v2\/types\/page"}],"author":[{"embeddable":true,"href":"https:\/\/elischools.com\/ro\/wp-json\/wp\/v2\/users\/19"}],"replies":[{"embeddable":true,"href":"https:\/\/elischools.com\/ro\/wp-json\/wp\/v2\/comments?post=67616"}],"version-history":[{"count":0,"href":"https:\/\/elischools.com\/ro\/wp-json\/wp\/v2\/pages\/67616\/revisions"}],"up":[{"embeddable":true,"href":"https:\/\/elischools.com\/ro\/wp-json\/wp\/v2\/pages\/62461"}],"wp:featuredmedia":[{"embeddable":true,"href":"https:\/\/elischools.com\/ro\/wp-json\/wp\/v2\/media\/81390"}],"wp:attachment":[{"href":"https:\/\/elischools.com\/ro\/wp-json\/wp\/v2\/media?parent=67616"}],"curies":[{"name":"wp","href":"https:\/\/api.w.org\/{rel}","templated":true}]}}