{"id":62461,"date":"2024-03-04T12:45:10","date_gmt":"2024-03-04T17:45:10","guid":{"rendered":"https:\/\/elischools.com\/brosuri\/"},"modified":"2024-03-04T12:45:15","modified_gmt":"2024-03-04T17:45:15","slug":"brosuri","status":"publish","type":"page","link":"https:\/\/elischools.com\/ro\/brosuri\/","title":{"rendered":"Bro\u0219uri"},"content":{"rendered":"\t\t<div data-elementor-type=\"wp-page\" data-elementor-id=\"62461\" class=\"elementor elementor-62461 elementor-41610\" data-elementor-post-type=\"page\">\n\t\t\t\t<div class=\"elementor-element elementor-element-b0ee642 e-flex e-con-boxed e-con e-parent\" data-id=\"b0ee642\" data-element_type=\"container\" data-e-type=\"container\">\n\t\t\t\t\t<div class=\"e-con-inner\">\n\t\t<div class=\"elementor-element elementor-element-2f6de50 elementor-hidden-mobile e-flex e-con-boxed e-con e-child\" data-id=\"2f6de50\" data-element_type=\"container\" data-e-type=\"container\">\n\t\t\t\t\t<div class=\"e-con-inner\">\n\t\t\t\t\t<\/div>\n\t\t\t\t<\/div>\n\t\t<div class=\"elementor-element elementor-element-d25709d e-flex e-con-boxed e-con e-child\" data-id=\"d25709d\" data-element_type=\"container\" data-e-type=\"container\">\n\t\t\t\t\t<div class=\"e-con-inner\">\n\t\t\t\t<div class=\"elementor-element elementor-element-d2f0ab5 elementor-widget elementor-widget-image\" data-id=\"d2f0ab5\" data-element_type=\"widget\" data-e-type=\"widget\" data-widget_type=\"image.default\">\n\t\t\t\t<div class=\"elementor-widget-container\">\n\t\t\t\t\t\t\t\t\t\t\t\t\t\t\t<img decoding=\"async\" src=\"https:\/\/elischools.com\/wp-content\/uploads\/2023\/11\/Recurso-34-2x.png\" title=\"Recurso 34-2x\" alt=\"Recurso 34-2x\" loading=\"lazy\" \/>\t\t\t\t\t\t\t\t\t\t\t\t\t\t\t<\/div>\n\t\t\t\t<\/div>\n\t\t\t\t\t<\/div>\n\t\t\t\t<\/div>\n\t\t<div class=\"elementor-element elementor-element-40d52fa e-flex e-con-boxed e-con e-child\" data-id=\"40d52fa\" data-element_type=\"container\" data-e-type=\"container\">\n\t\t\t\t\t<div class=\"e-con-inner\">\n\t\t\t\t<div class=\"elementor-element elementor-element-01996e5 elementor-widget elementor-widget-heading\" data-id=\"01996e5\" data-element_type=\"widget\" data-e-type=\"widget\" data-widget_type=\"heading.default\">\n\t\t\t\t<div class=\"elementor-widget-container\">\n\t\t\t\t\t<span class=\"elementor-heading-title elementor-size-default\">+353 1 55 98 717<\/span>\t\t\t\t<\/div>\n\t\t\t\t<\/div>\n\t\t\t\t\t<\/div>\n\t\t\t\t<\/div>\n\t\t\t\t\t<\/div>\n\t\t\t\t<\/div>\n\t\t<div class=\"elementor-element elementor-element-f289e56 e-con-full e-flex e-con e-parent\" data-id=\"f289e56\" data-element_type=\"container\" data-e-type=\"container\" data-settings=\"{&quot;background_background&quot;:&quot;classic&quot;}\">\n\t\t<div class=\"elementor-element elementor-element-90c6b9d e-flex e-con-boxed e-con e-child\" data-id=\"90c6b9d\" data-element_type=\"container\" data-e-type=\"container\">\n\t\t\t\t\t<div class=\"e-con-inner\">\n\t\t\t\t<div class=\"elementor-element elementor-element-93700cf elementor-view-default elementor-widget elementor-widget-icon\" data-id=\"93700cf\" data-element_type=\"widget\" data-e-type=\"widget\" data-widget_type=\"icon.default\">\n\t\t\t\t<div class=\"elementor-widget-container\">\n\t\t\t\t\t\t\t<div class=\"elementor-icon-wrapper\">\n\t\t\t<div class=\"elementor-icon\">\n\t\t\t<svg aria-hidden=\"true\" class=\"e-font-icon-svg e-fas-download\" viewBox=\"0 0 512 512\" xmlns=\"http:\/\/www.w3.org\/2000\/svg\"><path d=\"M216 0h80c13.3 0 24 10.7 24 24v168h87.7c17.8 0 26.7 21.5 14.1 34.1L269.7 378.3c-7.5 7.5-19.8 7.5-27.3 0L90.1 226.1c-12.6-12.6-3.7-34.1 14.1-34.1H192V24c0-13.3 10.7-24 24-24zm296 376v112c0 13.3-10.7 24-24 24H24c-13.3 0-24-10.7-24-24V376c0-13.3 10.7-24 24-24h146.7l49 49c20.1 20.1 52.5 20.1 72.6 0l49-49H488c13.3 0 24 10.7 24 24zm-124 88c0-11-9-20-20-20s-20 9-20 20 9 20 20 20 20-9 20-20zm64 0c0-11-9-20-20-20s-20 9-20 20 9 20 20 20 20-9 20-20z\"><\/path><\/svg>\t\t\t<\/div>\n\t\t<\/div>\n\t\t\t\t\t\t<\/div>\n\t\t\t\t<\/div>\n\t\t\t\t<div class=\"elementor-element elementor-element-be8e0eb elementor-widget elementor-widget-heading\" data-id=\"be8e0eb\" data-element_type=\"widget\" data-e-type=\"widget\" data-widget_type=\"heading.default\">\n\t\t\t\t<div class=\"elementor-widget-container\">\n\t\t\t\t\t<h1 class=\"elementor-heading-title elementor-size-default\">C\u0102L\u0102TORIA TA <br> \u00ceNCEPE AICI<\/h1>\t\t\t\t<\/div>\n\t\t\t\t<\/div>\n\t\t\t\t<div class=\"elementor-element elementor-element-ef19eea elementor-widget__width-initial elementor-widget elementor-widget-text-editor\" data-id=\"ef19eea\" data-element_type=\"widget\" data-e-type=\"widget\" data-widget_type=\"text-editor.default\">\n\t\t\t\t<div class=\"elementor-widget-container\">\n\t\t\t\t\t\t\t\t\t<p>C\u0103uta\u021bi s\u0103 v\u0103 \u00eembun\u0103t\u0103\u021bi\u021bi limba englez\u0103 \u0219i s\u0103 g\u0103si\u021bi un loc de munc\u0103 \u00een str\u0103in\u0103tate? Selecta\u021bi \u0219i desc\u0103rca\u021bi oricare dintre bro\u0219urile noastre gratuite ast\u0103zi.<\/p>\n\t\t\t\t\t\t\t\t<\/div>\n\t\t\t\t<\/div>\n\t\t\t\t<div class=\"elementor-element elementor-element-025a4a3 elementor-widget elementor-widget-button\" data-id=\"025a4a3\" data-element_type=\"widget\" data-e-type=\"widget\" data-widget_type=\"button.default\">\n\t\t\t\t<div class=\"elementor-widget-container\">\n\t\t\t\t\t\t\t\t\t<div class=\"elementor-button-wrapper\">\n\t\t\t\t\t<a class=\"elementor-button elementor-button-link elementor-size-sm\" href=\"#\">\n\t\t\t\t\t\t<span class=\"elementor-button-content-wrapper\">\n\t\t\t\t\t\t\t\t\t<span class=\"elementor-button-text\">BRO\u0218URI GRATUITE<\/span>\n\t\t\t\t\t<\/span>\n\t\t\t\t\t<\/a>\n\t\t\t\t<\/div>\n\t\t\t\t\t\t\t\t<\/div>\n\t\t\t\t<\/div>\n\t\t\t\t\t<\/div>\n\t\t\t\t<\/div>\n\t\t\t\t<\/div>\n\t\t<div class=\"elementor-element elementor-element-1ee1558 e-flex e-con-boxed e-con e-parent\" data-id=\"1ee1558\" data-element_type=\"container\" data-e-type=\"container\">\n\t\t\t\t\t<div class=\"e-con-inner\">\n\t\t\t\t<div class=\"elementor-element elementor-element-82493c1 elementor-widget elementor-widget-heading\" data-id=\"82493c1\" data-element_type=\"widget\" data-e-type=\"widget\" data-widget_type=\"heading.default\">\n\t\t\t\t<div class=\"elementor-widget-container\">\n\t\t\t\t\t<h2 class=\"elementor-heading-title elementor-size-default\">SELECTA\u021aI UNA DINTRE BRO\u0218URILE NOASTRE GRATUITE<\/h2>\t\t\t\t<\/div>\n\t\t\t\t<\/div>\n\t\t\t\t<div class=\"elementor-element elementor-element-0d029e4 elementor-widget-divider--view-line elementor-widget elementor-widget-divider\" data-id=\"0d029e4\" data-element_type=\"widget\" data-e-type=\"widget\" data-widget_type=\"divider.default\">\n\t\t\t\t<div class=\"elementor-widget-container\">\n\t\t\t\t\t\t\t<div class=\"elementor-divider\">\n\t\t\t<span class=\"elementor-divider-separator\">\n\t\t\t\t\t\t<\/span>\n\t\t<\/div>\n\t\t\t\t\t\t<\/div>\n\t\t\t\t<\/div>\n\t\t\t\t<div class=\"elementor-element elementor-element-eb0a501 elementor-widget elementor-widget-text-editor\" data-id=\"eb0a501\" data-element_type=\"widget\" data-e-type=\"widget\" data-widget_type=\"text-editor.default\">\n\t\t\t\t<div class=\"elementor-widget-container\">\n\t\t\t\t\t\t\t\t\t<p>Arunc\u0103 o privire la bro\u0219ura noastr\u0103 gratuit\u0103 \u0219i descoper\u0103 de ce ELI Schools este cea mai bun\u0103 op\u021biune pentru a studia \u0219i a lucra \u00een Irlanda.<\/p>\n\t\t\t\t\t\t\t\t<\/div>\n\t\t\t\t<\/div>\n\t\t\t\t\t<\/div>\n\t\t\t\t<\/div>\n\t\t<div class=\"elementor-element elementor-element-eef83c8 e-flex e-con-boxed e-con e-parent\" data-id=\"eef83c8\" data-element_type=\"container\" data-e-type=\"container\">\n\t\t\t\t\t<div class=\"e-con-inner\">\n\t\t<div class=\"elementor-element elementor-element-3f678e9 e-flex e-con-boxed e-con e-child\" data-id=\"3f678e9\" data-element_type=\"container\" data-e-type=\"container\">\n\t\t\t\t\t<div class=\"e-con-inner\">\n\t\t\t\t<div class=\"elementor-element elementor-element-40602eb elementor-widget elementor-widget-heading\" data-id=\"40602eb\" data-element_type=\"widget\" data-e-type=\"widget\" data-widget_type=\"heading.default\">\n\t\t\t\t<div class=\"elementor-widget-container\">\n\t\t\t\t\t<h3 class=\"elementor-heading-title elementor-size-default\">EXPERIEN\u021a\u0102 IRLANDA<\/h3>\t\t\t\t<\/div>\n\t\t\t\t<\/div>\n\t\t\t\t<div class=\"elementor-element elementor-element-1e239cc elementor-widget elementor-widget-image\" data-id=\"1e239cc\" data-element_type=\"widget\" data-e-type=\"widget\" data-widget_type=\"image.default\">\n\t\t\t\t<div class=\"elementor-widget-container\">\n\t\t\t\t\t\t\t\t\t\t\t\t\t\t\t<img fetchpriority=\"high\" decoding=\"async\" width=\"760\" height=\"584\" src=\"https:\/\/elischools.com\/wp-content\/uploads\/2023\/11\/eli-schools-english-institute-experience-ireland-brochure-book-2x.png\" class=\"attachment-full size-full wp-image-62449\" alt=\"Experience Ireland\u00a0Program\" srcset=\"https:\/\/elischools.com\/wp-content\/uploads\/2023\/11\/eli-schools-english-institute-experience-ireland-brochure-book-2x.png 760w, https:\/\/elischools.com\/wp-content\/uploads\/2023\/11\/eli-schools-english-institute-experience-ireland-brochure-book-2x-300x231.png 300w\" sizes=\"(max-width: 760px) 100vw, 760px\" \/>\t\t\t\t\t\t\t\t\t\t\t\t\t\t\t<\/div>\n\t\t\t\t<\/div>\n\t\t\t\t<div class=\"elementor-element elementor-element-ecdb3d1 elementor-widget elementor-widget-html\" data-id=\"ecdb3d1\" data-element_type=\"widget\" data-e-type=\"widget\" data-widget_type=\"html.default\">\n\t\t\t\t<div class=\"elementor-widget-container\">\n\t\t\t\t\t<iframe data-w-token=\"e064740e3a6a3b001466\" data-w-type=\"pop-in\" frameborder=\"0\" scrolling=\"yes\" marginheight=\"0\" marginwidth=\"0\" src=\"https:\/\/xjr45.mjt.lu\/wgt\/xjr45\/9il\/form?c=375f2e79\" width=\"100%\" style=\"height: 0;\"><\/iframe>\r\n<iframe data-w-token=\"e064740e3a6a3b001466\" data-w-type=\"trigger\" frameborder=\"0\" scrolling=\"no\" marginheight=\"0\" marginwidth=\"0\" src=\"https:\/\/xjr45.mjt.lu\/wgt\/xjr45\/9il\/trigger?c=1275447f\" width=\"100%\" style=\"height: 0;\"><\/iframe>\r\n\r\n<script type=\"text\/javascript\" src=\"https:\/\/app.mailjet.com\/pas-nc-pop-in-v1.js\"><\/script>\t\t\t\t<\/div>\n\t\t\t\t<\/div>\n\t\t\t\t<div class=\"elementor-element elementor-element-c60565d elementor-widget-divider--view-line elementor-widget elementor-widget-divider\" data-id=\"c60565d\" data-element_type=\"widget\" data-e-type=\"widget\" data-widget_type=\"divider.default\">\n\t\t\t\t<div class=\"elementor-widget-container\">\n\t\t\t\t\t\t\t<div class=\"elementor-divider\">\n\t\t\t<span class=\"elementor-divider-separator\">\n\t\t\t\t\t\t<\/span>\n\t\t<\/div>\n\t\t\t\t\t\t<\/div>\n\t\t\t\t<\/div>\n\t\t\t\t\t<\/div>\n\t\t\t\t<\/div>\n\t\t<div class=\"elementor-element elementor-element-243fc90 e-flex e-con-boxed e-con e-child\" data-id=\"243fc90\" data-element_type=\"container\" data-e-type=\"container\">\n\t\t\t\t\t<div class=\"e-con-inner\">\n\t\t\t\t<div class=\"elementor-element elementor-element-20ed11b elementor-widget elementor-widget-heading\" data-id=\"20ed11b\" data-element_type=\"widget\" data-e-type=\"widget\" data-widget_type=\"heading.default\">\n\t\t\t\t<div class=\"elementor-widget-container\">\n\t\t\t\t\t<h3 class=\"elementor-heading-title elementor-size-default\">VARA ENGLEZ\u0102<\/h3>\t\t\t\t<\/div>\n\t\t\t\t<\/div>\n\t\t\t\t<div class=\"elementor-element elementor-element-9af8033 elementor-widget elementor-widget-image\" data-id=\"9af8033\" data-element_type=\"widget\" data-e-type=\"widget\" data-widget_type=\"image.default\">\n\t\t\t\t<div class=\"elementor-widget-container\">\n\t\t\t\t\t\t\t\t\t\t\t\t\t\t\t<img decoding=\"async\" width=\"760\" height=\"584\" src=\"https:\/\/elischools.com\/wp-content\/uploads\/2023\/11\/eli-schools-english-institute-english-summer-brochure-book-2x.png\" class=\"attachment-full size-full wp-image-62446\" alt=\"\" srcset=\"https:\/\/elischools.com\/wp-content\/uploads\/2023\/11\/eli-schools-english-institute-english-summer-brochure-book-2x.png 760w, https:\/\/elischools.com\/wp-content\/uploads\/2023\/11\/eli-schools-english-institute-english-summer-brochure-book-2x-300x231.png 300w\" sizes=\"(max-width: 760px) 100vw, 760px\" \/>\t\t\t\t\t\t\t\t\t\t\t\t\t\t\t<\/div>\n\t\t\t\t<\/div>\n\t\t\t\t<div class=\"elementor-element elementor-element-a660783 elementor-align-center elementor-widget elementor-widget-button\" data-id=\"a660783\" data-element_type=\"widget\" data-e-type=\"widget\" data-widget_type=\"button.default\">\n\t\t\t\t<div class=\"elementor-widget-container\">\n\t\t\t\t\t\t\t\t\t<div class=\"elementor-button-wrapper\">\n\t\t\t\t\t<a class=\"elementor-button elementor-button-link elementor-size-sm\" href=\"https:\/\/elischools.com\/brochures\/english-summer\/\">\n\t\t\t\t\t\t<span class=\"elementor-button-content-wrapper\">\n\t\t\t\t\t\t\t\t\t<span class=\"elementor-button-text\">PRIMI\u021aI BRO\u0218UR\u0102<\/span>\n\t\t\t\t\t<\/span>\n\t\t\t\t\t<\/a>\n\t\t\t\t<\/div>\n\t\t\t\t\t\t\t\t<\/div>\n\t\t\t\t<\/div>\n\t\t\t\t<div class=\"elementor-element elementor-element-15009c5 elementor-widget-divider--view-line elementor-widget elementor-widget-divider\" data-id=\"15009c5\" data-element_type=\"widget\" data-e-type=\"widget\" data-widget_type=\"divider.default\">\n\t\t\t\t<div class=\"elementor-widget-container\">\n\t\t\t\t\t\t\t<div class=\"elementor-divider\">\n\t\t\t<span class=\"elementor-divider-separator\">\n\t\t\t\t\t\t<\/span>\n\t\t<\/div>\n\t\t\t\t\t\t<\/div>\n\t\t\t\t<\/div>\n\t\t\t\t\t<\/div>\n\t\t\t\t<\/div>\n\t\t\t\t\t<\/div>\n\t\t\t\t<\/div>\n\t\t<div class=\"elementor-element elementor-element-5744d1f7 e-flex e-con-boxed e-con e-parent\" data-id=\"5744d1f7\" data-element_type=\"container\" data-e-type=\"container\" data-settings=\"{&quot;background_background&quot;:&quot;classic&quot;}\">\n\t\t\t\t\t<div class=\"e-con-inner\">\n\t\t<div class=\"elementor-element elementor-element-3ba61117 e-flex e-con-boxed e-con e-child\" data-id=\"3ba61117\" data-element_type=\"container\" data-e-type=\"container\">\n\t\t\t\t\t<div class=\"e-con-inner\">\n\t\t\t\t<div class=\"elementor-element elementor-element-3118ef1d elementor-widget elementor-widget-heading\" data-id=\"3118ef1d\" data-element_type=\"widget\" data-e-type=\"widget\" data-widget_type=\"heading.default\">\n\t\t\t\t<div class=\"elementor-widget-container\">\n\t\t\t\t\t<h2 class=\"elementor-heading-title elementor-size-default\">LT Education Abroad Limited N\u00ba 605302<\/h2>\t\t\t\t<\/div>\n\t\t\t\t<\/div>\n\t\t\t\t\t<\/div>\n\t\t\t\t<\/div>\n\t\t\t\t<div class=\"elementor-element elementor-element-12c57502 elementor-widget-divider--view-line elementor-widget elementor-widget-divider\" data-id=\"12c57502\" data-element_type=\"widget\" data-e-type=\"widget\" data-widget_type=\"divider.default\">\n\t\t\t\t<div class=\"elementor-widget-container\">\n\t\t\t\t\t\t\t<div class=\"elementor-divider\">\n\t\t\t<span class=\"elementor-divider-separator\">\n\t\t\t\t\t\t<\/span>\n\t\t<\/div>\n\t\t\t\t\t\t<\/div>\n\t\t\t\t<\/div>\n\t\t<div class=\"elementor-element elementor-element-218aa385 e-flex e-con-boxed e-con e-child\" data-id=\"218aa385\" data-element_type=\"container\" data-e-type=\"container\">\n\t\t\t\t\t<div class=\"e-con-inner\">\n\t\t\t\t<div class=\"elementor-element elementor-element-3f7f384c elementor-widget elementor-widget-heading\" data-id=\"3f7f384c\" data-element_type=\"widget\" data-e-type=\"widget\" data-widget_type=\"heading.default\">\n\t\t\t\t<div class=\"elementor-widget-container\">\n\t\t\t\t\t<h2 class=\"elementor-heading-title elementor-size-default\"><a href=\"https:\/\/elischools.com\/privacy-policy\/\">Politica de confiden\u021bialitate<\/a><\/h2>\t\t\t\t<\/div>\n\t\t\t\t<\/div>\n\t\t\t\t<div class=\"elementor-element elementor-element-9d29762 elementor-widget elementor-widget-heading\" data-id=\"9d29762\" data-element_type=\"widget\" data-e-type=\"widget\" data-widget_type=\"heading.default\">\n\t\t\t\t<div class=\"elementor-widget-container\">\n\t\t\t\t\t<h2 class=\"elementor-heading-title elementor-size-default\"><a href=\"https:\/\/elischools.com\/\/wp-content\/uploads\/2023\/11\/ELI-Schools-Terms-and-Conditions-Adult-Programs.pdf\" target=\"_blank\">Termeni si conditii<\/a><\/h2>\t\t\t\t<\/div>\n\t\t\t\t<\/div>\n\t\t\t\t<div class=\"elementor-element elementor-element-e79a8d9 elementor-widget elementor-widget-heading\" data-id=\"e79a8d9\" data-element_type=\"widget\" data-e-type=\"widget\" data-widget_type=\"heading.default\">\n\t\t\t\t<div class=\"elementor-widget-container\">\n\t\t\t\t\t<h2 class=\"elementor-heading-title elementor-size-default\"><a href=\"https:\/\/elischools.com\/policies\/\">Politica studen\u021bilor<\/a><\/h2>\t\t\t\t<\/div>\n\t\t\t\t<\/div>\n\t\t\t\t\t<\/div>\n\t\t\t\t<\/div>\n\t\t\t\t\t<\/div>\n\t\t\t\t<\/div>\n\t\t\t\t<\/div>\n\t\t","protected":false},"excerpt":{"rendered":"<p>+353 1 55 98 717 C\u0102L\u0102TORIA TA \u00ceNCEPE AICI C\u0103uta\u021bi s\u0103 v\u0103 \u00eembun\u0103t\u0103\u021bi\u021bi limba englez\u0103 \u0219i s\u0103 g\u0103si\u021bi un loc de munc\u0103 \u00een str\u0103in\u0103tate? Selecta\u021bi \u0219i desc\u0103rca\u021bi oricare dintre bro\u0219urile noastre gratuite ast\u0103zi. BRO\u0218URI GRATUITE SELECTA\u021aI UNA DINTRE BRO\u0218URILE NOASTRE GRATUITE Arunc\u0103 o privire la bro\u0219ura noastr\u0103 gratuit\u0103 \u0219i descoper\u0103 de ce ELI Schools este [&hellip;]<\/p>\n","protected":false},"author":19,"featured_media":0,"parent":0,"menu_order":0,"comment_status":"closed","ping_status":"closed","template":"elementor_canvas","meta":{"footnotes":""},"class_list":["post-62461","page","type-page","status-publish","hentry"],"_links":{"self":[{"href":"https:\/\/elischools.com\/ro\/wp-json\/wp\/v2\/pages\/62461","targetHints":{"allow":["GET"]}}],"collection":[{"href":"https:\/\/elischools.com\/ro\/wp-json\/wp\/v2\/pages"}],"about":[{"href":"https:\/\/elischools.com\/ro\/wp-json\/wp\/v2\/types\/page"}],"author":[{"embeddable":true,"href":"https:\/\/elischools.com\/ro\/wp-json\/wp\/v2\/users\/19"}],"replies":[{"embeddable":true,"href":"https:\/\/elischools.com\/ro\/wp-json\/wp\/v2\/comments?post=62461"}],"version-history":[{"count":0,"href":"https:\/\/elischools.com\/ro\/wp-json\/wp\/v2\/pages\/62461\/revisions"}],"wp:attachment":[{"href":"https:\/\/elischools.com\/ro\/wp-json\/wp\/v2\/media?parent=62461"}],"curies":[{"name":"wp","href":"https:\/\/api.w.org\/{rel}","templated":true}]}}