{"id":57431,"date":"2024-02-07T13:26:16","date_gmt":"2024-02-07T18:26:16","guid":{"rendered":"https:\/\/elischools.com\/lucrati-cu-noi\/"},"modified":"2024-11-27T14:15:46","modified_gmt":"2024-11-27T19:15:46","slug":"lucrati-cu-noi","status":"publish","type":"page","link":"https:\/\/elischools.com\/ro\/lucrati-cu-noi\/","title":{"rendered":"Lucra\u021bi cu noi"},"content":{"rendered":"\t\t<div data-elementor-type=\"wp-page\" data-elementor-id=\"57431\" class=\"elementor elementor-57431 elementor-44803\" data-elementor-post-type=\"page\">\n\t\t\t\t<div class=\"elementor-element elementor-element-34046d7 e-con-full elementor-hidden-mobile top-banner-desktop e-flex e-con e-parent\" data-id=\"34046d7\" data-element_type=\"container\" data-e-type=\"container\" data-settings=\"{&quot;background_background&quot;:&quot;classic&quot;}\">\n\t\t<div class=\"elementor-element elementor-element-b50fce0 e-flex e-con-boxed e-con e-child\" data-id=\"b50fce0\" data-element_type=\"container\" data-e-type=\"container\">\n\t\t\t\t\t<div class=\"e-con-inner\">\n\t\t\t\t<div class=\"elementor-element elementor-element-5ef127f elementor-widget elementor-widget-heading\" data-id=\"5ef127f\" data-element_type=\"widget\" data-e-type=\"widget\" data-widget_type=\"heading.default\">\n\t\t\t\t<div class=\"elementor-widget-container\">\n\t\t\t\t\t<h1 class=\"elementor-heading-title elementor-size-default\">LUCR\u0102\u021aI CU NOI<\/h1>\t\t\t\t<\/div>\n\t\t\t\t<\/div>\n\t\t\t\t\t<\/div>\n\t\t\t\t<\/div>\n\t\t\t\t<\/div>\n\t\t<div class=\"elementor-element elementor-element-9225069 e-con-full elementor-hidden-desktop elementor-hidden-tablet e-flex e-con e-parent\" data-id=\"9225069\" data-element_type=\"container\" data-e-type=\"container\">\n\t\t\t\t<div class=\"elementor-element elementor-element-ae984b9 elementor-widget elementor-widget-image\" data-id=\"ae984b9\" data-element_type=\"widget\" data-e-type=\"widget\" data-widget_type=\"image.default\">\n\t\t\t\t<div class=\"elementor-widget-container\">\n\t\t\t\t\t\t\t\t\t\t\t\t\t\t\t<img fetchpriority=\"high\" decoding=\"async\" width=\"640\" height=\"800\" src=\"https:\/\/elischools.com\/wp-content\/uploads\/2024\/10\/eli-schools-english-institute-in-ireland-work-with-us-top-mobile.webp\" class=\"attachment-full size-full wp-image-82103\" alt=\"eli-schools-english-institute-in-ireland-work-with-us-top-mobile\" srcset=\"https:\/\/elischools.com\/wp-content\/uploads\/2024\/10\/eli-schools-english-institute-in-ireland-work-with-us-top-mobile.webp 640w, https:\/\/elischools.com\/wp-content\/uploads\/2024\/10\/eli-schools-english-institute-in-ireland-work-with-us-top-mobile-240x300.webp 240w\" sizes=\"(max-width: 640px) 100vw, 640px\" \/>\t\t\t\t\t\t\t\t\t\t\t\t\t\t\t<\/div>\n\t\t\t\t<\/div>\n\t\t<div class=\"elementor-element elementor-element-388adf0 e-con-full e-flex e-con e-child\" data-id=\"388adf0\" data-element_type=\"container\" data-e-type=\"container\" data-settings=\"{&quot;position&quot;:&quot;absolute&quot;}\">\n\t\t\t\t<div class=\"elementor-element elementor-element-13ebff9 elementor-widget elementor-widget-heading\" data-id=\"13ebff9\" data-element_type=\"widget\" data-e-type=\"widget\" data-widget_type=\"heading.default\">\n\t\t\t\t<div class=\"elementor-widget-container\">\n\t\t\t\t\t<h2 class=\"elementor-heading-title elementor-size-default\">LUCR\u0102\u021aI CU NOI<\/h2>\t\t\t\t<\/div>\n\t\t\t\t<\/div>\n\t\t\t\t<\/div>\n\t\t\t\t<\/div>\n\t\t<div class=\"elementor-element elementor-element-d3fc69a e-flex e-con-boxed e-con e-parent\" data-id=\"d3fc69a\" data-element_type=\"container\" data-e-type=\"container\">\n\t\t\t\t\t<div class=\"e-con-inner\">\n\t\t\t\t<div class=\"elementor-element elementor-element-a55075d elementor-widget elementor-widget-heading\" data-id=\"a55075d\" data-element_type=\"widget\" data-e-type=\"widget\" data-widget_type=\"heading.default\">\n\t\t\t\t<div class=\"elementor-widget-container\">\n\t\t\t\t\t<span class=\"elementor-heading-title elementor-size-default\"><a href=\"https:\/\/elischools.com\/ro\/\">ACASA &gt;<\/a><\/span>\t\t\t\t<\/div>\n\t\t\t\t<\/div>\n\t\t\t\t<div class=\"elementor-element elementor-element-e6a753a elementor-widget elementor-widget-heading\" data-id=\"e6a753a\" data-element_type=\"widget\" data-e-type=\"widget\" data-widget_type=\"heading.default\">\n\t\t\t\t<div class=\"elementor-widget-container\">\n\t\t\t\t\t<h2 class=\"elementor-heading-title elementor-size-default\">LUCR\u0102\u021aI CU NOI<\/h2>\t\t\t\t<\/div>\n\t\t\t\t<\/div>\n\t\t\t\t\t<\/div>\n\t\t\t\t<\/div>\n\t\t<div class=\"elementor-element elementor-element-beea14a e-con-full e-flex e-con e-parent\" data-id=\"beea14a\" data-element_type=\"container\" data-e-type=\"container\">\n\t\t<div class=\"elementor-element elementor-element-cddbab9 e-con-full apply-to-host e-flex e-con e-child\" data-id=\"cddbab9\" data-element_type=\"container\" data-e-type=\"container\" data-settings=\"{&quot;background_background&quot;:&quot;classic&quot;}\">\n\t\t\t\t<div class=\"elementor-element elementor-element-630f4c4 elementor-widget elementor-widget-heading\" data-id=\"630f4c4\" data-element_type=\"widget\" data-e-type=\"widget\" data-widget_type=\"heading.default\">\n\t\t\t\t<div class=\"elementor-widget-container\">\n\t\t\t\t\t<h2 class=\"elementor-heading-title elementor-size-default\">APLICA LA GAZDA<\/h2>\t\t\t\t<\/div>\n\t\t\t\t<\/div>\n\t\t\t\t<div class=\"elementor-element elementor-element-6419bcf elementor-widget-divider--view-line elementor-widget elementor-widget-divider\" data-id=\"6419bcf\" data-element_type=\"widget\" data-e-type=\"widget\" data-widget_type=\"divider.default\">\n\t\t\t\t<div class=\"elementor-widget-container\">\n\t\t\t\t\t\t\t<div class=\"elementor-divider\">\n\t\t\t<span class=\"elementor-divider-separator\">\n\t\t\t\t\t\t<\/span>\n\t\t<\/div>\n\t\t\t\t\t\t<\/div>\n\t\t\t\t<\/div>\n\t\t\t\t<div class=\"elementor-element elementor-element-8f7644c elementor-widget elementor-widget-heading\" data-id=\"8f7644c\" data-element_type=\"widget\" data-e-type=\"widget\" data-widget_type=\"heading.default\">\n\t\t\t\t<div class=\"elementor-widget-container\">\n\t\t\t\t\t<h2 class=\"elementor-heading-title elementor-size-default\">Deveni\u021bi o familie gazd\u0103 \u00een Irlanda<\/h2>\t\t\t\t<\/div>\n\t\t\t\t<\/div>\n\t\t\t\t<div class=\"elementor-element elementor-element-bbc5252 elementor-widget elementor-widget-heading\" data-id=\"bbc5252\" data-element_type=\"widget\" data-e-type=\"widget\" data-widget_type=\"heading.default\">\n\t\t\t\t<div class=\"elementor-widget-container\">\n\t\t\t\t\t<p class=\"elementor-heading-title elementor-size-default\">V\u0103 mul\u021bumim pentru interesul dumneavoastr\u0103 de a deveni o familie gazd\u0103 pentru ELI. Familiile gazd\u0103 ofer\u0103 un serviciu crucial pentru studen\u021bii no\u0219tri \u0219i un bun venit acas\u0103 de acas\u0103 \u00een s\u0103pt\u0103m\u00e2nile de la sosire \u0219i adesea pe durata \u0219ederii lor. Dorim s\u0103 dezvolt\u0103m rela\u021bii profesionale puternice cu gazdele noastre, bazate pe \u00eencredere, respect \u0219i onestitate.<\/p>\t\t\t\t<\/div>\n\t\t\t\t<\/div>\n\t\t\t\t<div class=\"elementor-element elementor-element-5ac1b9f elementor-widget elementor-widget-heading\" data-id=\"5ac1b9f\" data-element_type=\"widget\" data-e-type=\"widget\" data-widget_type=\"heading.default\">\n\t\t\t\t<div class=\"elementor-widget-container\">\n\t\t\t\t\t<p class=\"elementor-heading-title elementor-size-default\">Primirea unui student interna\u021bional \u00een casa ta poate fi o experien\u021b\u0103 plin\u0103 de satisfac\u021bii pentru \u00eentreaga familie. Studen\u021bii no\u0219tri sunt dornici s\u0103 cunoasc\u0103 irlandezi \u0219i s\u0103 \u00eenve\u021be despre cultura noastr\u0103 \u0219i s\u0103 \u00eemp\u0103rt\u0103\u0219easc\u0103 pove\u0219tile lor. G\u0103zduirea studen\u021bilor interna\u021bionali nu este doar o modalitate excelent\u0103 de a c\u00e2\u0219tiga bani \u00een plus din dormitoarele nefolosite, este \u0219i o oportunitate excelent\u0103 de a cunoa\u0219te oameni noi \u0219i de a oferi o cas\u0103 binevenit\u0103 tinerilor studen\u021bi interna\u021bionali care viziteaz\u0103 \u021bara noastr\u0103.<\/p>\t\t\t\t<\/div>\n\t\t\t\t<\/div>\n\t\t\t\t<div class=\"elementor-element elementor-element-2556bb4 elementor-align-center elementor-mobile-align-center elementor-widget elementor-widget-button\" data-id=\"2556bb4\" data-element_type=\"widget\" data-e-type=\"widget\" data-widget_type=\"button.default\">\n\t\t\t\t<div class=\"elementor-widget-container\">\n\t\t\t\t\t\t\t\t\t<div class=\"elementor-button-wrapper\">\n\t\t\t\t\t<a class=\"elementor-button elementor-button-link elementor-size-xs\" href=\"https:\/\/admin.elischools.com\/contacts\" target=\"_blank\">\n\t\t\t\t\t\t<span class=\"elementor-button-content-wrapper\">\n\t\t\t\t\t\t\t\t\t<span class=\"elementor-button-text\">APLIC\u0102 PENTRU A DEVENI O FAMILIE GAZD\u0102<\/span>\n\t\t\t\t\t<\/span>\n\t\t\t\t\t<\/a>\n\t\t\t\t<\/div>\n\t\t\t\t\t\t\t\t<\/div>\n\t\t\t\t<\/div>\n\t\t\t\t<\/div>\n\t\t<div class=\"elementor-element elementor-element-0e259f6 e-con-full train-to-teach e-flex e-con e-child\" data-id=\"0e259f6\" data-element_type=\"container\" data-e-type=\"container\" data-settings=\"{&quot;background_background&quot;:&quot;classic&quot;}\">\n\t\t\t\t<div class=\"elementor-element elementor-element-2157580 elementor-widget elementor-widget-heading\" data-id=\"2157580\" data-element_type=\"widget\" data-e-type=\"widget\" data-widget_type=\"heading.default\">\n\t\t\t\t<div class=\"elementor-widget-container\">\n\t\t\t\t\t<h2 class=\"elementor-heading-title elementor-size-default\">ANTREN\u0102-TE PENTRU A PREDA<\/h2>\t\t\t\t<\/div>\n\t\t\t\t<\/div>\n\t\t\t\t<div class=\"elementor-element elementor-element-1dfd8de elementor-widget-divider--view-line elementor-widget elementor-widget-divider\" data-id=\"1dfd8de\" data-element_type=\"widget\" data-e-type=\"widget\" data-widget_type=\"divider.default\">\n\t\t\t\t<div class=\"elementor-widget-container\">\n\t\t\t\t\t\t\t<div class=\"elementor-divider\">\n\t\t\t<span class=\"elementor-divider-separator\">\n\t\t\t\t\t\t<\/span>\n\t\t<\/div>\n\t\t\t\t\t\t<\/div>\n\t\t\t\t<\/div>\n\t\t\t\t<div class=\"elementor-element elementor-element-d0de6af elementor-widget elementor-widget-heading\" data-id=\"d0de6af\" data-element_type=\"widget\" data-e-type=\"widget\" data-widget_type=\"heading.default\">\n\t\t\t\t<div class=\"elementor-widget-container\">\n\t\t\t\t\t<p class=\"elementor-heading-title elementor-size-default\">E\u0219ti interesat s\u0103 devii profesor de limba englez\u0103 pentru a preda studen\u021bilor interna\u021bionali \u00een Irlanda sau nu numai? E\u0219ti \u00een c\u0103utarea unei cariere interesante, cu oportunit\u0103\u021bi puternice de angajare \u00een Irlanda \u0219i \u00een str\u0103in\u0103tate?<\/p>\t\t\t\t<\/div>\n\t\t\t\t<\/div>\n\t\t\t\t<div class=\"elementor-element elementor-element-32b47e7 elementor-widget elementor-widget-heading\" data-id=\"32b47e7\" data-element_type=\"widget\" data-e-type=\"widget\" data-widget_type=\"heading.default\">\n\t\t\t\t<div class=\"elementor-widget-container\">\n\t\t\t\t\t<p class=\"elementor-heading-title elementor-size-default\">Dac\u0103 ave\u021bi o personalitate plin\u0103 de ie\u0219ire \u0219i \u00eencrederea de a vorbi \u00een fa\u021ba unei clase, predarea limbii engleze studen\u021bilor interna\u021bionali ofer\u0103 o carier\u0103 interesant\u0103 \u0219i plin\u0103 de satisfac\u021bii.<\/p>\t\t\t\t<\/div>\n\t\t\t\t<\/div>\n\t\t\t\t<div class=\"elementor-element elementor-element-702c0ce elementor-align-center elementor-mobile-align-center elementor-widget elementor-widget-button\" data-id=\"702c0ce\" data-element_type=\"widget\" data-e-type=\"widget\" data-widget_type=\"button.default\">\n\t\t\t\t<div class=\"elementor-widget-container\">\n\t\t\t\t\t\t\t\t\t<div class=\"elementor-button-wrapper\">\n\t\t\t\t\t<a class=\"elementor-button elementor-button-link elementor-size-xs\" href=\"#elementor-action%3Aaction%3Dpopup%3Aopen%26settings%3DeyJpZCI6NDc5NTIsInRvZ2dsZSI6ZmFsc2V9\">\n\t\t\t\t\t\t<span class=\"elementor-button-content-wrapper\">\n\t\t\t\t\t\t\t\t\t<span class=\"elementor-button-text\">ANTREN\u0102-TE PENTRU A PREDA<\/span>\n\t\t\t\t\t<\/span>\n\t\t\t\t\t<\/a>\n\t\t\t\t<\/div>\n\t\t\t\t\t\t\t\t<\/div>\n\t\t\t\t<\/div>\n\t\t\t\t<\/div>\n\t\t\t\t<\/div>\n\t\t<div class=\"elementor-element elementor-element-6a88a78 e-con-full elementor-hidden-desktop elementor-hidden-tablet elementor-hidden-mobile e-flex e-con e-parent\" data-id=\"6a88a78\" data-element_type=\"container\" data-e-type=\"container\" id=\"contact-container\" data-settings=\"{&quot;background_background&quot;:&quot;classic&quot;}\">\n\t\t<div class=\"elementor-element elementor-element-232d329 e-con-full e-flex e-con e-child\" data-id=\"232d329\" data-element_type=\"container\" data-e-type=\"container\" id=\"Apply-Form\" data-settings=\"{&quot;background_background&quot;:&quot;classic&quot;}\">\n\t\t<div class=\"elementor-element elementor-element-24928e8 e-con-full e-flex e-con e-child\" data-id=\"24928e8\" data-element_type=\"container\" data-e-type=\"container\" data-settings=\"{&quot;background_background&quot;:&quot;classic&quot;}\">\n\t\t\t\t<\/div>\n\t\t<div class=\"elementor-element elementor-element-203c364 e-con-full e-flex e-con e-child\" data-id=\"203c364\" data-element_type=\"container\" data-e-type=\"container\">\n\t\t\t\t<div class=\"elementor-element elementor-element-adb3d9f elementor-widget elementor-widget-heading\" data-id=\"adb3d9f\" data-element_type=\"widget\" data-e-type=\"widget\" data-widget_type=\"heading.default\">\n\t\t\t\t<div class=\"elementor-widget-container\">\n\t\t\t\t\t<h2 class=\"elementor-heading-title elementor-size-default\">Contacta\u0163i-ne<\/h2>\t\t\t\t<\/div>\n\t\t\t\t<\/div>\n\t\t\t\t<div class=\"elementor-element elementor-element-55512c6 elementor-widget elementor-widget-text-editor\" data-id=\"55512c6\" data-element_type=\"widget\" data-e-type=\"widget\" data-widget_type=\"text-editor.default\">\n\t\t\t\t<div class=\"elementor-widget-container\">\n\t\t\t\t\t\t\t\t\t<p>Pentru a aplica, v\u0103 rug\u0103m s\u0103 trimite\u021bi un CV actualizat \u0219i<br \/>\nscrisoare de inten\u021bie c\u0103tre <a href=\"mailto:workwithus@elischools.com\">workwithus@elischools.com<\/a><\/p>\n\t\t\t\t\t\t\t\t<\/div>\n\t\t\t\t<\/div>\n\t\t\t\t<div class=\"elementor-element elementor-element-2d4ca89 elementor-widget elementor-widget-shortcode\" data-id=\"2d4ca89\" data-element_type=\"widget\" data-e-type=\"widget\" id=\"contact-msg\" data-widget_type=\"shortcode.default\">\n\t\t\t\t<div class=\"elementor-widget-container\">\n\t\t\t\t\t\t\t<div class=\"elementor-shortcode\">\n<div class=\"wpcf7 no-js\" id=\"wpcf7-f30550-o1\" lang=\"\" dir=\"ltr\" data-wpcf7-id=\"30550\">\n<div class=\"screen-reader-response\"><p role=\"status\" aria-live=\"polite\" aria-atomic=\"true\"><\/p> <ul><\/ul><\/div>\n<form action=\"\/ro\/wp-json\/wp\/v2\/pages\/57431#wpcf7-f30550-o1\" method=\"post\" class=\"wpcf7-form init\" aria-label=\"Formular de contact\" enctype=\"multipart\/form-data\" novalidate=\"novalidate\" data-status=\"init\">\n<fieldset class=\"hidden-fields-container\"><input type=\"hidden\" name=\"_wpcf7\" value=\"30550\" \/><input type=\"hidden\" name=\"_wpcf7_version\" value=\"6.1.5\" \/><input type=\"hidden\" name=\"_wpcf7_locale\" value=\"\" \/><input type=\"hidden\" name=\"_wpcf7_unit_tag\" value=\"wpcf7-f30550-o1\" \/><input type=\"hidden\" name=\"_wpcf7_container_post\" value=\"0\" \/><input type=\"hidden\" name=\"_wpcf7_posted_data_hash\" value=\"\" \/>\n<\/fieldset>\n<div class=\"wpcf7-turnstile cf-turnstile\" data-sitekey=\"0x4AAAAAACukb0Iun98WFoO1\" data-response-field-name=\"_wpcf7_turnstile_response\"><\/div>\n\n<div id=\"contact-msg\" class=\"clearfix\">\n\t<div class=\"form-row\">\n\t\t<div class=\"column-half\">\n\t\t\t<p><span class=\"wpcf7-form-control-wrap\" data-name=\"your-name\"><input size=\"40\" maxlength=\"400\" class=\"wpcf7-form-control wpcf7-text wpcf7-validates-as-required\" aria-required=\"true\" aria-invalid=\"false\" placeholder=\"Name\" value=\"\" type=\"text\" name=\"your-name\" \/><\/span>\n\t\t\t<\/p>\n\t\t<\/div>\n\t\t<div class=\"column-half\">\n\t\t\t<p><span class=\"wpcf7-form-control-wrap\" data-name=\"your-lastname\"><input size=\"40\" maxlength=\"400\" class=\"wpcf7-form-control wpcf7-text wpcf7-validates-as-required\" aria-required=\"true\" aria-invalid=\"false\" placeholder=\"Lastname\" value=\"\" type=\"text\" name=\"your-lastname\" \/><\/span>\n\t\t\t<\/p>\n\t\t<\/div>\n\t<\/div>\n\t<div class=\"form-row\">\n\t\t<div class=\"column-half\">\n\t\t\t<p><span class=\"wpcf7-form-control-wrap\" data-name=\"email\"><input size=\"40\" maxlength=\"400\" class=\"wpcf7-form-control wpcf7-email wpcf7-validates-as-required wpcf7-text wpcf7-validates-as-email\" aria-required=\"true\" aria-invalid=\"false\" placeholder=\"Email**\" value=\"\" type=\"email\" name=\"email\" \/><\/span>\n\t\t\t<\/p>\n\t\t<\/div>\n\t\t<div class=\"column-half\">\n\t\t\t<p><span class=\"wpcf7-form-control-wrap intl_tel-278\"><input class=\"wpcf7-form-control wpcf7-intl_tel wpcf7-validates-as-required wpcf7-intl-tel\" aria-required=\"true\" aria-invalid=\"false\" placeholder=\"Phone\" value=\"\" type=\"tel\" name=\"intl_tel-278-cf7it-national\" \/><input name=\"intl_tel-278\" type=\"hidden\" class=\"wpcf7-intl-tel-full\" \/><input type=\"hidden\" name=\"intl_tel-278-cf7it-country-name\" class=\"wpcf7-intl-tel-country-name\" \/><input type=\"hidden\" name=\"intl_tel-278-cf7it-country-code\" class=\"wpcf7-intl-tel-country-code\" \/><input type=\"hidden\" name=\"intl_tel-278-cf7it-country-iso2\" class=\"wpcf7-intl-tel-country-iso2\" \/><\/span>\n\t\t\t<\/p>\n\t\t<\/div>\n\t<\/div>\n\t<div class=\"form-row\">\n\t\t<div class=\"column-full\">\n\t\t\t<p><span class=\"wpcf7-form-control-wrap\" data-name=\"textarea-342\"><textarea cols=\"40\" rows=\"10\" maxlength=\"2000\" class=\"wpcf7-form-control wpcf7-textarea wpcf7-validates-as-required\" aria-required=\"true\" aria-invalid=\"false\" placeholder=\"Message\" name=\"textarea-342\"><\/textarea><\/span>\n\t\t\t<\/p>\n\t\t<\/div>\n\t<\/div>\n\t<div class=\"form-row\">\n\t\t<div class=\"column-full\">\n\t\t\t<p><span class=\"wpcf7-form-control-wrap\" data-name=\"file-412\"><input size=\"40\" class=\"wpcf7-form-control wpcf7-file wpcf7-validates-as-required\" accept=\".doc,.pdf\" aria-required=\"true\" aria-invalid=\"false\" type=\"file\" name=\"file-412\" \/><\/span>\n\t\t\t<\/p>\n\t\t<\/div>\n\t<\/div>\n\t<div class=\"form-row\">\n\t\t<div class=\"column-full btn-send\">\n\t\t\t<p><input class=\"wpcf7-form-control wpcf7-submit has-spinner\" type=\"submit\" value=\"Send\" \/>\n\t\t\t<\/p>\n\t\t<\/div>\n\t<\/div>\n<\/div><div class=\"wpcf7-response-output\" aria-hidden=\"true\"><\/div>\n<\/form>\n<\/div>\n<\/div>\n\t\t\t\t\t\t<\/div>\n\t\t\t\t<\/div>\n\t\t\t\t<\/div>\n\t\t\t\t<\/div>\n\t\t\t\t<\/div>\n\t\t\t\t<\/div>\n\t\t","protected":false},"excerpt":{"rendered":"<p>LUCR\u0102\u021aI CU NOI LUCR\u0102\u021aI CU NOI ACASA &gt; LUCR\u0102\u021aI CU NOI APLICA LA GAZDA Deveni\u021bi o familie gazd\u0103 \u00een Irlanda V\u0103 mul\u021bumim pentru interesul dumneavoastr\u0103 de a deveni o familie gazd\u0103 pentru ELI. Familiile gazd\u0103 ofer\u0103 un serviciu crucial pentru studen\u021bii no\u0219tri \u0219i un bun venit acas\u0103 de acas\u0103 \u00een s\u0103pt\u0103m\u00e2nile de la sosire \u0219i [&hellip;]<\/p>\n","protected":false},"author":19,"featured_media":75520,"parent":0,"menu_order":0,"comment_status":"closed","ping_status":"closed","template":"elementor_header_footer","meta":{"footnotes":""},"class_list":["post-57431","page","type-page","status-publish","has-post-thumbnail","hentry"],"_links":{"self":[{"href":"https:\/\/elischools.com\/ro\/wp-json\/wp\/v2\/pages\/57431","targetHints":{"allow":["GET"]}}],"collection":[{"href":"https:\/\/elischools.com\/ro\/wp-json\/wp\/v2\/pages"}],"about":[{"href":"https:\/\/elischools.com\/ro\/wp-json\/wp\/v2\/types\/page"}],"author":[{"embeddable":true,"href":"https:\/\/elischools.com\/ro\/wp-json\/wp\/v2\/users\/19"}],"replies":[{"embeddable":true,"href":"https:\/\/elischools.com\/ro\/wp-json\/wp\/v2\/comments?post=57431"}],"version-history":[{"count":0,"href":"https:\/\/elischools.com\/ro\/wp-json\/wp\/v2\/pages\/57431\/revisions"}],"wp:featuredmedia":[{"embeddable":true,"href":"https:\/\/elischools.com\/ro\/wp-json\/wp\/v2\/media\/75520"}],"wp:attachment":[{"href":"https:\/\/elischools.com\/ro\/wp-json\/wp\/v2\/media?parent=57431"}],"curies":[{"name":"wp","href":"https:\/\/api.w.org\/{rel}","templated":true}]}}