{"id":64361,"date":"2024-03-08T15:01:32","date_gmt":"2024-03-08T20:01:32","guid":{"rendered":"https:\/\/elischools.com\/folhetos\/folheto-de-trabalho-e-estudo-2024-europeu\/"},"modified":"2025-09-04T11:22:55","modified_gmt":"2025-09-04T16:22:55","slug":"folheto-de-trabalho-e-estudo-europeu","status":"publish","type":"page","link":"https:\/\/elischools.com\/pt-br\/folhetos\/folheto-de-trabalho-e-estudo-europeu\/","title":{"rendered":"Folheto de Trabalho e Estudo &#8211; Europeu"},"content":{"rendered":"\t\t<div data-elementor-type=\"wp-page\" data-elementor-id=\"64361\" class=\"elementor elementor-64361 elementor-61455\" data-elementor-post-type=\"page\">\n\t\t\t\t<div class=\"elementor-element elementor-element-5dea9ba4 e-flex e-con-boxed e-con e-parent\" data-id=\"5dea9ba4\" data-element_type=\"container\" data-e-type=\"container\">\n\t\t\t\t\t<div class=\"e-con-inner\">\n\t\t\t\t<div class=\"elementor-element elementor-element-d03649c elementor-widget elementor-widget-heading\" data-id=\"d03649c\" data-element_type=\"widget\" data-e-type=\"widget\" data-widget_type=\"heading.default\">\n\t\t\t\t<div class=\"elementor-widget-container\">\n\t\t\t\t\t<h1 class=\"elementor-heading-title elementor-size-default\">EST\u00c1 TUDO PRONTO<\/h1>\t\t\t\t<\/div>\n\t\t\t\t<\/div>\n\t\t\t\t<div class=\"elementor-element elementor-element-22a94a0b elementor-widget elementor-widget-text-editor\" data-id=\"22a94a0b\" data-element_type=\"widget\" data-e-type=\"widget\" data-widget_type=\"text-editor.default\">\n\t\t\t\t<div class=\"elementor-widget-container\">\n\t\t\t\t\t\t\t\t\t<p>Nosso folheto chegar\u00e1 em seu e-mail para que voc\u00ea tenha acesso a qualquer momento. Enquanto isso, aqui voc\u00ea ter\u00e1 acesso \u00e0 brochura \u201cTrabalhar e Estudar na Irlanda\u201d.<\/p>\n\t\t\t\t\t\t\t\t<\/div>\n\t\t\t\t<\/div>\n\t\t\t\t<div class=\"elementor-element elementor-element-1549a171 elementor-widget elementor-widget-heading\" data-id=\"1549a171\" data-element_type=\"widget\" data-e-type=\"widget\" data-widget_type=\"heading.default\">\n\t\t\t\t<div class=\"elementor-widget-container\">\n\t\t\t\t\t<h2 class=\"elementor-heading-title elementor-size-default\">Trabalhar e estudar na Irlanda<\/h2>\t\t\t\t<\/div>\n\t\t\t\t<\/div>\n\t\t\t\t<div class=\"elementor-element elementor-element-1c304b30 elementor-widget elementor-widget-shortcode\" data-id=\"1c304b30\" data-element_type=\"widget\" data-e-type=\"widget\" data-widget_type=\"shortcode.default\">\n\t\t\t\t<div class=\"elementor-widget-container\">\n\t\t\t\t\t\t\t<div class=\"elementor-shortcode\"><div class=\"_df_book df-container df-loading \"  data-slug=\"work-and-study-program-european-portuguese-digital\" data-_slug=\"work-and-study-program-european-portuguese-digital\" _slug=\"work-and-study-program-european-portuguese-digital\" data-title=\"work-and-study-program-european-portuguese\" id=\"df_80614\" data-df-option=\"df_option_80614\" ><\/div><script class=\"df-shortcode-script\" nowprocket type=\"application\/javascript\">window.df_option_80614 = {\"source\":\"https:\\\/\\\/elischools.com\\\/wp-content\\\/uploads\\\/2024\\\/09\\\/Work-and-Study-Program-European-Portuguese-low-2.pdf\",\"outline\":[],\"overwritePDFOutline\":false,\"pageSize\":\"0\",\"slug\":\"work-and-study-program-european-portuguese-digital\",\"wpOptions\":\"true\",\"id\":80614}; if(window.DFLIP && window.DFLIP.parseBooks){window.DFLIP.parseBooks();}<\/script><\/div>\n\t\t\t\t\t\t<\/div>\n\t\t\t\t<\/div>\n\t\t\t\t\t<\/div>\n\t\t\t\t<\/div>\n\t\t<div class=\"elementor-element elementor-element-746c39d5 e-flex e-con-boxed e-con e-parent\" data-id=\"746c39d5\" data-element_type=\"container\" data-e-type=\"container\">\n\t\t\t\t\t<div class=\"e-con-inner\">\n\t\t<div class=\"elementor-element elementor-element-e32054d e-flex e-con-boxed e-con e-child\" data-id=\"e32054d\" data-element_type=\"container\" data-e-type=\"container\" data-settings=\"{&quot;background_background&quot;:&quot;classic&quot;}\">\n\t\t\t\t\t<div class=\"e-con-inner\">\n\t\t<div class=\"elementor-element elementor-element-616ea98b e-con-full e-flex e-con e-child\" data-id=\"616ea98b\" data-element_type=\"container\" data-e-type=\"container\">\n\t\t\t\t<div class=\"elementor-element elementor-element-73d572aa elementor-widget elementor-widget-heading\" data-id=\"73d572aa\" data-element_type=\"widget\" data-e-type=\"widget\" data-widget_type=\"heading.default\">\n\t\t\t\t<div class=\"elementor-widget-container\">\n\t\t\t\t\t<h4 class=\"elementor-heading-title elementor-size-default\">QUAL \u00c9 O PR\u00d3XIMO PASSO?<\/h4>\t\t\t\t<\/div>\n\t\t\t\t<\/div>\n\t\t\t\t<div class=\"elementor-element elementor-element-70c01b3c elementor-widget elementor-widget-heading\" data-id=\"70c01b3c\" data-element_type=\"widget\" data-e-type=\"widget\" data-widget_type=\"heading.default\">\n\t\t\t\t<div class=\"elementor-widget-container\">\n\t\t\t\t\t<span class=\"elementor-heading-title elementor-size-default\">Fa\u00e7a seu exame de ingl\u00eas e teste-se hoje mesmo!<\/span>\t\t\t\t<\/div>\n\t\t\t\t<\/div>\n\t\t\t\t<\/div>\n\t\t<div class=\"elementor-element elementor-element-500e7378 e-flex e-con-boxed e-con e-child\" data-id=\"500e7378\" data-element_type=\"container\" data-e-type=\"container\">\n\t\t\t\t\t<div class=\"e-con-inner\">\n\t\t\t\t<div class=\"elementor-element elementor-element-416f2cb3 elementor-align-center elementor-widget elementor-widget-button\" data-id=\"416f2cb3\" data-element_type=\"widget\" data-e-type=\"widget\" data-widget_type=\"button.default\">\n\t\t\t\t<div class=\"elementor-widget-container\">\n\t\t\t\t\t\t\t\t\t<div class=\"elementor-button-wrapper\">\n\t\t\t\t\t<a class=\"elementor-button elementor-button-link elementor-size-sm\" href=\"https:\/\/elischools.com\/pt-br\/teste-de-nivel-de-ingles\/\">\n\t\t\t\t\t\t<span class=\"elementor-button-content-wrapper\">\n\t\t\t\t\t\t\t\t\t<span class=\"elementor-button-text\">SEM CUSTO, \u00c9 GR\u00c1TIS!<\/span>\n\t\t\t\t\t<\/span>\n\t\t\t\t\t<\/a>\n\t\t\t\t<\/div>\n\t\t\t\t\t\t\t\t<\/div>\n\t\t\t\t<\/div>\n\t\t\t\t\t<\/div>\n\t\t\t\t<\/div>\n\t\t\t\t\t<\/div>\n\t\t\t\t<\/div>\n\t\t\t\t\t<\/div>\n\t\t\t\t<\/div>\n\t\t<div class=\"elementor-element elementor-element-237e934a e-flex e-con-boxed e-con e-parent\" data-id=\"237e934a\" data-element_type=\"container\" data-e-type=\"container\">\n\t\t\t\t\t<div class=\"e-con-inner\">\n\t\t\t\t<div class=\"elementor-element elementor-element-643eb471 elementor-widget elementor-widget-spacer\" data-id=\"643eb471\" data-element_type=\"widget\" data-e-type=\"widget\" data-widget_type=\"spacer.default\">\n\t\t\t\t<div class=\"elementor-widget-container\">\n\t\t\t\t\t\t\t<div class=\"elementor-spacer\">\n\t\t\t<div class=\"elementor-spacer-inner\"><\/div>\n\t\t<\/div>\n\t\t\t\t\t\t<\/div>\n\t\t\t\t<\/div>\n\t\t\t\t\t<\/div>\n\t\t\t\t<\/div>\n\t\t\t\t<\/div>\n\t\t","protected":false},"excerpt":{"rendered":"<p>EST\u00c1 TUDO PRONTO Nosso folheto chegar\u00e1 em seu e-mail para que voc\u00ea tenha acesso a qualquer momento. Enquanto isso, aqui voc\u00ea ter\u00e1 acesso \u00e0 brochura \u201cTrabalhar e Estudar na Irlanda\u201d. Trabalhar e estudar na Irlanda QUAL \u00c9 O PR\u00d3XIMO PASSO? Fa\u00e7a seu exame de ingl\u00eas e teste-se hoje mesmo! SEM CUSTO, \u00c9 GR\u00c1TIS!<\/p>\n","protected":false},"author":19,"featured_media":81389,"parent":62460,"menu_order":0,"comment_status":"closed","ping_status":"closed","template":"elementor_header_footer","meta":{"_angie_page":false,"footnotes":""},"class_list":["post-64361","page","type-page","status-publish","has-post-thumbnail","hentry"],"_links":{"self":[{"href":"https:\/\/elischools.com\/pt-br\/wp-json\/wp\/v2\/pages\/64361","targetHints":{"allow":["GET"]}}],"collection":[{"href":"https:\/\/elischools.com\/pt-br\/wp-json\/wp\/v2\/pages"}],"about":[{"href":"https:\/\/elischools.com\/pt-br\/wp-json\/wp\/v2\/types\/page"}],"author":[{"embeddable":true,"href":"https:\/\/elischools.com\/pt-br\/wp-json\/wp\/v2\/users\/19"}],"replies":[{"embeddable":true,"href":"https:\/\/elischools.com\/pt-br\/wp-json\/wp\/v2\/comments?post=64361"}],"version-history":[{"count":0,"href":"https:\/\/elischools.com\/pt-br\/wp-json\/wp\/v2\/pages\/64361\/revisions"}],"up":[{"embeddable":true,"href":"https:\/\/elischools.com\/pt-br\/wp-json\/wp\/v2\/pages\/62460"}],"wp:featuredmedia":[{"embeddable":true,"href":"https:\/\/elischools.com\/pt-br\/wp-json\/wp\/v2\/media\/81389"}],"wp:attachment":[{"href":"https:\/\/elischools.com\/pt-br\/wp-json\/wp\/v2\/media?parent=64361"}],"curies":[{"name":"wp","href":"https:\/\/api.w.org\/{rel}","templated":true}]}}