{"id":62498,"date":"2024-03-04T14:50:17","date_gmt":"2024-03-04T19:50:17","guid":{"rendered":"https:\/\/elischools.com\/folhetos\/grupos-escolares\/"},"modified":"2025-08-25T15:49:25","modified_gmt":"2025-08-25T20:49:25","slug":"grupos-escolares","status":"publish","type":"page","link":"https:\/\/elischools.com\/pt-br\/folhetos\/grupos-escolares\/","title":{"rendered":"Grupos Escolares"},"content":{"rendered":"\t\t<div data-elementor-type=\"wp-page\" data-elementor-id=\"62498\" class=\"elementor elementor-62498 elementor-62496\" data-elementor-post-type=\"page\">\n\t\t\t\t<div class=\"elementor-element elementor-element-7523ffd7 e-flex e-con-boxed e-con e-parent\" data-id=\"7523ffd7\" data-element_type=\"container\" data-e-type=\"container\">\n\t\t\t\t\t<div class=\"e-con-inner\">\n\t\t\t\t<div class=\"elementor-element elementor-element-2565ddd8 elementor-widget elementor-widget-heading\" data-id=\"2565ddd8\" data-element_type=\"widget\" data-e-type=\"widget\" data-widget_type=\"heading.default\">\n\t\t\t\t<div class=\"elementor-widget-container\">\n\t\t\t\t\t<h1 class=\"elementor-heading-title elementor-size-default\">EST\u00c1 TUDO PRONTO<\/h1>\t\t\t\t<\/div>\n\t\t\t\t<\/div>\n\t\t\t\t<div class=\"elementor-element elementor-element-6dbcea03 elementor-widget elementor-widget-text-editor\" data-id=\"6dbcea03\" data-element_type=\"widget\" data-e-type=\"widget\" data-widget_type=\"text-editor.default\">\n\t\t\t\t<div class=\"elementor-widget-container\">\n\t\t\t\t\t\t\t\t\t<p>Nosso folheto chegar\u00e1 em seu e-mail para que voc\u00ea tenha acesso a qualquer momento. Enquanto isso, aqui voc\u00ea<br \/>ter acesso \u00e0 brochura \u201cGrupos Escolares\u201d.<\/p>\n\t\t\t\t\t\t\t\t<\/div>\n\t\t\t\t<\/div>\n\t\t\t\t<div class=\"elementor-element elementor-element-5efd212e elementor-widget elementor-widget-heading\" data-id=\"5efd212e\" data-element_type=\"widget\" data-e-type=\"widget\" data-widget_type=\"heading.default\">\n\t\t\t\t<div class=\"elementor-widget-container\">\n\t\t\t\t\t<h2 class=\"elementor-heading-title elementor-size-default\">GRUPOS ESCOLARES<\/h2>\t\t\t\t<\/div>\n\t\t\t\t<\/div>\n\t\t\t\t<div class=\"elementor-element elementor-element-2b3986fe elementor-widget elementor-widget-shortcode\" data-id=\"2b3986fe\" data-element_type=\"widget\" data-e-type=\"widget\" data-widget_type=\"shortcode.default\">\n\t\t\t\t<div class=\"elementor-widget-container\">\n\t\t\t\t\t\t\t<div class=\"elementor-shortcode\"><div class=\"_df_book df-container df-loading \"  data-slug=\"brochure-school-groups-2\" data-_slug=\"brochure-school-groups-2\" _slug=\"brochure-school-groups-2\" data-title=\"brochure-school-groups\" id=\"df_83152\" data-df-option=\"df_option_83152\" ><\/div><script class=\"df-shortcode-script\" nowprocket type=\"application\/javascript\">window.df_option_83152 = {\"source\":\"https:\\\/\\\/elischools.com\\\/wp-content\\\/uploads\\\/2024\\\/10\\\/2026-Brochure-School-Groups-B2C-English-V2-1.pdf\",\"outline\":[],\"overwritePDFOutline\":false,\"pageSize\":\"0\",\"slug\":\"brochure-school-groups-2\",\"wpOptions\":\"true\",\"id\":83152}; if(window.DFLIP && window.DFLIP.parseBooks){window.DFLIP.parseBooks();}<\/script><\/div>\n\t\t\t\t\t\t<\/div>\n\t\t\t\t<\/div>\n\t\t\t\t\t<\/div>\n\t\t\t\t<\/div>\n\t\t<div class=\"elementor-element elementor-element-4f85a06d e-flex e-con-boxed e-con e-parent\" data-id=\"4f85a06d\" data-element_type=\"container\" data-e-type=\"container\">\n\t\t\t\t\t<div class=\"e-con-inner\">\n\t\t<div class=\"elementor-element elementor-element-197a6491 e-flex e-con-boxed e-con e-child\" data-id=\"197a6491\" data-element_type=\"container\" data-e-type=\"container\" data-settings=\"{&quot;background_background&quot;:&quot;classic&quot;}\">\n\t\t\t\t\t<div class=\"e-con-inner\">\n\t\t<div class=\"elementor-element elementor-element-dc716bc e-con-full e-flex e-con e-child\" data-id=\"dc716bc\" data-element_type=\"container\" data-e-type=\"container\">\n\t\t\t\t<div class=\"elementor-element elementor-element-56c99c70 elementor-widget elementor-widget-heading\" data-id=\"56c99c70\" data-element_type=\"widget\" data-e-type=\"widget\" data-widget_type=\"heading.default\">\n\t\t\t\t<div class=\"elementor-widget-container\">\n\t\t\t\t\t<h4 class=\"elementor-heading-title elementor-size-default\">QUAL \u00c9 O PR\u00d3XIMO PASSO?<\/h4>\t\t\t\t<\/div>\n\t\t\t\t<\/div>\n\t\t\t\t<div class=\"elementor-element elementor-element-46f2dd6b elementor-widget elementor-widget-heading\" data-id=\"46f2dd6b\" data-element_type=\"widget\" data-e-type=\"widget\" data-widget_type=\"heading.default\">\n\t\t\t\t<div class=\"elementor-widget-container\">\n\t\t\t\t\t<span class=\"elementor-heading-title elementor-size-default\">Fa\u00e7a seu exame de ingl\u00eas e teste-se hoje mesmo!<\/span>\t\t\t\t<\/div>\n\t\t\t\t<\/div>\n\t\t\t\t<\/div>\n\t\t<div class=\"elementor-element elementor-element-7e6b35c2 e-flex e-con-boxed e-con e-child\" data-id=\"7e6b35c2\" data-element_type=\"container\" data-e-type=\"container\">\n\t\t\t\t\t<div class=\"e-con-inner\">\n\t\t\t\t<div class=\"elementor-element elementor-element-3b74b44 elementor-align-center elementor-widget elementor-widget-button\" data-id=\"3b74b44\" data-element_type=\"widget\" data-e-type=\"widget\" data-widget_type=\"button.default\">\n\t\t\t\t<div class=\"elementor-widget-container\">\n\t\t\t\t\t\t\t\t\t<div class=\"elementor-button-wrapper\">\n\t\t\t\t\t<a class=\"elementor-button elementor-button-link elementor-size-sm\" href=\"https:\/\/elischools.com\/pt-br\/teste-de-nivel-de-ingles\/\">\n\t\t\t\t\t\t<span class=\"elementor-button-content-wrapper\">\n\t\t\t\t\t\t\t\t\t<span class=\"elementor-button-text\">SEM CUSTO, \u00c9 GR\u00c1TIS!<\/span>\n\t\t\t\t\t<\/span>\n\t\t\t\t\t<\/a>\n\t\t\t\t<\/div>\n\t\t\t\t\t\t\t\t<\/div>\n\t\t\t\t<\/div>\n\t\t\t\t\t<\/div>\n\t\t\t\t<\/div>\n\t\t\t\t\t<\/div>\n\t\t\t\t<\/div>\n\t\t\t\t\t<\/div>\n\t\t\t\t<\/div>\n\t\t<div class=\"elementor-element elementor-element-4f743ded e-flex e-con-boxed e-con e-parent\" data-id=\"4f743ded\" data-element_type=\"container\" data-e-type=\"container\">\n\t\t\t\t\t<div class=\"e-con-inner\">\n\t\t\t\t<div class=\"elementor-element elementor-element-53bcb4b1 elementor-widget elementor-widget-spacer\" data-id=\"53bcb4b1\" data-element_type=\"widget\" data-e-type=\"widget\" data-widget_type=\"spacer.default\">\n\t\t\t\t<div class=\"elementor-widget-container\">\n\t\t\t\t\t\t\t<div class=\"elementor-spacer\">\n\t\t\t<div class=\"elementor-spacer-inner\"><\/div>\n\t\t<\/div>\n\t\t\t\t\t\t<\/div>\n\t\t\t\t<\/div>\n\t\t\t\t\t<\/div>\n\t\t\t\t<\/div>\n\t\t\t\t<\/div>\n\t\t","protected":false},"excerpt":{"rendered":"<p>EST\u00c1 TUDO PRONTO Nosso folheto chegar\u00e1 em seu e-mail para que voc\u00ea tenha acesso a qualquer momento. Enquanto isso, aqui voc\u00eater acesso \u00e0 brochura \u201cGrupos Escolares\u201d. GRUPOS ESCOLARES QUAL \u00c9 O PR\u00d3XIMO PASSO? Fa\u00e7a seu exame de ingl\u00eas e teste-se hoje mesmo! SEM CUSTO, \u00c9 GR\u00c1TIS!<\/p>\n","protected":false},"author":19,"featured_media":81389,"parent":62460,"menu_order":0,"comment_status":"closed","ping_status":"closed","template":"elementor_header_footer","meta":{"_angie_page":false,"footnotes":""},"class_list":["post-62498","page","type-page","status-publish","has-post-thumbnail","hentry"],"_links":{"self":[{"href":"https:\/\/elischools.com\/pt-br\/wp-json\/wp\/v2\/pages\/62498","targetHints":{"allow":["GET"]}}],"collection":[{"href":"https:\/\/elischools.com\/pt-br\/wp-json\/wp\/v2\/pages"}],"about":[{"href":"https:\/\/elischools.com\/pt-br\/wp-json\/wp\/v2\/types\/page"}],"author":[{"embeddable":true,"href":"https:\/\/elischools.com\/pt-br\/wp-json\/wp\/v2\/users\/19"}],"replies":[{"embeddable":true,"href":"https:\/\/elischools.com\/pt-br\/wp-json\/wp\/v2\/comments?post=62498"}],"version-history":[{"count":0,"href":"https:\/\/elischools.com\/pt-br\/wp-json\/wp\/v2\/pages\/62498\/revisions"}],"up":[{"embeddable":true,"href":"https:\/\/elischools.com\/pt-br\/wp-json\/wp\/v2\/pages\/62460"}],"wp:featuredmedia":[{"embeddable":true,"href":"https:\/\/elischools.com\/pt-br\/wp-json\/wp\/v2\/media\/81389"}],"wp:attachment":[{"href":"https:\/\/elischools.com\/pt-br\/wp-json\/wp\/v2\/media?parent=62498"}],"curies":[{"name":"wp","href":"https:\/\/api.w.org\/{rel}","templated":true}]}}