{"id":5504,"date":"2021-05-11T18:32:18","date_gmt":"2021-05-11T18:32:18","guid":{"rendered":"https:\/\/elischools.com\/?page_id=5504"},"modified":"2021-11-09T14:30:42","modified_gmt":"2021-11-09T14:30:42","slug":"university-pathways-ireland","status":"publish","type":"page","link":"https:\/\/elischools.com\/pt-br\/university-pathways-ireland\/","title":{"rendered":"University Pathways Ireland"},"content":{"rendered":"\t\t<div data-elementor-type=\"wp-page\" data-elementor-id=\"5504\" class=\"elementor elementor-5504 elementor-4669\" data-elementor-post-type=\"page\">\n\t\t\t\t\t\t<section class=\"elementor-section elementor-top-section elementor-element elementor-element-41120591 elementor-section-full_width elementor-section-stretched elementor-section-height-min-height elementor-section-height-default elementor-section-items-middle\" data-id=\"41120591\" data-element_type=\"section\" data-e-type=\"section\" data-settings=\"{&quot;stretch_section&quot;:&quot;section-stretched&quot;,&quot;background_background&quot;:&quot;classic&quot;}\">\n\t\t\t\t\t\t\t<div class=\"elementor-background-overlay\"><\/div>\n\t\t\t\t\t\t\t<div class=\"elementor-container elementor-column-gap-no\">\n\t\t\t\t\t<div class=\"elementor-column elementor-col-100 elementor-top-column elementor-element elementor-element-75c174a6\" data-id=\"75c174a6\" data-element_type=\"column\" data-e-type=\"column\">\n\t\t\t<div class=\"elementor-widget-wrap elementor-element-populated\">\n\t\t\t\t\t\t<section class=\"elementor-section elementor-inner-section elementor-element elementor-element-2f67f616 elementor-section-full_width elementor-section-height-default elementor-section-height-default\" data-id=\"2f67f616\" data-element_type=\"section\" data-e-type=\"section\">\n\t\t\t\t\t\t<div class=\"elementor-container elementor-column-gap-default\">\n\t\t\t\t\t<div class=\"elementor-column elementor-col-100 elementor-inner-column elementor-element elementor-element-342f3a10\" data-id=\"342f3a10\" data-element_type=\"column\" data-e-type=\"column\">\n\t\t\t<div class=\"elementor-widget-wrap elementor-element-populated\">\n\t\t\t\t\t\t<div class=\"elementor-element elementor-element-1383f155 elementor-widget elementor-widget-text-editor\" data-id=\"1383f155\" data-element_type=\"widget\" data-e-type=\"widget\" data-widget_type=\"text-editor.default\">\n\t\t\t\t<div class=\"elementor-widget-container\">\n\t\t\t\t\t\t\t\t\t<span>Percursos Universit\u00e1rios<\/span>\t\t\t\t\t\t\t\t<\/div>\n\t\t\t\t<\/div>\n\t\t\t\t\t<\/div>\n\t\t<\/div>\n\t\t\t\t\t<\/div>\n\t\t<\/section>\n\t\t\t\t\t<\/div>\n\t\t<\/div>\n\t\t\t\t\t<\/div>\n\t\t<\/section>\n\t\t\t\t<section class=\"elementor-section elementor-top-section elementor-element elementor-element-2f557239 elementor-section-boxed elementor-section-height-default elementor-section-height-default\" data-id=\"2f557239\" data-element_type=\"section\" data-e-type=\"section\">\n\t\t\t\t\t\t<div class=\"elementor-container elementor-column-gap-no\">\n\t\t\t\t\t<div class=\"elementor-column elementor-col-100 elementor-top-column elementor-element elementor-element-266a2685\" data-id=\"266a2685\" data-element_type=\"column\" data-e-type=\"column\">\n\t\t\t<div class=\"elementor-widget-wrap elementor-element-populated\">\n\t\t\t\t\t\t<div class=\"elementor-element elementor-element-245d9474 elementor-widget elementor-widget-spacer\" data-id=\"245d9474\" data-element_type=\"widget\" data-e-type=\"widget\" data-widget_type=\"spacer.default\">\n\t\t\t\t<div class=\"elementor-widget-container\">\n\t\t\t\t\t\t\t<div class=\"elementor-spacer\">\n\t\t\t<div class=\"elementor-spacer-inner\"><\/div>\n\t\t<\/div>\n\t\t\t\t\t\t<\/div>\n\t\t\t\t<\/div>\n\t\t\t\t<div class=\"elementor-element elementor-element-7708475c elementor-widget elementor-widget-text-editor\" data-id=\"7708475c\" data-element_type=\"widget\" data-e-type=\"widget\" data-widget_type=\"text-editor.default\">\n\t\t\t\t<div class=\"elementor-widget-container\">\n\t\t\t\t\t\t\t\t\t<p><span>Al\u00e9m do belo pa\u00eds e da recep\u00e7\u00e3o calorosa, a Irlanda est\u00e1 se tornando rapidamente um centro global de tecnologia, neg\u00f3cios e educa\u00e7\u00e3o.\u00a0<\/span><span>A Irlanda \u00e9 um lugar atraente para se viver e trabalhar e as vantagens para estudantes internacionais s\u00e3o grandes.<\/span><\/p>\t\t\t\t\t\t\t\t<\/div>\n\t\t\t\t<\/div>\n\t\t\t\t<section class=\"elementor-section elementor-inner-section elementor-element elementor-element-767a13f1 elementor-section-boxed elementor-section-height-default elementor-section-height-default\" data-id=\"767a13f1\" data-element_type=\"section\" data-e-type=\"section\">\n\t\t\t\t\t\t<div class=\"elementor-container elementor-column-gap-default\">\n\t\t\t\t\t<div class=\"elementor-column elementor-col-50 elementor-inner-column elementor-element elementor-element-360e2cc3\" data-id=\"360e2cc3\" data-element_type=\"column\" data-e-type=\"column\" data-settings=\"{&quot;background_background&quot;:&quot;classic&quot;}\">\n\t\t\t<div class=\"elementor-widget-wrap elementor-element-populated\">\n\t\t\t\t\t\t<div class=\"elementor-element elementor-element-32d5dcab elementor-widget elementor-widget-heading\" data-id=\"32d5dcab\" data-element_type=\"widget\" data-e-type=\"widget\" data-widget_type=\"heading.default\">\n\t\t\t\t<div class=\"elementor-widget-container\">\n\t\t\t\t\t<h2 class=\"elementor-heading-title elementor-size-default\">Ensino Superior na Irlanda\n<\/h2>\t\t\t\t<\/div>\n\t\t\t\t<\/div>\n\t\t\t\t<div class=\"elementor-element elementor-element-3cd1d3df elementor-widget-divider--view-line elementor-widget elementor-widget-divider\" data-id=\"3cd1d3df\" data-element_type=\"widget\" data-e-type=\"widget\" data-widget_type=\"divider.default\">\n\t\t\t\t<div class=\"elementor-widget-container\">\n\t\t\t\t\t\t\t<div class=\"elementor-divider\">\n\t\t\t<span class=\"elementor-divider-separator\">\n\t\t\t\t\t\t<\/span>\n\t\t<\/div>\n\t\t\t\t\t\t<\/div>\n\t\t\t\t<\/div>\n\t\t\t\t<div class=\"elementor-element elementor-element-26ab5597 elementor-widget elementor-widget-text-editor\" data-id=\"26ab5597\" data-element_type=\"widget\" data-e-type=\"widget\" data-widget_type=\"text-editor.default\">\n\t\t\t\t<div class=\"elementor-widget-container\">\n\t\t\t\t\t\t\t\t\t<p><span>A Irlanda \u00e9 famosa pela hospitalidade e o povo irland\u00eas \u00e9 naturalmente caloroso e amig\u00e1vel. O pa\u00eds tem uma rica heran\u00e7a cultural em m\u00fasica, arte, poesia e dan\u00e7a e as cidades est\u00e3o repletas de coisas para ver e fazer. A Irlanda tem muito a oferecer aos alunos internacionais de todas as idades. O governo irland\u00eas est\u00e1 investindo no ensino superior na Irlanda e, embora j\u00e1 seja bem classificado globalmente, tem ambi\u00e7\u00f5es de torn\u00e1-lo o melhor da Europa at\u00e9 2025. Parte dessa estrat\u00e9gia e investimento \u00e9 tornar a Irlanda um destino muito mais atraente e para dar as boas-vindas a mais estudantes internacionais ao Ensino Superior na Irlanda.<\/span><br \/><span>Para muitos estudantes internacionais, a prepara\u00e7\u00e3o para se inscrever em uma universidade no exterior pode ser uma experi\u00eancia assustadora e desafiadora. Existem muitas oportunidades, muitas escolhas e muitas decis\u00f5es a serem tomadas.<\/span><br \/><span>Ao considerar como podemos ajudar nossos parceiros e alunos a escolher o programa certo, reconhecemos que precis\u00e1vamos de um servi\u00e7o transparente e independente que oferecesse aconselhamento imparcial sobre a gama de oportunidades dispon\u00edveis.<\/span><\/p>\t\t\t\t\t\t\t\t<\/div>\n\t\t\t\t<\/div>\n\t\t\t\t\t<\/div>\n\t\t<\/div>\n\t\t\t\t<div class=\"elementor-column elementor-col-50 elementor-inner-column elementor-element elementor-element-39218abf\" data-id=\"39218abf\" data-element_type=\"column\" data-e-type=\"column\" data-settings=\"{&quot;background_background&quot;:&quot;classic&quot;}\">\n\t\t\t<div class=\"elementor-widget-wrap elementor-element-populated\">\n\t\t\t\t\t\t<div class=\"elementor-element elementor-element-1e6fa53b elementor-widget elementor-widget-spacer\" data-id=\"1e6fa53b\" data-element_type=\"widget\" data-e-type=\"widget\" data-widget_type=\"spacer.default\">\n\t\t\t\t<div class=\"elementor-widget-container\">\n\t\t\t\t\t\t\t<div class=\"elementor-spacer\">\n\t\t\t<div class=\"elementor-spacer-inner\"><\/div>\n\t\t<\/div>\n\t\t\t\t\t\t<\/div>\n\t\t\t\t<\/div>\n\t\t\t\t<div class=\"elementor-element elementor-element-442c2245 elementor-widget elementor-widget-image\" data-id=\"442c2245\" data-element_type=\"widget\" data-e-type=\"widget\" data-widget_type=\"image.default\">\n\t\t\t\t<div class=\"elementor-widget-container\">\n\t\t\t\t\t\t\t\t\t\t\t\t\t\t\t<img decoding=\"async\" src=\"https:\/\/elischools.com\/wp-content\/uploads\/elementor\/thumbs\/Higher-Education-in-Ireland-qzz40qocha6108d3kf3tntv3my3be1pjc8wd6oyli0.jpg\" title=\"Higher Education in Ireland\" alt=\"Higher Education in Ireland\" loading=\"lazy\" \/>\t\t\t\t\t\t\t\t\t\t\t\t\t\t\t<\/div>\n\t\t\t\t<\/div>\n\t\t\t\t\t<\/div>\n\t\t<\/div>\n\t\t\t\t\t<\/div>\n\t\t<\/section>\n\t\t\t\t<div class=\"elementor-element elementor-element-30de478a elementor-widget elementor-widget-spacer\" data-id=\"30de478a\" data-element_type=\"widget\" data-e-type=\"widget\" data-widget_type=\"spacer.default\">\n\t\t\t\t<div class=\"elementor-widget-container\">\n\t\t\t\t\t\t\t<div class=\"elementor-spacer\">\n\t\t\t<div class=\"elementor-spacer-inner\"><\/div>\n\t\t<\/div>\n\t\t\t\t\t\t<\/div>\n\t\t\t\t<\/div>\n\t\t\t\t\t<\/div>\n\t\t<\/div>\n\t\t\t\t\t<\/div>\n\t\t<\/section>\n\t\t\t\t<section class=\"elementor-section elementor-top-section elementor-element elementor-element-76726b8d elementor-section-stretched elementor-section-boxed elementor-section-height-default elementor-section-height-default\" data-id=\"76726b8d\" data-element_type=\"section\" data-e-type=\"section\" data-settings=\"{&quot;stretch_section&quot;:&quot;section-stretched&quot;,&quot;background_background&quot;:&quot;classic&quot;}\">\n\t\t\t\t\t\t<div class=\"elementor-container elementor-column-gap-no\">\n\t\t\t\t\t<div class=\"elementor-column elementor-col-100 elementor-top-column elementor-element elementor-element-30032ad1\" data-id=\"30032ad1\" data-element_type=\"column\" data-e-type=\"column\">\n\t\t\t<div class=\"elementor-widget-wrap elementor-element-populated\">\n\t\t\t\t\t\t<div class=\"elementor-element elementor-element-2a62acc2 elementor-widget elementor-widget-spacer\" data-id=\"2a62acc2\" data-element_type=\"widget\" data-e-type=\"widget\" data-widget_type=\"spacer.default\">\n\t\t\t\t<div class=\"elementor-widget-container\">\n\t\t\t\t\t\t\t<div class=\"elementor-spacer\">\n\t\t\t<div class=\"elementor-spacer-inner\"><\/div>\n\t\t<\/div>\n\t\t\t\t\t\t<\/div>\n\t\t\t\t<\/div>\n\t\t\t\t<div class=\"elementor-element elementor-element-6dae982f elementor-widget elementor-widget-heading\" data-id=\"6dae982f\" data-element_type=\"widget\" data-e-type=\"widget\" data-widget_type=\"heading.default\">\n\t\t\t\t<div class=\"elementor-widget-container\">\n\t\t\t\t\t<h2 class=\"elementor-heading-title elementor-size-default\">University Pathways Ireland<\/h2>\t\t\t\t<\/div>\n\t\t\t\t<\/div>\n\t\t\t\t<div class=\"elementor-element elementor-element-3ab01b6a elementor-widget-divider--view-line elementor-widget elementor-widget-divider\" data-id=\"3ab01b6a\" data-element_type=\"widget\" data-e-type=\"widget\" data-widget_type=\"divider.default\">\n\t\t\t\t<div class=\"elementor-widget-container\">\n\t\t\t\t\t\t\t<div class=\"elementor-divider\">\n\t\t\t<span class=\"elementor-divider-separator\">\n\t\t\t\t\t\t<\/span>\n\t\t<\/div>\n\t\t\t\t\t\t<\/div>\n\t\t\t\t<\/div>\n\t\t\t\t<div class=\"elementor-element elementor-element-7b822657 elementor-widget elementor-widget-text-editor\" data-id=\"7b822657\" data-element_type=\"widget\" data-e-type=\"widget\" data-widget_type=\"text-editor.default\">\n\t\t\t\t<div class=\"elementor-widget-container\">\n\t\t\t\t\t\t\t\t\t<p><span>University Pathways Ireland \u00e9 um servi\u00e7o de consultoria especializado que ajuda estudantes internacionais a descobrir e se inscrever nas melhores universidades e faculdades da Irlanda.\u00a0Existem mais de 40 institui\u00e7\u00f5es de ensino superior na Irlanda, oferecendo milhares de cursos em uma ampla gama de assuntos.<\/span><br \/><br \/><span>Para realmente oferecer o conselho mais informado para nossos alunos, precis\u00e1vamos de um especialista que pudesse fornecer informa\u00e7\u00f5es detalhadas sobre os requisitos de entrada, custos de ensino e bolsas dispon\u00edveis para cada programa e institui\u00e7\u00e3o.<\/span><br \/><span>O servi\u00e7o University Pathways Ireland \u00e9 gratuito para estudantes, financiado pelas institui\u00e7\u00f5es e oferece um servi\u00e7o abrangente que vai desde o planejamento de pr\u00e9-aplica\u00e7\u00e3o e eventos de descoberta at\u00e9 um servi\u00e7o completo de aplica\u00e7\u00e3o ponta a ponta. Estamos confiantes de que a UPI oferece aos alunos e parceiros internacionais a gama de especializa\u00e7\u00e3o que procur\u00e1vamos e trabalharemos em estreita colabora\u00e7\u00e3o com sua equipe ao aconselhar os alunos estrangeiros sobre as op\u00e7\u00f5es dispon\u00edveis.<\/span>\u00a0<\/p><p><span>Para muitos estudantes internacionais, as oportunidades de ensino superior na Irlanda est\u00e3o simplesmente fora de alcance, pois eles ainda n\u00e3o desenvolveram a profici\u00eancia necess\u00e1ria em ingl\u00eas para perseguir seus sonhos.\u00a0Atingir altos n\u00edveis de ingl\u00eas em pa\u00edses n\u00e3o nativos \u00e9 um desafio, que exige grande dedica\u00e7\u00e3o e tempo consider\u00e1vel.\u00a0O programa ELI Schools Pathway \u00e9 um programa preparat\u00f3rio de ingl\u00eas criado para ajudar os estudantes internacionais a alcan\u00e7ar o n\u00edvel de ingl\u00eas exigido para acessar o ensino superior enquanto moram e trabalham na Irlanda.\u00a0Nossos professores experientes ajudar\u00e3o a orientar os alunos a alcan\u00e7ar n\u00edveis elevados no IELTS e a acelerar seu caminho para estudos acad\u00eamicos adicionais.<\/span><\/p>\t\t\t\t\t\t\t\t<\/div>\n\t\t\t\t<\/div>\n\t\t\t\t<div class=\"elementor-element elementor-element-b4f5832 elementor-widget elementor-widget-spacer\" data-id=\"b4f5832\" data-element_type=\"widget\" data-e-type=\"widget\" data-widget_type=\"spacer.default\">\n\t\t\t\t<div class=\"elementor-widget-container\">\n\t\t\t\t\t\t\t<div class=\"elementor-spacer\">\n\t\t\t<div class=\"elementor-spacer-inner\"><\/div>\n\t\t<\/div>\n\t\t\t\t\t\t<\/div>\n\t\t\t\t<\/div>\n\t\t\t\t\t<\/div>\n\t\t<\/div>\n\t\t\t\t\t<\/div>\n\t\t<\/section>\n\t\t\t\t<section class=\"elementor-section elementor-top-section elementor-element elementor-element-28ee0bb6 elementor-section-full_width elementor-section-height-default elementor-section-height-default\" data-id=\"28ee0bb6\" data-element_type=\"section\" data-e-type=\"section\">\n\t\t\t\t\t\t<div class=\"elementor-container elementor-column-gap-default\">\n\t\t\t\t\t<div class=\"elementor-column elementor-col-100 elementor-top-column elementor-element elementor-element-938ebfa\" data-id=\"938ebfa\" data-element_type=\"column\" data-e-type=\"column\">\n\t\t\t<div class=\"elementor-widget-wrap elementor-element-populated\">\n\t\t\t\t\t\t<div class=\"elementor-element elementor-element-a12e263 elementor-widget elementor-widget-spacer\" data-id=\"a12e263\" data-element_type=\"widget\" data-e-type=\"widget\" data-widget_type=\"spacer.default\">\n\t\t\t\t<div class=\"elementor-widget-container\">\n\t\t\t\t\t\t\t<div class=\"elementor-spacer\">\n\t\t\t<div class=\"elementor-spacer-inner\"><\/div>\n\t\t<\/div>\n\t\t\t\t\t\t<\/div>\n\t\t\t\t<\/div>\n\t\t\t\t<section class=\"elementor-section elementor-inner-section elementor-element elementor-element-792817c4 elementor-section-boxed elementor-section-height-default elementor-section-height-default\" data-id=\"792817c4\" data-element_type=\"section\" data-e-type=\"section\">\n\t\t\t\t\t\t<div class=\"elementor-container elementor-column-gap-default\">\n\t\t\t\t\t<div class=\"elementor-column elementor-col-33 elementor-inner-column elementor-element elementor-element-3434f0f0\" data-id=\"3434f0f0\" data-element_type=\"column\" data-e-type=\"column\">\n\t\t\t<div class=\"elementor-widget-wrap\">\n\t\t\t\t\t\t\t<\/div>\n\t\t<\/div>\n\t\t\t\t<div class=\"elementor-column elementor-col-33 elementor-inner-column elementor-element elementor-element-380b960\" data-id=\"380b960\" data-element_type=\"column\" data-e-type=\"column\">\n\t\t\t<div class=\"elementor-widget-wrap\">\n\t\t\t\t\t\t\t<\/div>\n\t\t<\/div>\n\t\t\t\t<div class=\"elementor-column elementor-col-33 elementor-inner-column elementor-element elementor-element-58246383\" data-id=\"58246383\" data-element_type=\"column\" data-e-type=\"column\">\n\t\t\t<div class=\"elementor-widget-wrap elementor-element-populated\">\n\t\t\t\t\t\t<div class=\"elementor-element elementor-element-419dba43 elementor-align-justify elementor-widget elementor-widget-button\" data-id=\"419dba43\" data-element_type=\"widget\" data-e-type=\"widget\" data-widget_type=\"button.default\">\n\t\t\t\t<div class=\"elementor-widget-container\">\n\t\t\t\t\t\t\t\t\t<div class=\"elementor-button-wrapper\">\n\t\t\t\t\t<a class=\"elementor-button elementor-size-xl\" role=\"button\">\n\t\t\t\t\t\t<span class=\"elementor-button-content-wrapper\">\n\t\t\t\t\t\t\t\t\t<span class=\"elementor-button-text\">Leia a seguir&gt; Programa Pathway<\/span>\n\t\t\t\t\t<\/span>\n\t\t\t\t\t<\/a>\n\t\t\t\t<\/div>\n\t\t\t\t\t\t\t\t<\/div>\n\t\t\t\t<\/div>\n\t\t\t\t\t<\/div>\n\t\t<\/div>\n\t\t\t\t\t<\/div>\n\t\t<\/section>\n\t\t\t\t<div class=\"elementor-element elementor-element-cd7778a elementor-widget elementor-widget-spacer\" data-id=\"cd7778a\" data-element_type=\"widget\" data-e-type=\"widget\" data-widget_type=\"spacer.default\">\n\t\t\t\t<div class=\"elementor-widget-container\">\n\t\t\t\t\t\t\t<div class=\"elementor-spacer\">\n\t\t\t<div class=\"elementor-spacer-inner\"><\/div>\n\t\t<\/div>\n\t\t\t\t\t\t<\/div>\n\t\t\t\t<\/div>\n\t\t\t\t\t<\/div>\n\t\t<\/div>\n\t\t\t\t\t<\/div>\n\t\t<\/section>\n\t\t\t\t<\/div>\n\t\t","protected":false},"excerpt":{"rendered":"<p>Percursos Universit\u00e1rios Al\u00e9m do belo pa\u00eds e da recep\u00e7\u00e3o calorosa, a Irlanda est\u00e1 se tornando rapidamente um centro global de tecnologia, neg\u00f3cios e educa\u00e7\u00e3o.\u00a0A Irlanda \u00e9 um lugar atraente para se viver e trabalhar e as vantagens para estudantes internacionais s\u00e3o grandes. Ensino Superior na Irlanda A Irlanda \u00e9 famosa pela hospitalidade e o povo [&hellip;]<\/p>\n","protected":false},"author":19,"featured_media":0,"parent":0,"menu_order":0,"comment_status":"closed","ping_status":"closed","template":"elementor_header_footer","meta":{"footnotes":""},"class_list":["post-5504","page","type-page","status-publish","hentry"],"_links":{"self":[{"href":"https:\/\/elischools.com\/pt-br\/wp-json\/wp\/v2\/pages\/5504","targetHints":{"allow":["GET"]}}],"collection":[{"href":"https:\/\/elischools.com\/pt-br\/wp-json\/wp\/v2\/pages"}],"about":[{"href":"https:\/\/elischools.com\/pt-br\/wp-json\/wp\/v2\/types\/page"}],"author":[{"embeddable":true,"href":"https:\/\/elischools.com\/pt-br\/wp-json\/wp\/v2\/users\/19"}],"replies":[{"embeddable":true,"href":"https:\/\/elischools.com\/pt-br\/wp-json\/wp\/v2\/comments?post=5504"}],"version-history":[{"count":0,"href":"https:\/\/elischools.com\/pt-br\/wp-json\/wp\/v2\/pages\/5504\/revisions"}],"wp:attachment":[{"href":"https:\/\/elischools.com\/pt-br\/wp-json\/wp\/v2\/media?parent=5504"}],"curies":[{"name":"wp","href":"https:\/\/api.w.org\/{rel}","templated":true}]}}