{"id":7992,"date":"2021-06-10T20:33:18","date_gmt":"2021-06-10T20:33:18","guid":{"rendered":"https:\/\/elischools.com\/?page_id=7992"},"modified":"2021-11-09T14:36:16","modified_gmt":"2021-11-09T14:36:16","slug":"percorsi-universitari-in-irlanda","status":"publish","type":"page","link":"https:\/\/elischools.com\/it\/percorsi-universitari-in-irlanda\/","title":{"rendered":"Percorsi universitari in Irlanda"},"content":{"rendered":"\t\t<div data-elementor-type=\"wp-page\" data-elementor-id=\"7992\" class=\"elementor elementor-7992 elementor-4669\" data-elementor-post-type=\"page\">\n\t\t\t\t\t\t<section class=\"elementor-section elementor-top-section elementor-element elementor-element-41120591 elementor-section-full_width elementor-section-stretched elementor-section-height-min-height elementor-section-height-default elementor-section-items-middle\" data-id=\"41120591\" data-element_type=\"section\" data-e-type=\"section\" data-settings=\"{&quot;stretch_section&quot;:&quot;section-stretched&quot;,&quot;background_background&quot;:&quot;classic&quot;}\">\n\t\t\t\t\t\t\t<div class=\"elementor-background-overlay\"><\/div>\n\t\t\t\t\t\t\t<div class=\"elementor-container elementor-column-gap-no\">\n\t\t\t\t\t<div class=\"elementor-column elementor-col-100 elementor-top-column elementor-element elementor-element-75c174a6\" data-id=\"75c174a6\" data-element_type=\"column\" data-e-type=\"column\">\n\t\t\t<div class=\"elementor-widget-wrap elementor-element-populated\">\n\t\t\t\t\t\t<section class=\"elementor-section elementor-inner-section elementor-element elementor-element-2f67f616 elementor-section-full_width elementor-section-height-default elementor-section-height-default\" data-id=\"2f67f616\" data-element_type=\"section\" data-e-type=\"section\">\n\t\t\t\t\t\t<div class=\"elementor-container elementor-column-gap-default\">\n\t\t\t\t\t<div class=\"elementor-column elementor-col-100 elementor-inner-column elementor-element elementor-element-342f3a10\" data-id=\"342f3a10\" data-element_type=\"column\" data-e-type=\"column\">\n\t\t\t<div class=\"elementor-widget-wrap elementor-element-populated\">\n\t\t\t\t\t\t<div class=\"elementor-element elementor-element-1383f155 elementor-widget elementor-widget-text-editor\" data-id=\"1383f155\" data-element_type=\"widget\" data-e-type=\"widget\" data-widget_type=\"text-editor.default\">\n\t\t\t\t<div class=\"elementor-widget-container\">\n\t\t\t\t\t\t\t\t\t<span>Percorsi universitari<\/span>\t\t\t\t\t\t\t\t<\/div>\n\t\t\t\t<\/div>\n\t\t\t\t\t<\/div>\n\t\t<\/div>\n\t\t\t\t\t<\/div>\n\t\t<\/section>\n\t\t\t\t\t<\/div>\n\t\t<\/div>\n\t\t\t\t\t<\/div>\n\t\t<\/section>\n\t\t\t\t<section class=\"elementor-section elementor-top-section elementor-element elementor-element-2f557239 elementor-section-boxed elementor-section-height-default elementor-section-height-default\" data-id=\"2f557239\" data-element_type=\"section\" data-e-type=\"section\">\n\t\t\t\t\t\t<div class=\"elementor-container elementor-column-gap-no\">\n\t\t\t\t\t<div class=\"elementor-column elementor-col-100 elementor-top-column elementor-element elementor-element-266a2685\" data-id=\"266a2685\" data-element_type=\"column\" data-e-type=\"column\">\n\t\t\t<div class=\"elementor-widget-wrap elementor-element-populated\">\n\t\t\t\t\t\t<div class=\"elementor-element elementor-element-245d9474 elementor-widget elementor-widget-spacer\" data-id=\"245d9474\" data-element_type=\"widget\" data-e-type=\"widget\" data-widget_type=\"spacer.default\">\n\t\t\t\t<div class=\"elementor-widget-container\">\n\t\t\t\t\t\t\t<div class=\"elementor-spacer\">\n\t\t\t<div class=\"elementor-spacer-inner\"><\/div>\n\t\t<\/div>\n\t\t\t\t\t\t<\/div>\n\t\t\t\t<\/div>\n\t\t\t\t<div class=\"elementor-element elementor-element-7708475c elementor-widget elementor-widget-text-editor\" data-id=\"7708475c\" data-element_type=\"widget\" data-e-type=\"widget\" data-widget_type=\"text-editor.default\">\n\t\t\t\t<div class=\"elementor-widget-container\">\n\t\t\t\t\t\t\t\t\t<p><span>A parte il bel paese e la calorosa accoglienza, l&#8217;Irlanda sta rapidamente diventando un hub globale per la tecnologia, gli affari e l&#8217;istruzione. <\/span><span>L&#8217;Irlanda \u00e8 un luogo attraente in cui vivere e lavorare e i vantaggi per gli studenti internazionali sono notevoli.<\/span><\/p>\t\t\t\t\t\t\t\t<\/div>\n\t\t\t\t<\/div>\n\t\t\t\t<section class=\"elementor-section elementor-inner-section elementor-element elementor-element-767a13f1 elementor-section-boxed elementor-section-height-default elementor-section-height-default\" data-id=\"767a13f1\" data-element_type=\"section\" data-e-type=\"section\">\n\t\t\t\t\t\t<div class=\"elementor-container elementor-column-gap-default\">\n\t\t\t\t\t<div class=\"elementor-column elementor-col-50 elementor-inner-column elementor-element elementor-element-360e2cc3\" data-id=\"360e2cc3\" data-element_type=\"column\" data-e-type=\"column\" data-settings=\"{&quot;background_background&quot;:&quot;classic&quot;}\">\n\t\t\t<div class=\"elementor-widget-wrap elementor-element-populated\">\n\t\t\t\t\t\t<div class=\"elementor-element elementor-element-32d5dcab elementor-widget elementor-widget-heading\" data-id=\"32d5dcab\" data-element_type=\"widget\" data-e-type=\"widget\" data-widget_type=\"heading.default\">\n\t\t\t\t<div class=\"elementor-widget-container\">\n\t\t\t\t\t<h2 class=\"elementor-heading-title elementor-size-default\">Istruzione superiore in Irlanda\n<\/h2>\t\t\t\t<\/div>\n\t\t\t\t<\/div>\n\t\t\t\t<div class=\"elementor-element elementor-element-3cd1d3df elementor-widget-divider--view-line elementor-widget elementor-widget-divider\" data-id=\"3cd1d3df\" data-element_type=\"widget\" data-e-type=\"widget\" data-widget_type=\"divider.default\">\n\t\t\t\t<div class=\"elementor-widget-container\">\n\t\t\t\t\t\t\t<div class=\"elementor-divider\">\n\t\t\t<span class=\"elementor-divider-separator\">\n\t\t\t\t\t\t<\/span>\n\t\t<\/div>\n\t\t\t\t\t\t<\/div>\n\t\t\t\t<\/div>\n\t\t\t\t<div class=\"elementor-element elementor-element-26ab5597 elementor-widget elementor-widget-text-editor\" data-id=\"26ab5597\" data-element_type=\"widget\" data-e-type=\"widget\" data-widget_type=\"text-editor.default\">\n\t\t\t\t<div class=\"elementor-widget-container\">\n\t\t\t\t\t\t\t\t\t<p><span>L&#8217;Irlanda \u00e8 famosa per l&#8217;ospitalit\u00e0 e gli irlandesi sono naturalmente cordiali e amichevoli. Il paese ha un ricco patrimonio culturale di musica, arte, poesia e danza e le citt\u00e0 pullulano di cose da vedere e da fare. L&#8217;Irlanda ha cos\u00ec tanto da offrire agli studenti internazionali di tutte le et\u00e0. Il governo irlandese sta investendo nell&#8217;istruzione superiore in Irlanda e, sebbene sia gi\u00e0 molto apprezzato a livello globale, ha l&#8217;ambizione di renderlo il migliore in Europa entro il 2025. Parte di questa strategia e investimento \u00e8 rendere l&#8217;Irlanda una destinazione molto pi\u00f9 attraente e per accogliere pi\u00f9 studenti internazionali nell&#8217;istruzione superiore in Irlanda.<\/span><br \/><span>Per molti studenti internazionali che si preparano a fare domanda per l&#8217;universit\u00e0 all&#8217;estero pu\u00f2 essere un&#8217;esperienza scoraggiante e stimolante. Ci sono molte opportunit\u00e0, molte scelte e molte decisioni da prendere.<\/span><br \/><span>Pur considerando come possiamo aiutare i nostri partner e studenti a scegliere il programma giusto, abbiamo riconosciuto che avevamo bisogno di un servizio trasparente e indipendente che offrisse consigli imparziali sulla gamma di opportunit\u00e0 disponibili.<\/span><\/p>\t\t\t\t\t\t\t\t<\/div>\n\t\t\t\t<\/div>\n\t\t\t\t\t<\/div>\n\t\t<\/div>\n\t\t\t\t<div class=\"elementor-column elementor-col-50 elementor-inner-column elementor-element elementor-element-39218abf\" data-id=\"39218abf\" data-element_type=\"column\" data-e-type=\"column\" data-settings=\"{&quot;background_background&quot;:&quot;classic&quot;}\">\n\t\t\t<div class=\"elementor-widget-wrap elementor-element-populated\">\n\t\t\t\t\t\t<div class=\"elementor-element elementor-element-1e6fa53b elementor-widget elementor-widget-spacer\" data-id=\"1e6fa53b\" data-element_type=\"widget\" data-e-type=\"widget\" data-widget_type=\"spacer.default\">\n\t\t\t\t<div class=\"elementor-widget-container\">\n\t\t\t\t\t\t\t<div class=\"elementor-spacer\">\n\t\t\t<div class=\"elementor-spacer-inner\"><\/div>\n\t\t<\/div>\n\t\t\t\t\t\t<\/div>\n\t\t\t\t<\/div>\n\t\t\t\t<div class=\"elementor-element elementor-element-442c2245 elementor-widget elementor-widget-image\" data-id=\"442c2245\" data-element_type=\"widget\" data-e-type=\"widget\" data-widget_type=\"image.default\">\n\t\t\t\t<div class=\"elementor-widget-container\">\n\t\t\t\t\t\t\t\t\t\t\t\t\t\t\t<img decoding=\"async\" src=\"https:\/\/elischools.com\/wp-content\/uploads\/elementor\/thumbs\/Higher-Education-in-Ireland-qzz40qocha6108d3kf3tntv3my3be1pjc8wd6oyli0.jpg\" title=\"Higher Education in Ireland\" alt=\"Higher Education in Ireland\" loading=\"lazy\" \/>\t\t\t\t\t\t\t\t\t\t\t\t\t\t\t<\/div>\n\t\t\t\t<\/div>\n\t\t\t\t\t<\/div>\n\t\t<\/div>\n\t\t\t\t\t<\/div>\n\t\t<\/section>\n\t\t\t\t<div class=\"elementor-element elementor-element-30de478a elementor-widget elementor-widget-spacer\" data-id=\"30de478a\" data-element_type=\"widget\" data-e-type=\"widget\" data-widget_type=\"spacer.default\">\n\t\t\t\t<div class=\"elementor-widget-container\">\n\t\t\t\t\t\t\t<div class=\"elementor-spacer\">\n\t\t\t<div class=\"elementor-spacer-inner\"><\/div>\n\t\t<\/div>\n\t\t\t\t\t\t<\/div>\n\t\t\t\t<\/div>\n\t\t\t\t\t<\/div>\n\t\t<\/div>\n\t\t\t\t\t<\/div>\n\t\t<\/section>\n\t\t\t\t<section class=\"elementor-section elementor-top-section elementor-element elementor-element-76726b8d elementor-section-stretched elementor-section-boxed elementor-section-height-default elementor-section-height-default\" data-id=\"76726b8d\" data-element_type=\"section\" data-e-type=\"section\" data-settings=\"{&quot;stretch_section&quot;:&quot;section-stretched&quot;,&quot;background_background&quot;:&quot;classic&quot;}\">\n\t\t\t\t\t\t<div class=\"elementor-container elementor-column-gap-no\">\n\t\t\t\t\t<div class=\"elementor-column elementor-col-100 elementor-top-column elementor-element elementor-element-30032ad1\" data-id=\"30032ad1\" data-element_type=\"column\" data-e-type=\"column\">\n\t\t\t<div class=\"elementor-widget-wrap elementor-element-populated\">\n\t\t\t\t\t\t<div class=\"elementor-element elementor-element-2a62acc2 elementor-widget elementor-widget-spacer\" data-id=\"2a62acc2\" data-element_type=\"widget\" data-e-type=\"widget\" data-widget_type=\"spacer.default\">\n\t\t\t\t<div class=\"elementor-widget-container\">\n\t\t\t\t\t\t\t<div class=\"elementor-spacer\">\n\t\t\t<div class=\"elementor-spacer-inner\"><\/div>\n\t\t<\/div>\n\t\t\t\t\t\t<\/div>\n\t\t\t\t<\/div>\n\t\t\t\t<div class=\"elementor-element elementor-element-6dae982f elementor-widget elementor-widget-heading\" data-id=\"6dae982f\" data-element_type=\"widget\" data-e-type=\"widget\" data-widget_type=\"heading.default\">\n\t\t\t\t<div class=\"elementor-widget-container\">\n\t\t\t\t\t<h2 class=\"elementor-heading-title elementor-size-default\">Percorsi universitari in Irlanda<\/h2>\t\t\t\t<\/div>\n\t\t\t\t<\/div>\n\t\t\t\t<div class=\"elementor-element elementor-element-3ab01b6a elementor-widget-divider--view-line elementor-widget elementor-widget-divider\" data-id=\"3ab01b6a\" data-element_type=\"widget\" data-e-type=\"widget\" data-widget_type=\"divider.default\">\n\t\t\t\t<div class=\"elementor-widget-container\">\n\t\t\t\t\t\t\t<div class=\"elementor-divider\">\n\t\t\t<span class=\"elementor-divider-separator\">\n\t\t\t\t\t\t<\/span>\n\t\t<\/div>\n\t\t\t\t\t\t<\/div>\n\t\t\t\t<\/div>\n\t\t\t\t<div class=\"elementor-element elementor-element-7b822657 elementor-widget elementor-widget-text-editor\" data-id=\"7b822657\" data-element_type=\"widget\" data-e-type=\"widget\" data-widget_type=\"text-editor.default\">\n\t\t\t\t<div class=\"elementor-widget-container\">\n\t\t\t\t\t\t\t\t\t<p><span>University Pathways Ireland \u00e8 un servizio di consulenza specializzato che aiuta gli studenti internazionali a scoprire e fare domanda per le migliori universit\u00e0 e college in Irlanda.\u00a0<\/span><span>Ci sono oltre 40 istituti di istruzione superiore in Irlanda, che offrono migliaia di corsi in una vasta gamma di materie.<\/span><\/p><p><span><span class=\"\">Per offrire veramente la consulenza pi\u00f9 informata per i nostri studenti, avevamo bisogno di un esperto che potesse fornire informazioni approfondite sui requisiti di ammissione, sui costi di iscrizione e sulle borse di studio disponibili per ciascun programma e istituto. <\/span><\/span><span>Il servizio University Pathways Ireland \u00e8 gratuito per gli studenti, finanziato dalle istituzioni e offre un servizio completo che spazia dalla pianificazione pre-candidatura e dagli eventi di scoperta a un servizio completo end-to-end. Siamo fiduciosi che UPI offra a studenti e partner internazionali la gamma di competenze che stavamo cercando e lavoreremo a stretto contatto con il loro team quando consiglieremo agli studenti stranieri le opzioni disponibili.<\/span>\u00a0<\/p><p><span>Per molti studenti internazionali le opportunit\u00e0 nell&#8217;istruzione superiore in Irlanda sono appena fuori portata in quanto non hanno ancora sviluppato la competenza richiesta in inglese per perseguire i loro sogni.\u00a0<\/span><span>Raggiungere livelli elevati in inglese nei paesi non madrelingua \u00e8 una sfida, che richiede grande dedizione e molto tempo.\u00a0<\/span><span>Il programma ELI Schools Pathway \u00e8 un programma di inglese preparatorio progettato per aiutare gli studenti internazionali a raggiungere il livello di inglese richiesto per accedere all&#8217;istruzione superiore mentre vivono e lavorano in Irlanda.\u00a0<\/span><span>I nostri insegnanti esperti aiuteranno gli studenti a raggiungere livelli elevati in IELTS e ad accelerare il loro percorso verso ulteriori studi accademici.<\/span><\/p>\t\t\t\t\t\t\t\t<\/div>\n\t\t\t\t<\/div>\n\t\t\t\t<div class=\"elementor-element elementor-element-b4f5832 elementor-widget elementor-widget-spacer\" data-id=\"b4f5832\" data-element_type=\"widget\" data-e-type=\"widget\" data-widget_type=\"spacer.default\">\n\t\t\t\t<div class=\"elementor-widget-container\">\n\t\t\t\t\t\t\t<div class=\"elementor-spacer\">\n\t\t\t<div class=\"elementor-spacer-inner\"><\/div>\n\t\t<\/div>\n\t\t\t\t\t\t<\/div>\n\t\t\t\t<\/div>\n\t\t\t\t\t<\/div>\n\t\t<\/div>\n\t\t\t\t\t<\/div>\n\t\t<\/section>\n\t\t\t\t<section class=\"elementor-section elementor-top-section elementor-element elementor-element-28ee0bb6 elementor-section-full_width elementor-section-height-default elementor-section-height-default\" data-id=\"28ee0bb6\" data-element_type=\"section\" data-e-type=\"section\">\n\t\t\t\t\t\t<div class=\"elementor-container elementor-column-gap-default\">\n\t\t\t\t\t<div class=\"elementor-column elementor-col-100 elementor-top-column elementor-element elementor-element-938ebfa\" data-id=\"938ebfa\" data-element_type=\"column\" data-e-type=\"column\">\n\t\t\t<div class=\"elementor-widget-wrap elementor-element-populated\">\n\t\t\t\t\t\t<div class=\"elementor-element elementor-element-a12e263 elementor-widget elementor-widget-spacer\" data-id=\"a12e263\" data-element_type=\"widget\" data-e-type=\"widget\" data-widget_type=\"spacer.default\">\n\t\t\t\t<div class=\"elementor-widget-container\">\n\t\t\t\t\t\t\t<div class=\"elementor-spacer\">\n\t\t\t<div class=\"elementor-spacer-inner\"><\/div>\n\t\t<\/div>\n\t\t\t\t\t\t<\/div>\n\t\t\t\t<\/div>\n\t\t\t\t<section class=\"elementor-section elementor-inner-section elementor-element elementor-element-792817c4 elementor-section-boxed elementor-section-height-default elementor-section-height-default\" data-id=\"792817c4\" data-element_type=\"section\" data-e-type=\"section\">\n\t\t\t\t\t\t<div class=\"elementor-container elementor-column-gap-default\">\n\t\t\t\t\t<div class=\"elementor-column elementor-col-33 elementor-inner-column elementor-element elementor-element-3434f0f0\" data-id=\"3434f0f0\" data-element_type=\"column\" data-e-type=\"column\">\n\t\t\t<div class=\"elementor-widget-wrap\">\n\t\t\t\t\t\t\t<\/div>\n\t\t<\/div>\n\t\t\t\t<div class=\"elementor-column elementor-col-33 elementor-inner-column elementor-element elementor-element-380b960\" data-id=\"380b960\" data-element_type=\"column\" data-e-type=\"column\">\n\t\t\t<div class=\"elementor-widget-wrap\">\n\t\t\t\t\t\t\t<\/div>\n\t\t<\/div>\n\t\t\t\t<div class=\"elementor-column elementor-col-33 elementor-inner-column elementor-element elementor-element-58246383\" data-id=\"58246383\" data-element_type=\"column\" data-e-type=\"column\">\n\t\t\t<div class=\"elementor-widget-wrap elementor-element-populated\">\n\t\t\t\t\t\t<div class=\"elementor-element elementor-element-419dba43 elementor-align-justify elementor-widget elementor-widget-button\" data-id=\"419dba43\" data-element_type=\"widget\" data-e-type=\"widget\" data-widget_type=\"button.default\">\n\t\t\t\t<div class=\"elementor-widget-container\">\n\t\t\t\t\t\t\t\t\t<div class=\"elementor-button-wrapper\">\n\t\t\t\t\t<a class=\"elementor-button elementor-size-xl\" role=\"button\">\n\t\t\t\t\t\t<span class=\"elementor-button-content-wrapper\">\n\t\t\t\t\t\t\t\t\t<span class=\"elementor-button-text\">Leggi Avanti &gt; Programma Pathway<\/span>\n\t\t\t\t\t<\/span>\n\t\t\t\t\t<\/a>\n\t\t\t\t<\/div>\n\t\t\t\t\t\t\t\t<\/div>\n\t\t\t\t<\/div>\n\t\t\t\t\t<\/div>\n\t\t<\/div>\n\t\t\t\t\t<\/div>\n\t\t<\/section>\n\t\t\t\t<div class=\"elementor-element elementor-element-cd7778a elementor-widget elementor-widget-spacer\" data-id=\"cd7778a\" data-element_type=\"widget\" data-e-type=\"widget\" data-widget_type=\"spacer.default\">\n\t\t\t\t<div class=\"elementor-widget-container\">\n\t\t\t\t\t\t\t<div class=\"elementor-spacer\">\n\t\t\t<div class=\"elementor-spacer-inner\"><\/div>\n\t\t<\/div>\n\t\t\t\t\t\t<\/div>\n\t\t\t\t<\/div>\n\t\t\t\t\t<\/div>\n\t\t<\/div>\n\t\t\t\t\t<\/div>\n\t\t<\/section>\n\t\t\t\t<\/div>\n\t\t","protected":false},"excerpt":{"rendered":"<p>Percorsi universitari A parte il bel paese e la calorosa accoglienza, l&#8217;Irlanda sta rapidamente diventando un hub globale per la tecnologia, gli affari e l&#8217;istruzione. L&#8217;Irlanda \u00e8 un luogo attraente in cui vivere e lavorare e i vantaggi per gli studenti internazionali sono notevoli. Istruzione superiore in Irlanda L&#8217;Irlanda \u00e8 famosa per l&#8217;ospitalit\u00e0 e gli [&hellip;]<\/p>\n","protected":false},"author":19,"featured_media":0,"parent":0,"menu_order":0,"comment_status":"closed","ping_status":"closed","template":"elementor_header_footer","meta":{"footnotes":""},"class_list":["post-7992","page","type-page","status-publish","hentry"],"_links":{"self":[{"href":"https:\/\/elischools.com\/it\/wp-json\/wp\/v2\/pages\/7992","targetHints":{"allow":["GET"]}}],"collection":[{"href":"https:\/\/elischools.com\/it\/wp-json\/wp\/v2\/pages"}],"about":[{"href":"https:\/\/elischools.com\/it\/wp-json\/wp\/v2\/types\/page"}],"author":[{"embeddable":true,"href":"https:\/\/elischools.com\/it\/wp-json\/wp\/v2\/users\/19"}],"replies":[{"embeddable":true,"href":"https:\/\/elischools.com\/it\/wp-json\/wp\/v2\/comments?post=7992"}],"version-history":[{"count":0,"href":"https:\/\/elischools.com\/it\/wp-json\/wp\/v2\/pages\/7992\/revisions"}],"wp:attachment":[{"href":"https:\/\/elischools.com\/it\/wp-json\/wp\/v2\/media?parent=7992"}],"curies":[{"name":"wp","href":"https:\/\/api.w.org\/{rel}","templated":true}]}}