{"id":81452,"date":"2024-10-10T09:48:08","date_gmt":"2024-10-10T14:48:08","guid":{"rendered":"https:\/\/elischools.com\/brochures\/brochure-programmes-pour-adultes\/"},"modified":"2025-08-25T10:02:48","modified_gmt":"2025-08-25T15:02:48","slug":"brochure-programmes-pour-adultes","status":"publish","type":"page","link":"https:\/\/elischools.com\/fr\/brochures\/brochure-programmes-pour-adultes\/","title":{"rendered":"Brochure Programmes pour adultes"},"content":{"rendered":"\t\t<div data-elementor-type=\"wp-page\" data-elementor-id=\"81452\" class=\"elementor elementor-81452 elementor-76105\" data-elementor-post-type=\"page\">\n\t\t\t\t<div class=\"elementor-element elementor-element-519c91dc e-flex e-con-boxed e-con e-parent\" data-id=\"519c91dc\" data-element_type=\"container\" data-e-type=\"container\">\n\t\t\t\t\t<div class=\"e-con-inner\">\n\t\t\t\t<div class=\"elementor-element elementor-element-4e2f72db elementor-widget elementor-widget-heading\" data-id=\"4e2f72db\" data-element_type=\"widget\" data-e-type=\"widget\" data-widget_type=\"heading.default\">\n\t\t\t\t<div class=\"elementor-widget-container\">\n\t\t\t\t\t<h1 class=\"elementor-heading-title elementor-size-default\">TOUT EST PR\u00caT<\/h1>\t\t\t\t<\/div>\n\t\t\t\t<\/div>\n\t\t\t\t<div class=\"elementor-element elementor-element-6f63d9c2 elementor-widget elementor-widget-text-editor\" data-id=\"6f63d9c2\" data-element_type=\"widget\" data-e-type=\"widget\" data-widget_type=\"text-editor.default\">\n\t\t\t\t<div class=\"elementor-widget-container\">\n\t\t\t\t\t\t\t\t\t<p>Notre brochure vous parviendra par e-mail afin que vous puissiez y acc\u00e9der \u00e0 tout moment. En attendant, vous aurez ici acc\u00e8s \u00e0 la \u00ab\u00a0Brochure Programmes pour adultes\u00a0\u00bb.<\/p>\n\t\t\t\t\t\t\t\t<\/div>\n\t\t\t\t<\/div>\n\t\t\t\t<div class=\"elementor-element elementor-element-6278020c elementor-widget elementor-widget-heading\" data-id=\"6278020c\" data-element_type=\"widget\" data-e-type=\"widget\" data-widget_type=\"heading.default\">\n\t\t\t\t<div class=\"elementor-widget-container\">\n\t\t\t\t\t<h2 class=\"elementor-heading-title elementor-size-default\">Brochure Programmes pour adultes<\/h2>\t\t\t\t<\/div>\n\t\t\t\t<\/div>\n\t\t\t\t<div class=\"elementor-element elementor-element-3b3c3214 elementor-widget elementor-widget-shortcode\" data-id=\"3b3c3214\" data-element_type=\"widget\" data-e-type=\"widget\" data-widget_type=\"shortcode.default\">\n\t\t\t\t<div class=\"elementor-widget-container\">\n\t\t\t\t\t\t\t<div class=\"elementor-shortcode\"><div class=\"_df_book df-container df-loading \"  data-slug=\"brochure-adult-programs-2025-low-2\" data-_slug=\"brochure-adult-programs-2025-low-2\" _slug=\"brochure-adult-programs-2025-low-2\" data-title=\"brochure-adult-programs\" id=\"df_77147\" data-df-option=\"df_option_77147\" ><\/div><script class=\"df-shortcode-script\" nowprocket type=\"application\/javascript\">window.df_option_77147 = {\"source\":\"https:\\\/\\\/elischools.com\\\/wp-content\\\/uploads\\\/2024\\\/08\\\/Brochure-Adult-Programs-2026-B2B-English.pdf\",\"outline\":[],\"autoEnableOutline\":false,\"autoEnableThumbnail\":false,\"overwritePDFOutline\":false,\"pageSize\":\"0\",\"slug\":\"brochure-adult-programs-2025-low-2\",\"wpOptions\":\"true\",\"id\":77147}; if(window.DFLIP && window.DFLIP.parseBooks){window.DFLIP.parseBooks();}<\/script><\/div>\n\t\t\t\t\t\t<\/div>\n\t\t\t\t<\/div>\n\t\t\t\t\t<\/div>\n\t\t\t\t<\/div>\n\t\t<div class=\"elementor-element elementor-element-57e11723 e-flex e-con-boxed e-con e-parent\" data-id=\"57e11723\" data-element_type=\"container\" data-e-type=\"container\">\n\t\t\t\t\t<div class=\"e-con-inner\">\n\t\t<div class=\"elementor-element elementor-element-69e921f0 e-flex e-con-boxed e-con e-child\" data-id=\"69e921f0\" data-element_type=\"container\" data-e-type=\"container\" data-settings=\"{&quot;background_background&quot;:&quot;classic&quot;}\">\n\t\t\t\t\t<div class=\"e-con-inner\">\n\t\t<div class=\"elementor-element elementor-element-53c2025a e-con-full e-flex e-con e-child\" data-id=\"53c2025a\" data-element_type=\"container\" data-e-type=\"container\">\n\t\t\t\t<div class=\"elementor-element elementor-element-1a571b elementor-widget elementor-widget-heading\" data-id=\"1a571b\" data-element_type=\"widget\" data-e-type=\"widget\" data-widget_type=\"heading.default\">\n\t\t\t\t<div class=\"elementor-widget-container\">\n\t\t\t\t\t<h4 class=\"elementor-heading-title elementor-size-default\">QUELLE EST LA PROCHAINE \u00c9TAPE?<\/h4>\t\t\t\t<\/div>\n\t\t\t\t<\/div>\n\t\t\t\t<div class=\"elementor-element elementor-element-1365a0b1 elementor-widget elementor-widget-heading\" data-id=\"1365a0b1\" data-element_type=\"widget\" data-e-type=\"widget\" data-widget_type=\"heading.default\">\n\t\t\t\t<div class=\"elementor-widget-container\">\n\t\t\t\t\t<span class=\"elementor-heading-title elementor-size-default\">Passez votre examen d'anglais et testez-vous d\u00e8s aujourd'hui!<\/span>\t\t\t\t<\/div>\n\t\t\t\t<\/div>\n\t\t\t\t<\/div>\n\t\t<div class=\"elementor-element elementor-element-622799c6 e-flex e-con-boxed e-con e-child\" data-id=\"622799c6\" data-element_type=\"container\" data-e-type=\"container\">\n\t\t\t\t\t<div class=\"e-con-inner\">\n\t\t\t\t<div class=\"elementor-element elementor-element-2c7a68cb elementor-align-center elementor-widget elementor-widget-button\" data-id=\"2c7a68cb\" data-element_type=\"widget\" data-e-type=\"widget\" data-widget_type=\"button.default\">\n\t\t\t\t<div class=\"elementor-widget-container\">\n\t\t\t\t\t\t\t\t\t<div class=\"elementor-button-wrapper\">\n\t\t\t\t\t<a class=\"elementor-button elementor-button-link elementor-size-sm\" href=\"https:\/\/elischools.com\/fr\/test-de-niveau-2\/\">\n\t\t\t\t\t\t<span class=\"elementor-button-content-wrapper\">\n\t\t\t\t\t\t\t\t\t<span class=\"elementor-button-text\">SANS FRAIS, C'EST GRATUIT!<\/span>\n\t\t\t\t\t<\/span>\n\t\t\t\t\t<\/a>\n\t\t\t\t<\/div>\n\t\t\t\t\t\t\t\t<\/div>\n\t\t\t\t<\/div>\n\t\t\t\t\t<\/div>\n\t\t\t\t<\/div>\n\t\t\t\t\t<\/div>\n\t\t\t\t<\/div>\n\t\t\t\t\t<\/div>\n\t\t\t\t<\/div>\n\t\t<div class=\"elementor-element elementor-element-78413292 e-flex e-con-boxed e-con e-parent\" data-id=\"78413292\" data-element_type=\"container\" data-e-type=\"container\">\n\t\t\t\t\t<div class=\"e-con-inner\">\n\t\t\t\t<div class=\"elementor-element elementor-element-7902160d elementor-widget elementor-widget-spacer\" data-id=\"7902160d\" data-element_type=\"widget\" data-e-type=\"widget\" data-widget_type=\"spacer.default\">\n\t\t\t\t<div class=\"elementor-widget-container\">\n\t\t\t\t\t\t\t<div class=\"elementor-spacer\">\n\t\t\t<div class=\"elementor-spacer-inner\"><\/div>\n\t\t<\/div>\n\t\t\t\t\t\t<\/div>\n\t\t\t\t<\/div>\n\t\t\t\t\t<\/div>\n\t\t\t\t<\/div>\n\t\t\t\t<\/div>\n\t\t","protected":false},"excerpt":{"rendered":"<p>TOUT EST PR\u00caT Notre brochure vous parviendra par e-mail afin que vous puissiez y acc\u00e9der \u00e0 tout moment. En attendant, vous aurez ici acc\u00e8s \u00e0 la \u00ab\u00a0Brochure Programmes pour adultes\u00a0\u00bb. Brochure Programmes pour adultes QUELLE EST LA PROCHAINE \u00c9TAPE? Passez votre examen d&rsquo;anglais et testez-vous d\u00e8s aujourd&rsquo;hui! SANS FRAIS, C&rsquo;EST GRATUIT!<\/p>\n","protected":false},"author":19,"featured_media":75512,"parent":62453,"menu_order":0,"comment_status":"closed","ping_status":"closed","template":"elementor_header_footer","meta":{"_angie_page":false,"footnotes":""},"class_list":["post-81452","page","type-page","status-publish","has-post-thumbnail","hentry"],"_links":{"self":[{"href":"https:\/\/elischools.com\/fr\/wp-json\/wp\/v2\/pages\/81452","targetHints":{"allow":["GET"]}}],"collection":[{"href":"https:\/\/elischools.com\/fr\/wp-json\/wp\/v2\/pages"}],"about":[{"href":"https:\/\/elischools.com\/fr\/wp-json\/wp\/v2\/types\/page"}],"author":[{"embeddable":true,"href":"https:\/\/elischools.com\/fr\/wp-json\/wp\/v2\/users\/19"}],"replies":[{"embeddable":true,"href":"https:\/\/elischools.com\/fr\/wp-json\/wp\/v2\/comments?post=81452"}],"version-history":[{"count":0,"href":"https:\/\/elischools.com\/fr\/wp-json\/wp\/v2\/pages\/81452\/revisions"}],"up":[{"embeddable":true,"href":"https:\/\/elischools.com\/fr\/wp-json\/wp\/v2\/pages\/62453"}],"wp:featuredmedia":[{"embeddable":true,"href":"https:\/\/elischools.com\/fr\/wp-json\/wp\/v2\/media\/75512"}],"wp:attachment":[{"href":"https:\/\/elischools.com\/fr\/wp-json\/wp\/v2\/media?parent=81452"}],"curies":[{"name":"wp","href":"https:\/\/api.w.org\/{rel}","templated":true}]}}