{"id":7679,"date":"2021-06-09T20:21:25","date_gmt":"2021-06-09T20:21:25","guid":{"rendered":"https:\/\/elischools.com\/?page_id=7679"},"modified":"2021-11-09T14:35:06","modified_gmt":"2021-11-09T14:35:06","slug":"university-pathways-irlande","status":"publish","type":"page","link":"https:\/\/elischools.com\/fr\/university-pathways-irlande\/","title":{"rendered":"University Pathways Irlande"},"content":{"rendered":"\t\t<div data-elementor-type=\"wp-page\" data-elementor-id=\"7679\" class=\"elementor elementor-7679 elementor-4669\" data-elementor-post-type=\"page\">\n\t\t\t\t\t\t<section class=\"elementor-section elementor-top-section elementor-element elementor-element-41120591 elementor-section-full_width elementor-section-stretched elementor-section-height-min-height elementor-section-height-default elementor-section-items-middle\" data-id=\"41120591\" data-element_type=\"section\" data-e-type=\"section\" data-settings=\"{&quot;stretch_section&quot;:&quot;section-stretched&quot;,&quot;background_background&quot;:&quot;classic&quot;}\">\n\t\t\t\t\t\t\t<div class=\"elementor-background-overlay\"><\/div>\n\t\t\t\t\t\t\t<div class=\"elementor-container elementor-column-gap-no\">\n\t\t\t\t\t<div class=\"elementor-column elementor-col-100 elementor-top-column elementor-element elementor-element-75c174a6\" data-id=\"75c174a6\" data-element_type=\"column\" data-e-type=\"column\">\n\t\t\t<div class=\"elementor-widget-wrap elementor-element-populated\">\n\t\t\t\t\t\t<section class=\"elementor-section elementor-inner-section elementor-element elementor-element-2f67f616 elementor-section-full_width elementor-section-height-default elementor-section-height-default\" data-id=\"2f67f616\" data-element_type=\"section\" data-e-type=\"section\">\n\t\t\t\t\t\t<div class=\"elementor-container elementor-column-gap-default\">\n\t\t\t\t\t<div class=\"elementor-column elementor-col-100 elementor-inner-column elementor-element elementor-element-342f3a10\" data-id=\"342f3a10\" data-element_type=\"column\" data-e-type=\"column\">\n\t\t\t<div class=\"elementor-widget-wrap elementor-element-populated\">\n\t\t\t\t\t\t<div class=\"elementor-element elementor-element-1383f155 elementor-widget elementor-widget-text-editor\" data-id=\"1383f155\" data-element_type=\"widget\" data-e-type=\"widget\" data-widget_type=\"text-editor.default\">\n\t\t\t\t<div class=\"elementor-widget-container\">\n\t\t\t\t\t\t\t\t\t<span>Parcours universitaires<\/span>\t\t\t\t\t\t\t\t<\/div>\n\t\t\t\t<\/div>\n\t\t\t\t\t<\/div>\n\t\t<\/div>\n\t\t\t\t\t<\/div>\n\t\t<\/section>\n\t\t\t\t\t<\/div>\n\t\t<\/div>\n\t\t\t\t\t<\/div>\n\t\t<\/section>\n\t\t\t\t<section class=\"elementor-section elementor-top-section elementor-element elementor-element-2f557239 elementor-section-boxed elementor-section-height-default elementor-section-height-default\" data-id=\"2f557239\" data-element_type=\"section\" data-e-type=\"section\">\n\t\t\t\t\t\t<div class=\"elementor-container elementor-column-gap-no\">\n\t\t\t\t\t<div class=\"elementor-column elementor-col-100 elementor-top-column elementor-element elementor-element-266a2685\" data-id=\"266a2685\" data-element_type=\"column\" data-e-type=\"column\">\n\t\t\t<div class=\"elementor-widget-wrap elementor-element-populated\">\n\t\t\t\t\t\t<div class=\"elementor-element elementor-element-245d9474 elementor-widget elementor-widget-spacer\" data-id=\"245d9474\" data-element_type=\"widget\" data-e-type=\"widget\" data-widget_type=\"spacer.default\">\n\t\t\t\t<div class=\"elementor-widget-container\">\n\t\t\t\t\t\t\t<div class=\"elementor-spacer\">\n\t\t\t<div class=\"elementor-spacer-inner\"><\/div>\n\t\t<\/div>\n\t\t\t\t\t\t<\/div>\n\t\t\t\t<\/div>\n\t\t\t\t<div class=\"elementor-element elementor-element-7708475c elementor-widget elementor-widget-text-editor\" data-id=\"7708475c\" data-element_type=\"widget\" data-e-type=\"widget\" data-widget_type=\"text-editor.default\">\n\t\t\t\t<div class=\"elementor-widget-container\">\n\t\t\t\t\t\t\t\t\t<p><span>Mis \u00e0 part le beau pays et l&rsquo;accueil chaleureux, l&rsquo;Irlande est en train de devenir une plaque tournante mondiale pour la technologie, les affaires et l&rsquo;\u00e9ducation.\u00a0<\/span><span>L&rsquo;Irlande est un endroit attrayant pour vivre et travailler et les avantages pour les \u00e9tudiants internationaux sont importants.<\/span><\/p>\t\t\t\t\t\t\t\t<\/div>\n\t\t\t\t<\/div>\n\t\t\t\t<section class=\"elementor-section elementor-inner-section elementor-element elementor-element-767a13f1 elementor-section-boxed elementor-section-height-default elementor-section-height-default\" data-id=\"767a13f1\" data-element_type=\"section\" data-e-type=\"section\">\n\t\t\t\t\t\t<div class=\"elementor-container elementor-column-gap-default\">\n\t\t\t\t\t<div class=\"elementor-column elementor-col-50 elementor-inner-column elementor-element elementor-element-360e2cc3\" data-id=\"360e2cc3\" data-element_type=\"column\" data-e-type=\"column\" data-settings=\"{&quot;background_background&quot;:&quot;classic&quot;}\">\n\t\t\t<div class=\"elementor-widget-wrap elementor-element-populated\">\n\t\t\t\t\t\t<div class=\"elementor-element elementor-element-32d5dcab elementor-widget elementor-widget-heading\" data-id=\"32d5dcab\" data-element_type=\"widget\" data-e-type=\"widget\" data-widget_type=\"heading.default\">\n\t\t\t\t<div class=\"elementor-widget-container\">\n\t\t\t\t\t<h2 class=\"elementor-heading-title elementor-size-default\">Enseignement sup\u00e9rieur en Irlande\n<\/h2>\t\t\t\t<\/div>\n\t\t\t\t<\/div>\n\t\t\t\t<div class=\"elementor-element elementor-element-3cd1d3df elementor-widget-divider--view-line elementor-widget elementor-widget-divider\" data-id=\"3cd1d3df\" data-element_type=\"widget\" data-e-type=\"widget\" data-widget_type=\"divider.default\">\n\t\t\t\t<div class=\"elementor-widget-container\">\n\t\t\t\t\t\t\t<div class=\"elementor-divider\">\n\t\t\t<span class=\"elementor-divider-separator\">\n\t\t\t\t\t\t<\/span>\n\t\t<\/div>\n\t\t\t\t\t\t<\/div>\n\t\t\t\t<\/div>\n\t\t\t\t<div class=\"elementor-element elementor-element-26ab5597 elementor-widget elementor-widget-text-editor\" data-id=\"26ab5597\" data-element_type=\"widget\" data-e-type=\"widget\" data-widget_type=\"text-editor.default\">\n\t\t\t\t<div class=\"elementor-widget-container\">\n\t\t\t\t\t\t\t\t\t<p><span>L&rsquo;Irlande est r\u00e9put\u00e9e pour son hospitalit\u00e9 et les Irlandais sont naturellement chaleureux et amicaux. Le pays poss\u00e8de un riche patrimoine culturel en musique, art, po\u00e9sie et danse et les villes regorgent de choses \u00e0 voir et \u00e0 faire. L&rsquo;Irlande a tellement \u00e0 offrir aux \u00e9tudiants internationaux de tous \u00e2ges. Le gouvernement irlandais investit dans l&rsquo;enseignement sup\u00e9rieur en Irlande, et bien qu&rsquo;il soit d\u00e9j\u00e0 tr\u00e8s bien class\u00e9 au niveau mondial, il a l&rsquo;ambition d&rsquo;en faire le meilleur d&rsquo;Europe d&rsquo;ici 2025. Une partie de cette strat\u00e9gie et de cet investissement consiste \u00e0 faire de l&rsquo;Irlande une destination beaucoup plus attrayante et accueillir plus d&rsquo;\u00e9tudiants internationaux dans l&rsquo;enseignement sup\u00e9rieur en Irlande.<\/span><br \/><span>Pour de nombreux \u00e9tudiants internationaux, se pr\u00e9parer \u00e0 postuler pour une universit\u00e9 \u00e0 l&rsquo;\u00e9tranger peut \u00eatre une exp\u00e9rience intimidante et stimulante. Il existe de nombreuses opportunit\u00e9s, de nombreux choix et de nombreuses d\u00e9cisions \u00e0 prendre.<\/span><br \/><span>Tout en r\u00e9fl\u00e9chissant \u00e0 la mani\u00e8re dont nous pouvons aider nos partenaires et nos \u00e9tudiants \u00e0 choisir le bon programme, nous avons reconnu que nous avions besoin d&rsquo;un service transparent et ind\u00e9pendant qui offrirait des conseils impartiaux sur l&rsquo;\u00e9ventail des opportunit\u00e9s disponibles.<\/span><\/p>\t\t\t\t\t\t\t\t<\/div>\n\t\t\t\t<\/div>\n\t\t\t\t\t<\/div>\n\t\t<\/div>\n\t\t\t\t<div class=\"elementor-column elementor-col-50 elementor-inner-column elementor-element elementor-element-39218abf\" data-id=\"39218abf\" data-element_type=\"column\" data-e-type=\"column\" data-settings=\"{&quot;background_background&quot;:&quot;classic&quot;}\">\n\t\t\t<div class=\"elementor-widget-wrap elementor-element-populated\">\n\t\t\t\t\t\t<div class=\"elementor-element elementor-element-1e6fa53b elementor-widget elementor-widget-spacer\" data-id=\"1e6fa53b\" data-element_type=\"widget\" data-e-type=\"widget\" data-widget_type=\"spacer.default\">\n\t\t\t\t<div class=\"elementor-widget-container\">\n\t\t\t\t\t\t\t<div class=\"elementor-spacer\">\n\t\t\t<div class=\"elementor-spacer-inner\"><\/div>\n\t\t<\/div>\n\t\t\t\t\t\t<\/div>\n\t\t\t\t<\/div>\n\t\t\t\t<div class=\"elementor-element elementor-element-442c2245 elementor-widget elementor-widget-image\" data-id=\"442c2245\" data-element_type=\"widget\" data-e-type=\"widget\" data-widget_type=\"image.default\">\n\t\t\t\t<div class=\"elementor-widget-container\">\n\t\t\t\t\t\t\t\t\t\t\t\t\t\t\t<img decoding=\"async\" src=\"https:\/\/elischools.com\/wp-content\/uploads\/elementor\/thumbs\/Higher-Education-in-Ireland-qzz40qocha6108d3kf3tntv3my3be1pjc8wd6oyli0.jpg\" title=\"Higher Education in Ireland\" alt=\"Higher Education in Ireland\" loading=\"lazy\" \/>\t\t\t\t\t\t\t\t\t\t\t\t\t\t\t<\/div>\n\t\t\t\t<\/div>\n\t\t\t\t\t<\/div>\n\t\t<\/div>\n\t\t\t\t\t<\/div>\n\t\t<\/section>\n\t\t\t\t<div class=\"elementor-element elementor-element-30de478a elementor-widget elementor-widget-spacer\" data-id=\"30de478a\" data-element_type=\"widget\" data-e-type=\"widget\" data-widget_type=\"spacer.default\">\n\t\t\t\t<div class=\"elementor-widget-container\">\n\t\t\t\t\t\t\t<div class=\"elementor-spacer\">\n\t\t\t<div class=\"elementor-spacer-inner\"><\/div>\n\t\t<\/div>\n\t\t\t\t\t\t<\/div>\n\t\t\t\t<\/div>\n\t\t\t\t\t<\/div>\n\t\t<\/div>\n\t\t\t\t\t<\/div>\n\t\t<\/section>\n\t\t\t\t<section class=\"elementor-section elementor-top-section elementor-element elementor-element-76726b8d elementor-section-stretched elementor-section-boxed elementor-section-height-default elementor-section-height-default\" data-id=\"76726b8d\" data-element_type=\"section\" data-e-type=\"section\" data-settings=\"{&quot;stretch_section&quot;:&quot;section-stretched&quot;,&quot;background_background&quot;:&quot;classic&quot;}\">\n\t\t\t\t\t\t<div class=\"elementor-container elementor-column-gap-no\">\n\t\t\t\t\t<div class=\"elementor-column elementor-col-100 elementor-top-column elementor-element elementor-element-30032ad1\" data-id=\"30032ad1\" data-element_type=\"column\" data-e-type=\"column\">\n\t\t\t<div class=\"elementor-widget-wrap elementor-element-populated\">\n\t\t\t\t\t\t<div class=\"elementor-element elementor-element-2a62acc2 elementor-widget elementor-widget-spacer\" data-id=\"2a62acc2\" data-element_type=\"widget\" data-e-type=\"widget\" data-widget_type=\"spacer.default\">\n\t\t\t\t<div class=\"elementor-widget-container\">\n\t\t\t\t\t\t\t<div class=\"elementor-spacer\">\n\t\t\t<div class=\"elementor-spacer-inner\"><\/div>\n\t\t<\/div>\n\t\t\t\t\t\t<\/div>\n\t\t\t\t<\/div>\n\t\t\t\t<div class=\"elementor-element elementor-element-6dae982f elementor-widget elementor-widget-heading\" data-id=\"6dae982f\" data-element_type=\"widget\" data-e-type=\"widget\" data-widget_type=\"heading.default\">\n\t\t\t\t<div class=\"elementor-widget-container\">\n\t\t\t\t\t<h2 class=\"elementor-heading-title elementor-size-default\">University Pathways Irlande<\/h2>\t\t\t\t<\/div>\n\t\t\t\t<\/div>\n\t\t\t\t<div class=\"elementor-element elementor-element-3ab01b6a elementor-widget-divider--view-line elementor-widget elementor-widget-divider\" data-id=\"3ab01b6a\" data-element_type=\"widget\" data-e-type=\"widget\" data-widget_type=\"divider.default\">\n\t\t\t\t<div class=\"elementor-widget-container\">\n\t\t\t\t\t\t\t<div class=\"elementor-divider\">\n\t\t\t<span class=\"elementor-divider-separator\">\n\t\t\t\t\t\t<\/span>\n\t\t<\/div>\n\t\t\t\t\t\t<\/div>\n\t\t\t\t<\/div>\n\t\t\t\t<div class=\"elementor-element elementor-element-7b822657 elementor-widget elementor-widget-text-editor\" data-id=\"7b822657\" data-element_type=\"widget\" data-e-type=\"widget\" data-widget_type=\"text-editor.default\">\n\t\t\t\t<div class=\"elementor-widget-container\">\n\t\t\t\t\t\t\t\t\t<p><span>University Pathways Ireland est un service de conseil sp\u00e9cialis\u00e9 qui aide les \u00e9tudiants internationaux \u00e0 d\u00e9couvrir et \u00e0 postuler pour les meilleures universit\u00e9s et coll\u00e8ges d&rsquo;Irlande.\u00a0Il existe plus de 40 \u00e9tablissements d&rsquo;enseignement sup\u00e9rieur en Irlande, offrant des milliers de cours dans un large \u00e9ventail de mati\u00e8res.<\/span><br \/><br \/><span>Pour vraiment offrir les conseils les plus \u00e9clair\u00e9s \u00e0 nos \u00e9tudiants, nous avions besoin d&rsquo;un expert capable de fournir des informations d\u00e9taill\u00e9es sur les conditions d&rsquo;entr\u00e9e, les frais de scolarit\u00e9 et les bourses disponibles pour chaque programme et \u00e9tablissement. <\/span><span>Le service University Pathways Ireland est gratuit pour les \u00e9tudiants, financ\u00e9 par les \u00e9tablissements et offre un service complet allant de la planification pr\u00e9alable \u00e0 la candidature et des \u00e9v\u00e9nements de d\u00e9couverte \u00e0 un service de candidature complet de bout en bout. Nous sommes convaincus qu&rsquo;UPI offre aux \u00e9tudiants et partenaires internationaux la gamme d&rsquo;expertise que nous recherchions et nous travaillerons en \u00e9troite collaboration avec leur \u00e9quipe pour conseiller les \u00e9tudiants \u00e9trangers sur les options disponibles.<\/span>\u00a0<\/p><p><span>Pour de nombreux \u00e9tudiants internationaux, les opportunit\u00e9s dans l&rsquo;enseignement sup\u00e9rieur en Irlande sont tout simplement hors de port\u00e9e car ils n&rsquo;ont pas encore d\u00e9velopp\u00e9 la ma\u00eetrise de l&rsquo;anglais requise pour poursuivre leurs r\u00eaves.\u00a0Atteindre des niveaux \u00e9lev\u00e9s d&rsquo;anglais dans les pays non anglophones est un d\u00e9fi qui demande beaucoup de d\u00e9vouement et de temps.\u00a0<span class=\"\">Le programme ELI Schools Pathway est un programme d&rsquo;anglais pr\u00e9paratoire con\u00e7u pour aider les \u00e9tudiants internationaux \u00e0 atteindre le niveau d&rsquo;anglais requis pour acc\u00e9der \u00e0 l&rsquo;enseignement sup\u00e9rieur tout en vivant et en travaillant en Irlande. <\/span>Nos professeurs exp\u00e9riment\u00e9s aideront les \u00e9tudiants \u00e0 atteindre des niveaux \u00e9lev\u00e9s \u00e0 l&rsquo;IELTS et \u00e0 acc\u00e9l\u00e9rer leur cheminement vers d&rsquo;autres \u00e9tudes universitaires.<\/span><\/p>\t\t\t\t\t\t\t\t<\/div>\n\t\t\t\t<\/div>\n\t\t\t\t<div class=\"elementor-element elementor-element-b4f5832 elementor-widget elementor-widget-spacer\" data-id=\"b4f5832\" data-element_type=\"widget\" data-e-type=\"widget\" data-widget_type=\"spacer.default\">\n\t\t\t\t<div class=\"elementor-widget-container\">\n\t\t\t\t\t\t\t<div class=\"elementor-spacer\">\n\t\t\t<div class=\"elementor-spacer-inner\"><\/div>\n\t\t<\/div>\n\t\t\t\t\t\t<\/div>\n\t\t\t\t<\/div>\n\t\t\t\t\t<\/div>\n\t\t<\/div>\n\t\t\t\t\t<\/div>\n\t\t<\/section>\n\t\t\t\t<section class=\"elementor-section elementor-top-section elementor-element elementor-element-28ee0bb6 elementor-section-full_width elementor-section-height-default elementor-section-height-default\" data-id=\"28ee0bb6\" data-element_type=\"section\" data-e-type=\"section\">\n\t\t\t\t\t\t<div class=\"elementor-container elementor-column-gap-default\">\n\t\t\t\t\t<div class=\"elementor-column elementor-col-100 elementor-top-column elementor-element elementor-element-938ebfa\" data-id=\"938ebfa\" data-element_type=\"column\" data-e-type=\"column\">\n\t\t\t<div class=\"elementor-widget-wrap elementor-element-populated\">\n\t\t\t\t\t\t<div class=\"elementor-element elementor-element-a12e263 elementor-widget elementor-widget-spacer\" data-id=\"a12e263\" data-element_type=\"widget\" data-e-type=\"widget\" data-widget_type=\"spacer.default\">\n\t\t\t\t<div class=\"elementor-widget-container\">\n\t\t\t\t\t\t\t<div class=\"elementor-spacer\">\n\t\t\t<div class=\"elementor-spacer-inner\"><\/div>\n\t\t<\/div>\n\t\t\t\t\t\t<\/div>\n\t\t\t\t<\/div>\n\t\t\t\t<section class=\"elementor-section elementor-inner-section elementor-element elementor-element-792817c4 elementor-section-boxed elementor-section-height-default elementor-section-height-default\" data-id=\"792817c4\" data-element_type=\"section\" data-e-type=\"section\">\n\t\t\t\t\t\t<div class=\"elementor-container elementor-column-gap-default\">\n\t\t\t\t\t<div class=\"elementor-column elementor-col-33 elementor-inner-column elementor-element elementor-element-3434f0f0\" data-id=\"3434f0f0\" data-element_type=\"column\" data-e-type=\"column\">\n\t\t\t<div class=\"elementor-widget-wrap\">\n\t\t\t\t\t\t\t<\/div>\n\t\t<\/div>\n\t\t\t\t<div class=\"elementor-column elementor-col-33 elementor-inner-column elementor-element elementor-element-380b960\" data-id=\"380b960\" data-element_type=\"column\" data-e-type=\"column\">\n\t\t\t<div class=\"elementor-widget-wrap\">\n\t\t\t\t\t\t\t<\/div>\n\t\t<\/div>\n\t\t\t\t<div class=\"elementor-column elementor-col-33 elementor-inner-column elementor-element elementor-element-58246383\" data-id=\"58246383\" data-element_type=\"column\" data-e-type=\"column\">\n\t\t\t<div class=\"elementor-widget-wrap elementor-element-populated\">\n\t\t\t\t\t\t<div class=\"elementor-element elementor-element-419dba43 elementor-align-justify elementor-widget elementor-widget-button\" data-id=\"419dba43\" data-element_type=\"widget\" data-e-type=\"widget\" data-widget_type=\"button.default\">\n\t\t\t\t<div class=\"elementor-widget-container\">\n\t\t\t\t\t\t\t\t\t<div class=\"elementor-button-wrapper\">\n\t\t\t\t\t<a class=\"elementor-button elementor-size-xl\" role=\"button\">\n\t\t\t\t\t\t<span class=\"elementor-button-content-wrapper\">\n\t\t\t\t\t\t\t\t\t<span class=\"elementor-button-text\">Lire la suite &gt; Programme Pathway<\/span>\n\t\t\t\t\t<\/span>\n\t\t\t\t\t<\/a>\n\t\t\t\t<\/div>\n\t\t\t\t\t\t\t\t<\/div>\n\t\t\t\t<\/div>\n\t\t\t\t\t<\/div>\n\t\t<\/div>\n\t\t\t\t\t<\/div>\n\t\t<\/section>\n\t\t\t\t<div class=\"elementor-element elementor-element-cd7778a elementor-widget elementor-widget-spacer\" data-id=\"cd7778a\" data-element_type=\"widget\" data-e-type=\"widget\" data-widget_type=\"spacer.default\">\n\t\t\t\t<div class=\"elementor-widget-container\">\n\t\t\t\t\t\t\t<div class=\"elementor-spacer\">\n\t\t\t<div class=\"elementor-spacer-inner\"><\/div>\n\t\t<\/div>\n\t\t\t\t\t\t<\/div>\n\t\t\t\t<\/div>\n\t\t\t\t\t<\/div>\n\t\t<\/div>\n\t\t\t\t\t<\/div>\n\t\t<\/section>\n\t\t\t\t<\/div>\n\t\t","protected":false},"excerpt":{"rendered":"<p>Parcours universitaires Mis \u00e0 part le beau pays et l&rsquo;accueil chaleureux, l&rsquo;Irlande est en train de devenir une plaque tournante mondiale pour la technologie, les affaires et l&rsquo;\u00e9ducation.\u00a0L&rsquo;Irlande est un endroit attrayant pour vivre et travailler et les avantages pour les \u00e9tudiants internationaux sont importants. Enseignement sup\u00e9rieur en Irlande L&rsquo;Irlande est r\u00e9put\u00e9e pour son hospitalit\u00e9 [&hellip;]<\/p>\n","protected":false},"author":19,"featured_media":0,"parent":0,"menu_order":0,"comment_status":"closed","ping_status":"closed","template":"elementor_header_footer","meta":{"footnotes":""},"class_list":["post-7679","page","type-page","status-publish","hentry"],"_links":{"self":[{"href":"https:\/\/elischools.com\/fr\/wp-json\/wp\/v2\/pages\/7679","targetHints":{"allow":["GET"]}}],"collection":[{"href":"https:\/\/elischools.com\/fr\/wp-json\/wp\/v2\/pages"}],"about":[{"href":"https:\/\/elischools.com\/fr\/wp-json\/wp\/v2\/types\/page"}],"author":[{"embeddable":true,"href":"https:\/\/elischools.com\/fr\/wp-json\/wp\/v2\/users\/19"}],"replies":[{"embeddable":true,"href":"https:\/\/elischools.com\/fr\/wp-json\/wp\/v2\/comments?post=7679"}],"version-history":[{"count":0,"href":"https:\/\/elischools.com\/fr\/wp-json\/wp\/v2\/pages\/7679\/revisions"}],"wp:attachment":[{"href":"https:\/\/elischools.com\/fr\/wp-json\/wp\/v2\/media?parent=7679"}],"curies":[{"name":"wp","href":"https:\/\/api.w.org\/{rel}","templated":true}]}}