{"id":7610,"date":"2021-06-09T17:15:27","date_gmt":"2021-06-09T17:15:27","guid":{"rendered":"https:\/\/elischools.com\/?page_id=7610"},"modified":"2021-09-27T19:16:07","modified_gmt":"2021-09-27T19:16:07","slug":"apprendre-a-leli","status":"publish","type":"page","link":"https:\/\/elischools.com\/fr\/apprendre-a-leli\/","title":{"rendered":"Apprendre \u00e0 l&rsquo;ELI"},"content":{"rendered":"\t\t<div data-elementor-type=\"wp-page\" data-elementor-id=\"7610\" class=\"elementor elementor-7610 elementor-688\" data-elementor-post-type=\"page\">\n\t\t\t\t\t\t<section class=\"elementor-section elementor-top-section elementor-element elementor-element-48c651a9 elementor-section-full_width elementor-section-stretched elementor-section-height-min-height elementor-section-height-default elementor-section-items-middle\" data-id=\"48c651a9\" data-element_type=\"section\" data-e-type=\"section\" data-settings=\"{&quot;stretch_section&quot;:&quot;section-stretched&quot;,&quot;background_background&quot;:&quot;classic&quot;}\">\n\t\t\t\t\t\t<div class=\"elementor-container elementor-column-gap-no\">\n\t\t\t\t\t<div class=\"elementor-column elementor-col-100 elementor-top-column elementor-element elementor-element-4b1d32a2\" data-id=\"4b1d32a2\" data-element_type=\"column\" data-e-type=\"column\">\n\t\t\t<div class=\"elementor-widget-wrap elementor-element-populated\">\n\t\t\t\t\t\t<section class=\"elementor-section elementor-inner-section elementor-element elementor-element-6992d92b elementor-section-full_width elementor-section-height-default elementor-section-height-default\" data-id=\"6992d92b\" data-element_type=\"section\" data-e-type=\"section\">\n\t\t\t\t\t\t<div class=\"elementor-container elementor-column-gap-default\">\n\t\t\t\t\t<div class=\"elementor-column elementor-col-100 elementor-inner-column elementor-element elementor-element-6295eaaa\" data-id=\"6295eaaa\" data-element_type=\"column\" data-e-type=\"column\">\n\t\t\t<div class=\"elementor-widget-wrap elementor-element-populated\">\n\t\t\t\t\t\t<div class=\"elementor-element elementor-element-485b2923 elementor-widget elementor-widget-text-editor\" data-id=\"485b2923\" data-element_type=\"widget\" data-e-type=\"widget\" data-widget_type=\"text-editor.default\">\n\t\t\t\t<div class=\"elementor-widget-container\">\n\t\t\t\t\t\t\t\t\t<span>Apprendre avec ELI<\/span>\t\t\t\t\t\t\t\t<\/div>\n\t\t\t\t<\/div>\n\t\t\t\t\t<\/div>\n\t\t<\/div>\n\t\t\t\t\t<\/div>\n\t\t<\/section>\n\t\t\t\t\t<\/div>\n\t\t<\/div>\n\t\t\t\t\t<\/div>\n\t\t<\/section>\n\t\t\t\t<section class=\"elementor-section elementor-top-section elementor-element elementor-element-3409c0ff elementor-section-boxed elementor-section-height-default elementor-section-height-default\" data-id=\"3409c0ff\" data-element_type=\"section\" data-e-type=\"section\">\n\t\t\t\t\t\t<div class=\"elementor-container elementor-column-gap-no\">\n\t\t\t\t\t<div class=\"elementor-column elementor-col-100 elementor-top-column elementor-element elementor-element-26ce538a\" data-id=\"26ce538a\" data-element_type=\"column\" data-e-type=\"column\">\n\t\t\t<div class=\"elementor-widget-wrap elementor-element-populated\">\n\t\t\t\t\t\t<div class=\"elementor-element elementor-element-4e335b47 elementor-widget elementor-widget-spacer\" data-id=\"4e335b47\" data-element_type=\"widget\" data-e-type=\"widget\" data-widget_type=\"spacer.default\">\n\t\t\t\t<div class=\"elementor-widget-container\">\n\t\t\t\t\t\t\t<div class=\"elementor-spacer\">\n\t\t\t<div class=\"elementor-spacer-inner\"><\/div>\n\t\t<\/div>\n\t\t\t\t\t\t<\/div>\n\t\t\t\t<\/div>\n\t\t\t\t<div class=\"elementor-element elementor-element-4424c6f elementor-widget elementor-widget-text-editor\" data-id=\"4424c6f\" data-element_type=\"widget\" data-e-type=\"widget\" data-widget_type=\"text-editor.default\">\n\t\t\t\t<div class=\"elementor-widget-container\">\n\t\t\t\t\t\t\t\t\t<p>Chez ELI, nous avons con\u00e7u notre programme et notre m\u00e9thodologie d&rsquo;enseignement pour r\u00e9pondre aux normes internationales les plus \u00e9lev\u00e9es, mais nous personnalisons notre approche afin de pouvoir r\u00e9pondre aux besoins de chaque apprenant.<\/p>\t\t\t\t\t\t\t\t<\/div>\n\t\t\t\t<\/div>\n\t\t\t\t<div class=\"elementor-element elementor-element-7e367c06 elementor-widget elementor-widget-spacer\" data-id=\"7e367c06\" data-element_type=\"widget\" data-e-type=\"widget\" data-widget_type=\"spacer.default\">\n\t\t\t\t<div class=\"elementor-widget-container\">\n\t\t\t\t\t\t\t<div class=\"elementor-spacer\">\n\t\t\t<div class=\"elementor-spacer-inner\"><\/div>\n\t\t<\/div>\n\t\t\t\t\t\t<\/div>\n\t\t\t\t<\/div>\n\t\t\t\t\t<\/div>\n\t\t<\/div>\n\t\t\t\t\t<\/div>\n\t\t<\/section>\n\t\t\t\t<section class=\"elementor-section elementor-top-section elementor-element elementor-element-1f092bef elementor-section-boxed elementor-section-height-default elementor-section-height-default\" data-id=\"1f092bef\" data-element_type=\"section\" data-e-type=\"section\">\n\t\t\t\t\t\t<div class=\"elementor-container elementor-column-gap-default\">\n\t\t\t\t\t<div class=\"elementor-column elementor-col-50 elementor-top-column elementor-element elementor-element-408da8e6\" data-id=\"408da8e6\" data-element_type=\"column\" data-e-type=\"column\">\n\t\t\t<div class=\"elementor-widget-wrap elementor-element-populated\">\n\t\t\t\t\t\t<div class=\"elementor-element elementor-element-915cd92 elementor-widget elementor-widget-spacer\" data-id=\"915cd92\" data-element_type=\"widget\" data-e-type=\"widget\" data-widget_type=\"spacer.default\">\n\t\t\t\t<div class=\"elementor-widget-container\">\n\t\t\t\t\t\t\t<div class=\"elementor-spacer\">\n\t\t\t<div class=\"elementor-spacer-inner\"><\/div>\n\t\t<\/div>\n\t\t\t\t\t\t<\/div>\n\t\t\t\t<\/div>\n\t\t\t\t<div class=\"elementor-element elementor-element-6e3f0a96 elementor-widget elementor-widget-text-editor\" data-id=\"6e3f0a96\" data-element_type=\"widget\" data-e-type=\"widget\" data-widget_type=\"text-editor.default\">\n\t\t\t\t<div class=\"elementor-widget-container\">\n\t\t\t\t\t\t\t\t\t<p><span>Nous offrons une gamme de programmes qui ont le potentiel de transformer v\u00e9ritablement la vie de nos \u00e9tudiants.\u00a0<\/span><span>Pour les jeunes adultes de 16 \u00e0 18 ans, notre programme High School offre aux \u00e9tudiants internationaux une occasion unique de s&rsquo;immerger dans certains des meilleurs internats et externats du pays.\u00a0<\/span><span>Nos lyc\u00e9es partenaires offrent l&rsquo;environnement id\u00e9al pour se d\u00e9velopper dans l&rsquo;un des syst\u00e8mes \u00e9ducatifs les mieux class\u00e9s au monde menant \u00e0 l&rsquo;universit\u00e9 en Irlande ou au-del\u00e0.\u00a0<\/span><span>Notre programme Pathway aide les \u00e9tudiants internationaux \u00e0 se pr\u00e9parer \u00e0 poursuivre leurs \u00e9tudes en Irlande en mettant fortement l&rsquo;accent sur la langue anglaise et les comp\u00e9tences g\u00e9n\u00e9rales requises pour acc\u00e9der \u00e0 l&rsquo;enseignement sup\u00e9rieur, avec un service de placement universitaire gratuit.<\/span><\/p>\t\t\t\t\t\t\t\t<\/div>\n\t\t\t\t<\/div>\n\t\t\t\t\t<\/div>\n\t\t<\/div>\n\t\t\t\t<div class=\"elementor-column elementor-col-50 elementor-top-column elementor-element elementor-element-3e83adc3\" data-id=\"3e83adc3\" data-element_type=\"column\" data-e-type=\"column\">\n\t\t\t<div class=\"elementor-widget-wrap elementor-element-populated\">\n\t\t\t\t\t\t<div class=\"elementor-element elementor-element-28287611 elementor-widget elementor-widget-spacer\" data-id=\"28287611\" data-element_type=\"widget\" data-e-type=\"widget\" data-widget_type=\"spacer.default\">\n\t\t\t\t<div class=\"elementor-widget-container\">\n\t\t\t\t\t\t\t<div class=\"elementor-spacer\">\n\t\t\t<div class=\"elementor-spacer-inner\"><\/div>\n\t\t<\/div>\n\t\t\t\t\t\t<\/div>\n\t\t\t\t<\/div>\n\t\t\t\t<div class=\"elementor-element elementor-element-d7d56e9 elementor-widget elementor-widget-image\" data-id=\"d7d56e9\" data-element_type=\"widget\" data-e-type=\"widget\" data-widget_type=\"image.default\">\n\t\t\t\t<div class=\"elementor-widget-container\">\n\t\t\t\t\t\t\t\t\t\t\t\t\t\t\t<img decoding=\"async\" src=\"https:\/\/elischools.com\/wp-content\/uploads\/elementor\/thumbs\/Learning-with-ELI-qzz40qocha4lur0dq8eoc2a2obyt7brkuj5s4an5w4.jpg\" title=\"Learning with ELI\" alt=\"Learning with ELI\" loading=\"lazy\" \/>\t\t\t\t\t\t\t\t\t\t\t\t\t\t\t<\/div>\n\t\t\t\t<\/div>\n\t\t\t\t<div class=\"elementor-element elementor-element-219fa46c elementor-widget elementor-widget-spacer\" data-id=\"219fa46c\" data-element_type=\"widget\" data-e-type=\"widget\" data-widget_type=\"spacer.default\">\n\t\t\t\t<div class=\"elementor-widget-container\">\n\t\t\t\t\t\t\t<div class=\"elementor-spacer\">\n\t\t\t<div class=\"elementor-spacer-inner\"><\/div>\n\t\t<\/div>\n\t\t\t\t\t\t<\/div>\n\t\t\t\t<\/div>\n\t\t\t\t\t<\/div>\n\t\t<\/div>\n\t\t\t\t\t<\/div>\n\t\t<\/section>\n\t\t\t\t<section class=\"elementor-section elementor-top-section elementor-element elementor-element-77abaea elementor-section-full_width elementor-section-height-default elementor-section-height-default\" data-id=\"77abaea\" data-element_type=\"section\" data-e-type=\"section\" data-settings=\"{&quot;background_background&quot;:&quot;classic&quot;}\">\n\t\t\t\t\t\t<div class=\"elementor-container elementor-column-gap-no\">\n\t\t\t\t\t<div class=\"elementor-column elementor-col-100 elementor-top-column elementor-element elementor-element-369c6eae\" data-id=\"369c6eae\" data-element_type=\"column\" data-e-type=\"column\">\n\t\t\t<div class=\"elementor-widget-wrap elementor-element-populated\">\n\t\t\t\t\t\t<section class=\"elementor-section elementor-inner-section elementor-element elementor-element-421067b9 elementor-section-full_width space-column-acommodation elementor-section-height-default elementor-section-height-default\" data-id=\"421067b9\" data-element_type=\"section\" data-e-type=\"section\">\n\t\t\t\t\t\t<div class=\"elementor-container elementor-column-gap-default\">\n\t\t\t\t\t<div class=\"elementor-column elementor-col-25 elementor-inner-column elementor-element elementor-element-14d669ec\" data-id=\"14d669ec\" data-element_type=\"column\" data-e-type=\"column\" data-settings=\"{&quot;background_background&quot;:&quot;classic&quot;}\">\n\t\t\t<div class=\"elementor-widget-wrap elementor-element-populated\">\n\t\t\t\t\t\t<div class=\"elementor-element elementor-element-1abc1ef8 elementor-widget elementor-widget-image\" data-id=\"1abc1ef8\" data-element_type=\"widget\" data-e-type=\"widget\" data-widget_type=\"image.default\">\n\t\t\t\t<div class=\"elementor-widget-container\">\n\t\t\t\t\t\t\t\t\t\t\t\t\t\t\t<img fetchpriority=\"high\" decoding=\"async\" width=\"768\" height=\"350\" src=\"https:\/\/elischools.com\/wp-content\/uploads\/2021\/03\/Elli-School-General-English-Ireland-Teacher-768x350.jpg\" class=\"attachment-medium_large size-medium_large wp-image-7615\" alt=\"\" srcset=\"https:\/\/elischools.com\/wp-content\/uploads\/2021\/03\/Elli-School-General-English-Ireland-Teacher-768x350.jpg 768w, https:\/\/elischools.com\/wp-content\/uploads\/2021\/03\/Elli-School-General-English-Ireland-Teacher-300x137.jpg 300w, https:\/\/elischools.com\/wp-content\/uploads\/2021\/03\/Elli-School-General-English-Ireland-Teacher.jpg 960w\" sizes=\"(max-width: 768px) 100vw, 768px\" \/>\t\t\t\t\t\t\t\t\t\t\t\t\t\t\t<\/div>\n\t\t\t\t<\/div>\n\t\t\t\t<div class=\"elementor-element elementor-element-181c990 elementor-widget elementor-widget-heading\" data-id=\"181c990\" data-element_type=\"widget\" data-e-type=\"widget\" data-widget_type=\"heading.default\">\n\t\t\t\t<div class=\"elementor-widget-container\">\n\t\t\t\t\t<h3 class=\"elementor-heading-title elementor-size-default\">M\u00e9thodologie d'enseignement<\/h3>\t\t\t\t<\/div>\n\t\t\t\t<\/div>\n\t\t\t\t<div class=\"elementor-element elementor-element-2b3cd13 elementor-widget elementor-widget-text-editor\" data-id=\"2b3cd13\" data-element_type=\"widget\" data-e-type=\"widget\" data-widget_type=\"text-editor.default\">\n\t\t\t\t<div class=\"elementor-widget-container\">\n\t\t\t\t\t\t\t\t\t<p><span>En utilisant une approche communicative, nos cours sont enseign\u00e9s en utilisant une m\u00e9thode bas\u00e9e sur des t\u00e2ches impliquant des sujets et des th\u00e8mes de la vie quotidienne.\u00a0<\/span><span>Nous utilisons un livre de cours central et un cahier d&rsquo;exercices pour chaque niveau et les enseignants les compl\u00e8tent en utilisant du mat\u00e9riel authentique, notamment des journaux, des vid\u00e9os en ligne et des fichiers audio.<\/span><\/p>\t\t\t\t\t\t\t\t<\/div>\n\t\t\t\t<\/div>\n\t\t\t\t\t<\/div>\n\t\t<\/div>\n\t\t\t\t<div class=\"elementor-column elementor-col-25 elementor-inner-column elementor-element elementor-element-6ecac967\" data-id=\"6ecac967\" data-element_type=\"column\" data-e-type=\"column\">\n\t\t\t<div class=\"elementor-widget-wrap elementor-element-populated\">\n\t\t\t\t\t\t<div class=\"elementor-element elementor-element-581aad51 elementor-widget elementor-widget-image\" data-id=\"581aad51\" data-element_type=\"widget\" data-e-type=\"widget\" data-widget_type=\"image.default\">\n\t\t\t\t<div class=\"elementor-widget-container\">\n\t\t\t\t\t\t\t\t\t\t\t\t\t\t\t<img decoding=\"async\" width=\"768\" height=\"350\" src=\"https:\/\/elischools.com\/wp-content\/uploads\/2021\/03\/Elli-School-General-English-Ireland-Students-768x350.jpg\" class=\"attachment-medium_large size-medium_large wp-image-7614\" alt=\"\" srcset=\"https:\/\/elischools.com\/wp-content\/uploads\/2021\/03\/Elli-School-General-English-Ireland-Students-768x350.jpg 768w, https:\/\/elischools.com\/wp-content\/uploads\/2021\/03\/Elli-School-General-English-Ireland-Students-300x137.jpg 300w, https:\/\/elischools.com\/wp-content\/uploads\/2021\/03\/Elli-School-General-English-Ireland-Students.jpg 960w\" sizes=\"(max-width: 768px) 100vw, 768px\" \/>\t\t\t\t\t\t\t\t\t\t\t\t\t\t\t<\/div>\n\t\t\t\t<\/div>\n\t\t\t\t<div class=\"elementor-element elementor-element-b460667 elementor-widget elementor-widget-heading\" data-id=\"b460667\" data-element_type=\"widget\" data-e-type=\"widget\" data-widget_type=\"heading.default\">\n\t\t\t\t<div class=\"elementor-widget-container\">\n\t\t\t\t\t<h3 class=\"elementor-heading-title elementor-size-default\">Progr\u00e8s d\u00e9fini<\/h3>\t\t\t\t<\/div>\n\t\t\t\t<\/div>\n\t\t\t\t<div class=\"elementor-element elementor-element-0515a23 elementor-widget elementor-widget-text-editor\" data-id=\"0515a23\" data-element_type=\"widget\" data-e-type=\"widget\" data-widget_type=\"text-editor.default\">\n\t\t\t\t<div class=\"elementor-widget-container\">\n\t\t\t\t\t\t\t\t\t<p><span>Pour chaque niveau que nous enseignons, notre programme est compos\u00e9 de comp\u00e9tences et d&rsquo;aptitudes clairement d\u00e9finies.\u00a0<\/span><span>Nos professeurs exp\u00e9riment\u00e9s vous guideront \u00e0 travers chaque niveau avec un test de progression et un rapport de progression toutes les 6 semaines, et un test de progression de niveau apr\u00e8s 12 semaines.<\/span><\/p>\t\t\t\t\t\t\t\t<\/div>\n\t\t\t\t<\/div>\n\t\t\t\t\t<\/div>\n\t\t<\/div>\n\t\t\t\t\t<\/div>\n\t\t<\/section>\n\t\t\t\t\t<\/div>\n\t\t<\/div>\n\t\t\t\t\t<\/div>\n\t\t<\/section>\n\t\t\t\t<section class=\"elementor-section elementor-top-section elementor-element elementor-element-239ed0c7 elementor-section-full_width elementor-section-height-default elementor-section-height-default\" data-id=\"239ed0c7\" data-element_type=\"section\" data-e-type=\"section\">\n\t\t\t\t\t\t<div class=\"elementor-container elementor-column-gap-default\">\n\t\t\t\t\t<div class=\"elementor-column elementor-col-100 elementor-top-column elementor-element elementor-element-248cff14\" data-id=\"248cff14\" data-element_type=\"column\" data-e-type=\"column\">\n\t\t\t<div class=\"elementor-widget-wrap elementor-element-populated\">\n\t\t\t\t\t\t<section class=\"elementor-section elementor-inner-section elementor-element elementor-element-7ea22df0 elementor-section-boxed elementor-section-height-default elementor-section-height-default\" data-id=\"7ea22df0\" data-element_type=\"section\" data-e-type=\"section\">\n\t\t\t\t\t\t<div class=\"elementor-container elementor-column-gap-default\">\n\t\t\t\t\t<div class=\"elementor-column elementor-col-33 elementor-inner-column elementor-element elementor-element-6880a609\" data-id=\"6880a609\" data-element_type=\"column\" data-e-type=\"column\">\n\t\t\t<div class=\"elementor-widget-wrap\">\n\t\t\t\t\t\t\t<\/div>\n\t\t<\/div>\n\t\t\t\t<div class=\"elementor-column elementor-col-33 elementor-inner-column elementor-element elementor-element-751904e6\" data-id=\"751904e6\" data-element_type=\"column\" data-e-type=\"column\">\n\t\t\t<div class=\"elementor-widget-wrap\">\n\t\t\t\t\t\t\t<\/div>\n\t\t<\/div>\n\t\t\t\t<div class=\"elementor-column elementor-col-33 elementor-inner-column elementor-element elementor-element-7df59ebd\" data-id=\"7df59ebd\" data-element_type=\"column\" data-e-type=\"column\">\n\t\t\t<div class=\"elementor-widget-wrap elementor-element-populated\">\n\t\t\t\t\t\t<div class=\"elementor-element elementor-element-2b0219fe elementor-align-right elementor-widget elementor-widget-button\" data-id=\"2b0219fe\" data-element_type=\"widget\" data-e-type=\"widget\" data-widget_type=\"button.default\">\n\t\t\t\t<div class=\"elementor-widget-container\">\n\t\t\t\t\t\t\t\t\t<div class=\"elementor-button-wrapper\">\n\t\t\t\t\t<a class=\"elementor-button elementor-button-link elementor-size-sm\" href=\"https:\/\/elischools.com\/fr\/programmes-danglais\/\">\n\t\t\t\t\t\t<span class=\"elementor-button-content-wrapper\">\n\t\t\t\t\t\t\t\t\t<span class=\"elementor-button-text\">Lire la suite &gt; Programmes d'anglais<\/span>\n\t\t\t\t\t<\/span>\n\t\t\t\t\t<\/a>\n\t\t\t\t<\/div>\n\t\t\t\t\t\t\t\t<\/div>\n\t\t\t\t<\/div>\n\t\t\t\t\t<\/div>\n\t\t<\/div>\n\t\t\t\t\t<\/div>\n\t\t<\/section>\n\t\t\t\t<div class=\"elementor-element elementor-element-559ca4be elementor-widget elementor-widget-spacer\" data-id=\"559ca4be\" data-element_type=\"widget\" data-e-type=\"widget\" data-widget_type=\"spacer.default\">\n\t\t\t\t<div class=\"elementor-widget-container\">\n\t\t\t\t\t\t\t<div class=\"elementor-spacer\">\n\t\t\t<div class=\"elementor-spacer-inner\"><\/div>\n\t\t<\/div>\n\t\t\t\t\t\t<\/div>\n\t\t\t\t<\/div>\n\t\t\t\t\t<\/div>\n\t\t<\/div>\n\t\t\t\t\t<\/div>\n\t\t<\/section>\n\t\t\t\t<\/div>\n\t\t","protected":false},"excerpt":{"rendered":"<p>Apprendre avec ELI Chez ELI, nous avons con\u00e7u notre programme et notre m\u00e9thodologie d&rsquo;enseignement pour r\u00e9pondre aux normes internationales les plus \u00e9lev\u00e9es, mais nous personnalisons notre approche afin de pouvoir r\u00e9pondre aux besoins de chaque apprenant. Nous offrons une gamme de programmes qui ont le potentiel de transformer v\u00e9ritablement la vie de nos \u00e9tudiants.\u00a0Pour les [&hellip;]<\/p>\n","protected":false},"author":19,"featured_media":0,"parent":0,"menu_order":0,"comment_status":"closed","ping_status":"closed","template":"elementor_header_footer","meta":{"_angie_page":false,"footnotes":""},"class_list":["post-7610","page","type-page","status-publish","hentry"],"_links":{"self":[{"href":"https:\/\/elischools.com\/fr\/wp-json\/wp\/v2\/pages\/7610","targetHints":{"allow":["GET"]}}],"collection":[{"href":"https:\/\/elischools.com\/fr\/wp-json\/wp\/v2\/pages"}],"about":[{"href":"https:\/\/elischools.com\/fr\/wp-json\/wp\/v2\/types\/page"}],"author":[{"embeddable":true,"href":"https:\/\/elischools.com\/fr\/wp-json\/wp\/v2\/users\/19"}],"replies":[{"embeddable":true,"href":"https:\/\/elischools.com\/fr\/wp-json\/wp\/v2\/comments?post=7610"}],"version-history":[{"count":0,"href":"https:\/\/elischools.com\/fr\/wp-json\/wp\/v2\/pages\/7610\/revisions"}],"wp:attachment":[{"href":"https:\/\/elischools.com\/fr\/wp-json\/wp\/v2\/media?parent=7610"}],"curies":[{"name":"wp","href":"https:\/\/api.w.org\/{rel}","templated":true}]}}