{"id":80801,"date":"2024-09-24T10:06:07","date_gmt":"2024-09-24T15:06:07","guid":{"rendered":"https:\/\/elischools.com\/folletos\/folleto-programas-para-jovenes-estudiantes-2025-bajo\/"},"modified":"2026-03-03T19:06:07","modified_gmt":"2026-03-04T00:06:07","slug":"folleto-programas-para-jovenes-estudiantes","status":"publish","type":"page","link":"https:\/\/elischools.com\/es\/folletos\/folleto-programas-para-jovenes-estudiantes\/","title":{"rendered":"Folleto Programas para j\u00f3venes estudiantes"},"content":{"rendered":"\t\t<div data-elementor-type=\"wp-page\" data-elementor-id=\"80801\" class=\"elementor elementor-80801 elementor-76102\" data-elementor-post-type=\"page\">\n\t\t\t\t<div class=\"elementor-element elementor-element-7b635642 e-flex e-con-boxed e-con e-parent\" data-id=\"7b635642\" data-element_type=\"container\" data-e-type=\"container\">\n\t\t\t\t\t<div class=\"e-con-inner\">\n\t\t\t\t<div class=\"elementor-element elementor-element-21167b76 elementor-widget elementor-widget-heading\" data-id=\"21167b76\" data-element_type=\"widget\" data-e-type=\"widget\" data-widget_type=\"heading.default\">\n\t\t\t\t<div class=\"elementor-widget-container\">\n\t\t\t\t\t<h1 class=\"elementor-heading-title elementor-size-default\">TODO EST\u00c1 LISTO<\/h1>\t\t\t\t<\/div>\n\t\t\t\t<\/div>\n\t\t\t\t<div class=\"elementor-element elementor-element-6b9eb9de elementor-widget elementor-widget-text-editor\" data-id=\"6b9eb9de\" data-element_type=\"widget\" data-e-type=\"widget\" data-widget_type=\"text-editor.default\">\n\t\t\t\t<div class=\"elementor-widget-container\">\n\t\t\t\t\t\t\t\t\t<p>Nuestro folleto llegar\u00e1 a tu correo electr\u00f3nico para que tengas acceso a \u00e9l en cualquier momento. Mientras tanto, aqu\u00ed tendr\u00e1s acceso al \u00abFolleto Programas para J\u00f3venes Aprendices\u00bb.<\/p>\n\t\t\t\t\t\t\t\t<\/div>\n\t\t\t\t<\/div>\n\t\t\t\t<div class=\"elementor-element elementor-element-6678d4fe elementor-widget elementor-widget-heading\" data-id=\"6678d4fe\" data-element_type=\"widget\" data-e-type=\"widget\" data-widget_type=\"heading.default\">\n\t\t\t\t<div class=\"elementor-widget-container\">\n\t\t\t\t\t<h2 class=\"elementor-heading-title elementor-size-default\">Folleto de programas para j\u00f3venes estudiantes<\/h2>\t\t\t\t<\/div>\n\t\t\t\t<\/div>\n\t\t\t\t<div class=\"elementor-element elementor-element-6ddb5625 elementor-widget elementor-widget-shortcode\" data-id=\"6ddb5625\" data-element_type=\"widget\" data-e-type=\"widget\" data-widget_type=\"shortcode.default\">\n\t\t\t\t<div class=\"elementor-widget-container\">\n\t\t\t\t\t\t\t<div class=\"elementor-shortcode\"><div class=\"_df_book df-container df-loading \"  data-slug=\"brochure-young-learners-programs-2025-spanish_compressed\" data-_slug=\"brochure-young-learners-programs-2025-spanish_compressed\" _slug=\"brochure-young-learners-programs-2025-spanish_compressed\" data-title=\"brochure-young-learners-programs-spanish\" id=\"df_80764\" data-df-option=\"df_option_80764\" ><\/div><script class=\"df-shortcode-script\" nowprocket type=\"application\/javascript\">window.df_option_80764 = {\"source\":\"https:\\\/\\\/elischools.com\\\/wp-content\\\/uploads\\\/2024\\\/09\\\/Brochure-Young-Learners-B2B-Partner-Agent-Spanish-V8.pdf\",\"outline\":[],\"overwritePDFOutline\":false,\"pageSize\":\"0\",\"slug\":\"brochure-young-learners-programs-2025-spanish_compressed\",\"wpOptions\":\"true\",\"id\":80764}; if(window.DFLIP && window.DFLIP.parseBooks){window.DFLIP.parseBooks();}<\/script><\/div>\n\t\t\t\t\t\t<\/div>\n\t\t\t\t<\/div>\n\t\t\t\t\t<\/div>\n\t\t\t\t<\/div>\n\t\t<div class=\"elementor-element elementor-element-25eb9f7d e-flex e-con-boxed e-con e-parent\" data-id=\"25eb9f7d\" data-element_type=\"container\" data-e-type=\"container\">\n\t\t\t\t\t<div class=\"e-con-inner\">\n\t\t<div class=\"elementor-element elementor-element-5419c91a e-flex e-con-boxed e-con e-child\" data-id=\"5419c91a\" data-element_type=\"container\" data-e-type=\"container\" data-settings=\"{&quot;background_background&quot;:&quot;classic&quot;}\">\n\t\t\t\t\t<div class=\"e-con-inner\">\n\t\t<div class=\"elementor-element elementor-element-7359531 e-con-full e-flex e-con e-child\" data-id=\"7359531\" data-element_type=\"container\" data-e-type=\"container\">\n\t\t\t\t<div class=\"elementor-element elementor-element-4d129d6b elementor-widget elementor-widget-heading\" data-id=\"4d129d6b\" data-element_type=\"widget\" data-e-type=\"widget\" data-widget_type=\"heading.default\">\n\t\t\t\t<div class=\"elementor-widget-container\">\n\t\t\t\t\t<h4 class=\"elementor-heading-title elementor-size-default\">\u00bfCU\u00c1L ES EL PR\u00d3XIMO PASO?<\/h4>\t\t\t\t<\/div>\n\t\t\t\t<\/div>\n\t\t\t\t<div class=\"elementor-element elementor-element-66329874 elementor-widget elementor-widget-heading\" data-id=\"66329874\" data-element_type=\"widget\" data-e-type=\"widget\" data-widget_type=\"heading.default\">\n\t\t\t\t<div class=\"elementor-widget-container\">\n\t\t\t\t\t<span class=\"elementor-heading-title elementor-size-default\">\u00a1Haz tu examen de ingl\u00e9s y ponte a prueba hoy!<\/span>\t\t\t\t<\/div>\n\t\t\t\t<\/div>\n\t\t\t\t<\/div>\n\t\t<div class=\"elementor-element elementor-element-66fa021c e-flex e-con-boxed e-con e-child\" data-id=\"66fa021c\" data-element_type=\"container\" data-e-type=\"container\">\n\t\t\t\t\t<div class=\"e-con-inner\">\n\t\t\t\t<div class=\"elementor-element elementor-element-6bc6e24d elementor-align-center elementor-widget elementor-widget-button\" data-id=\"6bc6e24d\" data-element_type=\"widget\" data-e-type=\"widget\" data-widget_type=\"button.default\">\n\t\t\t\t<div class=\"elementor-widget-container\">\n\t\t\t\t\t\t\t\t\t<div class=\"elementor-button-wrapper\">\n\t\t\t\t\t<a class=\"elementor-button elementor-button-link elementor-size-sm\" href=\"https:\/\/elischools.com\/es\/prueba-de-nivel\/\">\n\t\t\t\t\t\t<span class=\"elementor-button-content-wrapper\">\n\t\t\t\t\t\t\t\t\t<span class=\"elementor-button-text\">\u00a1SIN COSTO, ES GRATIS!<\/span>\n\t\t\t\t\t<\/span>\n\t\t\t\t\t<\/a>\n\t\t\t\t<\/div>\n\t\t\t\t\t\t\t\t<\/div>\n\t\t\t\t<\/div>\n\t\t\t\t\t<\/div>\n\t\t\t\t<\/div>\n\t\t\t\t\t<\/div>\n\t\t\t\t<\/div>\n\t\t\t\t\t<\/div>\n\t\t\t\t<\/div>\n\t\t<div class=\"elementor-element elementor-element-3c4296d4 e-flex e-con-boxed e-con e-parent\" data-id=\"3c4296d4\" data-element_type=\"container\" data-e-type=\"container\">\n\t\t\t\t\t<div class=\"e-con-inner\">\n\t\t\t\t<div class=\"elementor-element elementor-element-2258554f elementor-widget elementor-widget-spacer\" data-id=\"2258554f\" data-element_type=\"widget\" data-e-type=\"widget\" data-widget_type=\"spacer.default\">\n\t\t\t\t<div class=\"elementor-widget-container\">\n\t\t\t\t\t\t\t<div class=\"elementor-spacer\">\n\t\t\t<div class=\"elementor-spacer-inner\"><\/div>\n\t\t<\/div>\n\t\t\t\t\t\t<\/div>\n\t\t\t\t<\/div>\n\t\t\t\t\t<\/div>\n\t\t\t\t<\/div>\n\t\t\t\t<\/div>\n\t\t","protected":false},"excerpt":{"rendered":"<p>TODO EST\u00c1 LISTO Nuestro folleto llegar\u00e1 a tu correo electr\u00f3nico para que tengas acceso a \u00e9l en cualquier momento. Mientras tanto, aqu\u00ed tendr\u00e1s acceso al \u00abFolleto Programas para J\u00f3venes Aprendices\u00bb. Folleto de programas para j\u00f3venes estudiantes \u00bfCU\u00c1L ES EL PR\u00d3XIMO PASO? \u00a1Haz tu examen de ingl\u00e9s y ponte a prueba hoy! \u00a1SIN COSTO, ES GRATIS!<\/p>\n","protected":false},"author":19,"featured_media":75522,"parent":50974,"menu_order":0,"comment_status":"closed","ping_status":"closed","template":"elementor_header_footer","meta":{"footnotes":""},"class_list":["post-80801","page","type-page","status-publish","has-post-thumbnail","hentry"],"_links":{"self":[{"href":"https:\/\/elischools.com\/es\/wp-json\/wp\/v2\/pages\/80801","targetHints":{"allow":["GET"]}}],"collection":[{"href":"https:\/\/elischools.com\/es\/wp-json\/wp\/v2\/pages"}],"about":[{"href":"https:\/\/elischools.com\/es\/wp-json\/wp\/v2\/types\/page"}],"author":[{"embeddable":true,"href":"https:\/\/elischools.com\/es\/wp-json\/wp\/v2\/users\/19"}],"replies":[{"embeddable":true,"href":"https:\/\/elischools.com\/es\/wp-json\/wp\/v2\/comments?post=80801"}],"version-history":[{"count":0,"href":"https:\/\/elischools.com\/es\/wp-json\/wp\/v2\/pages\/80801\/revisions"}],"up":[{"embeddable":true,"href":"https:\/\/elischools.com\/es\/wp-json\/wp\/v2\/pages\/50974"}],"wp:featuredmedia":[{"embeddable":true,"href":"https:\/\/elischools.com\/es\/wp-json\/wp\/v2\/media\/75522"}],"wp:attachment":[{"href":"https:\/\/elischools.com\/es\/wp-json\/wp\/v2\/media?parent=80801"}],"curies":[{"name":"wp","href":"https:\/\/api.w.org\/{rel}","templated":true}]}}