{"id":80708,"date":"2024-09-24T09:42:43","date_gmt":"2024-09-24T14:42:43","guid":{"rendered":"https:\/\/elischools.com\/folletos\/programa-para-adultos-jovenes-brochure\/"},"modified":"2025-08-29T16:23:54","modified_gmt":"2025-08-29T21:23:54","slug":"programa-para-adultos-jovenes-brochure","status":"publish","type":"page","link":"https:\/\/elischools.com\/es\/folletos\/programa-para-adultos-jovenes-brochure\/","title":{"rendered":"Folleto Programa para adultos j\u00f3venes"},"content":{"rendered":"\t\t<div data-elementor-type=\"wp-page\" data-elementor-id=\"80708\" class=\"elementor elementor-80708 elementor-57675\" data-elementor-post-type=\"page\">\n\t\t\t\t<div class=\"elementor-element elementor-element-1f70c733 e-flex e-con-boxed e-con e-parent\" data-id=\"1f70c733\" data-element_type=\"container\" data-e-type=\"container\">\n\t\t\t\t\t<div class=\"e-con-inner\">\n\t\t\t\t<div class=\"elementor-element elementor-element-5617b3a5 elementor-widget elementor-widget-heading\" data-id=\"5617b3a5\" data-element_type=\"widget\" data-e-type=\"widget\" data-widget_type=\"heading.default\">\n\t\t\t\t<div class=\"elementor-widget-container\">\n\t\t\t\t\t<h1 class=\"elementor-heading-title elementor-size-default\">TODO EST\u00c1 LISTO<\/h1>\t\t\t\t<\/div>\n\t\t\t\t<\/div>\n\t\t\t\t<div class=\"elementor-element elementor-element-26f6e718 elementor-widget elementor-widget-text-editor\" data-id=\"26f6e718\" data-element_type=\"widget\" data-e-type=\"widget\" data-widget_type=\"text-editor.default\">\n\t\t\t\t<div class=\"elementor-widget-container\">\n\t\t\t\t\t\t\t\t\t<p>Nuestro folleto llegar\u00e1 a tu correo electr\u00f3nico para que puedas acceder a \u00e9l en cualquier momento. Mientras tanto, aqu\u00ed tendr\u00e1s acceso al folleto.<\/p>\n\t\t\t\t\t\t\t\t<\/div>\n\t\t\t\t<\/div>\n\t\t\t\t<div class=\"elementor-element elementor-element-409e4888 elementor-widget elementor-widget-shortcode\" data-id=\"409e4888\" data-element_type=\"widget\" data-e-type=\"widget\" data-widget_type=\"shortcode.default\">\n\t\t\t\t<div class=\"elementor-widget-container\">\n\t\t\t\t\t\t\t<div class=\"elementor-shortcode\"><div class=\"_df_book df-container df-loading \"  data-slug=\"brochure-young-adult-esp\" data-_slug=\"brochure-young-adult-esp\" _slug=\"brochure-young-adult-esp\" data-title=\"brochure-young-adult-esp\" id=\"df_80689\" data-df-option=\"df_option_80689\" ><\/div><script class=\"df-shortcode-script\" nowprocket type=\"application\/javascript\">window.df_option_80689 = {\"source\":\"https:\\\/\\\/elischools.com\\\/wp-content\\\/uploads\\\/2024\\\/09\\\/Brochure-Young-Adults-B2C-2026-Spanish.pdf\",\"outline\":[],\"overwritePDFOutline\":false,\"pageSize\":\"0\",\"slug\":\"brochure-young-adult-esp\",\"wpOptions\":\"true\",\"id\":80689}; if(window.DFLIP && window.DFLIP.parseBooks){window.DFLIP.parseBooks();}<\/script><\/div>\n\t\t\t\t\t\t<\/div>\n\t\t\t\t<\/div>\n\t\t\t\t\t<\/div>\n\t\t\t\t<\/div>\n\t\t<div class=\"elementor-element elementor-element-523526f7 e-flex e-con-boxed e-con e-parent\" data-id=\"523526f7\" data-element_type=\"container\" data-e-type=\"container\">\n\t\t\t\t\t<div class=\"e-con-inner\">\n\t\t<div class=\"elementor-element elementor-element-55f76c2b e-flex e-con-boxed e-con e-child\" data-id=\"55f76c2b\" data-element_type=\"container\" data-e-type=\"container\" data-settings=\"{&quot;background_background&quot;:&quot;classic&quot;}\">\n\t\t\t\t\t<div class=\"e-con-inner\">\n\t\t<div class=\"elementor-element elementor-element-37870c5f e-con-full e-flex e-con e-child\" data-id=\"37870c5f\" data-element_type=\"container\" data-e-type=\"container\">\n\t\t\t\t<div class=\"elementor-element elementor-element-4388540f elementor-widget elementor-widget-heading\" data-id=\"4388540f\" data-element_type=\"widget\" data-e-type=\"widget\" data-widget_type=\"heading.default\">\n\t\t\t\t<div class=\"elementor-widget-container\">\n\t\t\t\t\t<h4 class=\"elementor-heading-title elementor-size-default\">\u00bfCU\u00c1L ES EL PR\u00d3XIMO PASO?<\/h4>\t\t\t\t<\/div>\n\t\t\t\t<\/div>\n\t\t\t\t<div class=\"elementor-element elementor-element-790ea8e6 elementor-widget elementor-widget-heading\" data-id=\"790ea8e6\" data-element_type=\"widget\" data-e-type=\"widget\" data-widget_type=\"heading.default\">\n\t\t\t\t<div class=\"elementor-widget-container\">\n\t\t\t\t\t<span class=\"elementor-heading-title elementor-size-default\">\u00a1Haz tu examen de ingl\u00e9s y ponte a prueba hoy!<\/span>\t\t\t\t<\/div>\n\t\t\t\t<\/div>\n\t\t\t\t<\/div>\n\t\t<div class=\"elementor-element elementor-element-416c49c7 e-flex e-con-boxed e-con e-child\" data-id=\"416c49c7\" data-element_type=\"container\" data-e-type=\"container\">\n\t\t\t\t\t<div class=\"e-con-inner\">\n\t\t\t\t<div class=\"elementor-element elementor-element-3663c3d6 elementor-align-center elementor-widget elementor-widget-button\" data-id=\"3663c3d6\" data-element_type=\"widget\" data-e-type=\"widget\" data-widget_type=\"button.default\">\n\t\t\t\t<div class=\"elementor-widget-container\">\n\t\t\t\t\t\t\t\t\t<div class=\"elementor-button-wrapper\">\n\t\t\t\t\t<a class=\"elementor-button elementor-button-link elementor-size-sm\" href=\"https:\/\/elischools.com\/es\/prueba-de-nivel\/\">\n\t\t\t\t\t\t<span class=\"elementor-button-content-wrapper\">\n\t\t\t\t\t\t\t\t\t<span class=\"elementor-button-text\">\u00a1SIN COSTO, ES GRATIS!<\/span>\n\t\t\t\t\t<\/span>\n\t\t\t\t\t<\/a>\n\t\t\t\t<\/div>\n\t\t\t\t\t\t\t\t<\/div>\n\t\t\t\t<\/div>\n\t\t\t\t\t<\/div>\n\t\t\t\t<\/div>\n\t\t\t\t\t<\/div>\n\t\t\t\t<\/div>\n\t\t\t\t\t<\/div>\n\t\t\t\t<\/div>\n\t\t<div class=\"elementor-element elementor-element-8143dd1 e-flex e-con-boxed e-con e-parent\" data-id=\"8143dd1\" data-element_type=\"container\" data-e-type=\"container\">\n\t\t\t\t\t<div class=\"e-con-inner\">\n\t\t\t\t<div class=\"elementor-element elementor-element-b157ee8 elementor-widget elementor-widget-spacer\" data-id=\"b157ee8\" data-element_type=\"widget\" data-e-type=\"widget\" data-widget_type=\"spacer.default\">\n\t\t\t\t<div class=\"elementor-widget-container\">\n\t\t\t\t\t\t\t<div class=\"elementor-spacer\">\n\t\t\t<div class=\"elementor-spacer-inner\"><\/div>\n\t\t<\/div>\n\t\t\t\t\t\t<\/div>\n\t\t\t\t<\/div>\n\t\t\t\t\t<\/div>\n\t\t\t\t<\/div>\n\t\t\t\t<\/div>\n\t\t","protected":false},"excerpt":{"rendered":"<p>TODO EST\u00c1 LISTO Nuestro folleto llegar\u00e1 a tu correo electr\u00f3nico para que puedas acceder a \u00e9l en cualquier momento. Mientras tanto, aqu\u00ed tendr\u00e1s acceso al folleto. \u00bfCU\u00c1L ES EL PR\u00d3XIMO PASO? \u00a1Haz tu examen de ingl\u00e9s y ponte a prueba hoy! \u00a1SIN COSTO, ES GRATIS!<\/p>\n","protected":false},"author":19,"featured_media":81392,"parent":50974,"menu_order":0,"comment_status":"closed","ping_status":"closed","template":"elementor_header_footer","meta":{"_angie_page":false,"footnotes":""},"class_list":["post-80708","page","type-page","status-publish","has-post-thumbnail","hentry"],"_links":{"self":[{"href":"https:\/\/elischools.com\/es\/wp-json\/wp\/v2\/pages\/80708","targetHints":{"allow":["GET"]}}],"collection":[{"href":"https:\/\/elischools.com\/es\/wp-json\/wp\/v2\/pages"}],"about":[{"href":"https:\/\/elischools.com\/es\/wp-json\/wp\/v2\/types\/page"}],"author":[{"embeddable":true,"href":"https:\/\/elischools.com\/es\/wp-json\/wp\/v2\/users\/19"}],"replies":[{"embeddable":true,"href":"https:\/\/elischools.com\/es\/wp-json\/wp\/v2\/comments?post=80708"}],"version-history":[{"count":0,"href":"https:\/\/elischools.com\/es\/wp-json\/wp\/v2\/pages\/80708\/revisions"}],"up":[{"embeddable":true,"href":"https:\/\/elischools.com\/es\/wp-json\/wp\/v2\/pages\/50974"}],"wp:featuredmedia":[{"embeddable":true,"href":"https:\/\/elischools.com\/es\/wp-json\/wp\/v2\/media\/81392"}],"wp:attachment":[{"href":"https:\/\/elischools.com\/es\/wp-json\/wp\/v2\/media?parent=80708"}],"curies":[{"name":"wp","href":"https:\/\/api.w.org\/{rel}","templated":true}]}}