{"id":65961,"date":"2024-03-25T15:03:05","date_gmt":"2024-03-25T20:03:05","guid":{"rendered":"https:\/\/elischools.com\/?page_id=65961"},"modified":"2024-03-25T15:07:23","modified_gmt":"2024-03-25T20:07:23","slug":"el-salvador","status":"publish","type":"page","link":"https:\/\/elischools.com\/es\/folletos\/folleto-trabajo-y-estudio-no-europeos\/el-salvador\/","title":{"rendered":"El Salvador"},"content":{"rendered":"\t\t<div data-elementor-type=\"wp-page\" data-elementor-id=\"65961\" class=\"elementor elementor-65961\" data-elementor-post-type=\"page\">\n\t\t\t\t<div class=\"elementor-element elementor-element-8a5d222 e-flex e-con-boxed e-con e-parent\" data-id=\"8a5d222\" data-element_type=\"container\" data-e-type=\"container\">\n\t\t\t\t\t<div class=\"e-con-inner\">\n\t\t\t\t<div class=\"elementor-element elementor-element-aab877b elementor-widget elementor-widget-heading\" data-id=\"aab877b\" data-element_type=\"widget\" data-e-type=\"widget\" data-widget_type=\"heading.default\">\n\t\t\t\t<div class=\"elementor-widget-container\">\n\t\t\t\t\t<h1 class=\"elementor-heading-title elementor-size-default\">TODO ESTA LISTO<\/h1>\t\t\t\t<\/div>\n\t\t\t\t<\/div>\n\t\t\t\t<div class=\"elementor-element elementor-element-5f51c6f elementor-widget elementor-widget-text-editor\" data-id=\"5f51c6f\" data-element_type=\"widget\" data-e-type=\"widget\" data-widget_type=\"text-editor.default\">\n\t\t\t\t<div class=\"elementor-widget-container\">\n\t\t\t\t\t\t\t\t\t<p>Nuestro folleto llegar\u00e1 a tu correo electr\u00f3nico para que tengas acceso en cualquier momento. Mientras tanto, aqu\u00ed podr\u00e1s<br \/>\ntener acceso al folleto \u00abEstudia y Trabaja en Irlanda\u00bb.<\/p>\n\t\t\t\t\t\t\t\t<\/div>\n\t\t\t\t<\/div>\n\t\t\t\t<div class=\"elementor-element elementor-element-183b11d elementor-widget elementor-widget-heading\" data-id=\"183b11d\" data-element_type=\"widget\" data-e-type=\"widget\" data-widget_type=\"heading.default\">\n\t\t\t\t<div class=\"elementor-widget-container\">\n\t\t\t\t\t<h2 class=\"elementor-heading-title elementor-size-default\">Estudia y Trabaja en Irlanda<\/h2>\t\t\t\t<\/div>\n\t\t\t\t<\/div>\n\t\t\t\t<div class=\"elementor-element elementor-element-44beea0 elementor-widget elementor-widget-shortcode\" data-id=\"44beea0\" data-element_type=\"widget\" data-e-type=\"widget\" data-widget_type=\"shortcode.default\">\n\t\t\t\t<div class=\"elementor-widget-container\">\n\t\t\t\t\t\t\t<div class=\"elementor-shortcode\"><div class=\"_df_book df-container df-loading \"  data-slug=\"2024-work-and-study-brochure-global-no-europeos_spa-v2-evento-el-salvador\" data-_slug=\"2024-work-and-study-brochure-global-no-europeos_spa-v2-evento-el-salvador\" _slug=\"2024-work-and-study-brochure-global-no-europeos_spa-v2-evento-el-salvador\" data-title=\"2024-work-and-study-brochure-global-no-europeos_spa-v2-evento-el-salvador\" id=\"df_65941\" data-df-option=\"df_option_65941\" ><\/div><script class=\"df-shortcode-script\" nowprocket type=\"application\/javascript\">window.df_option_65941 = {\"source\":\"https:\\\/\\\/elischools.com\\\/\\\/wp-content\\\/uploads\\\/2024\\\/03\\\/2024-Work-and-Study-Brochure-Global-No-Europeos_SPA-V2-Evento-EL-Salvador.pdf\",\"outline\":[],\"autoEnableOutline\":false,\"autoEnableThumbnail\":false,\"overwritePDFOutline\":false,\"pageSize\":\"0\",\"slug\":\"2024-work-and-study-brochure-global-no-europeos_spa-v2-evento-el-salvador\",\"wpOptions\":\"true\",\"id\":65941}; if(window.DFLIP && window.DFLIP.parseBooks){window.DFLIP.parseBooks();}<\/script>\t<\/div>\n\t\t\t\t\t\t<\/div>\n\t\t\t\t<\/div>\n\t\t\t\t\t<\/div>\n\t\t\t\t<\/div>\n\t\t<div class=\"elementor-element elementor-element-41da3bc e-flex e-con-boxed e-con e-parent\" data-id=\"41da3bc\" data-element_type=\"container\" data-e-type=\"container\">\n\t\t\t\t\t<div class=\"e-con-inner\">\n\t\t<div class=\"elementor-element elementor-element-9062cdc e-flex e-con-boxed e-con e-child\" data-id=\"9062cdc\" data-element_type=\"container\" data-e-type=\"container\" data-settings=\"{&quot;background_background&quot;:&quot;classic&quot;}\">\n\t\t\t\t\t<div class=\"e-con-inner\">\n\t\t<div class=\"elementor-element elementor-element-9be82e9 e-con-full e-flex e-con e-child\" data-id=\"9be82e9\" data-element_type=\"container\" data-e-type=\"container\">\n\t\t\t\t<div class=\"elementor-element elementor-element-96ff4d3 elementor-widget elementor-widget-heading\" data-id=\"96ff4d3\" data-element_type=\"widget\" data-e-type=\"widget\" data-widget_type=\"heading.default\">\n\t\t\t\t<div class=\"elementor-widget-container\">\n\t\t\t\t\t<h4 class=\"elementor-heading-title elementor-size-default\">\u00bfCU\u00c1L ES EL PR\u00d3XIMO PASO?<\/h4>\t\t\t\t<\/div>\n\t\t\t\t<\/div>\n\t\t\t\t<div class=\"elementor-element elementor-element-a721575 elementor-widget elementor-widget-heading\" data-id=\"a721575\" data-element_type=\"widget\" data-e-type=\"widget\" data-widget_type=\"heading.default\">\n\t\t\t\t<div class=\"elementor-widget-container\">\n\t\t\t\t\t<span class=\"elementor-heading-title elementor-size-default\">\u00a1Haz tu examen de ingl\u00e9s y ponte a prueba hoy!<\/span>\t\t\t\t<\/div>\n\t\t\t\t<\/div>\n\t\t\t\t<\/div>\n\t\t<div class=\"elementor-element elementor-element-f0239b8 e-flex e-con-boxed e-con e-child\" data-id=\"f0239b8\" data-element_type=\"container\" data-e-type=\"container\">\n\t\t\t\t\t<div class=\"e-con-inner\">\n\t\t\t\t<div class=\"elementor-element elementor-element-b804e5d elementor-align-center elementor-widget elementor-widget-button\" data-id=\"b804e5d\" data-element_type=\"widget\" data-e-type=\"widget\" data-widget_type=\"button.default\">\n\t\t\t\t<div class=\"elementor-widget-container\">\n\t\t\t\t\t\t\t\t\t<div class=\"elementor-button-wrapper\">\n\t\t\t\t\t<a class=\"elementor-button elementor-button-link elementor-size-sm\" href=\"https:\/\/elischools.com\/es\/prueba-de-nivel\/\">\n\t\t\t\t\t\t<span class=\"elementor-button-content-wrapper\">\n\t\t\t\t\t\t\t\t\t<span class=\"elementor-button-text\">\u00a1SIN COSTO, ES GRATIS!<\/span>\n\t\t\t\t\t<\/span>\n\t\t\t\t\t<\/a>\n\t\t\t\t<\/div>\n\t\t\t\t\t\t\t\t<\/div>\n\t\t\t\t<\/div>\n\t\t\t\t\t<\/div>\n\t\t\t\t<\/div>\n\t\t\t\t\t<\/div>\n\t\t\t\t<\/div>\n\t\t\t\t\t<\/div>\n\t\t\t\t<\/div>\n\t\t\t\t<\/div>\n\t\t","protected":false},"excerpt":{"rendered":"<p>TODO ESTA LISTO Nuestro folleto llegar\u00e1 a tu correo electr\u00f3nico para que tengas acceso en cualquier momento. Mientras tanto, aqu\u00ed podr\u00e1s tener acceso al folleto \u00abEstudia y Trabaja en Irlanda\u00bb. Estudia y Trabaja en Irlanda \u00bfCU\u00c1L ES EL PR\u00d3XIMO PASO? \u00a1Haz tu examen de ingl\u00e9s y ponte a prueba hoy! \u00a1SIN COSTO, ES GRATIS!<\/p>\n","protected":false},"author":19,"featured_media":0,"parent":61459,"menu_order":0,"comment_status":"closed","ping_status":"closed","template":"elementor_header_footer","meta":{"_angie_page":false,"footnotes":""},"class_list":["post-65961","page","type-page","status-publish","hentry"],"_links":{"self":[{"href":"https:\/\/elischools.com\/es\/wp-json\/wp\/v2\/pages\/65961","targetHints":{"allow":["GET"]}}],"collection":[{"href":"https:\/\/elischools.com\/es\/wp-json\/wp\/v2\/pages"}],"about":[{"href":"https:\/\/elischools.com\/es\/wp-json\/wp\/v2\/types\/page"}],"author":[{"embeddable":true,"href":"https:\/\/elischools.com\/es\/wp-json\/wp\/v2\/users\/19"}],"replies":[{"embeddable":true,"href":"https:\/\/elischools.com\/es\/wp-json\/wp\/v2\/comments?post=65961"}],"version-history":[{"count":0,"href":"https:\/\/elischools.com\/es\/wp-json\/wp\/v2\/pages\/65961\/revisions"}],"up":[{"embeddable":true,"href":"https:\/\/elischools.com\/es\/wp-json\/wp\/v2\/pages\/61459"}],"wp:attachment":[{"href":"https:\/\/elischools.com\/es\/wp-json\/wp\/v2\/media?parent=65961"}],"curies":[{"name":"wp","href":"https:\/\/api.w.org\/{rel}","templated":true}]}}