{"id":63668,"date":"2024-03-05T17:34:32","date_gmt":"2024-03-05T22:34:32","guid":{"rendered":"https:\/\/elischools.com\/folletos\/campamento-de-verano-para-jovenes\/"},"modified":"2025-08-29T11:51:42","modified_gmt":"2025-08-29T16:51:42","slug":"campamento-de-verano-para-jovenes","status":"publish","type":"page","link":"https:\/\/elischools.com\/es\/folletos\/campamento-de-verano-para-jovenes\/","title":{"rendered":"Campamento de verano"},"content":{"rendered":"\t\t<div data-elementor-type=\"wp-page\" data-elementor-id=\"63668\" class=\"elementor elementor-63668 elementor-62470\" data-elementor-post-type=\"page\">\n\t\t\t\t<div class=\"elementor-element elementor-element-3eeec481 e-flex e-con-boxed e-con e-parent\" data-id=\"3eeec481\" data-element_type=\"container\" data-e-type=\"container\">\n\t\t\t\t\t<div class=\"e-con-inner\">\n\t\t\t\t<div class=\"elementor-element elementor-element-64d4baf6 elementor-widget elementor-widget-heading\" data-id=\"64d4baf6\" data-element_type=\"widget\" data-e-type=\"widget\" data-widget_type=\"heading.default\">\n\t\t\t\t<div class=\"elementor-widget-container\">\n\t\t\t\t\t<h1 class=\"elementor-heading-title elementor-size-default\">TODO EST\u00c1 LISTO<\/h1>\t\t\t\t<\/div>\n\t\t\t\t<\/div>\n\t\t\t\t<div class=\"elementor-element elementor-element-475095d6 elementor-widget elementor-widget-text-editor\" data-id=\"475095d6\" data-element_type=\"widget\" data-e-type=\"widget\" data-widget_type=\"text-editor.default\">\n\t\t\t\t<div class=\"elementor-widget-container\">\n\t\t\t\t\t\t\t\t\t<p>Nuestro folleto llegar\u00e1 a tu correo electr\u00f3nico para que tengas acceso en cualquier momento. Mientras tanto, aqu\u00ed podr\u00e1s<br \/>tener acceso al folleto \u00abCampamento de verano\u00bb.<\/p>\n\t\t\t\t\t\t\t\t<\/div>\n\t\t\t\t<\/div>\n\t\t\t\t<div class=\"elementor-element elementor-element-57768b23 elementor-widget elementor-widget-heading\" data-id=\"57768b23\" data-element_type=\"widget\" data-e-type=\"widget\" data-widget_type=\"heading.default\">\n\t\t\t\t<div class=\"elementor-widget-container\">\n\t\t\t\t\t<h2 class=\"elementor-heading-title elementor-size-default\">CAMPAMENTO DE VERANO<\/h2>\t\t\t\t<\/div>\n\t\t\t\t<\/div>\n\t\t\t\t<div class=\"elementor-element elementor-element-57a416e8 elementor-widget elementor-widget-shortcode\" data-id=\"57a416e8\" data-element_type=\"widget\" data-e-type=\"widget\" data-widget_type=\"shortcode.default\">\n\t\t\t\t<div class=\"elementor-widget-container\">\n\t\t\t\t\t\t\t<div class=\"elementor-shortcode\"><div class=\"_df_book df-container df-loading \"  data-slug=\"brochure-summer-camp-esp\" data-_slug=\"brochure-summer-camp-esp\" _slug=\"brochure-summer-camp-esp\" data-title=\"brochure-summer-camp-esp\" id=\"df_80669\" data-df-option=\"df_option_80669\" ><\/div><script class=\"df-shortcode-script\" nowprocket type=\"application\/javascript\">window.df_option_80669 = {\"source\":\"https:\\\/\\\/elischools.com\\\/wp-content\\\/uploads\\\/2024\\\/09\\\/2026-Brochure-Summer-Camp-B2C-Spanish.pdf\",\"outline\":[],\"overwritePDFOutline\":false,\"pageSize\":\"0\",\"slug\":\"brochure-summer-camp-esp\",\"wpOptions\":\"true\",\"id\":80669}; if(window.DFLIP && window.DFLIP.parseBooks){window.DFLIP.parseBooks();}<\/script>\t<\/div>\n\t\t\t\t\t\t<\/div>\n\t\t\t\t<\/div>\n\t\t\t\t\t<\/div>\n\t\t\t\t<\/div>\n\t\t<div class=\"elementor-element elementor-element-164ec9ac e-flex e-con-boxed e-con e-parent\" data-id=\"164ec9ac\" data-element_type=\"container\" data-e-type=\"container\">\n\t\t\t\t\t<div class=\"e-con-inner\">\n\t\t<div class=\"elementor-element elementor-element-5f91c272 e-flex e-con-boxed e-con e-child\" data-id=\"5f91c272\" data-element_type=\"container\" data-e-type=\"container\" data-settings=\"{&quot;background_background&quot;:&quot;classic&quot;}\">\n\t\t\t\t\t<div class=\"e-con-inner\">\n\t\t<div class=\"elementor-element elementor-element-3d175b61 e-con-full e-flex e-con e-child\" data-id=\"3d175b61\" data-element_type=\"container\" data-e-type=\"container\">\n\t\t\t\t<div class=\"elementor-element elementor-element-71ee15bd elementor-widget elementor-widget-heading\" data-id=\"71ee15bd\" data-element_type=\"widget\" data-e-type=\"widget\" data-widget_type=\"heading.default\">\n\t\t\t\t<div class=\"elementor-widget-container\">\n\t\t\t\t\t<h4 class=\"elementor-heading-title elementor-size-default\">\u00bfCU\u00c1L ES EL PR\u00d3XIMO PASO?<\/h4>\t\t\t\t<\/div>\n\t\t\t\t<\/div>\n\t\t\t\t<div class=\"elementor-element elementor-element-5d5897bf elementor-widget elementor-widget-heading\" data-id=\"5d5897bf\" data-element_type=\"widget\" data-e-type=\"widget\" data-widget_type=\"heading.default\">\n\t\t\t\t<div class=\"elementor-widget-container\">\n\t\t\t\t\t<span class=\"elementor-heading-title elementor-size-default\">\u00a1Haz tu examen de ingl\u00e9s y ponte a prueba hoy!<\/span>\t\t\t\t<\/div>\n\t\t\t\t<\/div>\n\t\t\t\t<\/div>\n\t\t<div class=\"elementor-element elementor-element-64f21460 e-flex e-con-boxed e-con e-child\" data-id=\"64f21460\" data-element_type=\"container\" data-e-type=\"container\">\n\t\t\t\t\t<div class=\"e-con-inner\">\n\t\t\t\t<div class=\"elementor-element elementor-element-65d77442 elementor-align-center elementor-widget elementor-widget-button\" data-id=\"65d77442\" data-element_type=\"widget\" data-e-type=\"widget\" data-widget_type=\"button.default\">\n\t\t\t\t<div class=\"elementor-widget-container\">\n\t\t\t\t\t\t\t\t\t<div class=\"elementor-button-wrapper\">\n\t\t\t\t\t<a class=\"elementor-button elementor-button-link elementor-size-sm\" href=\"https:\/\/elischools.com\/es\/prueba-de-nivel\/\">\n\t\t\t\t\t\t<span class=\"elementor-button-content-wrapper\">\n\t\t\t\t\t\t\t\t\t<span class=\"elementor-button-text\">\u00a1SIN COSTO, ES GRATIS!<\/span>\n\t\t\t\t\t<\/span>\n\t\t\t\t\t<\/a>\n\t\t\t\t<\/div>\n\t\t\t\t\t\t\t\t<\/div>\n\t\t\t\t<\/div>\n\t\t\t\t\t<\/div>\n\t\t\t\t<\/div>\n\t\t\t\t\t<\/div>\n\t\t\t\t<\/div>\n\t\t\t\t\t<\/div>\n\t\t\t\t<\/div>\n\t\t<div class=\"elementor-element elementor-element-bd5fb1d e-flex e-con-boxed e-con e-parent\" data-id=\"bd5fb1d\" data-element_type=\"container\" data-e-type=\"container\">\n\t\t\t\t\t<div class=\"e-con-inner\">\n\t\t\t\t<div class=\"elementor-element elementor-element-380b5e5c elementor-widget elementor-widget-spacer\" data-id=\"380b5e5c\" data-element_type=\"widget\" data-e-type=\"widget\" data-widget_type=\"spacer.default\">\n\t\t\t\t<div class=\"elementor-widget-container\">\n\t\t\t\t\t\t\t<div class=\"elementor-spacer\">\n\t\t\t<div class=\"elementor-spacer-inner\"><\/div>\n\t\t<\/div>\n\t\t\t\t\t\t<\/div>\n\t\t\t\t<\/div>\n\t\t\t\t\t<\/div>\n\t\t\t\t<\/div>\n\t\t\t\t<\/div>\n\t\t","protected":false},"excerpt":{"rendered":"<p>TODO EST\u00c1 LISTO Nuestro folleto llegar\u00e1 a tu correo electr\u00f3nico para que tengas acceso en cualquier momento. Mientras tanto, aqu\u00ed podr\u00e1stener acceso al folleto \u00abCampamento de verano\u00bb. CAMPAMENTO DE VERANO \u00bfCU\u00c1L ES EL PR\u00d3XIMO PASO? \u00a1Haz tu examen de ingl\u00e9s y ponte a prueba hoy! \u00a1SIN COSTO, ES GRATIS!<\/p>\n","protected":false},"author":19,"featured_media":81392,"parent":50974,"menu_order":0,"comment_status":"closed","ping_status":"closed","template":"elementor_header_footer","meta":{"footnotes":""},"class_list":["post-63668","page","type-page","status-publish","has-post-thumbnail","hentry"],"_links":{"self":[{"href":"https:\/\/elischools.com\/es\/wp-json\/wp\/v2\/pages\/63668","targetHints":{"allow":["GET"]}}],"collection":[{"href":"https:\/\/elischools.com\/es\/wp-json\/wp\/v2\/pages"}],"about":[{"href":"https:\/\/elischools.com\/es\/wp-json\/wp\/v2\/types\/page"}],"author":[{"embeddable":true,"href":"https:\/\/elischools.com\/es\/wp-json\/wp\/v2\/users\/19"}],"replies":[{"embeddable":true,"href":"https:\/\/elischools.com\/es\/wp-json\/wp\/v2\/comments?post=63668"}],"version-history":[{"count":0,"href":"https:\/\/elischools.com\/es\/wp-json\/wp\/v2\/pages\/63668\/revisions"}],"up":[{"embeddable":true,"href":"https:\/\/elischools.com\/es\/wp-json\/wp\/v2\/pages\/50974"}],"wp:featuredmedia":[{"embeddable":true,"href":"https:\/\/elischools.com\/es\/wp-json\/wp\/v2\/media\/81392"}],"wp:attachment":[{"href":"https:\/\/elischools.com\/es\/wp-json\/wp\/v2\/media?parent=63668"}],"curies":[{"name":"wp","href":"https:\/\/api.w.org\/{rel}","templated":true}]}}