{"id":56359,"date":"2024-01-26T12:39:51","date_gmt":"2024-01-26T17:39:51","guid":{"rendered":"https:\/\/elischools.com\/por-que-estudiar-en-irlanda\/limerick\/"},"modified":"2025-11-20T16:14:41","modified_gmt":"2025-11-20T21:14:41","slug":"descubre-limerick","status":"publish","type":"page","link":"https:\/\/elischools.com\/es\/por-que-estudiar-en-irlanda\/descubre-limerick\/","title":{"rendered":"Limerick"},"content":{"rendered":"<p><img fetchpriority=\"high\" decoding=\"async\" width=\"1920\" height=\"700\" src=\"https:\/\/elischools.com\/wp-content\/uploads\/2023\/09\/eli-schools-english-institute-in-ireland-why-study-english-in-limerick-top.webp\" alt=\"eli-schools-english-institute-in-ireland-why-study-english-in-limerick-top\" srcset=\"https:\/\/elischools.com\/wp-content\/uploads\/2023\/09\/eli-schools-english-institute-in-ireland-why-study-english-in-limerick-top.webp 1920w, https:\/\/elischools.com\/wp-content\/uploads\/2023\/09\/eli-schools-english-institute-in-ireland-why-study-english-in-limerick-top-300x109.webp 300w, https:\/\/elischools.com\/wp-content\/uploads\/2023\/09\/eli-schools-english-institute-in-ireland-why-study-english-in-limerick-top-1024x373.webp 1024w, https:\/\/elischools.com\/wp-content\/uploads\/2023\/09\/eli-schools-english-institute-in-ireland-why-study-english-in-limerick-top-768x280.webp 768w, https:\/\/elischools.com\/wp-content\/uploads\/2023\/09\/eli-schools-english-institute-in-ireland-why-study-english-in-limerick-top-1536x560.webp 1536w\" sizes=\"(max-width: 1920px) 100vw, 1920px\" \/>\t\t\t\t\t\t\t\t\t\t\t\t\t<\/p>\n<h1>DESCUBRE<br \/>LIMERICK<\/h1>\n<p>\t\t\t\t\t\t\t\t\t\t\t\t\t<img decoding=\"async\" width=\"480\" height=\"600\" src=\"https:\/\/elischools.com\/wp-content\/uploads\/2024\/08\/eli-schools-english-institute-in-ireland-discover-limerick-top-mobile.webp\" alt=\"eli-schools-english-institute-in-ireland-discover-limerick-top-mobile\" srcset=\"https:\/\/elischools.com\/wp-content\/uploads\/2024\/08\/eli-schools-english-institute-in-ireland-discover-limerick-top-mobile.webp 480w, https:\/\/elischools.com\/wp-content\/uploads\/2024\/08\/eli-schools-english-institute-in-ireland-discover-limerick-top-mobile-240x300.webp 240w\" sizes=\"(max-width: 480px) 100vw, 480px\" \/>\t\t\t\t\t\t\t\t\t\t\t\t\t<\/p>\n<h2>DESCUBRE LIMERICK<\/h2>\n<p>\t\t\tINICIO &gt;<br \/>\n\t\t\t<a href=\"https:\/\/elischools.com\/locations-2023\/\">\u00bfPOR QU\u00c9 IRLANDA? &gt;<\/a>\t\t<\/p>\n<h2>DESCUBRE LIMERICK<\/h2>\n<h1>DESCUBRE LIMERICK<\/h1>\n<p>Ubicada a orillas del r\u00edo Shannon en el oeste de Irlanda, Limerick es una ciudad vibrante donde la rica historia se encuentra con el alma art\u00edstica. Sum\u00e9rgete en la m\u00fasica, el arte y la literatura, y pasea por calles antiguas que dan vida a las leyendas.<\/p>\n<p>Experimenta maravillas culturales, desde melod\u00edas animadas en pubs encantadores hasta murales cautivadores que adornan las paredes de la ciudad. Explora el esplendor natural de la regi\u00f3n, con f\u00e1cil acceso a la costa atl\u00e1ntica, paisajes rurales ondulados y las majestuosas monta\u00f1as Galtee, un para\u00edso para los entusiastas del aire libre.<\/p>\n<p>\t\t\t\t\t\t\t\t\t\t\t\t\t<img decoding=\"async\" width=\"474\" height=\"400\" src=\"https:\/\/elischools.com\/wp-content\/uploads\/2024\/08\/eli-schools-english-institute-in-ireland-why-study-english-discover-limerick-1-2x.webp\" alt=\"eli-schools-english-institute-in-ireland-why-study-english-discover-limerick-1-2x\" srcset=\"https:\/\/elischools.com\/wp-content\/uploads\/2024\/08\/eli-schools-english-institute-in-ireland-why-study-english-discover-limerick-1-2x.webp 474w, https:\/\/elischools.com\/wp-content\/uploads\/2024\/08\/eli-schools-english-institute-in-ireland-why-study-english-discover-limerick-1-2x-300x253.webp 300w\" sizes=\"(max-width: 474px) 100vw, 474px\" \/><br \/>\n\t\t\t\t\t\t\t\t\t\t\t\t\t<img loading=\"lazy\" decoding=\"async\" width=\"42\" height=\"47\" src=\"https:\/\/elischools.com\/wp-content\/uploads\/2023\/08\/Recurso-12-1.png\" alt=\"\" \/><br \/>\n\t\t\t\t\t\t\t\t\t\t\t\t\t<img loading=\"lazy\" decoding=\"async\" width=\"522\" height=\"400\" src=\"https:\/\/elischools.com\/wp-content\/uploads\/2024\/08\/eli-schools-english-institute-in-ireland-why-study-english-discover-limerick-1-2x-1.webp\" alt=\"eli-schools-english-institute-in-ireland-why-study-english-discover-limerick-1-2x (1)\" srcset=\"https:\/\/elischools.com\/wp-content\/uploads\/2024\/08\/eli-schools-english-institute-in-ireland-why-study-english-discover-limerick-1-2x-1.webp 522w, https:\/\/elischools.com\/wp-content\/uploads\/2024\/08\/eli-schools-english-institute-in-ireland-why-study-english-discover-limerick-1-2x-1-300x230.webp 300w\" sizes=\"(max-width: 522px) 100vw, 522px\" \/><br \/>\n\t\t\t\t\t\t\t\t\t\t\t\t\t<img loading=\"lazy\" decoding=\"async\" width=\"308\" height=\"184\" src=\"https:\/\/elischools.com\/wp-content\/uploads\/2024\/08\/Recurso-11-1.webp\" alt=\"Recurso-11-1\" srcset=\"https:\/\/elischools.com\/wp-content\/uploads\/2024\/08\/Recurso-11-1.webp 308w, https:\/\/elischools.com\/wp-content\/uploads\/2024\/08\/Recurso-11-1-300x179.webp 300w\" sizes=\"(max-width: 308px) 100vw, 308px\" \/><br \/>\n\t\t\t\t\t\t\t\t\t\t\t\t\t<img loading=\"lazy\" decoding=\"async\" width=\"1000\" height=\"501\" src=\"https:\/\/elischools.com\/wp-content\/uploads\/2024\/08\/eli-schools-english-institute-in-ireland-why-study-english-discover-why-limerick-2x-2.webp\" alt=\"eli-schools-english-institute-in-ireland-why-study-english-discover-why-limerick-2x (2)\" srcset=\"https:\/\/elischools.com\/wp-content\/uploads\/2024\/08\/eli-schools-english-institute-in-ireland-why-study-english-discover-why-limerick-2x-2.webp 1000w, https:\/\/elischools.com\/wp-content\/uploads\/2024\/08\/eli-schools-english-institute-in-ireland-why-study-english-discover-why-limerick-2x-2-300x150.webp 300w, https:\/\/elischools.com\/wp-content\/uploads\/2024\/08\/eli-schools-english-institute-in-ireland-why-study-english-discover-why-limerick-2x-2-768x385.webp 768w\" sizes=\"(max-width: 1000px) 100vw, 1000px\" \/>\t\t\t\t\t\t\t\t\t\t\t\t\t<\/p>\n<h2>\u00bfPOR QU\u00c9 LIMERICK?<\/h2>\n<figure><img loading=\"lazy\" decoding=\"async\" width=\"91\" height=\"91\" src=\"https:\/\/elischools.com\/wp-content\/uploads\/2023\/08\/Recurso-24@2x-1.png\" alt=\"\" \/><\/figure>\n<p><b>Realeza del Rugby<\/b> <br \/> Hogar del club de rugby m\u00e1s antiguo del mundo, establecido con orgullo en 1879.<\/p>\n<figure><img loading=\"lazy\" decoding=\"async\" width=\"101\" height=\"91\" src=\"https:\/\/elischools.com\/wp-content\/uploads\/2023\/08\/Recurso-23@2x-1.png\" alt=\"\" \/><\/figure>\n<p><b>El Parque de la Naturaleza<\/b> <br \/> Disfruta del aire libre con el r\u00edo Shannon, el campo pintoresco y las monta\u00f1as Galtee al alcance de la mano.<\/p>\n<figure><img loading=\"lazy\" decoding=\"async\" width=\"91\" height=\"91\" src=\"https:\/\/elischools.com\/wp-content\/uploads\/2023\/08\/Recurso-22@2x-1.png\" alt=\"\" \/><\/figure>\n<p><b>Amigable con el Bolsillo<\/b> <br \/> Disfruta de un costo de vida casi un 30% m\u00e1s bajo que en Dubl\u00edn.<\/p>\n<p>\t\t\t\t\t\t\t\t\t\t\t\t\t<img loading=\"lazy\" decoding=\"async\" width=\"304\" height=\"600\" src=\"https:\/\/elischools.com\/wp-content\/uploads\/2024\/08\/eli-schools-english-institute-in-ireland-why-study-english-why-limerick-mobile.webp\" alt=\"eli-schools-english-institute-in-ireland-why-study-english-why-limerick-mobile\" srcset=\"https:\/\/elischools.com\/wp-content\/uploads\/2024\/08\/eli-schools-english-institute-in-ireland-why-study-english-why-limerick-mobile.webp 304w, https:\/\/elischools.com\/wp-content\/uploads\/2024\/08\/eli-schools-english-institute-in-ireland-why-study-english-why-limerick-mobile-152x300.webp 152w\" sizes=\"(max-width: 304px) 100vw, 304px\" \/>\t\t\t\t\t\t\t\t\t\t\t\t\t<\/p>\n<h2>\u00bfPOR QU\u00c9 LIMERICK?<\/h2>\n<figure><img loading=\"lazy\" decoding=\"async\" width=\"91\" height=\"91\" src=\"https:\/\/elischools.com\/wp-content\/uploads\/2023\/08\/Recurso-24@2x-1.png\" alt=\"\" \/><\/figure>\n<p><b>Realeza del Rugby<\/b> <br \/> Hogar del club de rugby m\u00e1s antiguo del mundo, establecido con orgullo en 1879.<\/p>\n<figure><img loading=\"lazy\" decoding=\"async\" width=\"101\" height=\"91\" src=\"https:\/\/elischools.com\/wp-content\/uploads\/2023\/08\/Recurso-23@2x-1.png\" alt=\"\" \/><\/figure>\n<p><b>El Parque de la Naturaleza<\/b> <br \/> Disfruta del aire libre con el r\u00edo Shannon, el campo pintoresco y las monta\u00f1as Galtee al alcance de la mano.<\/p>\n<figure><img loading=\"lazy\" decoding=\"async\" width=\"91\" height=\"91\" src=\"https:\/\/elischools.com\/wp-content\/uploads\/2023\/08\/Recurso-22@2x-1.png\" alt=\"\" \/><\/figure>\n<p><b>Amigable con el Bolsillo<\/b> <br \/> Disfruta de un costo de vida casi un 30% m\u00e1s bajo que en Dubl\u00edn.<\/p>\n<h1>ELI SCHOOLS EN LIMERICK<\/h1>\n<p>Ubicada en un hermoso edificio georgiano restaurado en el coraz\u00f3n del centro de Limerick, nuestra escuela es moderna, luminosa y acogedora. Situada a solo unos minutos de las principales \u00e1reas comerciales y tur\u00edsticas, lo mejor de la ciudad est\u00e1 a nuestra puerta.<\/p>\n<p>\t\t\t\t\t\t\t\t\t\t\t\t\t<img loading=\"lazy\" decoding=\"async\" width=\"500\" height=\"206\" src=\"https:\/\/elischools.com\/wp-content\/uploads\/2024\/08\/eli-schools-english-institute-in-ireland-why-study-english-discover-limerick-lobby-2x-1.webp\" alt=\"eli-schools-english-institute-in-ireland-why-study-english-discover-limerick-lobby-2x-1\" srcset=\"https:\/\/elischools.com\/wp-content\/uploads\/2024\/08\/eli-schools-english-institute-in-ireland-why-study-english-discover-limerick-lobby-2x-1.webp 500w, https:\/\/elischools.com\/wp-content\/uploads\/2024\/08\/eli-schools-english-institute-in-ireland-why-study-english-discover-limerick-lobby-2x-1-300x124.webp 300w\" sizes=\"(max-width: 500px) 100vw, 500px\" \/><br \/>\n\t\t\t\t\t\t\t\t\t\t\t\t\t\t<a href=\"https:\/\/goo.gl\/maps\/At75mAE7bAuMBYst5\" target=\"_blank\" rel=\"noopener\"><br \/>\n\t\t\t\t\t\t\t<img loading=\"lazy\" decoding=\"async\" width=\"1550\" height=\"640\" src=\"https:\/\/elischools.com\/wp-content\/uploads\/2024\/08\/eli-schools-english-institute-in-ireland-why-study-english-discover-limerick-map-2x.jpg\" alt=\"eli-schools-english-institute-in-ireland-why-study-english-discover-limerick-map-2x\" srcset=\"https:\/\/elischools.com\/wp-content\/uploads\/2024\/08\/eli-schools-english-institute-in-ireland-why-study-english-discover-limerick-map-2x.jpg 1550w, https:\/\/elischools.com\/wp-content\/uploads\/2024\/08\/eli-schools-english-institute-in-ireland-why-study-english-discover-limerick-map-2x-300x124.jpg 300w, https:\/\/elischools.com\/wp-content\/uploads\/2024\/08\/eli-schools-english-institute-in-ireland-why-study-english-discover-limerick-map-2x-1024x423.jpg 1024w, https:\/\/elischools.com\/wp-content\/uploads\/2024\/08\/eli-schools-english-institute-in-ireland-why-study-english-discover-limerick-map-2x-768x317.jpg 768w, https:\/\/elischools.com\/wp-content\/uploads\/2024\/08\/eli-schools-english-institute-in-ireland-why-study-english-discover-limerick-map-2x-1536x634.jpg 1536w\" sizes=\"(max-width: 1550px) 100vw, 1550px\" \/>\t\t\t\t\t\t\t\t<\/a><br \/>\n\t\t\t\t\t\t\t\t\t\t\t\t\t<img loading=\"lazy\" decoding=\"async\" width=\"500\" height=\"500\" src=\"https:\/\/elischools.com\/wp-content\/uploads\/2024\/08\/eli-schools-english-institute-in-ireland-why-study-english-discover-limerick-lobby-mobile-2x.webp\" alt=\"eli-schools-english-institute-in-ireland-why-study-english-discover-limerick-lobby-mobile-2x\" srcset=\"https:\/\/elischools.com\/wp-content\/uploads\/2024\/08\/eli-schools-english-institute-in-ireland-why-study-english-discover-limerick-lobby-mobile-2x.webp 500w, https:\/\/elischools.com\/wp-content\/uploads\/2024\/08\/eli-schools-english-institute-in-ireland-why-study-english-discover-limerick-lobby-mobile-2x-300x300.webp 300w, https:\/\/elischools.com\/wp-content\/uploads\/2024\/08\/eli-schools-english-institute-in-ireland-why-study-english-discover-limerick-lobby-mobile-2x-150x150.webp 150w\" sizes=\"(max-width: 500px) 100vw, 500px\" \/><br \/>\n\t\t\t\t\t\t\t\t\t\t\t\t\t\t<a href=\"https:\/\/goo.gl\/maps\/At75mAE7bAuMBYst5\" target=\"_blank\" rel=\"noopener\"><br \/>\n\t\t\t\t\t\t\t<img loading=\"lazy\" decoding=\"async\" width=\"500\" height=\"500\" src=\"https:\/\/elischools.com\/wp-content\/uploads\/2024\/08\/eli-schools-english-institute-in-ireland-why-study-english-discover-limerick-map-mobile-2x.webp\" alt=\"eli-schools-english-institute-in-ireland-why-study-english-discover-limerick-map-mobile-2x\" srcset=\"https:\/\/elischools.com\/wp-content\/uploads\/2024\/08\/eli-schools-english-institute-in-ireland-why-study-english-discover-limerick-map-mobile-2x.webp 500w, https:\/\/elischools.com\/wp-content\/uploads\/2024\/08\/eli-schools-english-institute-in-ireland-why-study-english-discover-limerick-map-mobile-2x-300x300.webp 300w, https:\/\/elischools.com\/wp-content\/uploads\/2024\/08\/eli-schools-english-institute-in-ireland-why-study-english-discover-limerick-map-mobile-2x-150x150.webp 150w\" sizes=\"(max-width: 500px) 100vw, 500px\" \/>\t\t\t\t\t\t\t\t<\/a><\/p>\n<h2>ELI SCHOOLS<\/h2>\n<h2>LIMERICK<\/h2>\n<p>CARACTER\u00cdSTICAS<\/p>\n<figure><img loading=\"lazy\" decoding=\"async\" width=\"51\" height=\"51\" src=\"https:\/\/elischools.com\/wp-content\/uploads\/2024\/08\/eli-schools-features-5.webp\" alt=\"eli-schools-features-5\" \/><\/figure>\n<p>Jard\u00edn<\/p>\n<figure><img loading=\"lazy\" decoding=\"async\" width=\"70\" height=\"51\" src=\"https:\/\/elischools.com\/wp-content\/uploads\/2024\/08\/eli-schools-features-2.webp\" alt=\"eli-schools-features-2\" \/><\/figure>\n<p>11 aulas<\/p>\n<figure><img loading=\"lazy\" decoding=\"async\" width=\"51\" height=\"51\" src=\"https:\/\/elischools.com\/wp-content\/uploads\/2024\/08\/eli-schools-features-3.webp\" alt=\"eli-schools-features-3\" \/><\/figure>\n<p>Sala de Estudiantes<\/p>\n<figure><img loading=\"lazy\" decoding=\"async\" width=\"58\" height=\"51\" src=\"https:\/\/elischools.com\/wp-content\/uploads\/2024\/08\/eli-schools-features-4.webp\" alt=\"eli-schools-features-4\" \/><\/figure>\n<p>Estaci\u00f3n de Caf\u00e9<\/p>\n<h2>\u00a1Ponte en contacto!<\/h2>\n<p>\t\t\t\t\t<a href=\"https:\/\/elischools.com\/es\/contactanos\/\"><br \/>\n\t\t\t\t\t\t\t\t\tCont\u00e1ctanos<br \/>\n\t\t\t\t\t<\/a><\/p>\n","protected":false},"excerpt":{"rendered":"<p>DESCUBRELIMERICK DESCUBRE LIMERICK INICIO &gt; \u00bfPOR QU\u00c9 IRLANDA? &gt; DESCUBRE LIMERICK DESCUBRE LIMERICK Ubicada a orillas del r\u00edo Shannon en el oeste de Irlanda, Limerick es una ciudad vibrante donde la rica historia se encuentra con el alma art\u00edstica. Sum\u00e9rgete en la m\u00fasica, el arte y la literatura, y pasea por calles antiguas que dan [&hellip;]<\/p>\n","protected":false},"author":19,"featured_media":75522,"parent":56281,"menu_order":0,"comment_status":"closed","ping_status":"closed","template":"elementor_header_footer","meta":{"_angie_page":false,"footnotes":""},"class_list":["post-56359","page","type-page","status-publish","has-post-thumbnail","hentry"],"_links":{"self":[{"href":"https:\/\/elischools.com\/es\/wp-json\/wp\/v2\/pages\/56359","targetHints":{"allow":["GET"]}}],"collection":[{"href":"https:\/\/elischools.com\/es\/wp-json\/wp\/v2\/pages"}],"about":[{"href":"https:\/\/elischools.com\/es\/wp-json\/wp\/v2\/types\/page"}],"author":[{"embeddable":true,"href":"https:\/\/elischools.com\/es\/wp-json\/wp\/v2\/users\/19"}],"replies":[{"embeddable":true,"href":"https:\/\/elischools.com\/es\/wp-json\/wp\/v2\/comments?post=56359"}],"version-history":[{"count":0,"href":"https:\/\/elischools.com\/es\/wp-json\/wp\/v2\/pages\/56359\/revisions"}],"up":[{"embeddable":true,"href":"https:\/\/elischools.com\/es\/wp-json\/wp\/v2\/pages\/56281"}],"wp:featuredmedia":[{"embeddable":true,"href":"https:\/\/elischools.com\/es\/wp-json\/wp\/v2\/media\/75522"}],"wp:attachment":[{"href":"https:\/\/elischools.com\/es\/wp-json\/wp\/v2\/media?parent=56359"}],"curies":[{"name":"wp","href":"https:\/\/api.w.org\/{rel}","templated":true}]}}