{"id":56265,"date":"2024-01-26T09:39:00","date_gmt":"2024-01-26T14:39:00","guid":{"rendered":"https:\/\/elischools.com\/?page_id=56265"},"modified":"2024-01-26T09:39:04","modified_gmt":"2024-01-26T14:39:04","slug":"methodologia","status":"publish","type":"page","link":"https:\/\/elischools.com\/es\/methodologia\/","title":{"rendered":"Methodology"},"content":{"rendered":"\t\t<div data-elementor-type=\"wp-page\" data-elementor-id=\"56265\" class=\"elementor elementor-56265\" data-elementor-post-type=\"page\">\n\t\t\t\t<div class=\"elementor-element elementor-element-185ccbb0 e-flex e-con-boxed e-con e-parent\" data-id=\"185ccbb0\" data-element_type=\"container\" data-e-type=\"container\">\n\t\t\t\t\t<div class=\"e-con-inner\">\n\t\t\t\t<div class=\"elementor-element elementor-element-74e5c2f elementor-widget elementor-widget-text-editor\" data-id=\"74e5c2f\" data-element_type=\"widget\" data-e-type=\"widget\" data-widget_type=\"text-editor.default\">\n\t\t\t\t<div class=\"elementor-widget-container\">\n\t\t\t\t\t\t\t\t\t<img loading=\"lazy\" decoding=\"async\" width=\"1920\" height=\"700\" src=\"https:\/\/elischools.com\/\/wp-content\/uploads\/2023\/08\/eli-schools-english-institute-in-ireland-methodology-top.jpg\" alt=\"\" loading=\"lazy\" srcset=\"https:\/\/elischools.com\/\/wp-content\/uploads\/2023\/08\/eli-schools-english-institute-in-ireland-methodology-top.jpg 1920w, https:\/\/elischools.com\/\/wp-content\/uploads\/2023\/08\/eli-schools-english-institute-in-ireland-methodology-top-300x109.jpg 300w, https:\/\/elischools.com\/\/wp-content\/uploads\/2023\/08\/eli-schools-english-institute-in-ireland-methodology-top-1024x373.jpg 1024w, https:\/\/elischools.com\/\/wp-content\/uploads\/2023\/08\/eli-schools-english-institute-in-ireland-methodology-top-768x280.jpg 768w, https:\/\/elischools.com\/\/wp-content\/uploads\/2023\/08\/eli-schools-english-institute-in-ireland-methodology-top-1536x560.jpg 1536w\" sizes=\"auto, (max-width: 1920px) 100vw, 1920px\" \/>\n<img loading=\"lazy\" decoding=\"async\" width=\"720\" height=\"900\" src=\"https:\/\/elischools.com\/\/wp-content\/uploads\/2023\/09\/eli-schools-english-institute-in-ireland-our-methodology-top-mobile.jpg\" alt=\"eli-schools-english-institute-in-ireland-our-methodology-top-mobile\" loading=\"lazy\" srcset=\"https:\/\/elischools.com\/\/wp-content\/uploads\/2023\/09\/eli-schools-english-institute-in-ireland-our-methodology-top-mobile.jpg 720w, https:\/\/elischools.com\/\/wp-content\/uploads\/2023\/09\/eli-schools-english-institute-in-ireland-our-methodology-top-mobile-240x300.jpg 240w\" sizes=\"auto, (max-width: 720px) 100vw, 720px\" \/>\n<h1>METHODOLOGY<\/h1>\nHOME >\n<h2>OUR METHODOLOGY<\/h2>\nOur curriculum and teaching methodology has been designed to match the highest\ninternational standards, yet we personalise our approach so we can meet the needs of every\nindividual learner.\n<h1>OUR TEACHING ENGLISH\nMETHODOLOGY<\/h1>\nUsing a blend of communicative and task based methods our experienced teachers use a core textbook to guide their lessons, while incorporating authentic content and materials featuring topics and themes from everyday life.\n\n<img loading=\"lazy\" decoding=\"async\" width=\"960\" height=\"560\" src=\"https:\/\/elischools.com\/\/wp-content\/uploads\/2023\/08\/eli-schools-english-institute-in-ireland-methodology.jpg\" alt=\"\" loading=\"lazy\" srcset=\"https:\/\/elischools.com\/\/wp-content\/uploads\/2023\/08\/eli-schools-english-institute-in-ireland-methodology.jpg 960w, https:\/\/elischools.com\/\/wp-content\/uploads\/2023\/08\/eli-schools-english-institute-in-ireland-methodology-300x175.jpg 300w, https:\/\/elischools.com\/\/wp-content\/uploads\/2023\/08\/eli-schools-english-institute-in-ireland-methodology-768x448.jpg 768w\" sizes=\"auto, (max-width: 960px) 100vw, 960px\" \/>\n<img loading=\"lazy\" decoding=\"async\" width=\"116\" height=\"116\" src=\"https:\/\/elischools.com\/\/wp-content\/uploads\/2023\/08\/elemento-3.png\" alt=\"\" loading=\"lazy\" srcset=\"https:\/\/elischools.com\/\/wp-content\/uploads\/2023\/08\/elemento-3.png 116w, https:\/\/elischools.com\/\/wp-content\/uploads\/2023\/08\/elementor\/thumbs\/elemento-3.png 150w\" sizes=\"auto, (max-width: 116px) 100vw, 116px\" \/>\n<img loading=\"lazy\" decoding=\"async\" width=\"89\" height=\"75\" src=\"https:\/\/elischools.com\/\/wp-content\/uploads\/2023\/08\/elemento-2.png\" alt=\"\" loading=\"lazy\" \/>\n<img loading=\"lazy\" decoding=\"async\" width=\"462\" height=\"462\" src=\"https:\/\/elischools.com\/\/wp-content\/uploads\/2023\/08\/eli-schools-english-institute-in-ireland-methodology-3.png\" alt=\"\" loading=\"lazy\" srcset=\"https:\/\/elischools.com\/\/wp-content\/uploads\/2023\/08\/eli-schools-english-institute-in-ireland-methodology-3.png 462w, https:\/\/elischools.com\/\/wp-content\/uploads\/2023\/08\/eli-schools-english-institute-in-ireland-methodology-3-300x300.png 300w, https:\/\/elischools.com\/\/wp-content\/uploads\/2023\/08\/eli-schools-english-institute-in-ireland-methodology-3-150x150.png 150w\" sizes=\"auto, (max-width: 462px) 100vw, 462px\" \/>\n<h2>EDUCATION<\/h2>\n<h2>BECOMES AN EXTRAORDINARY JOURNEY<\/h2>\n<img loading=\"lazy\" decoding=\"async\" width=\"35\" height=\"40\" src=\"https:\/\/elischools.com\/\/wp-content\/uploads\/2023\/08\/elemento-1-1.png\" alt=\"\" loading=\"lazy\" \/>\n<img loading=\"lazy\" decoding=\"async\" width=\"54\" height=\"49\" src=\"https:\/\/elischools.com\/\/wp-content\/uploads\/2023\/08\/circulo.png\" alt=\"\" loading=\"lazy\" \/>\n<img loading=\"lazy\" decoding=\"async\" width=\"960\" height=\"560\" src=\"https:\/\/elischools.com\/\/wp-content\/uploads\/2023\/08\/eli-schools-english-institute-in-ireland-methodology-2.jpg\" alt=\"\" loading=\"lazy\" srcset=\"https:\/\/elischools.com\/\/wp-content\/uploads\/2023\/08\/eli-schools-english-institute-in-ireland-methodology-2.jpg 960w, https:\/\/elischools.com\/\/wp-content\/uploads\/2023\/08\/eli-schools-english-institute-in-ireland-methodology-2-300x175.jpg 300w, https:\/\/elischools.com\/\/wp-content\/uploads\/2023\/08\/eli-schools-english-institute-in-ireland-methodology-2-768x448.jpg 768w\" sizes=\"auto, (max-width: 960px) 100vw, 960px\" \/>\n<img loading=\"lazy\" decoding=\"async\" width=\"230\" height=\"230\" src=\"https:\/\/elischools.com\/\/wp-content\/uploads\/2023\/08\/home-circle-why-ireland.png\" alt=\"\" loading=\"lazy\" srcset=\"https:\/\/elischools.com\/\/wp-content\/uploads\/2023\/08\/home-circle-why-ireland.png 230w, https:\/\/elischools.com\/\/wp-content\/uploads\/2023\/08\/home-circle-why-ireland-150x150.png 150w\" sizes=\"auto, (max-width: 230px) 100vw, 230px\" \/>\n<h1>LEARNER PATHWAY<\/h1>\nOur courses and curriculum are designed using a core textbook based on a 12-week program, with a progress test every six weeks. We follow an academic calendar with defined 13-week terms and a progression test at the end of every 12 weeks ensuring you can track your progress at every step of your journey\n\n<img loading=\"lazy\" decoding=\"async\" width=\"1500\" height=\"387\" src=\"https:\/\/elischools.com\/\/wp-content\/uploads\/2023\/08\/levels.png\" alt=\"\" loading=\"lazy\" srcset=\"https:\/\/elischools.com\/\/wp-content\/uploads\/2023\/08\/levels.png 1500w, https:\/\/elischools.com\/\/wp-content\/uploads\/2023\/08\/levels-300x77.png 300w, https:\/\/elischools.com\/\/wp-content\/uploads\/2023\/08\/levels-1024x264.png 1024w, https:\/\/elischools.com\/\/wp-content\/uploads\/2023\/08\/levels-768x198.png 768w\" sizes=\"auto, (max-width: 1500px) 100vw, 1500px\" \/>\n\nI started at the Beginner level, so when I got there, and I had to speak, I was like \u201cNow what? Will it work out?\u201d But the teachers made me feel quite comfortable. Then I moved from one level to another, and little by little, I rea-ched where I am now (Advanced level).\n\n-Ryann da Silva, Brazil\n\n<img loading=\"lazy\" decoding=\"async\" width=\"70\" height=\"66\" src=\"https:\/\/elischools.com\/\/wp-content\/uploads\/2023\/08\/quote-up-yellow.png\" alt=\"quote-up-yellow\" loading=\"lazy\" \/>\n<img loading=\"lazy\" decoding=\"async\" width=\"70\" height=\"66\" src=\"https:\/\/elischools.com\/\/wp-content\/uploads\/2023\/08\/quote-down-yellow.png\" alt=\"quote-down-yellow\" loading=\"lazy\" \/>\n<iframe title=\"#ELIStories: a jornada de Ryann do n\u00edvel iniciante ao ingl\u00eas avan\u00e7ado na Irlanda\" width=\"800\" height=\"450\" src=\"https:\/\/www.youtube.com\/embed\/leGQ_IZ6xEg?feature=oembed\" frameborder=\"0\" allow=\"accelerometer; autoplay; clipboard-write; encrypted-media; gyroscope; picture-in-picture; web-share\" allowfullscreen><\/iframe>\n<h2>EXPLORE OUR PROGRAMMES<\/h2>\n<a role=\"button\">\nALL COURSES\n<\/a>\n<img loading=\"lazy\" decoding=\"async\" width=\"42\" height=\"47\" src=\"https:\/\/elischools.com\/\/wp-content\/uploads\/2023\/08\/elemento-1.png\" alt=\"elemento-1\" loading=\"lazy\" \/>\n<img loading=\"lazy\" decoding=\"async\" width=\"230\" height=\"230\" src=\"https:\/\/elischools.com\/\/wp-content\/uploads\/2023\/08\/home-circle-why-ireland.png\" alt=\"\" loading=\"lazy\" srcset=\"https:\/\/elischools.com\/\/wp-content\/uploads\/2023\/08\/home-circle-why-ireland.png 230w, https:\/\/elischools.com\/\/wp-content\/uploads\/2023\/08\/home-circle-why-ireland-150x150.png 150w\" sizes=\"auto, (max-width: 230px) 100vw, 230px\" \/>\n<img loading=\"lazy\" decoding=\"async\" width=\"956\" height=\"726\" src=\"https:\/\/elischools.com\/\/wp-content\/uploads\/2023\/08\/eli-schools-english-institute-in-ireland-about-us-cta-2x.png\" alt=\"\" loading=\"lazy\" srcset=\"https:\/\/elischools.com\/\/wp-content\/uploads\/2023\/08\/eli-schools-english-institute-in-ireland-about-us-cta-2x.png 956w, https:\/\/elischools.com\/\/wp-content\/uploads\/2023\/08\/eli-schools-english-institute-in-ireland-about-us-cta-2x-300x228.png 300w, https:\/\/elischools.com\/\/wp-content\/uploads\/2023\/08\/eli-schools-english-institute-in-ireland-about-us-cta-2x-768x583.png 768w\" sizes=\"auto, (max-width: 956px) 100vw, 956px\" \/>\t\t\t\t\t\t\t\t<\/div>\n\t\t\t\t<\/div>\n\t\t\t\t\t<\/div>\n\t\t\t\t<\/div>\n\t\t\t\t<\/div>\n\t\t","protected":false},"excerpt":{"rendered":"<p>METHODOLOGY HOME > OUR METHODOLOGY Our curriculum and teaching methodology has been designed to match the highest international standards, yet we personalise our approach so we can meet the needs of every individual learner. OUR TEACHING ENGLISH METHODOLOGY Using a blend of communicative and task based methods our experienced teachers use a core textbook to [&hellip;]<\/p>\n","protected":false},"author":20,"featured_media":0,"parent":0,"menu_order":0,"comment_status":"closed","ping_status":"closed","template":"","meta":{"_angie_page":false,"footnotes":""},"class_list":["post-56265","page","type-page","status-publish","hentry"],"_links":{"self":[{"href":"https:\/\/elischools.com\/es\/wp-json\/wp\/v2\/pages\/56265","targetHints":{"allow":["GET"]}}],"collection":[{"href":"https:\/\/elischools.com\/es\/wp-json\/wp\/v2\/pages"}],"about":[{"href":"https:\/\/elischools.com\/es\/wp-json\/wp\/v2\/types\/page"}],"author":[{"embeddable":true,"href":"https:\/\/elischools.com\/es\/wp-json\/wp\/v2\/users\/20"}],"replies":[{"embeddable":true,"href":"https:\/\/elischools.com\/es\/wp-json\/wp\/v2\/comments?post=56265"}],"version-history":[{"count":0,"href":"https:\/\/elischools.com\/es\/wp-json\/wp\/v2\/pages\/56265\/revisions"}],"wp:attachment":[{"href":"https:\/\/elischools.com\/es\/wp-json\/wp\/v2\/media?parent=56265"}],"curies":[{"name":"wp","href":"https:\/\/api.w.org\/{rel}","templated":true}]}}