{"id":56224,"date":"2024-01-25T15:46:13","date_gmt":"2024-01-25T20:46:13","guid":{"rendered":"https:\/\/elischools.com\/?page_id=56224"},"modified":"2024-01-25T15:47:18","modified_gmt":"2024-01-25T20:47:18","slug":"about-us","status":"publish","type":"page","link":"https:\/\/elischools.com\/es\/about-us\/","title":{"rendered":"About Us"},"content":{"rendered":"\t\t<div data-elementor-type=\"wp-page\" data-elementor-id=\"56224\" class=\"elementor elementor-56224\" data-elementor-post-type=\"page\">\n\t\t\t\t<div class=\"elementor-element elementor-element-7ab3481c e-flex e-con-boxed e-con e-parent\" data-id=\"7ab3481c\" data-element_type=\"container\" data-e-type=\"container\">\n\t\t\t\t\t<div class=\"e-con-inner\">\n\t\t\t\t<div class=\"elementor-element elementor-element-37739566 elementor-widget elementor-widget-text-editor\" data-id=\"37739566\" data-element_type=\"widget\" data-e-type=\"widget\" data-widget_type=\"text-editor.default\">\n\t\t\t\t<div class=\"elementor-widget-container\">\n\t\t\t\t\t\t\t\t\t<p><\/p>\n<figure class=\"wp-block-image\"><img decoding=\"async\" src=\"https:\/\/elischools.com\/\/wp-content\/uploads\/2023\/08\/eli-schools-english-institute-in-ireland-about-us-top.jpg\" alt=\"\" \/><\/figure>\n<p><\/p>\n<figure class=\"wp-block-image\"><img decoding=\"async\" src=\"https:\/\/elischools.com\/\/wp-content\/uploads\/2023\/09\/eli-schools-english-institute-in-ireland-about-us-top-mobile.jpg\" alt=\"eli-schools-english-institute-in-ireland-about-us-top-mobile\" \/><\/figure>\n<p><\/p>\n<h1 class=\"wp-block-heading\">NOSOTROS<\/h1>\n<p><\/p>\n<p>HOME &gt;<\/p>\n<p><\/p>\n<h2 class=\"wp-block-heading\">NOSOTROS<\/h2>\n<p><\/p>\n<figure class=\"wp-block-image\"><img decoding=\"async\" src=\"https:\/\/elischools.com\/\/wp-content\/uploads\/2023\/08\/circulo-titulos.png\" alt=\"\" \/><\/figure>\n<p><\/p>\n<p>F<span style=\"font-weight: 400;\">undada en 2017, ELI Schools ha crecido para convertirse en uno de los mayores proveedores de formaci\u00f3n en ingl\u00e9s en Irlanda. Damos la bienvenida a m\u00e1s de 5,000 estudiantes internacionales a tiempo completo cada a\u00f1o, procedentes de m\u00e1s de 70 pa\u00edses, en nuestras escuelas en Dubl\u00edn, Drogheda y Limerick. En 2023, fuimos nominados por colegas de la industria y socios como uno de los mejores institutos de ingl\u00e9s en Europa.<\/span><\/p>\n<p>\u00a0<\/p>\n<p><span style=\"font-weight: 400;\">Nos sentimos orgullosos de que est\u00e9s considerando ELI como tu escuela. Tenemos la intenci\u00f3n de esforzarnos al m\u00e1ximo para garantizar que tengas la mejor experiencia en ELI. Tendr\u00e1s la oportunidad no solo de aprender y perfeccionar el idioma, sino tambi\u00e9n de explorar la rica cultura de Irlanda. Nos enorgullece ofrecer un servicio de primera clase en cada encuentro. \u00a1Esperamos darte la bienvenida a Irlanda<\/span>!<\/p>\n<p><\/p>\n<p><img fetchpriority=\"high\" decoding=\"async\" src=\"https:\/\/elischools.com\/\/wp-content\/uploads\/2023\/08\/eli-schools-english-institute-in-ireland-about-us-img-1-2x.png\" sizes=\"(max-width: 1200px) 100vw, 1200px\" srcset=\"https:\/\/elischools.com\/\/wp-content\/uploads\/2023\/08\/eli-schools-english-institute-in-ireland-about-us-img-1-2x.png 1200w, https:\/\/elischools.com\/\/wp-content\/uploads\/2023\/08\/eli-schools-english-institute-in-ireland-about-us-img-1-2x-300x300.png 300w, https:\/\/elischools.com\/\/wp-content\/uploads\/2023\/08\/eli-schools-english-institute-in-ireland-about-us-img-1-2x-1024x1024.png 1024w, https:\/\/elischools.com\/\/wp-content\/uploads\/2023\/08\/eli-schools-english-institute-in-ireland-about-us-img-1-2x-150x150.png 150w, https:\/\/elischools.com\/\/wp-content\/uploads\/2023\/08\/eli-schools-english-institute-in-ireland-about-us-img-1-2x-768x768.png 768w\" alt=\"\" width=\"1200\" height=\"1200\" \/><br \/><img decoding=\"async\" src=\"https:\/\/elischools.com\/\/wp-content\/uploads\/2023\/08\/about-data-1.png\" sizes=\"(max-width: 85px) 100vw, 85px\" srcset=\"https:\/\/elischools.com\/\/wp-content\/uploads\/2023\/08\/about-data-1.png 85w, https:\/\/elischools.com\/\/wp-content\/uploads\/2023\/08\/elementor\/thumbs\/about-data-1-qb0xxcjizm21gnkithy21iqthql3gwgjfv9n6vpxhu.png 83w\" alt=\"about-data-1\" width=\"85\" height=\"53\" \/><br \/>+<br \/>0<\/p>\n<p><\/p>\n<h2 class=\"wp-block-heading\">Students<\/h2>\n<p><\/p>\n<p><img decoding=\"async\" src=\"https:\/\/elischools.com\/\/wp-content\/uploads\/2023\/08\/about-data-2.png\" alt=\"about-data-2\" width=\"51\" height=\"64\" \/><br \/>+<br \/>0<\/p>\n<p><\/p>\n<h2 class=\"wp-block-heading\">Dedicated staff making <br \/>your dream a reality<\/h2>\n<p><\/p>\n<p><img loading=\"lazy\" decoding=\"async\" src=\"https:\/\/elischools.com\/\/wp-content\/uploads\/2023\/08\/about-data-3.png\" alt=\"about-data-3\" width=\"44\" height=\"62\" \/><br \/>4<\/p>\n<p><\/p>\n<h2 class=\"wp-block-heading\">Schools in 3 cities: <br \/>Limerick | Dublin | Drogheda<\/h2>\n<p><\/p>\n<p><img loading=\"lazy\" decoding=\"async\" src=\"https:\/\/elischools.com\/\/wp-content\/uploads\/2023\/08\/about-data-4.png\" alt=\"about-data-4\" width=\"54\" height=\"52\" \/><br \/>+<br \/>0<\/p>\n<p><\/p>\n<h2 class=\"wp-block-heading\">Nationalities in the Schools<\/h2>\n<p><\/p>\n<p><img loading=\"lazy\" decoding=\"async\" src=\"https:\/\/elischools.com\/\/wp-content\/uploads\/2023\/08\/quote-up-yellow.png\" alt=\"quote-up-yellow\" width=\"70\" height=\"66\" \/><br \/>Great school with a calm and peaceful environment the location close to the center is good. a larger social area would be nice. the didactics of teaching is excellent with integration between theory and practice with dynamic classes. The staff are great and give all support taking questions and giving guidance. especially Renato, always attentive.<\/p>\n<p><\/p>\n<p>-Yordan Silva de Paula<\/p>\n<p><\/p>\n<figure class=\"wp-block-image\"><img decoding=\"async\" src=\"https:\/\/elischools.com\/\/wp-content\/uploads\/2023\/08\/quote-down-yellow.png\" alt=\"quote-down-yellow\" \/><\/figure>\n<p><\/p>\n<figure class=\"wp-block-image\"><img decoding=\"async\" src=\"https:\/\/elischools.com\/\/wp-content\/uploads\/2023\/08\/eli-schools-english-institute-in-ireland-about-us-img-1-2x.jpg\" alt=\"\" \/><\/figure>\n<p><\/p>\n<figure class=\"wp-block-image\"><img decoding=\"async\" src=\"https:\/\/elischools.com\/\/wp-content\/uploads\/2023\/08\/eli-schools-english-institute-in-ireland-about-us-unique-img-1.jpg\" alt=\"\" \/><\/figure>\n<p><\/p>\n<h2 class=\"wp-block-heading\">Unforgettable <br \/>experiences, <br \/>lifelong <br \/>friendships<\/h2>\n<p><\/p>\n<figure class=\"wp-block-image\"><img decoding=\"async\" src=\"https:\/\/elischools.com\/\/wp-content\/uploads\/2023\/08\/eli-schools-english-institute-in-ireland-about-us-unique-img-2.jpg\" alt=\"\" \/><\/figure>\n<p><\/p>\n<figure class=\"wp-block-image\"><img decoding=\"async\" src=\"https:\/\/elischools.com\/\/wp-content\/uploads\/2023\/08\/eli-schools-english-institute-in-ireland-about-us-unique-img-3.jpg\" alt=\"\" \/><\/figure>\n<p><\/p>\n<h1 class=\"wp-block-heading\">WHAT MAKES US UNIQUE?<\/h1>\n<p><\/p>\n<p>We\u2019re a whole experience. From the beginning of their journey, students will learn through experience. ELI is a community of people, a family that walks toward the same goal:<\/p>\n<p><\/p>\n<h2 class=\"wp-block-heading\">Learning while having the amazing<br \/>experience of having fun in Ireland.<\/h2>\n<p><\/p>\n<figure class=\"wp-block-image\"><img decoding=\"async\" src=\"https:\/\/elischools.com\/\/wp-content\/uploads\/2023\/08\/estrella-unique.png\" alt=\"estrella-unique\" \/><\/figure>\n<p><\/p>\n<h1 class=\"wp-block-heading\">MEMBERSHIPS &amp; AWARDS<\/h1>\n<p><\/p>\n<figure class=\"wp-block-image\"><img decoding=\"async\" src=\"https:\/\/elischools.com\/\/wp-content\/uploads\/2023\/08\/eli-schools-english-institute-in-ireland-about-us-membership-marketing-english-ireland.png\" alt=\"\" \/><\/figure>\n<p><\/p>\n<figure class=\"wp-block-image\"><img decoding=\"async\" src=\"https:\/\/elischools.com\/\/wp-content\/uploads\/2023\/08\/eli-schools-english-institute-in-ireland-about-us-membership-enterprise-ireland.png\" alt=\"\" \/><\/figure>\n<p><\/p>\n<figure class=\"wp-block-image\"><img decoding=\"async\" src=\"https:\/\/elischools.com\/\/wp-content\/uploads\/2023\/08\/eli-schools-english-institute-in-ireland-about-us-membership-alto.png\" alt=\"\" \/><\/figure>\n<p><\/p>\n<figure class=\"wp-block-image\"><img decoding=\"async\" src=\"https:\/\/elischools.com\/\/wp-content\/uploads\/2023\/08\/eli-schools-english-institute-in-ireland-about-us-membership-star-awards.png\" alt=\"\" \/><\/figure>\n<p><\/p>\n<figure class=\"wp-block-image\"><img decoding=\"async\" src=\"https:\/\/elischools.com\/\/wp-content\/uploads\/2023\/08\/eli-schools-english-institute-in-ireland-about-us-membership-ilep.png\" alt=\"\" \/><\/figure>\n<p><\/p>\n<figure class=\"wp-block-image\"><img decoding=\"async\" src=\"https:\/\/elischools.com\/\/wp-content\/uploads\/2023\/08\/eli-schools-english-institute-in-ireland-about-us-membership-marketing-english-ireland.png\" alt=\"\" \/><\/figure>\n<p><\/p>\n<figure class=\"wp-block-image\"><img decoding=\"async\" src=\"https:\/\/elischools.com\/\/wp-content\/uploads\/2023\/08\/eli-schools-english-institute-in-ireland-about-us-membership-enterprise-ireland.png\" alt=\"\" \/><\/figure>\n<p><\/p>\n<figure class=\"wp-block-image\"><img decoding=\"async\" src=\"https:\/\/elischools.com\/\/wp-content\/uploads\/2023\/08\/eli-schools-english-institute-in-ireland-about-us-membership-alto.png\" alt=\"\" \/><\/figure>\n<p><\/p>\n<figure class=\"wp-block-image\"><img decoding=\"async\" src=\"https:\/\/elischools.com\/\/wp-content\/uploads\/2023\/08\/eli-schools-english-institute-in-ireland-about-us-membership-star-awards.png\" alt=\"\" \/><\/figure>\n<p><\/p>\n<figure class=\"wp-block-image\"><img decoding=\"async\" src=\"https:\/\/elischools.com\/\/wp-content\/uploads\/2023\/08\/eli-schools-english-institute-in-ireland-about-us-membership-ilep.png\" alt=\"\" \/><\/figure>\n<p><\/p>\n<h2 class=\"wp-block-heading\">EXPLORE OUR PROGRAMMES<\/h2>\n<p><\/p>\n<p><a role=\"button\"><br \/>ALL COURSES<br \/><\/a><br \/><img loading=\"lazy\" decoding=\"async\" src=\"https:\/\/elischools.com\/\/wp-content\/uploads\/2023\/08\/elemento-1.png\" alt=\"elemento-1\" width=\"42\" height=\"47\" \/><br \/><img loading=\"lazy\" decoding=\"async\" src=\"https:\/\/elischools.com\/\/wp-content\/uploads\/2023\/08\/home-circle-why-ireland.png\" sizes=\"(max-width: 230px) 100vw, 230px\" srcset=\"https:\/\/elischools.com\/\/wp-content\/uploads\/2023\/08\/home-circle-why-ireland.png 230w, https:\/\/elischools.com\/\/wp-content\/uploads\/2023\/08\/home-circle-why-ireland-150x150.png 150w\" alt=\"\" width=\"230\" height=\"230\" \/><br \/><img loading=\"lazy\" decoding=\"async\" src=\"https:\/\/elischools.com\/\/wp-content\/uploads\/2023\/08\/eli-schools-english-institute-in-ireland-about-us-cta-2x.png\" sizes=\"(max-width: 956px) 100vw, 956px\" srcset=\"https:\/\/elischools.com\/\/wp-content\/uploads\/2023\/08\/eli-schools-english-institute-in-ireland-about-us-cta-2x.png 956w, https:\/\/elischools.com\/\/wp-content\/uploads\/2023\/08\/eli-schools-english-institute-in-ireland-about-us-cta-2x-300x228.png 300w, https:\/\/elischools.com\/\/wp-content\/uploads\/2023\/08\/eli-schools-english-institute-in-ireland-about-us-cta-2x-768x583.png 768w\" alt=\"\" width=\"956\" height=\"726\" \/><\/p>\n<p><\/p>\t\t\t\t\t\t\t\t<\/div>\n\t\t\t\t<\/div>\n\t\t\t\t\t<\/div>\n\t\t\t\t<\/div>\n\t\t\t\t<\/div>\n\t\t","protected":false},"excerpt":{"rendered":"<p>NOSOTROS HOME &gt; NOSOTROS Fundada en 2017, ELI Schools ha crecido para convertirse en uno de los mayores proveedores de formaci\u00f3n en ingl\u00e9s en Irlanda. Damos la bienvenida a m\u00e1s de 5,000 estudiantes internacionales a tiempo completo cada a\u00f1o, procedentes de m\u00e1s de 70 pa\u00edses, en nuestras escuelas en Dubl\u00edn, Drogheda y Limerick. En 2023, [&hellip;]<\/p>\n","protected":false},"author":20,"featured_media":0,"parent":0,"menu_order":0,"comment_status":"closed","ping_status":"closed","template":"","meta":{"_angie_page":false,"footnotes":""},"class_list":["post-56224","page","type-page","status-publish","hentry"],"_links":{"self":[{"href":"https:\/\/elischools.com\/es\/wp-json\/wp\/v2\/pages\/56224","targetHints":{"allow":["GET"]}}],"collection":[{"href":"https:\/\/elischools.com\/es\/wp-json\/wp\/v2\/pages"}],"about":[{"href":"https:\/\/elischools.com\/es\/wp-json\/wp\/v2\/types\/page"}],"author":[{"embeddable":true,"href":"https:\/\/elischools.com\/es\/wp-json\/wp\/v2\/users\/20"}],"replies":[{"embeddable":true,"href":"https:\/\/elischools.com\/es\/wp-json\/wp\/v2\/comments?post=56224"}],"version-history":[{"count":0,"href":"https:\/\/elischools.com\/es\/wp-json\/wp\/v2\/pages\/56224\/revisions"}],"wp:attachment":[{"href":"https:\/\/elischools.com\/es\/wp-json\/wp\/v2\/media?parent=56224"}],"curies":[{"name":"wp","href":"https:\/\/api.w.org\/{rel}","templated":true}]}}