{"id":5129,"date":"2021-05-07T19:09:10","date_gmt":"2021-05-07T19:09:10","guid":{"rendered":"https:\/\/elischools.com\/?page_id=5129"},"modified":"2021-10-12T22:00:11","modified_gmt":"2021-10-12T22:00:11","slug":"aprendiendo-con-eli","status":"publish","type":"page","link":"https:\/\/elischools.com\/es\/aprendiendo-con-eli\/","title":{"rendered":"Aprendiendo con ELI"},"content":{"rendered":"\t\t<div data-elementor-type=\"wp-page\" data-elementor-id=\"5129\" class=\"elementor elementor-5129 elementor-688\" data-elementor-post-type=\"page\">\n\t\t\t\t\t\t<section class=\"elementor-section elementor-top-section elementor-element elementor-element-48c651a9 elementor-section-full_width elementor-section-stretched elementor-section-height-min-height elementor-section-height-default elementor-section-items-middle\" data-id=\"48c651a9\" data-element_type=\"section\" data-e-type=\"section\" data-settings=\"{&quot;stretch_section&quot;:&quot;section-stretched&quot;,&quot;background_background&quot;:&quot;classic&quot;}\">\n\t\t\t\t\t\t<div class=\"elementor-container elementor-column-gap-no\">\n\t\t\t\t\t<div class=\"elementor-column elementor-col-100 elementor-top-column elementor-element elementor-element-4b1d32a2\" data-id=\"4b1d32a2\" data-element_type=\"column\" data-e-type=\"column\">\n\t\t\t<div class=\"elementor-widget-wrap elementor-element-populated\">\n\t\t\t\t\t\t<section class=\"elementor-section elementor-inner-section elementor-element elementor-element-6992d92b elementor-section-full_width elementor-section-height-default elementor-section-height-default\" data-id=\"6992d92b\" data-element_type=\"section\" data-e-type=\"section\">\n\t\t\t\t\t\t<div class=\"elementor-container elementor-column-gap-default\">\n\t\t\t\t\t<div class=\"elementor-column elementor-col-100 elementor-inner-column elementor-element elementor-element-6295eaaa\" data-id=\"6295eaaa\" data-element_type=\"column\" data-e-type=\"column\">\n\t\t\t<div class=\"elementor-widget-wrap elementor-element-populated\">\n\t\t\t\t\t\t<div class=\"elementor-element elementor-element-485b2923 elementor-widget elementor-widget-text-editor\" data-id=\"485b2923\" data-element_type=\"widget\" data-e-type=\"widget\" data-widget_type=\"text-editor.default\">\n\t\t\t\t<div class=\"elementor-widget-container\">\n\t\t\t\t\t\t\t\t\t<span>Aprendiendo con ELI<\/span>\t\t\t\t\t\t\t\t<\/div>\n\t\t\t\t<\/div>\n\t\t\t\t\t<\/div>\n\t\t<\/div>\n\t\t\t\t\t<\/div>\n\t\t<\/section>\n\t\t\t\t\t<\/div>\n\t\t<\/div>\n\t\t\t\t\t<\/div>\n\t\t<\/section>\n\t\t\t\t<section class=\"elementor-section elementor-top-section elementor-element elementor-element-3409c0ff elementor-section-boxed elementor-section-height-default elementor-section-height-default\" data-id=\"3409c0ff\" data-element_type=\"section\" data-e-type=\"section\">\n\t\t\t\t\t\t<div class=\"elementor-container elementor-column-gap-no\">\n\t\t\t\t\t<div class=\"elementor-column elementor-col-100 elementor-top-column elementor-element elementor-element-26ce538a\" data-id=\"26ce538a\" data-element_type=\"column\" data-e-type=\"column\">\n\t\t\t<div class=\"elementor-widget-wrap elementor-element-populated\">\n\t\t\t\t\t\t<div class=\"elementor-element elementor-element-4e335b47 elementor-widget elementor-widget-spacer\" data-id=\"4e335b47\" data-element_type=\"widget\" data-e-type=\"widget\" data-widget_type=\"spacer.default\">\n\t\t\t\t<div class=\"elementor-widget-container\">\n\t\t\t\t\t\t\t<div class=\"elementor-spacer\">\n\t\t\t<div class=\"elementor-spacer-inner\"><\/div>\n\t\t<\/div>\n\t\t\t\t\t\t<\/div>\n\t\t\t\t<\/div>\n\t\t\t\t<div class=\"elementor-element elementor-element-4424c6f elementor-widget elementor-widget-text-editor\" data-id=\"4424c6f\" data-element_type=\"widget\" data-e-type=\"widget\" data-widget_type=\"text-editor.default\">\n\t\t\t\t<div class=\"elementor-widget-container\">\n\t\t\t\t\t\t\t\t\t<p>Ofrecemos una variedad de programas que tienen el potencial de transformar verdaderamente la vida de nuestros estudiantes. Nuestro plan de estudios y metodolog\u00eda de ense\u00f1anza han sido dise\u00f1ados para cumplir con los m\u00e1s altos est\u00e1ndares internacionales, pero personalizamos nuestro enfoque para que podamos satisfacer las necesidades de cada alumno individualmente.<\/p>\t\t\t\t\t\t\t\t<\/div>\n\t\t\t\t<\/div>\n\t\t\t\t<div class=\"elementor-element elementor-element-5104593 elementor-widget elementor-widget-spacer\" data-id=\"5104593\" data-element_type=\"widget\" data-e-type=\"widget\" data-widget_type=\"spacer.default\">\n\t\t\t\t<div class=\"elementor-widget-container\">\n\t\t\t\t\t\t\t<div class=\"elementor-spacer\">\n\t\t\t<div class=\"elementor-spacer-inner\"><\/div>\n\t\t<\/div>\n\t\t\t\t\t\t<\/div>\n\t\t\t\t<\/div>\n\t\t\t\t<div class=\"elementor-element elementor-element-7e367c06 elementor-widget elementor-widget-spacer\" data-id=\"7e367c06\" data-element_type=\"widget\" data-e-type=\"widget\" data-widget_type=\"spacer.default\">\n\t\t\t\t<div class=\"elementor-widget-container\">\n\t\t\t\t\t\t\t<div class=\"elementor-spacer\">\n\t\t\t<div class=\"elementor-spacer-inner\"><\/div>\n\t\t<\/div>\n\t\t\t\t\t\t<\/div>\n\t\t\t\t<\/div>\n\t\t\t\t\t<\/div>\n\t\t<\/div>\n\t\t\t\t\t<\/div>\n\t\t<\/section>\n\t\t\t\t<section class=\"elementor-section elementor-top-section elementor-element elementor-element-1f092bef elementor-hidden-desktop elementor-hidden-tablet elementor-hidden-mobile elementor-section-boxed elementor-section-height-default elementor-section-height-default\" data-id=\"1f092bef\" data-element_type=\"section\" data-e-type=\"section\">\n\t\t\t\t\t\t<div class=\"elementor-container elementor-column-gap-default\">\n\t\t\t\t\t<div class=\"elementor-column elementor-col-50 elementor-top-column elementor-element elementor-element-408da8e6\" data-id=\"408da8e6\" data-element_type=\"column\" data-e-type=\"column\">\n\t\t\t<div class=\"elementor-widget-wrap elementor-element-populated\">\n\t\t\t\t\t\t<div class=\"elementor-element elementor-element-6e3f0a96 elementor-widget elementor-widget-text-editor\" data-id=\"6e3f0a96\" data-element_type=\"widget\" data-e-type=\"widget\" data-widget_type=\"text-editor.default\">\n\t\t\t\t<div class=\"elementor-widget-container\">\n\t\t\t\t\t\t\t\t\t<p><span>Ofrecemos una variedad de programas que tienen el potencial de transformar verdaderamente la vida de nuestros estudiantes.\u00a0<\/span><span>Para los adultos j\u00f3venes de 16 a 18 a\u00f1os, nuestro programa de escuela secundaria ofrece a los estudiantes internacionales una oportunidad \u00fanica de sumergirse en algunos de los mejores internados y escuelas diurnas del pa\u00eds.\u00a0<\/span><span>Nuestras escuelas secundarias asociadas ofrecen el entorno perfecto para desarrollarse en uno de los sistemas educativos mejor clasificados del mundo que conducen a la universidad en Irlanda o m\u00e1s all\u00e1.\u00a0<\/span><span>Nuestro programa Pathway ayuda a los estudiantes internacionales a prepararse para continuar sus estudios en Irlanda con un fuerte \u00e9nfasis en el idioma ingl\u00e9s y las habilidades sociales necesarias para acceder a la educaci\u00f3n superior, con un servicio gratuito de colocaci\u00f3n universitaria.<\/span><\/p>\t\t\t\t\t\t\t\t<\/div>\n\t\t\t\t<\/div>\n\t\t\t\t\t<\/div>\n\t\t<\/div>\n\t\t\t\t<div class=\"elementor-column elementor-col-50 elementor-top-column elementor-element elementor-element-3e83adc3\" data-id=\"3e83adc3\" data-element_type=\"column\" data-e-type=\"column\">\n\t\t\t<div class=\"elementor-widget-wrap elementor-element-populated\">\n\t\t\t\t\t\t<div class=\"elementor-element elementor-element-28287611 elementor-widget elementor-widget-spacer\" data-id=\"28287611\" data-element_type=\"widget\" data-e-type=\"widget\" data-widget_type=\"spacer.default\">\n\t\t\t\t<div class=\"elementor-widget-container\">\n\t\t\t\t\t\t\t<div class=\"elementor-spacer\">\n\t\t\t<div class=\"elementor-spacer-inner\"><\/div>\n\t\t<\/div>\n\t\t\t\t\t\t<\/div>\n\t\t\t\t<\/div>\n\t\t\t\t<div class=\"elementor-element elementor-element-d7d56e9 elementor-widget elementor-widget-image\" data-id=\"d7d56e9\" data-element_type=\"widget\" data-e-type=\"widget\" data-widget_type=\"image.default\">\n\t\t\t\t<div class=\"elementor-widget-container\">\n\t\t\t\t\t\t\t\t\t\t\t\t\t\t\t<img decoding=\"async\" src=\"https:\/\/elischools.com\/wp-content\/uploads\/elementor\/thumbs\/Learning-with-ELI-qzz40qocha4lur0dq8eoc2a2obyt7brkuj5s4an5w4.jpg\" title=\"Learning with ELI\" alt=\"Learning with ELI\" loading=\"lazy\" \/>\t\t\t\t\t\t\t\t\t\t\t\t\t\t\t<\/div>\n\t\t\t\t<\/div>\n\t\t\t\t<div class=\"elementor-element elementor-element-219fa46c elementor-widget elementor-widget-spacer\" data-id=\"219fa46c\" data-element_type=\"widget\" data-e-type=\"widget\" data-widget_type=\"spacer.default\">\n\t\t\t\t<div class=\"elementor-widget-container\">\n\t\t\t\t\t\t\t<div class=\"elementor-spacer\">\n\t\t\t<div class=\"elementor-spacer-inner\"><\/div>\n\t\t<\/div>\n\t\t\t\t\t\t<\/div>\n\t\t\t\t<\/div>\n\t\t\t\t\t<\/div>\n\t\t<\/div>\n\t\t\t\t\t<\/div>\n\t\t<\/section>\n\t\t\t\t<section class=\"elementor-section elementor-top-section elementor-element elementor-element-77abaea elementor-section-full_width elementor-section-height-default elementor-section-height-default\" data-id=\"77abaea\" data-element_type=\"section\" data-e-type=\"section\" data-settings=\"{&quot;background_background&quot;:&quot;classic&quot;}\">\n\t\t\t\t\t\t<div class=\"elementor-container elementor-column-gap-no\">\n\t\t\t\t\t<div class=\"elementor-column elementor-col-100 elementor-top-column elementor-element elementor-element-369c6eae\" data-id=\"369c6eae\" data-element_type=\"column\" data-e-type=\"column\">\n\t\t\t<div class=\"elementor-widget-wrap elementor-element-populated\">\n\t\t\t\t\t\t<section class=\"elementor-section elementor-inner-section elementor-element elementor-element-421067b9 elementor-section-full_width space-column-acommodation elementor-section-height-default elementor-section-height-default\" data-id=\"421067b9\" data-element_type=\"section\" data-e-type=\"section\">\n\t\t\t\t\t\t<div class=\"elementor-container elementor-column-gap-default\">\n\t\t\t\t\t<div class=\"elementor-column elementor-col-25 elementor-inner-column elementor-element elementor-element-14d669ec\" data-id=\"14d669ec\" data-element_type=\"column\" data-e-type=\"column\" data-settings=\"{&quot;background_background&quot;:&quot;classic&quot;}\">\n\t\t\t<div class=\"elementor-widget-wrap elementor-element-populated\">\n\t\t\t\t\t\t<div class=\"elementor-element elementor-element-1abc1ef8 elementor-widget elementor-widget-image\" data-id=\"1abc1ef8\" data-element_type=\"widget\" data-e-type=\"widget\" data-widget_type=\"image.default\">\n\t\t\t\t<div class=\"elementor-widget-container\">\n\t\t\t\t\t\t\t\t\t\t\t\t\t\t\t<img fetchpriority=\"high\" decoding=\"async\" width=\"768\" height=\"350\" src=\"https:\/\/elischools.com\/wp-content\/uploads\/2021\/03\/Elli-School-General-English-Ireland-Teacher-768x350.jpg\" class=\"attachment-medium_large size-medium_large wp-image-5134\" alt=\"\" srcset=\"https:\/\/elischools.com\/wp-content\/uploads\/2021\/03\/Elli-School-General-English-Ireland-Teacher-768x350.jpg 768w, https:\/\/elischools.com\/wp-content\/uploads\/2021\/03\/Elli-School-General-English-Ireland-Teacher-300x137.jpg 300w, https:\/\/elischools.com\/wp-content\/uploads\/2021\/03\/Elli-School-General-English-Ireland-Teacher.jpg 960w\" sizes=\"(max-width: 768px) 100vw, 768px\" \/>\t\t\t\t\t\t\t\t\t\t\t\t\t\t\t<\/div>\n\t\t\t\t<\/div>\n\t\t\t\t<div class=\"elementor-element elementor-element-181c990 elementor-widget elementor-widget-heading\" data-id=\"181c990\" data-element_type=\"widget\" data-e-type=\"widget\" data-widget_type=\"heading.default\">\n\t\t\t\t<div class=\"elementor-widget-container\">\n\t\t\t\t\t<h3 class=\"elementor-heading-title elementor-size-default\">Metodolog\u00eda de Ense\u00f1anza<\/h3>\t\t\t\t<\/div>\n\t\t\t\t<\/div>\n\t\t\t\t<div class=\"elementor-element elementor-element-2b3cd13 elementor-widget elementor-widget-text-editor\" data-id=\"2b3cd13\" data-element_type=\"widget\" data-e-type=\"widget\" data-widget_type=\"text-editor.default\">\n\t\t\t\t<div class=\"elementor-widget-container\">\n\t\t\t\t\t\t\t\t\t<p><span>Utilizando un enfoque comunicativo, nuestras lecciones se imparten utilizando un m\u00e9todo basado en tareas que involucra temas y temas de la vida cotidiana. <\/span><span>Usamos un libro de curso central y un libro de trabajo para cada nivel y los maestros los complementan con materiales aut\u00e9nticos que incluyen peri\u00f3dicos, videos en l\u00ednea y audio.<\/span><\/p>\t\t\t\t\t\t\t\t<\/div>\n\t\t\t\t<\/div>\n\t\t\t\t\t<\/div>\n\t\t<\/div>\n\t\t\t\t<div class=\"elementor-column elementor-col-25 elementor-inner-column elementor-element elementor-element-6ecac967\" data-id=\"6ecac967\" data-element_type=\"column\" data-e-type=\"column\">\n\t\t\t<div class=\"elementor-widget-wrap elementor-element-populated\">\n\t\t\t\t\t\t<div class=\"elementor-element elementor-element-581aad51 elementor-widget elementor-widget-image\" data-id=\"581aad51\" data-element_type=\"widget\" data-e-type=\"widget\" data-widget_type=\"image.default\">\n\t\t\t\t<div class=\"elementor-widget-container\">\n\t\t\t\t\t\t\t\t\t\t\t\t\t\t\t<img decoding=\"async\" width=\"768\" height=\"350\" src=\"https:\/\/elischools.com\/wp-content\/uploads\/2021\/03\/Elli-School-General-English-Ireland-Students-768x350.jpg\" class=\"attachment-medium_large size-medium_large wp-image-5133\" alt=\"\" srcset=\"https:\/\/elischools.com\/wp-content\/uploads\/2021\/03\/Elli-School-General-English-Ireland-Students-768x350.jpg 768w, https:\/\/elischools.com\/wp-content\/uploads\/2021\/03\/Elli-School-General-English-Ireland-Students-300x137.jpg 300w, https:\/\/elischools.com\/wp-content\/uploads\/2021\/03\/Elli-School-General-English-Ireland-Students.jpg 960w\" sizes=\"(max-width: 768px) 100vw, 768px\" \/>\t\t\t\t\t\t\t\t\t\t\t\t\t\t\t<\/div>\n\t\t\t\t<\/div>\n\t\t\t\t<div class=\"elementor-element elementor-element-b460667 elementor-widget elementor-widget-heading\" data-id=\"b460667\" data-element_type=\"widget\" data-e-type=\"widget\" data-widget_type=\"heading.default\">\n\t\t\t\t<div class=\"elementor-widget-container\">\n\t\t\t\t\t<h3 class=\"elementor-heading-title elementor-size-default\">Progreso Definido<\/h3>\t\t\t\t<\/div>\n\t\t\t\t<\/div>\n\t\t\t\t<div class=\"elementor-element elementor-element-0515a23 elementor-widget elementor-widget-text-editor\" data-id=\"0515a23\" data-element_type=\"widget\" data-e-type=\"widget\" data-widget_type=\"text-editor.default\">\n\t\t\t\t<div class=\"elementor-widget-container\">\n\t\t\t\t\t\t\t\t\t<p><span>Para cada nivel que ense\u00f1amos, nuestro plan de estudios se compone de habilidades y habilidades claramente definidas. <\/span><span>Nuestros profesores experimentados lo ayudar\u00e1n a guiarlo a trav\u00e9s de cada nivel con una prueba de progreso y un informe de progreso cada 6 semanas, y una prueba de progreso de nivel despu\u00e9s de 12 semanas.<\/span><\/p>\t\t\t\t\t\t\t\t<\/div>\n\t\t\t\t<\/div>\n\t\t\t\t\t<\/div>\n\t\t<\/div>\n\t\t\t\t\t<\/div>\n\t\t<\/section>\n\t\t\t\t\t<\/div>\n\t\t<\/div>\n\t\t\t\t\t<\/div>\n\t\t<\/section>\n\t\t\t\t<section class=\"elementor-section elementor-top-section elementor-element elementor-element-c463783 elementor-section-boxed elementor-section-height-default elementor-section-height-default\" data-id=\"c463783\" data-element_type=\"section\" data-e-type=\"section\">\n\t\t\t\t\t\t<div class=\"elementor-container elementor-column-gap-default\">\n\t\t\t\t\t<div class=\"elementor-column elementor-col-100 elementor-top-column elementor-element elementor-element-5e6cb82\" data-id=\"5e6cb82\" data-element_type=\"column\" data-e-type=\"column\">\n\t\t\t<div class=\"elementor-widget-wrap elementor-element-populated\">\n\t\t\t\t\t\t<div class=\"elementor-element elementor-element-c5e1ce1 elementor-widget elementor-widget-spacer\" data-id=\"c5e1ce1\" data-element_type=\"widget\" data-e-type=\"widget\" data-widget_type=\"spacer.default\">\n\t\t\t\t<div class=\"elementor-widget-container\">\n\t\t\t\t\t\t\t<div class=\"elementor-spacer\">\n\t\t\t<div class=\"elementor-spacer-inner\"><\/div>\n\t\t<\/div>\n\t\t\t\t\t\t<\/div>\n\t\t\t\t<\/div>\n\t\t\t\t<div class=\"elementor-element elementor-element-27c024e elementor-widget elementor-widget-image\" data-id=\"27c024e\" data-element_type=\"widget\" data-e-type=\"widget\" data-widget_type=\"image.default\">\n\t\t\t\t<div class=\"elementor-widget-container\">\n\t\t\t\t\t\t\t\t\t\t\t\t\t\t\t<img decoding=\"async\" width=\"1350\" height=\"280\" src=\"https:\/\/elischools.com\/wp-content\/uploads\/2021\/09\/Progress-Table-Transparent-.png\" class=\"attachment-1536x1536 size-1536x1536 wp-image-9037\" alt=\"\" srcset=\"https:\/\/elischools.com\/wp-content\/uploads\/2021\/09\/Progress-Table-Transparent-.png 1350w, https:\/\/elischools.com\/wp-content\/uploads\/2021\/09\/Progress-Table-Transparent--300x62.png 300w, https:\/\/elischools.com\/wp-content\/uploads\/2021\/09\/Progress-Table-Transparent--1024x212.png 1024w, https:\/\/elischools.com\/wp-content\/uploads\/2021\/09\/Progress-Table-Transparent--768x159.png 768w\" sizes=\"(max-width: 1350px) 100vw, 1350px\" \/>\t\t\t\t\t\t\t\t\t\t\t\t\t\t\t<\/div>\n\t\t\t\t<\/div>\n\t\t\t\t\t<\/div>\n\t\t<\/div>\n\t\t\t\t\t<\/div>\n\t\t<\/section>\n\t\t\t\t<section class=\"elementor-section elementor-top-section elementor-element elementor-element-239ed0c7 elementor-section-full_width elementor-section-height-default elementor-section-height-default\" data-id=\"239ed0c7\" data-element_type=\"section\" data-e-type=\"section\">\n\t\t\t\t\t\t<div class=\"elementor-container elementor-column-gap-default\">\n\t\t\t\t\t<div class=\"elementor-column elementor-col-100 elementor-top-column elementor-element elementor-element-248cff14\" data-id=\"248cff14\" data-element_type=\"column\" data-e-type=\"column\">\n\t\t\t<div class=\"elementor-widget-wrap elementor-element-populated\">\n\t\t\t\t\t\t<section class=\"elementor-section elementor-inner-section elementor-element elementor-element-7ea22df0 elementor-section-boxed elementor-section-height-default elementor-section-height-default\" data-id=\"7ea22df0\" data-element_type=\"section\" data-e-type=\"section\">\n\t\t\t\t\t\t<div class=\"elementor-container elementor-column-gap-default\">\n\t\t\t\t\t<div class=\"elementor-column elementor-col-33 elementor-inner-column elementor-element elementor-element-6880a609\" data-id=\"6880a609\" data-element_type=\"column\" data-e-type=\"column\">\n\t\t\t<div class=\"elementor-widget-wrap\">\n\t\t\t\t\t\t\t<\/div>\n\t\t<\/div>\n\t\t\t\t<div class=\"elementor-column elementor-col-33 elementor-inner-column elementor-element elementor-element-751904e6\" data-id=\"751904e6\" data-element_type=\"column\" data-e-type=\"column\">\n\t\t\t<div class=\"elementor-widget-wrap\">\n\t\t\t\t\t\t\t<\/div>\n\t\t<\/div>\n\t\t\t\t<div class=\"elementor-column elementor-col-33 elementor-inner-column elementor-element elementor-element-7df59ebd\" data-id=\"7df59ebd\" data-element_type=\"column\" data-e-type=\"column\">\n\t\t\t<div class=\"elementor-widget-wrap elementor-element-populated\">\n\t\t\t\t\t\t<div class=\"elementor-element elementor-element-2b0219fe elementor-align-right elementor-widget elementor-widget-button\" data-id=\"2b0219fe\" data-element_type=\"widget\" data-e-type=\"widget\" data-widget_type=\"button.default\">\n\t\t\t\t<div class=\"elementor-widget-container\">\n\t\t\t\t\t\t\t\t\t<div class=\"elementor-button-wrapper\">\n\t\t\t\t\t<a class=\"elementor-button elementor-button-link elementor-size-sm\" href=\"https:\/\/elischools.com\/es\/?page_id=4954\">\n\t\t\t\t\t\t<span class=\"elementor-button-content-wrapper\">\n\t\t\t\t\t\t\t\t\t<span class=\"elementor-button-text\">Siguiente  &gt; Programas de Ingl\u00e9s<\/span>\n\t\t\t\t\t<\/span>\n\t\t\t\t\t<\/a>\n\t\t\t\t<\/div>\n\t\t\t\t\t\t\t\t<\/div>\n\t\t\t\t<\/div>\n\t\t\t\t\t<\/div>\n\t\t<\/div>\n\t\t\t\t\t<\/div>\n\t\t<\/section>\n\t\t\t\t<div class=\"elementor-element elementor-element-559ca4be elementor-widget elementor-widget-spacer\" data-id=\"559ca4be\" data-element_type=\"widget\" data-e-type=\"widget\" data-widget_type=\"spacer.default\">\n\t\t\t\t<div class=\"elementor-widget-container\">\n\t\t\t\t\t\t\t<div class=\"elementor-spacer\">\n\t\t\t<div class=\"elementor-spacer-inner\"><\/div>\n\t\t<\/div>\n\t\t\t\t\t\t<\/div>\n\t\t\t\t<\/div>\n\t\t\t\t\t<\/div>\n\t\t<\/div>\n\t\t\t\t\t<\/div>\n\t\t<\/section>\n\t\t\t\t<\/div>\n\t\t","protected":false},"excerpt":{"rendered":"<p>Aprendiendo con ELI Ofrecemos una variedad de programas que tienen el potencial de transformar verdaderamente la vida de nuestros estudiantes. Nuestro plan de estudios y metodolog\u00eda de ense\u00f1anza han sido dise\u00f1ados para cumplir con los m\u00e1s altos est\u00e1ndares internacionales, pero personalizamos nuestro enfoque para que podamos satisfacer las necesidades de cada alumno individualmente. Ofrecemos una [&hellip;]<\/p>\n","protected":false},"author":19,"featured_media":0,"parent":0,"menu_order":0,"comment_status":"closed","ping_status":"closed","template":"elementor_header_footer","meta":{"_angie_page":false,"footnotes":""},"class_list":["post-5129","page","type-page","status-publish","hentry"],"_links":{"self":[{"href":"https:\/\/elischools.com\/es\/wp-json\/wp\/v2\/pages\/5129","targetHints":{"allow":["GET"]}}],"collection":[{"href":"https:\/\/elischools.com\/es\/wp-json\/wp\/v2\/pages"}],"about":[{"href":"https:\/\/elischools.com\/es\/wp-json\/wp\/v2\/types\/page"}],"author":[{"embeddable":true,"href":"https:\/\/elischools.com\/es\/wp-json\/wp\/v2\/users\/19"}],"replies":[{"embeddable":true,"href":"https:\/\/elischools.com\/es\/wp-json\/wp\/v2\/comments?post=5129"}],"version-history":[{"count":0,"href":"https:\/\/elischools.com\/es\/wp-json\/wp\/v2\/pages\/5129\/revisions"}],"wp:attachment":[{"href":"https:\/\/elischools.com\/es\/wp-json\/wp\/v2\/media?parent=5129"}],"curies":[{"name":"wp","href":"https:\/\/api.w.org\/{rel}","templated":true}]}}