{"id":5014,"date":"2021-05-07T16:45:25","date_gmt":"2021-05-07T16:45:25","guid":{"rendered":"https:\/\/elischools.com\/?page_id=5014"},"modified":"2021-11-09T14:29:38","modified_gmt":"2021-11-09T14:29:38","slug":"university-pathways-irlanda","status":"publish","type":"page","link":"https:\/\/elischools.com\/es\/university-pathways-irlanda\/","title":{"rendered":"University Pathways Irlanda"},"content":{"rendered":"\t\t<div data-elementor-type=\"wp-page\" data-elementor-id=\"5014\" class=\"elementor elementor-5014 elementor-4669\" data-elementor-post-type=\"page\">\n\t\t\t\t\t\t<section class=\"elementor-section elementor-top-section elementor-element elementor-element-41120591 elementor-section-full_width elementor-section-stretched elementor-section-height-min-height elementor-section-height-default elementor-section-items-middle\" data-id=\"41120591\" data-element_type=\"section\" data-e-type=\"section\" data-settings=\"{&quot;stretch_section&quot;:&quot;section-stretched&quot;,&quot;background_background&quot;:&quot;classic&quot;}\">\n\t\t\t\t\t\t\t<div class=\"elementor-background-overlay\"><\/div>\n\t\t\t\t\t\t\t<div class=\"elementor-container elementor-column-gap-no\">\n\t\t\t\t\t<div class=\"elementor-column elementor-col-100 elementor-top-column elementor-element elementor-element-75c174a6\" data-id=\"75c174a6\" data-element_type=\"column\" data-e-type=\"column\">\n\t\t\t<div class=\"elementor-widget-wrap elementor-element-populated\">\n\t\t\t\t\t\t<section class=\"elementor-section elementor-inner-section elementor-element elementor-element-2f67f616 elementor-section-full_width elementor-section-height-default elementor-section-height-default\" data-id=\"2f67f616\" data-element_type=\"section\" data-e-type=\"section\">\n\t\t\t\t\t\t<div class=\"elementor-container elementor-column-gap-default\">\n\t\t\t\t\t<div class=\"elementor-column elementor-col-100 elementor-inner-column elementor-element elementor-element-342f3a10\" data-id=\"342f3a10\" data-element_type=\"column\" data-e-type=\"column\">\n\t\t\t<div class=\"elementor-widget-wrap elementor-element-populated\">\n\t\t\t\t\t\t<div class=\"elementor-element elementor-element-1383f155 elementor-widget elementor-widget-text-editor\" data-id=\"1383f155\" data-element_type=\"widget\" data-e-type=\"widget\" data-widget_type=\"text-editor.default\">\n\t\t\t\t<div class=\"elementor-widget-container\">\n\t\t\t\t\t\t\t\t\t<span>University Pathways<\/span>\t\t\t\t\t\t\t\t<\/div>\n\t\t\t\t<\/div>\n\t\t\t\t\t<\/div>\n\t\t<\/div>\n\t\t\t\t\t<\/div>\n\t\t<\/section>\n\t\t\t\t\t<\/div>\n\t\t<\/div>\n\t\t\t\t\t<\/div>\n\t\t<\/section>\n\t\t\t\t<section class=\"elementor-section elementor-top-section elementor-element elementor-element-2f557239 elementor-section-boxed elementor-section-height-default elementor-section-height-default\" data-id=\"2f557239\" data-element_type=\"section\" data-e-type=\"section\">\n\t\t\t\t\t\t<div class=\"elementor-container elementor-column-gap-no\">\n\t\t\t\t\t<div class=\"elementor-column elementor-col-100 elementor-top-column elementor-element elementor-element-266a2685\" data-id=\"266a2685\" data-element_type=\"column\" data-e-type=\"column\">\n\t\t\t<div class=\"elementor-widget-wrap elementor-element-populated\">\n\t\t\t\t\t\t<div class=\"elementor-element elementor-element-245d9474 elementor-widget elementor-widget-spacer\" data-id=\"245d9474\" data-element_type=\"widget\" data-e-type=\"widget\" data-widget_type=\"spacer.default\">\n\t\t\t\t<div class=\"elementor-widget-container\">\n\t\t\t\t\t\t\t<div class=\"elementor-spacer\">\n\t\t\t<div class=\"elementor-spacer-inner\"><\/div>\n\t\t<\/div>\n\t\t\t\t\t\t<\/div>\n\t\t\t\t<\/div>\n\t\t\t\t<div class=\"elementor-element elementor-element-7708475c elementor-widget elementor-widget-text-editor\" data-id=\"7708475c\" data-element_type=\"widget\" data-e-type=\"widget\" data-widget_type=\"text-editor.default\">\n\t\t\t\t<div class=\"elementor-widget-container\">\n\t\t\t\t\t\t\t\t\t<p><span>Aparte del hermoso pa\u00eds y la c\u00e1lida bienvenida, Irlanda se est\u00e1 convirtiendo r\u00e1pidamente en un centro global de tecnolog\u00eda, negocios y educaci\u00f3n. <\/span><span>Irlanda es un lugar atractivo para vivir y trabajar y las ventajas para los estudiantes internacionales son s\u00f3lidas.<\/span><\/p>\t\t\t\t\t\t\t\t<\/div>\n\t\t\t\t<\/div>\n\t\t\t\t<section class=\"elementor-section elementor-inner-section elementor-element elementor-element-767a13f1 elementor-section-boxed elementor-section-height-default elementor-section-height-default\" data-id=\"767a13f1\" data-element_type=\"section\" data-e-type=\"section\">\n\t\t\t\t\t\t<div class=\"elementor-container elementor-column-gap-default\">\n\t\t\t\t\t<div class=\"elementor-column elementor-col-50 elementor-inner-column elementor-element elementor-element-360e2cc3\" data-id=\"360e2cc3\" data-element_type=\"column\" data-e-type=\"column\" data-settings=\"{&quot;background_background&quot;:&quot;classic&quot;}\">\n\t\t\t<div class=\"elementor-widget-wrap elementor-element-populated\">\n\t\t\t\t\t\t<div class=\"elementor-element elementor-element-32d5dcab elementor-widget elementor-widget-heading\" data-id=\"32d5dcab\" data-element_type=\"widget\" data-e-type=\"widget\" data-widget_type=\"heading.default\">\n\t\t\t\t<div class=\"elementor-widget-container\">\n\t\t\t\t\t<h2 class=\"elementor-heading-title elementor-size-default\">Educaci\u00f3n Superior en Irlanda\n<\/h2>\t\t\t\t<\/div>\n\t\t\t\t<\/div>\n\t\t\t\t<div class=\"elementor-element elementor-element-3cd1d3df elementor-widget-divider--view-line elementor-widget elementor-widget-divider\" data-id=\"3cd1d3df\" data-element_type=\"widget\" data-e-type=\"widget\" data-widget_type=\"divider.default\">\n\t\t\t\t<div class=\"elementor-widget-container\">\n\t\t\t\t\t\t\t<div class=\"elementor-divider\">\n\t\t\t<span class=\"elementor-divider-separator\">\n\t\t\t\t\t\t<\/span>\n\t\t<\/div>\n\t\t\t\t\t\t<\/div>\n\t\t\t\t<\/div>\n\t\t\t\t<div class=\"elementor-element elementor-element-26ab5597 elementor-widget elementor-widget-text-editor\" data-id=\"26ab5597\" data-element_type=\"widget\" data-e-type=\"widget\" data-widget_type=\"text-editor.default\">\n\t\t\t\t<div class=\"elementor-widget-container\">\n\t\t\t\t\t\t\t\t\t<p>Irlanda es famosa por su hospitalidad y los irlandeses son naturalmente c\u00e1lidos y amigables. El pa\u00eds tiene una rica herencia cultural en m\u00fasica, arte, poes\u00eda y danza, y las ciudades est\u00e1n repletas de cosas para ver y hacer. Irlanda tiene mucho que ofrecer a los estudiantes internacionales de todas las edades. El gobierno irland\u00e9s est\u00e1 invirtiendo en educaci\u00f3n superior en Irlanda y, aunque ya tiene una clasificaci\u00f3n muy alta a nivel mundial, tiene la ambici\u00f3n de convertirlo en el mejor de Europa para 2025. Parte de esta estrategia e inversi\u00f3n es hacer de Irlanda un destino mucho m\u00e1s atractivo y dar la bienvenida a m\u00e1s estudiantes internacionales a la educaci\u00f3n superior en Irlanda.<br \/>Para muchos estudiantes internacionales, prepararse para postularse a una universidad en el extranjero puede ser una experiencia desalentadora y desafiante. Hay muchas oportunidades, muchas opciones y muchas decisiones por tomar.<br \/>Al considerar c\u00f3mo podemos ayudar a nuestros socios y estudiantes a elegir el programa adecuado, reconocimos que necesit\u00e1bamos un servicio transparente e independiente que ofreciera asesoramiento imparcial sobre la gama de oportunidades disponibles.<\/p>\t\t\t\t\t\t\t\t<\/div>\n\t\t\t\t<\/div>\n\t\t\t\t\t<\/div>\n\t\t<\/div>\n\t\t\t\t<div class=\"elementor-column elementor-col-50 elementor-inner-column elementor-element elementor-element-39218abf\" data-id=\"39218abf\" data-element_type=\"column\" data-e-type=\"column\" data-settings=\"{&quot;background_background&quot;:&quot;classic&quot;}\">\n\t\t\t<div class=\"elementor-widget-wrap elementor-element-populated\">\n\t\t\t\t\t\t<div class=\"elementor-element elementor-element-1e6fa53b elementor-widget elementor-widget-spacer\" data-id=\"1e6fa53b\" data-element_type=\"widget\" data-e-type=\"widget\" data-widget_type=\"spacer.default\">\n\t\t\t\t<div class=\"elementor-widget-container\">\n\t\t\t\t\t\t\t<div class=\"elementor-spacer\">\n\t\t\t<div class=\"elementor-spacer-inner\"><\/div>\n\t\t<\/div>\n\t\t\t\t\t\t<\/div>\n\t\t\t\t<\/div>\n\t\t\t\t<div class=\"elementor-element elementor-element-442c2245 elementor-widget elementor-widget-image\" data-id=\"442c2245\" data-element_type=\"widget\" data-e-type=\"widget\" data-widget_type=\"image.default\">\n\t\t\t\t<div class=\"elementor-widget-container\">\n\t\t\t\t\t\t\t\t\t\t\t\t\t\t\t<img decoding=\"async\" src=\"https:\/\/elischools.com\/wp-content\/uploads\/elementor\/thumbs\/Higher-Education-in-Ireland-qzz40qocha6108d3kf3tntv3my3be1pjc8wd6oyli0.jpg\" title=\"Higher Education in Ireland\" alt=\"Higher Education in Ireland\" loading=\"lazy\" \/>\t\t\t\t\t\t\t\t\t\t\t\t\t\t\t<\/div>\n\t\t\t\t<\/div>\n\t\t\t\t\t<\/div>\n\t\t<\/div>\n\t\t\t\t\t<\/div>\n\t\t<\/section>\n\t\t\t\t<div class=\"elementor-element elementor-element-30de478a elementor-widget elementor-widget-spacer\" data-id=\"30de478a\" data-element_type=\"widget\" data-e-type=\"widget\" data-widget_type=\"spacer.default\">\n\t\t\t\t<div class=\"elementor-widget-container\">\n\t\t\t\t\t\t\t<div class=\"elementor-spacer\">\n\t\t\t<div class=\"elementor-spacer-inner\"><\/div>\n\t\t<\/div>\n\t\t\t\t\t\t<\/div>\n\t\t\t\t<\/div>\n\t\t\t\t\t<\/div>\n\t\t<\/div>\n\t\t\t\t\t<\/div>\n\t\t<\/section>\n\t\t\t\t<section class=\"elementor-section elementor-top-section elementor-element elementor-element-76726b8d elementor-section-stretched elementor-section-boxed elementor-section-height-default elementor-section-height-default\" data-id=\"76726b8d\" data-element_type=\"section\" data-e-type=\"section\" data-settings=\"{&quot;stretch_section&quot;:&quot;section-stretched&quot;,&quot;background_background&quot;:&quot;classic&quot;}\">\n\t\t\t\t\t\t<div class=\"elementor-container elementor-column-gap-no\">\n\t\t\t\t\t<div class=\"elementor-column elementor-col-100 elementor-top-column elementor-element elementor-element-30032ad1\" data-id=\"30032ad1\" data-element_type=\"column\" data-e-type=\"column\">\n\t\t\t<div class=\"elementor-widget-wrap elementor-element-populated\">\n\t\t\t\t\t\t<div class=\"elementor-element elementor-element-2a62acc2 elementor-widget elementor-widget-spacer\" data-id=\"2a62acc2\" data-element_type=\"widget\" data-e-type=\"widget\" data-widget_type=\"spacer.default\">\n\t\t\t\t<div class=\"elementor-widget-container\">\n\t\t\t\t\t\t\t<div class=\"elementor-spacer\">\n\t\t\t<div class=\"elementor-spacer-inner\"><\/div>\n\t\t<\/div>\n\t\t\t\t\t\t<\/div>\n\t\t\t\t<\/div>\n\t\t\t\t<div class=\"elementor-element elementor-element-6dae982f elementor-widget elementor-widget-heading\" data-id=\"6dae982f\" data-element_type=\"widget\" data-e-type=\"widget\" data-widget_type=\"heading.default\">\n\t\t\t\t<div class=\"elementor-widget-container\">\n\t\t\t\t\t<h2 class=\"elementor-heading-title elementor-size-default\">University Pathways Irlanda<\/h2>\t\t\t\t<\/div>\n\t\t\t\t<\/div>\n\t\t\t\t<div class=\"elementor-element elementor-element-3ab01b6a elementor-widget-divider--view-line elementor-widget elementor-widget-divider\" data-id=\"3ab01b6a\" data-element_type=\"widget\" data-e-type=\"widget\" data-widget_type=\"divider.default\">\n\t\t\t\t<div class=\"elementor-widget-container\">\n\t\t\t\t\t\t\t<div class=\"elementor-divider\">\n\t\t\t<span class=\"elementor-divider-separator\">\n\t\t\t\t\t\t<\/span>\n\t\t<\/div>\n\t\t\t\t\t\t<\/div>\n\t\t\t\t<\/div>\n\t\t\t\t<div class=\"elementor-element elementor-element-7b822657 elementor-widget elementor-widget-text-editor\" data-id=\"7b822657\" data-element_type=\"widget\" data-e-type=\"widget\" data-widget_type=\"text-editor.default\">\n\t\t\t\t<div class=\"elementor-widget-container\">\n\t\t\t\t\t\t\t\t\t<p><span><span class=\"\">University Pathways Ireland es un servicio de asesoramiento especializado que ayuda a los estudiantes internacionales a descubrir y postularse para las mejores universidades e institutos de Irlanda. <\/span>Hay m\u00e1s de 40 instituciones de educaci\u00f3n superior en Irlanda, que imparten miles de cursos en una amplia gama de materias.<\/span><br \/><br \/><span><span class=\"\">Para ofrecer realmente el consejo m\u00e1s informado a nuestros estudiantes, necesit\u00e1bamos un experto que pudiera brindar informaci\u00f3n detallada sobre los requisitos de ingreso, los costos de matr\u00edcula y las becas disponibles para cada programa e instituci\u00f3n. <\/span><\/span><span>El servicio University Pathways Ireland es gratuito para los estudiantes, est\u00e1 financiado por las instituciones y ofrece un servicio integral que va desde la planificaci\u00f3n previa a la solicitud y los eventos de descubrimiento hasta un servicio completo de solicitud de extremo a extremo. Estamos seguros de que UPI ofrece a los estudiantes y socios internacionales el rango de experiencia que est\u00e1bamos buscando y trabajaremos en estrecha colaboraci\u00f3n con su equipo al asesorar a los estudiantes extranjeros sobre las opciones disponibles.<\/span>\u00a0<\/p><p><span>Para muchos estudiantes internacionales, las oportunidades en la educaci\u00f3n superior en Irlanda est\u00e1n fuera de su alcance, ya que a\u00fan no han desarrollado la competencia necesaria en ingl\u00e9s para perseguir sus sue\u00f1os.\u00a0Alcanzar altos niveles de ingl\u00e9s en pa\u00edses de habla no nativa es un desaf\u00edo, que requiere una gran dedicaci\u00f3n y un tiempo considerable.\u00a0El programa ELI Schools Pathway es un programa de ingl\u00e9s preparatorio dise\u00f1ado para ayudar a los estudiantes internacionales a alcanzar el nivel de ingl\u00e9s requerido para acceder a la educaci\u00f3n superior mientras viven y trabajan en Irlanda.\u00a0Nuestros profesores experimentados ayudar\u00e1n a guiar a los estudiantes a alcanzar altos niveles en IELTS y acelerar su ruta hacia un mayor estudio acad\u00e9mico.<\/span><\/p>\t\t\t\t\t\t\t\t<\/div>\n\t\t\t\t<\/div>\n\t\t\t\t<div class=\"elementor-element elementor-element-b4f5832 elementor-widget elementor-widget-spacer\" data-id=\"b4f5832\" data-element_type=\"widget\" data-e-type=\"widget\" data-widget_type=\"spacer.default\">\n\t\t\t\t<div class=\"elementor-widget-container\">\n\t\t\t\t\t\t\t<div class=\"elementor-spacer\">\n\t\t\t<div class=\"elementor-spacer-inner\"><\/div>\n\t\t<\/div>\n\t\t\t\t\t\t<\/div>\n\t\t\t\t<\/div>\n\t\t\t\t\t<\/div>\n\t\t<\/div>\n\t\t\t\t\t<\/div>\n\t\t<\/section>\n\t\t\t\t<section class=\"elementor-section elementor-top-section elementor-element elementor-element-28ee0bb6 elementor-section-full_width elementor-section-height-default elementor-section-height-default\" data-id=\"28ee0bb6\" data-element_type=\"section\" data-e-type=\"section\">\n\t\t\t\t\t\t<div class=\"elementor-container elementor-column-gap-default\">\n\t\t\t\t\t<div class=\"elementor-column elementor-col-100 elementor-top-column elementor-element elementor-element-938ebfa\" data-id=\"938ebfa\" data-element_type=\"column\" data-e-type=\"column\">\n\t\t\t<div class=\"elementor-widget-wrap elementor-element-populated\">\n\t\t\t\t\t\t<div class=\"elementor-element elementor-element-a12e263 elementor-widget elementor-widget-spacer\" data-id=\"a12e263\" data-element_type=\"widget\" data-e-type=\"widget\" data-widget_type=\"spacer.default\">\n\t\t\t\t<div class=\"elementor-widget-container\">\n\t\t\t\t\t\t\t<div class=\"elementor-spacer\">\n\t\t\t<div class=\"elementor-spacer-inner\"><\/div>\n\t\t<\/div>\n\t\t\t\t\t\t<\/div>\n\t\t\t\t<\/div>\n\t\t\t\t<section class=\"elementor-section elementor-inner-section elementor-element elementor-element-792817c4 elementor-section-boxed elementor-section-height-default elementor-section-height-default\" data-id=\"792817c4\" data-element_type=\"section\" data-e-type=\"section\">\n\t\t\t\t\t\t<div class=\"elementor-container elementor-column-gap-default\">\n\t\t\t\t\t<div class=\"elementor-column elementor-col-33 elementor-inner-column elementor-element elementor-element-3434f0f0\" data-id=\"3434f0f0\" data-element_type=\"column\" data-e-type=\"column\">\n\t\t\t<div class=\"elementor-widget-wrap\">\n\t\t\t\t\t\t\t<\/div>\n\t\t<\/div>\n\t\t\t\t<div class=\"elementor-column elementor-col-33 elementor-inner-column elementor-element elementor-element-380b960\" data-id=\"380b960\" data-element_type=\"column\" data-e-type=\"column\">\n\t\t\t<div class=\"elementor-widget-wrap\">\n\t\t\t\t\t\t\t<\/div>\n\t\t<\/div>\n\t\t\t\t<div class=\"elementor-column elementor-col-33 elementor-inner-column elementor-element elementor-element-58246383\" data-id=\"58246383\" data-element_type=\"column\" data-e-type=\"column\">\n\t\t\t<div class=\"elementor-widget-wrap elementor-element-populated\">\n\t\t\t\t\t\t<div class=\"elementor-element elementor-element-419dba43 elementor-align-justify elementor-widget elementor-widget-button\" data-id=\"419dba43\" data-element_type=\"widget\" data-e-type=\"widget\" data-widget_type=\"button.default\">\n\t\t\t\t<div class=\"elementor-widget-container\">\n\t\t\t\t\t\t\t\t\t<div class=\"elementor-button-wrapper\">\n\t\t\t\t\t<a class=\"elementor-button elementor-size-xl\" role=\"button\">\n\t\t\t\t\t\t<span class=\"elementor-button-content-wrapper\">\n\t\t\t\t\t\t\t\t\t<span class=\"elementor-button-text\">Siguiente &gt; Programa Pathway<\/span>\n\t\t\t\t\t<\/span>\n\t\t\t\t\t<\/a>\n\t\t\t\t<\/div>\n\t\t\t\t\t\t\t\t<\/div>\n\t\t\t\t<\/div>\n\t\t\t\t\t<\/div>\n\t\t<\/div>\n\t\t\t\t\t<\/div>\n\t\t<\/section>\n\t\t\t\t<div class=\"elementor-element elementor-element-cd7778a elementor-widget elementor-widget-spacer\" data-id=\"cd7778a\" data-element_type=\"widget\" data-e-type=\"widget\" data-widget_type=\"spacer.default\">\n\t\t\t\t<div class=\"elementor-widget-container\">\n\t\t\t\t\t\t\t<div class=\"elementor-spacer\">\n\t\t\t<div class=\"elementor-spacer-inner\"><\/div>\n\t\t<\/div>\n\t\t\t\t\t\t<\/div>\n\t\t\t\t<\/div>\n\t\t\t\t\t<\/div>\n\t\t<\/div>\n\t\t\t\t\t<\/div>\n\t\t<\/section>\n\t\t\t\t<\/div>\n\t\t","protected":false},"excerpt":{"rendered":"<p>University Pathways Aparte del hermoso pa\u00eds y la c\u00e1lida bienvenida, Irlanda se est\u00e1 convirtiendo r\u00e1pidamente en un centro global de tecnolog\u00eda, negocios y educaci\u00f3n. Irlanda es un lugar atractivo para vivir y trabajar y las ventajas para los estudiantes internacionales son s\u00f3lidas. Educaci\u00f3n Superior en Irlanda Irlanda es famosa por su hospitalidad y los irlandeses [&hellip;]<\/p>\n","protected":false},"author":19,"featured_media":0,"parent":0,"menu_order":0,"comment_status":"closed","ping_status":"closed","template":"elementor_header_footer","meta":{"footnotes":""},"class_list":["post-5014","page","type-page","status-publish","hentry"],"_links":{"self":[{"href":"https:\/\/elischools.com\/es\/wp-json\/wp\/v2\/pages\/5014","targetHints":{"allow":["GET"]}}],"collection":[{"href":"https:\/\/elischools.com\/es\/wp-json\/wp\/v2\/pages"}],"about":[{"href":"https:\/\/elischools.com\/es\/wp-json\/wp\/v2\/types\/page"}],"author":[{"embeddable":true,"href":"https:\/\/elischools.com\/es\/wp-json\/wp\/v2\/users\/19"}],"replies":[{"embeddable":true,"href":"https:\/\/elischools.com\/es\/wp-json\/wp\/v2\/comments?post=5014"}],"version-history":[{"count":0,"href":"https:\/\/elischools.com\/es\/wp-json\/wp\/v2\/pages\/5014\/revisions"}],"wp:attachment":[{"href":"https:\/\/elischools.com\/es\/wp-json\/wp\/v2\/media?parent=5014"}],"curies":[{"name":"wp","href":"https:\/\/api.w.org\/{rel}","templated":true}]}}