{"id":81548,"date":"2024-10-11T09:14:22","date_gmt":"2024-10-11T14:14:22","guid":{"rendered":"https:\/\/elischools.com\/broschueren\/broschuere-fuer-programme-fuer-erwachsene\/"},"modified":"2025-08-25T10:02:47","modified_gmt":"2025-08-25T15:02:47","slug":"broschuere-fuer-programme-fuer-erwachsene","status":"publish","type":"page","link":"https:\/\/elischools.com\/de\/broschueren\/broschuere-fuer-programme-fuer-erwachsene\/","title":{"rendered":"Brosch\u00fcre f\u00fcr Programme f\u00fcr Erwachsene."},"content":{"rendered":"\t\t<div data-elementor-type=\"wp-page\" data-elementor-id=\"81548\" class=\"elementor elementor-81548 elementor-76105\" data-elementor-post-type=\"page\">\n\t\t\t\t<div class=\"elementor-element elementor-element-519c91dc e-flex e-con-boxed e-con e-parent\" data-id=\"519c91dc\" data-element_type=\"container\" data-e-type=\"container\">\n\t\t\t\t\t<div class=\"e-con-inner\">\n\t\t\t\t<div class=\"elementor-element elementor-element-4e2f72db elementor-widget elementor-widget-heading\" data-id=\"4e2f72db\" data-element_type=\"widget\" data-e-type=\"widget\" data-widget_type=\"heading.default\">\n\t\t\t\t<div class=\"elementor-widget-container\">\n\t\t\t\t\t<h1 class=\"elementor-heading-title elementor-size-default\">ALLES IST BEREIT<\/h1>\t\t\t\t<\/div>\n\t\t\t\t<\/div>\n\t\t\t\t<div class=\"elementor-element elementor-element-6f63d9c2 elementor-widget elementor-widget-text-editor\" data-id=\"6f63d9c2\" data-element_type=\"widget\" data-e-type=\"widget\" data-widget_type=\"text-editor.default\">\n\t\t\t\t<div class=\"elementor-widget-container\">\n\t\t\t\t\t\t\t\t\t<p>Unsere Brosch\u00fcre wird in Ihrem E-Mail-Postfach ankommen, sodass Sie jederzeit darauf zugreifen k\u00f6nnen. In der Zwischenzeit haben Sie hier Zugriff auf die &#8222;Brosch\u00fcre f\u00fcr Programme f\u00fcr Erwachsene&#8220;.<\/p>\n\t\t\t\t\t\t\t\t<\/div>\n\t\t\t\t<\/div>\n\t\t\t\t<div class=\"elementor-element elementor-element-6278020c elementor-widget elementor-widget-heading\" data-id=\"6278020c\" data-element_type=\"widget\" data-e-type=\"widget\" data-widget_type=\"heading.default\">\n\t\t\t\t<div class=\"elementor-widget-container\">\n\t\t\t\t\t<h2 class=\"elementor-heading-title elementor-size-default\">Brosch\u00fcre f\u00fcr Programme f\u00fcr Erwachsene.<\/h2>\t\t\t\t<\/div>\n\t\t\t\t<\/div>\n\t\t\t\t<div class=\"elementor-element elementor-element-3b3c3214 elementor-widget elementor-widget-shortcode\" data-id=\"3b3c3214\" data-element_type=\"widget\" data-e-type=\"widget\" data-widget_type=\"shortcode.default\">\n\t\t\t\t<div class=\"elementor-widget-container\">\n\t\t\t\t\t\t\t<div class=\"elementor-shortcode\"><div class=\"_df_book df-container df-loading \"  data-slug=\"brochure-adult-programs-2025-low-2\" data-_slug=\"brochure-adult-programs-2025-low-2\" _slug=\"brochure-adult-programs-2025-low-2\" data-title=\"brochure-adult-programs\" id=\"df_77147\" data-df-option=\"df_option_77147\" ><\/div><script class=\"df-shortcode-script\" nowprocket type=\"application\/javascript\">window.df_option_77147 = {\"source\":\"https:\\\/\\\/elischools.com\\\/wp-content\\\/uploads\\\/2024\\\/08\\\/Brochure-Adult-Programs-2026-B2B-English.pdf\",\"outline\":[],\"autoEnableOutline\":false,\"autoEnableThumbnail\":false,\"overwritePDFOutline\":false,\"pageSize\":\"0\",\"slug\":\"brochure-adult-programs-2025-low-2\",\"wpOptions\":\"true\",\"id\":77147}; if(window.DFLIP && window.DFLIP.parseBooks){window.DFLIP.parseBooks();}<\/script><\/div>\n\t\t\t\t\t\t<\/div>\n\t\t\t\t<\/div>\n\t\t\t\t\t<\/div>\n\t\t\t\t<\/div>\n\t\t<div class=\"elementor-element elementor-element-57e11723 e-flex e-con-boxed e-con e-parent\" data-id=\"57e11723\" data-element_type=\"container\" data-e-type=\"container\">\n\t\t\t\t\t<div class=\"e-con-inner\">\n\t\t<div class=\"elementor-element elementor-element-69e921f0 e-flex e-con-boxed e-con e-child\" data-id=\"69e921f0\" data-element_type=\"container\" data-e-type=\"container\" data-settings=\"{&quot;background_background&quot;:&quot;classic&quot;}\">\n\t\t\t\t\t<div class=\"e-con-inner\">\n\t\t<div class=\"elementor-element elementor-element-53c2025a e-con-full e-flex e-con e-child\" data-id=\"53c2025a\" data-element_type=\"container\" data-e-type=\"container\">\n\t\t\t\t<div class=\"elementor-element elementor-element-1a571b elementor-widget elementor-widget-heading\" data-id=\"1a571b\" data-element_type=\"widget\" data-e-type=\"widget\" data-widget_type=\"heading.default\">\n\t\t\t\t<div class=\"elementor-widget-container\">\n\t\t\t\t\t<h4 class=\"elementor-heading-title elementor-size-default\">WAS IST DER N\u00c4CHSTE SCHRITT?<\/h4>\t\t\t\t<\/div>\n\t\t\t\t<\/div>\n\t\t\t\t<div class=\"elementor-element elementor-element-1365a0b1 elementor-widget elementor-widget-heading\" data-id=\"1365a0b1\" data-element_type=\"widget\" data-e-type=\"widget\" data-widget_type=\"heading.default\">\n\t\t\t\t<div class=\"elementor-widget-container\">\n\t\t\t\t\t<span class=\"elementor-heading-title elementor-size-default\">Nehmen Sie Ihre Englischpr\u00fcfung ab und testen Sie sich noch heute!<\/span>\t\t\t\t<\/div>\n\t\t\t\t<\/div>\n\t\t\t\t<\/div>\n\t\t<div class=\"elementor-element elementor-element-622799c6 e-flex e-con-boxed e-con e-child\" data-id=\"622799c6\" data-element_type=\"container\" data-e-type=\"container\">\n\t\t\t\t\t<div class=\"e-con-inner\">\n\t\t\t\t<div class=\"elementor-element elementor-element-2c7a68cb elementor-align-center elementor-widget elementor-widget-button\" data-id=\"2c7a68cb\" data-element_type=\"widget\" data-e-type=\"widget\" data-widget_type=\"button.default\">\n\t\t\t\t<div class=\"elementor-widget-container\">\n\t\t\t\t\t\t\t\t\t<div class=\"elementor-button-wrapper\">\n\t\t\t\t\t<a class=\"elementor-button elementor-button-link elementor-size-sm\" href=\"https:\/\/elischools.com\/de\/niveautest-2\/\">\n\t\t\t\t\t\t<span class=\"elementor-button-content-wrapper\">\n\t\t\t\t\t\t\t\t\t<span class=\"elementor-button-text\">KEINE KOSTEN, ES IST KOSTENLOS!<\/span>\n\t\t\t\t\t<\/span>\n\t\t\t\t\t<\/a>\n\t\t\t\t<\/div>\n\t\t\t\t\t\t\t\t<\/div>\n\t\t\t\t<\/div>\n\t\t\t\t\t<\/div>\n\t\t\t\t<\/div>\n\t\t\t\t\t<\/div>\n\t\t\t\t<\/div>\n\t\t\t\t\t<\/div>\n\t\t\t\t<\/div>\n\t\t<div class=\"elementor-element elementor-element-78413292 e-flex e-con-boxed e-con e-parent\" data-id=\"78413292\" data-element_type=\"container\" data-e-type=\"container\">\n\t\t\t\t\t<div class=\"e-con-inner\">\n\t\t\t\t<div class=\"elementor-element elementor-element-7902160d elementor-widget elementor-widget-spacer\" data-id=\"7902160d\" data-element_type=\"widget\" data-e-type=\"widget\" data-widget_type=\"spacer.default\">\n\t\t\t\t<div class=\"elementor-widget-container\">\n\t\t\t\t\t\t\t<div class=\"elementor-spacer\">\n\t\t\t<div class=\"elementor-spacer-inner\"><\/div>\n\t\t<\/div>\n\t\t\t\t\t\t<\/div>\n\t\t\t\t<\/div>\n\t\t\t\t\t<\/div>\n\t\t\t\t<\/div>\n\t\t\t\t<\/div>\n\t\t","protected":false},"excerpt":{"rendered":"<p>ALLES IST BEREIT Unsere Brosch\u00fcre wird in Ihrem E-Mail-Postfach ankommen, sodass Sie jederzeit darauf zugreifen k\u00f6nnen. In der Zwischenzeit haben Sie hier Zugriff auf die &#8222;Brosch\u00fcre f\u00fcr Programme f\u00fcr Erwachsene&#8220;. Brosch\u00fcre f\u00fcr Programme f\u00fcr Erwachsene. WAS IST DER N\u00c4CHSTE SCHRITT? Nehmen Sie Ihre Englischpr\u00fcfung ab und testen Sie sich noch heute! KEINE KOSTEN, ES IST [&hellip;]<\/p>\n","protected":false},"author":19,"featured_media":75513,"parent":62454,"menu_order":0,"comment_status":"closed","ping_status":"closed","template":"elementor_header_footer","meta":{"_angie_page":false,"footnotes":""},"class_list":["post-81548","page","type-page","status-publish","has-post-thumbnail","hentry"],"_links":{"self":[{"href":"https:\/\/elischools.com\/de\/wp-json\/wp\/v2\/pages\/81548","targetHints":{"allow":["GET"]}}],"collection":[{"href":"https:\/\/elischools.com\/de\/wp-json\/wp\/v2\/pages"}],"about":[{"href":"https:\/\/elischools.com\/de\/wp-json\/wp\/v2\/types\/page"}],"author":[{"embeddable":true,"href":"https:\/\/elischools.com\/de\/wp-json\/wp\/v2\/users\/19"}],"replies":[{"embeddable":true,"href":"https:\/\/elischools.com\/de\/wp-json\/wp\/v2\/comments?post=81548"}],"version-history":[{"count":0,"href":"https:\/\/elischools.com\/de\/wp-json\/wp\/v2\/pages\/81548\/revisions"}],"up":[{"embeddable":true,"href":"https:\/\/elischools.com\/de\/wp-json\/wp\/v2\/pages\/62454"}],"wp:featuredmedia":[{"embeddable":true,"href":"https:\/\/elischools.com\/de\/wp-json\/wp\/v2\/media\/75513"}],"wp:attachment":[{"href":"https:\/\/elischools.com\/de\/wp-json\/wp\/v2\/media?parent=81548"}],"curies":[{"name":"wp","href":"https:\/\/api.w.org\/{rel}","templated":true}]}}