{"id":81508,"date":"2024-10-11T09:02:18","date_gmt":"2024-10-11T14:02:18","guid":{"rendered":"https:\/\/elischools.com\/broschueren\/broschuere-fuer-programme-fuer-junge-lernende\/"},"modified":"2025-08-25T09:43:42","modified_gmt":"2025-08-25T14:43:42","slug":"broschuere-fuer-programme-fuer-junge-lernende","status":"publish","type":"page","link":"https:\/\/elischools.com\/de\/broschueren\/broschuere-fuer-programme-fuer-junge-lernende\/","title":{"rendered":"Brosch\u00fcre f\u00fcr Programme f\u00fcr junge Lernende"},"content":{"rendered":"\t\t<div data-elementor-type=\"wp-page\" data-elementor-id=\"81508\" class=\"elementor elementor-81508 elementor-76102\" data-elementor-post-type=\"page\">\n\t\t\t\t<div class=\"elementor-element elementor-element-7b635642 e-flex e-con-boxed e-con e-parent\" data-id=\"7b635642\" data-element_type=\"container\" data-e-type=\"container\">\n\t\t\t\t\t<div class=\"e-con-inner\">\n\t\t\t\t<div class=\"elementor-element elementor-element-21167b76 elementor-widget elementor-widget-heading\" data-id=\"21167b76\" data-element_type=\"widget\" data-e-type=\"widget\" data-widget_type=\"heading.default\">\n\t\t\t\t<div class=\"elementor-widget-container\">\n\t\t\t\t\t<h1 class=\"elementor-heading-title elementor-size-default\">ALLES IST BEREIT<\/h1>\t\t\t\t<\/div>\n\t\t\t\t<\/div>\n\t\t\t\t<div class=\"elementor-element elementor-element-6b9eb9de elementor-widget elementor-widget-text-editor\" data-id=\"6b9eb9de\" data-element_type=\"widget\" data-e-type=\"widget\" data-widget_type=\"text-editor.default\">\n\t\t\t\t<div class=\"elementor-widget-container\">\n\t\t\t\t\t\t\t\t\t<p>Unsere Brosch\u00fcre wird in Ihrem E-Mail-Postfach ankommen, sodass Sie jederzeit darauf zugreifen k\u00f6nnen. In der Zwischenzeit haben Sie hier Zugriff auf die &#8222;Brosch\u00fcre f\u00fcr Young Learners Programme&#8220;<\/p>\n\t\t\t\t\t\t\t\t<\/div>\n\t\t\t\t<\/div>\n\t\t\t\t<div class=\"elementor-element elementor-element-6678d4fe elementor-widget elementor-widget-heading\" data-id=\"6678d4fe\" data-element_type=\"widget\" data-e-type=\"widget\" data-widget_type=\"heading.default\">\n\t\t\t\t<div class=\"elementor-widget-container\">\n\t\t\t\t\t<h2 class=\"elementor-heading-title elementor-size-default\">Brosch\u00fcre f\u00fcr Programme f\u00fcr junge Lernende<\/h2>\t\t\t\t<\/div>\n\t\t\t\t<\/div>\n\t\t\t\t<div class=\"elementor-element elementor-element-6ddb5625 elementor-widget elementor-widget-shortcode\" data-id=\"6ddb5625\" data-element_type=\"widget\" data-e-type=\"widget\" data-widget_type=\"shortcode.default\">\n\t\t\t\t<div class=\"elementor-widget-container\">\n\t\t\t\t\t\t\t<div class=\"elementor-shortcode\"><div class=\"_df_book df-container df-loading \"  data-slug=\"brochure-young-learners-programs-2025-v2-short-version\" data-_slug=\"brochure-young-learners-programs-2025-v2-short-version\" _slug=\"brochure-young-learners-programs-2025-v2-short-version\" data-title=\"brochure-young-learners-programs\" id=\"df_77127\" data-df-option=\"df_option_77127\" ><\/div><script class=\"df-shortcode-script\" nowprocket type=\"application\/javascript\">window.df_option_77127 = {\"source\":\"https:\\\/\\\/elischools.com\\\/wp-content\\\/uploads\\\/2024\\\/08\\\/Brochure-Young-Learners-B2B-Partner-Agent-English-V8-2.pdf\",\"outline\":[],\"autoEnableOutline\":false,\"autoEnableThumbnail\":false,\"overwritePDFOutline\":false,\"pageSize\":\"0\",\"slug\":\"brochure-young-learners-programs-2025-v2-short-version\",\"wpOptions\":\"true\",\"id\":77127}; if(window.DFLIP && window.DFLIP.parseBooks){window.DFLIP.parseBooks();}<\/script><\/div>\n\t\t\t\t\t\t<\/div>\n\t\t\t\t<\/div>\n\t\t\t\t\t<\/div>\n\t\t\t\t<\/div>\n\t\t<div class=\"elementor-element elementor-element-25eb9f7d e-flex e-con-boxed e-con e-parent\" data-id=\"25eb9f7d\" data-element_type=\"container\" data-e-type=\"container\">\n\t\t\t\t\t<div class=\"e-con-inner\">\n\t\t<div class=\"elementor-element elementor-element-5419c91a e-flex e-con-boxed e-con e-child\" data-id=\"5419c91a\" data-element_type=\"container\" data-e-type=\"container\" data-settings=\"{&quot;background_background&quot;:&quot;classic&quot;}\">\n\t\t\t\t\t<div class=\"e-con-inner\">\n\t\t<div class=\"elementor-element elementor-element-7359531 e-con-full e-flex e-con e-child\" data-id=\"7359531\" data-element_type=\"container\" data-e-type=\"container\">\n\t\t\t\t<div class=\"elementor-element elementor-element-4d129d6b elementor-widget elementor-widget-heading\" data-id=\"4d129d6b\" data-element_type=\"widget\" data-e-type=\"widget\" data-widget_type=\"heading.default\">\n\t\t\t\t<div class=\"elementor-widget-container\">\n\t\t\t\t\t<h4 class=\"elementor-heading-title elementor-size-default\">WAS IST DER N\u00c4CHSTE SCHRITT?<\/h4>\t\t\t\t<\/div>\n\t\t\t\t<\/div>\n\t\t\t\t<div class=\"elementor-element elementor-element-66329874 elementor-widget elementor-widget-heading\" data-id=\"66329874\" data-element_type=\"widget\" data-e-type=\"widget\" data-widget_type=\"heading.default\">\n\t\t\t\t<div class=\"elementor-widget-container\">\n\t\t\t\t\t<span class=\"elementor-heading-title elementor-size-default\">Nehmen Sie Ihre Englischpr\u00fcfung ab und testen Sie sich noch heute!<\/span>\t\t\t\t<\/div>\n\t\t\t\t<\/div>\n\t\t\t\t<\/div>\n\t\t<div class=\"elementor-element elementor-element-66fa021c e-flex e-con-boxed e-con e-child\" data-id=\"66fa021c\" data-element_type=\"container\" data-e-type=\"container\">\n\t\t\t\t\t<div class=\"e-con-inner\">\n\t\t\t\t<div class=\"elementor-element elementor-element-6bc6e24d elementor-align-center elementor-widget elementor-widget-button\" data-id=\"6bc6e24d\" data-element_type=\"widget\" data-e-type=\"widget\" data-widget_type=\"button.default\">\n\t\t\t\t<div class=\"elementor-widget-container\">\n\t\t\t\t\t\t\t\t\t<div class=\"elementor-button-wrapper\">\n\t\t\t\t\t<a class=\"elementor-button elementor-button-link elementor-size-sm\" href=\"https:\/\/elischools.com\/de\/englisch-niveautest\/\">\n\t\t\t\t\t\t<span class=\"elementor-button-content-wrapper\">\n\t\t\t\t\t\t\t\t\t<span class=\"elementor-button-text\">KEINE KOSTEN, ES IST KOSTENLOS!<\/span>\n\t\t\t\t\t<\/span>\n\t\t\t\t\t<\/a>\n\t\t\t\t<\/div>\n\t\t\t\t\t\t\t\t<\/div>\n\t\t\t\t<\/div>\n\t\t\t\t\t<\/div>\n\t\t\t\t<\/div>\n\t\t\t\t\t<\/div>\n\t\t\t\t<\/div>\n\t\t\t\t\t<\/div>\n\t\t\t\t<\/div>\n\t\t<div class=\"elementor-element elementor-element-3c4296d4 e-flex e-con-boxed e-con e-parent\" data-id=\"3c4296d4\" data-element_type=\"container\" data-e-type=\"container\">\n\t\t\t\t\t<div class=\"e-con-inner\">\n\t\t\t\t<div class=\"elementor-element elementor-element-2258554f elementor-widget elementor-widget-spacer\" data-id=\"2258554f\" data-element_type=\"widget\" data-e-type=\"widget\" data-widget_type=\"spacer.default\">\n\t\t\t\t<div class=\"elementor-widget-container\">\n\t\t\t\t\t\t\t<div class=\"elementor-spacer\">\n\t\t\t<div class=\"elementor-spacer-inner\"><\/div>\n\t\t<\/div>\n\t\t\t\t\t\t<\/div>\n\t\t\t\t<\/div>\n\t\t\t\t\t<\/div>\n\t\t\t\t<\/div>\n\t\t\t\t<\/div>\n\t\t","protected":false},"excerpt":{"rendered":"<p>ALLES IST BEREIT Unsere Brosch\u00fcre wird in Ihrem E-Mail-Postfach ankommen, sodass Sie jederzeit darauf zugreifen k\u00f6nnen. In der Zwischenzeit haben Sie hier Zugriff auf die &#8222;Brosch\u00fcre f\u00fcr Young Learners Programme&#8220; Brosch\u00fcre f\u00fcr Programme f\u00fcr junge Lernende WAS IST DER N\u00c4CHSTE SCHRITT? Nehmen Sie Ihre Englischpr\u00fcfung ab und testen Sie sich noch heute! KEINE KOSTEN, ES [&hellip;]<\/p>\n","protected":false},"author":19,"featured_media":75513,"parent":62454,"menu_order":0,"comment_status":"closed","ping_status":"closed","template":"elementor_header_footer","meta":{"footnotes":""},"class_list":["post-81508","page","type-page","status-publish","has-post-thumbnail","hentry"],"_links":{"self":[{"href":"https:\/\/elischools.com\/de\/wp-json\/wp\/v2\/pages\/81508","targetHints":{"allow":["GET"]}}],"collection":[{"href":"https:\/\/elischools.com\/de\/wp-json\/wp\/v2\/pages"}],"about":[{"href":"https:\/\/elischools.com\/de\/wp-json\/wp\/v2\/types\/page"}],"author":[{"embeddable":true,"href":"https:\/\/elischools.com\/de\/wp-json\/wp\/v2\/users\/19"}],"replies":[{"embeddable":true,"href":"https:\/\/elischools.com\/de\/wp-json\/wp\/v2\/comments?post=81508"}],"version-history":[{"count":0,"href":"https:\/\/elischools.com\/de\/wp-json\/wp\/v2\/pages\/81508\/revisions"}],"up":[{"embeddable":true,"href":"https:\/\/elischools.com\/de\/wp-json\/wp\/v2\/pages\/62454"}],"wp:featuredmedia":[{"embeddable":true,"href":"https:\/\/elischools.com\/de\/wp-json\/wp\/v2\/media\/75513"}],"wp:attachment":[{"href":"https:\/\/elischools.com\/de\/wp-json\/wp\/v2\/media?parent=81508"}],"curies":[{"name":"wp","href":"https:\/\/api.w.org\/{rel}","templated":true}]}}