{"id":65132,"date":"2024-03-14T12:13:54","date_gmt":"2024-03-14T17:13:54","guid":{"rendered":"https:\/\/elischools.com\/broschueren\/erlebe-irland-programm\/"},"modified":"2024-10-16T08:58:57","modified_gmt":"2024-10-16T13:58:57","slug":"erlebe-irland-programm","status":"publish","type":"page","link":"https:\/\/elischools.com\/de\/broschueren\/erlebe-irland-programm\/","title":{"rendered":"Erlebe Irland Programm"},"content":{"rendered":"\t\t<div data-elementor-type=\"wp-page\" data-elementor-id=\"65132\" class=\"elementor elementor-65132 elementor-57643\" data-elementor-post-type=\"page\">\n\t\t\t\t<div class=\"elementor-element elementor-element-1f70c733 e-flex e-con-boxed e-con e-parent\" data-id=\"1f70c733\" data-element_type=\"container\" data-e-type=\"container\">\n\t\t\t\t\t<div class=\"e-con-inner\">\n\t\t\t\t<div class=\"elementor-element elementor-element-5617b3a5 elementor-widget elementor-widget-heading\" data-id=\"5617b3a5\" data-element_type=\"widget\" data-e-type=\"widget\" data-widget_type=\"heading.default\">\n\t\t\t\t<div class=\"elementor-widget-container\">\n\t\t\t\t\t<h1 class=\"elementor-heading-title elementor-size-default\">ALLES IST BEREIT<\/h1>\t\t\t\t<\/div>\n\t\t\t\t<\/div>\n\t\t\t\t<div class=\"elementor-element elementor-element-26f6e718 elementor-widget elementor-widget-text-editor\" data-id=\"26f6e718\" data-element_type=\"widget\" data-e-type=\"widget\" data-widget_type=\"text-editor.default\">\n\t\t\t\t<div class=\"elementor-widget-container\">\n\t\t\t\t\t\t\t\t\t<p>Unsere Brosch\u00fcre wird in Ihrem E-Mail-Posteingang eintreffen, damit Sie jederzeit darauf zugreifen k\u00f6nnen. In der Zwischenzeit haben Sie hier Zugang zur Brosch\u00fcre &#8222;Erlebe Irland&#8220;<\/p>\n\t\t\t\t\t\t\t\t<\/div>\n\t\t\t\t<\/div>\n\t\t\t\t<div class=\"elementor-element elementor-element-409e4888 elementor-widget elementor-widget-shortcode\" data-id=\"409e4888\" data-element_type=\"widget\" data-e-type=\"widget\" data-widget_type=\"shortcode.default\">\n\t\t\t\t<div class=\"elementor-widget-container\">\n\t\t\t\t\t\t\t<div class=\"elementor-shortcode\"><div class=\"_df_book df-container df-loading \"  data-slug=\"experience-ireland-program-ger\" data-_slug=\"experience-ireland-program-ger\" _slug=\"experience-ireland-program-ger\" data-title=\"experience-ireland-program-ger\" id=\"df_82028\" data-df-option=\"df_option_82028\" ><\/div><script class=\"df-shortcode-script\" nowprocket type=\"application\/javascript\">window.df_option_82028 = {\"source\":\"https:\\\/\\\/elischools.com\\\/wp-content\\\/uploads\\\/2024\\\/10\\\/Experience-Ireland-Program-LOW-GER.pdf\",\"outline\":[],\"overwritePDFOutline\":false,\"pageSize\":\"0\",\"slug\":\"experience-ireland-program-ger\",\"wpOptions\":\"true\",\"id\":82028}; if(window.DFLIP && window.DFLIP.parseBooks){window.DFLIP.parseBooks();}<\/script><\/div>\n\t\t\t\t\t\t<\/div>\n\t\t\t\t<\/div>\n\t\t\t\t\t<\/div>\n\t\t\t\t<\/div>\n\t\t<div class=\"elementor-element elementor-element-523526f7 e-flex e-con-boxed e-con e-parent\" data-id=\"523526f7\" data-element_type=\"container\" data-e-type=\"container\">\n\t\t\t\t\t<div class=\"e-con-inner\">\n\t\t<div class=\"elementor-element elementor-element-55f76c2b e-flex e-con-boxed e-con e-child\" data-id=\"55f76c2b\" data-element_type=\"container\" data-e-type=\"container\" data-settings=\"{&quot;background_background&quot;:&quot;classic&quot;}\">\n\t\t\t\t\t<div class=\"e-con-inner\">\n\t\t<div class=\"elementor-element elementor-element-37870c5f e-con-full e-flex e-con e-child\" data-id=\"37870c5f\" data-element_type=\"container\" data-e-type=\"container\">\n\t\t\t\t<div class=\"elementor-element elementor-element-4388540f elementor-widget elementor-widget-heading\" data-id=\"4388540f\" data-element_type=\"widget\" data-e-type=\"widget\" data-widget_type=\"heading.default\">\n\t\t\t\t<div class=\"elementor-widget-container\">\n\t\t\t\t\t<h4 class=\"elementor-heading-title elementor-size-default\">WAS IST DER N\u00c4CHSTE SCHRITT?<\/h4>\t\t\t\t<\/div>\n\t\t\t\t<\/div>\n\t\t\t\t<div class=\"elementor-element elementor-element-790ea8e6 elementor-widget elementor-widget-heading\" data-id=\"790ea8e6\" data-element_type=\"widget\" data-e-type=\"widget\" data-widget_type=\"heading.default\">\n\t\t\t\t<div class=\"elementor-widget-container\">\n\t\t\t\t\t<span class=\"elementor-heading-title elementor-size-default\">Nehmen Sie Ihre Englischpr\u00fcfung ab und testen Sie sich noch heute!<\/span>\t\t\t\t<\/div>\n\t\t\t\t<\/div>\n\t\t\t\t<\/div>\n\t\t<div class=\"elementor-element elementor-element-416c49c7 e-flex e-con-boxed e-con e-child\" data-id=\"416c49c7\" data-element_type=\"container\" data-e-type=\"container\">\n\t\t\t\t\t<div class=\"e-con-inner\">\n\t\t\t\t<div class=\"elementor-element elementor-element-3663c3d6 elementor-align-center elementor-widget elementor-widget-button\" data-id=\"3663c3d6\" data-element_type=\"widget\" data-e-type=\"widget\" data-widget_type=\"button.default\">\n\t\t\t\t<div class=\"elementor-widget-container\">\n\t\t\t\t\t\t\t\t\t<div class=\"elementor-button-wrapper\">\n\t\t\t\t\t<a class=\"elementor-button elementor-button-link elementor-size-sm\" href=\"https:\/\/elischools.com\/de\/englisch-niveautest\/\">\n\t\t\t\t\t\t<span class=\"elementor-button-content-wrapper\">\n\t\t\t\t\t\t\t\t\t<span class=\"elementor-button-text\">KEINE KOSTEN, ES IST KOSTENLOS!<\/span>\n\t\t\t\t\t<\/span>\n\t\t\t\t\t<\/a>\n\t\t\t\t<\/div>\n\t\t\t\t\t\t\t\t<\/div>\n\t\t\t\t<\/div>\n\t\t\t\t\t<\/div>\n\t\t\t\t<\/div>\n\t\t\t\t\t<\/div>\n\t\t\t\t<\/div>\n\t\t\t\t\t<\/div>\n\t\t\t\t<\/div>\n\t\t<div class=\"elementor-element elementor-element-8143dd1 e-flex e-con-boxed e-con e-parent\" data-id=\"8143dd1\" data-element_type=\"container\" data-e-type=\"container\">\n\t\t\t\t\t<div class=\"e-con-inner\">\n\t\t\t\t<div class=\"elementor-element elementor-element-b157ee8 elementor-widget elementor-widget-spacer\" data-id=\"b157ee8\" data-element_type=\"widget\" data-e-type=\"widget\" data-widget_type=\"spacer.default\">\n\t\t\t\t<div class=\"elementor-widget-container\">\n\t\t\t\t\t\t\t<div class=\"elementor-spacer\">\n\t\t\t<div class=\"elementor-spacer-inner\"><\/div>\n\t\t<\/div>\n\t\t\t\t\t\t<\/div>\n\t\t\t\t<\/div>\n\t\t\t\t\t<\/div>\n\t\t\t\t<\/div>\n\t\t\t\t<\/div>\n\t\t","protected":false},"excerpt":{"rendered":"<p>ALLES IST BEREIT Unsere Brosch\u00fcre wird in Ihrem E-Mail-Posteingang eintreffen, damit Sie jederzeit darauf zugreifen k\u00f6nnen. In der Zwischenzeit haben Sie hier Zugang zur Brosch\u00fcre &#8222;Erlebe Irland&#8220; WAS IST DER N\u00c4CHSTE SCHRITT? Nehmen Sie Ihre Englischpr\u00fcfung ab und testen Sie sich noch heute! KEINE KOSTEN, ES IST KOSTENLOS!<\/p>\n","protected":false},"author":19,"featured_media":81383,"parent":62454,"menu_order":0,"comment_status":"closed","ping_status":"closed","template":"elementor_header_footer","meta":{"_angie_page":false,"footnotes":""},"class_list":["post-65132","page","type-page","status-publish","has-post-thumbnail","hentry"],"_links":{"self":[{"href":"https:\/\/elischools.com\/de\/wp-json\/wp\/v2\/pages\/65132","targetHints":{"allow":["GET"]}}],"collection":[{"href":"https:\/\/elischools.com\/de\/wp-json\/wp\/v2\/pages"}],"about":[{"href":"https:\/\/elischools.com\/de\/wp-json\/wp\/v2\/types\/page"}],"author":[{"embeddable":true,"href":"https:\/\/elischools.com\/de\/wp-json\/wp\/v2\/users\/19"}],"replies":[{"embeddable":true,"href":"https:\/\/elischools.com\/de\/wp-json\/wp\/v2\/comments?post=65132"}],"version-history":[{"count":0,"href":"https:\/\/elischools.com\/de\/wp-json\/wp\/v2\/pages\/65132\/revisions"}],"up":[{"embeddable":true,"href":"https:\/\/elischools.com\/de\/wp-json\/wp\/v2\/pages\/62454"}],"wp:featuredmedia":[{"embeddable":true,"href":"https:\/\/elischools.com\/de\/wp-json\/wp\/v2\/media\/81383"}],"wp:attachment":[{"href":"https:\/\/elischools.com\/de\/wp-json\/wp\/v2\/media?parent=65132"}],"curies":[{"name":"wp","href":"https:\/\/api.w.org\/{rel}","templated":true}]}}