{"id":65130,"date":"2024-03-14T12:03:48","date_gmt":"2024-03-14T17:03:48","guid":{"rendered":"https:\/\/elischools.com\/broschueren\/2024-arbeits-und-studienbroschuere-globale-nicht-europaeer\/"},"modified":"2025-01-14T09:58:29","modified_gmt":"2025-01-14T14:58:29","slug":"arbeits-und-studienbroschuere-nicht-europaeer","status":"publish","type":"page","link":"https:\/\/elischools.com\/de\/broschueren\/arbeits-und-studienbroschuere-nicht-europaeer\/","title":{"rendered":"Arbeits und Studien brosch\u00fcre &#8211; Nicht-Europ\u00e4er"},"content":{"rendered":"\t\t<div data-elementor-type=\"wp-page\" data-elementor-id=\"65130\" class=\"elementor elementor-65130 elementor-61412\" data-elementor-post-type=\"page\">\n\t\t\t\t<div class=\"elementor-element elementor-element-5db49011 e-flex e-con-boxed e-con e-parent\" data-id=\"5db49011\" data-element_type=\"container\" data-e-type=\"container\">\n\t\t\t\t\t<div class=\"e-con-inner\">\n\t\t\t\t<div class=\"elementor-element elementor-element-6916e955 elementor-widget elementor-widget-heading\" data-id=\"6916e955\" data-element_type=\"widget\" data-e-type=\"widget\" data-widget_type=\"heading.default\">\n\t\t\t\t<div class=\"elementor-widget-container\">\n\t\t\t\t\t<h1 class=\"elementor-heading-title elementor-size-default\">ALLES IST BEREIT<\/h1>\t\t\t\t<\/div>\n\t\t\t\t<\/div>\n\t\t\t\t<div class=\"elementor-element elementor-element-140c5960 elementor-widget elementor-widget-text-editor\" data-id=\"140c5960\" data-element_type=\"widget\" data-e-type=\"widget\" data-widget_type=\"text-editor.default\">\n\t\t\t\t<div class=\"elementor-widget-container\">\n\t\t\t\t\t\t\t\t\t<p>Unsere Brosch\u00fcre wird in Ihrem E-Mail-Posteingang eintreffen, damit Sie jederzeit darauf zugreifen k\u00f6nnen. In der Zwischenzeit haben Sie hier Zugang zur Brosch\u00fcre &#8222;Arbeiten und Studieren in Irland&#8220;<\/p>\n\t\t\t\t\t\t\t\t<\/div>\n\t\t\t\t<\/div>\n\t\t\t\t<div class=\"elementor-element elementor-element-662fd0be elementor-widget elementor-widget-heading\" data-id=\"662fd0be\" data-element_type=\"widget\" data-e-type=\"widget\" data-widget_type=\"heading.default\">\n\t\t\t\t<div class=\"elementor-widget-container\">\n\t\t\t\t\t<h2 class=\"elementor-heading-title elementor-size-default\">Arbeiten und Studieren in Irland<\/h2>\t\t\t\t<\/div>\n\t\t\t\t<\/div>\n\t\t\t\t<div class=\"elementor-element elementor-element-cc2541a elementor-widget elementor-widget-shortcode\" data-id=\"cc2541a\" data-element_type=\"widget\" data-e-type=\"widget\" data-widget_type=\"shortcode.default\">\n\t\t\t\t<div class=\"elementor-widget-container\">\n\t\t\t\t\t\t\t<div class=\"elementor-shortcode\"><div class=\"_df_book df-container df-loading \"  data-slug=\"work-and-study-program-non-european-2\" data-_slug=\"work-and-study-program-non-european-2\" _slug=\"work-and-study-program-non-european-2\" data-title=\"work-and-study-program-non-european\" id=\"df_85259\" data-df-option=\"df_option_85259\" ><\/div><script class=\"df-shortcode-script\" nowprocket type=\"application\/javascript\">window.df_option_85259 = {\"source\":\"https:\\\/\\\/elischools.com\\\/wp-content\\\/uploads\\\/2024\\\/11\\\/Brochure-Work-and-Study-Non-EU-B2C-2026-English-V3.pdf\",\"outline\":[],\"overwritePDFOutline\":false,\"pageSize\":\"0\",\"slug\":\"work-and-study-program-non-european-2\",\"wpOptions\":\"true\",\"id\":85259}; if(window.DFLIP && window.DFLIP.parseBooks){window.DFLIP.parseBooks();}<\/script><\/div>\n\t\t\t\t\t\t<\/div>\n\t\t\t\t<\/div>\n\t\t\t\t\t<\/div>\n\t\t\t\t<\/div>\n\t\t<div class=\"elementor-element elementor-element-18786503 e-flex e-con-boxed e-con e-parent\" data-id=\"18786503\" data-element_type=\"container\" data-e-type=\"container\">\n\t\t\t\t\t<div class=\"e-con-inner\">\n\t\t<div class=\"elementor-element elementor-element-35b3ecd9 e-flex e-con-boxed e-con e-child\" data-id=\"35b3ecd9\" data-element_type=\"container\" data-e-type=\"container\" data-settings=\"{&quot;background_background&quot;:&quot;classic&quot;}\">\n\t\t\t\t\t<div class=\"e-con-inner\">\n\t\t<div class=\"elementor-element elementor-element-7b654c61 e-con-full e-flex e-con e-child\" data-id=\"7b654c61\" data-element_type=\"container\" data-e-type=\"container\">\n\t\t\t\t<div class=\"elementor-element elementor-element-148f3a51 elementor-widget elementor-widget-heading\" data-id=\"148f3a51\" data-element_type=\"widget\" data-e-type=\"widget\" data-widget_type=\"heading.default\">\n\t\t\t\t<div class=\"elementor-widget-container\">\n\t\t\t\t\t<h4 class=\"elementor-heading-title elementor-size-default\">WAS IST DER N\u00c4CHSTE SCHRITT?<\/h4>\t\t\t\t<\/div>\n\t\t\t\t<\/div>\n\t\t\t\t<div class=\"elementor-element elementor-element-5a9227d0 elementor-widget elementor-widget-heading\" data-id=\"5a9227d0\" data-element_type=\"widget\" data-e-type=\"widget\" data-widget_type=\"heading.default\">\n\t\t\t\t<div class=\"elementor-widget-container\">\n\t\t\t\t\t<span class=\"elementor-heading-title elementor-size-default\">Nehmen Sie Ihre Englischpr\u00fcfung ab und testen Sie sich noch heute!<\/span>\t\t\t\t<\/div>\n\t\t\t\t<\/div>\n\t\t\t\t<\/div>\n\t\t<div class=\"elementor-element elementor-element-630cd24f e-flex e-con-boxed e-con e-child\" data-id=\"630cd24f\" data-element_type=\"container\" data-e-type=\"container\">\n\t\t\t\t\t<div class=\"e-con-inner\">\n\t\t\t\t<div class=\"elementor-element elementor-element-76cf2e25 elementor-align-center elementor-widget elementor-widget-button\" data-id=\"76cf2e25\" data-element_type=\"widget\" data-e-type=\"widget\" data-widget_type=\"button.default\">\n\t\t\t\t<div class=\"elementor-widget-container\">\n\t\t\t\t\t\t\t\t\t<div class=\"elementor-button-wrapper\">\n\t\t\t\t\t<a class=\"elementor-button elementor-button-link elementor-size-sm\" href=\"https:\/\/elischools.com\/de\/englisch-niveautest\/\">\n\t\t\t\t\t\t<span class=\"elementor-button-content-wrapper\">\n\t\t\t\t\t\t\t\t\t<span class=\"elementor-button-text\">KEINE KOSTEN, ES IST KOSTENLOS!<\/span>\n\t\t\t\t\t<\/span>\n\t\t\t\t\t<\/a>\n\t\t\t\t<\/div>\n\t\t\t\t\t\t\t\t<\/div>\n\t\t\t\t<\/div>\n\t\t\t\t\t<\/div>\n\t\t\t\t<\/div>\n\t\t\t\t\t<\/div>\n\t\t\t\t<\/div>\n\t\t\t\t\t<\/div>\n\t\t\t\t<\/div>\n\t\t<div class=\"elementor-element elementor-element-25cdec2b e-flex e-con-boxed e-con e-parent\" data-id=\"25cdec2b\" data-element_type=\"container\" data-e-type=\"container\">\n\t\t\t\t\t<div class=\"e-con-inner\">\n\t\t\t\t<div class=\"elementor-element elementor-element-7d9bcc34 elementor-widget elementor-widget-spacer\" data-id=\"7d9bcc34\" data-element_type=\"widget\" data-e-type=\"widget\" data-widget_type=\"spacer.default\">\n\t\t\t\t<div class=\"elementor-widget-container\">\n\t\t\t\t\t\t\t<div class=\"elementor-spacer\">\n\t\t\t<div class=\"elementor-spacer-inner\"><\/div>\n\t\t<\/div>\n\t\t\t\t\t\t<\/div>\n\t\t\t\t<\/div>\n\t\t\t\t\t<\/div>\n\t\t\t\t<\/div>\n\t\t\t\t<\/div>\n\t\t","protected":false},"excerpt":{"rendered":"<p>ALLES IST BEREIT Unsere Brosch\u00fcre wird in Ihrem E-Mail-Posteingang eintreffen, damit Sie jederzeit darauf zugreifen k\u00f6nnen. In der Zwischenzeit haben Sie hier Zugang zur Brosch\u00fcre &#8222;Arbeiten und Studieren in Irland&#8220; Arbeiten und Studieren in Irland WAS IST DER N\u00c4CHSTE SCHRITT? Nehmen Sie Ihre Englischpr\u00fcfung ab und testen Sie sich noch heute! KEINE KOSTEN, ES IST [&hellip;]<\/p>\n","protected":false},"author":19,"featured_media":81383,"parent":62454,"menu_order":0,"comment_status":"closed","ping_status":"closed","template":"elementor_header_footer","meta":{"footnotes":""},"class_list":["post-65130","page","type-page","status-publish","has-post-thumbnail","hentry"],"_links":{"self":[{"href":"https:\/\/elischools.com\/de\/wp-json\/wp\/v2\/pages\/65130","targetHints":{"allow":["GET"]}}],"collection":[{"href":"https:\/\/elischools.com\/de\/wp-json\/wp\/v2\/pages"}],"about":[{"href":"https:\/\/elischools.com\/de\/wp-json\/wp\/v2\/types\/page"}],"author":[{"embeddable":true,"href":"https:\/\/elischools.com\/de\/wp-json\/wp\/v2\/users\/19"}],"replies":[{"embeddable":true,"href":"https:\/\/elischools.com\/de\/wp-json\/wp\/v2\/comments?post=65130"}],"version-history":[{"count":0,"href":"https:\/\/elischools.com\/de\/wp-json\/wp\/v2\/pages\/65130\/revisions"}],"up":[{"embeddable":true,"href":"https:\/\/elischools.com\/de\/wp-json\/wp\/v2\/pages\/62454"}],"wp:featuredmedia":[{"embeddable":true,"href":"https:\/\/elischools.com\/de\/wp-json\/wp\/v2\/media\/81383"}],"wp:attachment":[{"href":"https:\/\/elischools.com\/de\/wp-json\/wp\/v2\/media?parent=65130"}],"curies":[{"name":"wp","href":"https:\/\/api.w.org\/{rel}","templated":true}]}}