{"id":65128,"date":"2024-03-14T11:57:53","date_gmt":"2024-03-14T16:57:53","guid":{"rendered":"https:\/\/elischools.com\/broschueren\/2024-arbeits-und-studienbroschuere-europaeisch\/"},"modified":"2025-09-04T11:22:52","modified_gmt":"2025-09-04T16:22:52","slug":"arbeits-und-studienbroschuere-europaeisch","status":"publish","type":"page","link":"https:\/\/elischools.com\/de\/broschueren\/arbeits-und-studienbroschuere-europaeisch\/","title":{"rendered":"Arbeits und Studien brosch\u00fcre &#8211; Europ\u00e4isch"},"content":{"rendered":"\t\t<div data-elementor-type=\"wp-page\" data-elementor-id=\"65128\" class=\"elementor elementor-65128 elementor-61455\" data-elementor-post-type=\"page\">\n\t\t\t\t<div class=\"elementor-element elementor-element-5dea9ba4 e-flex e-con-boxed e-con e-parent\" data-id=\"5dea9ba4\" data-element_type=\"container\" data-e-type=\"container\">\n\t\t\t\t\t<div class=\"e-con-inner\">\n\t\t\t\t<div class=\"elementor-element elementor-element-d03649c elementor-widget elementor-widget-heading\" data-id=\"d03649c\" data-element_type=\"widget\" data-e-type=\"widget\" data-widget_type=\"heading.default\">\n\t\t\t\t<div class=\"elementor-widget-container\">\n\t\t\t\t\t<h1 class=\"elementor-heading-title elementor-size-default\">ALLES IST BEREIT<\/h1>\t\t\t\t<\/div>\n\t\t\t\t<\/div>\n\t\t\t\t<div class=\"elementor-element elementor-element-22a94a0b elementor-widget elementor-widget-text-editor\" data-id=\"22a94a0b\" data-element_type=\"widget\" data-e-type=\"widget\" data-widget_type=\"text-editor.default\">\n\t\t\t\t<div class=\"elementor-widget-container\">\n\t\t\t\t\t\t\t\t\t<p>Unsere Brosch\u00fcre wird in Ihrem E-Mail-Posteingang eintreffen, damit Sie jederzeit darauf zugreifen k\u00f6nnen. In der Zwischenzeit haben Sie hier Zugang zur Brosch\u00fcre &#8222;Arbeiten und Studieren in Irland&#8220;.<\/p>\n\t\t\t\t\t\t\t\t<\/div>\n\t\t\t\t<\/div>\n\t\t\t\t<div class=\"elementor-element elementor-element-1549a171 elementor-widget elementor-widget-heading\" data-id=\"1549a171\" data-element_type=\"widget\" data-e-type=\"widget\" data-widget_type=\"heading.default\">\n\t\t\t\t<div class=\"elementor-widget-container\">\n\t\t\t\t\t<h2 class=\"elementor-heading-title elementor-size-default\">Arbeiten und Studieren in Irland<\/h2>\t\t\t\t<\/div>\n\t\t\t\t<\/div>\n\t\t\t\t<div class=\"elementor-element elementor-element-1c304b30 elementor-widget elementor-widget-shortcode\" data-id=\"1c304b30\" data-element_type=\"widget\" data-e-type=\"widget\" data-widget_type=\"shortcode.default\">\n\t\t\t\t<div class=\"elementor-widget-container\">\n\t\t\t\t\t\t\t<div class=\"elementor-shortcode\"><div class=\"_df_book df-container df-loading \"  data-slug=\"work-and-study-program-europeans-ger\" data-_slug=\"work-and-study-program-europeans-ger\" _slug=\"work-and-study-program-europeans-ger\" data-title=\"work-and-study-program-european-ger\" id=\"df_82048\" data-df-option=\"df_option_82048\" ><\/div><script class=\"df-shortcode-script\" nowprocket type=\"application\/javascript\">window.df_option_82048 = {\"source\":\"https:\\\/\\\/elischools.com\\\/wp-content\\\/uploads\\\/2024\\\/10\\\/Work-and-Study-Program-Europeans-GER-LOW-2.pdf\",\"outline\":[],\"overwritePDFOutline\":false,\"pageSize\":\"0\",\"slug\":\"work-and-study-program-europeans-ger\",\"wpOptions\":\"true\",\"id\":82048}; if(window.DFLIP && window.DFLIP.parseBooks){window.DFLIP.parseBooks();}<\/script><\/div>\n\t\t\t\t\t\t<\/div>\n\t\t\t\t<\/div>\n\t\t\t\t\t<\/div>\n\t\t\t\t<\/div>\n\t\t<div class=\"elementor-element elementor-element-746c39d5 e-flex e-con-boxed e-con e-parent\" data-id=\"746c39d5\" data-element_type=\"container\" data-e-type=\"container\">\n\t\t\t\t\t<div class=\"e-con-inner\">\n\t\t<div class=\"elementor-element elementor-element-e32054d e-flex e-con-boxed e-con e-child\" data-id=\"e32054d\" data-element_type=\"container\" data-e-type=\"container\" data-settings=\"{&quot;background_background&quot;:&quot;classic&quot;}\">\n\t\t\t\t\t<div class=\"e-con-inner\">\n\t\t<div class=\"elementor-element elementor-element-616ea98b e-con-full e-flex e-con e-child\" data-id=\"616ea98b\" data-element_type=\"container\" data-e-type=\"container\">\n\t\t\t\t<div class=\"elementor-element elementor-element-73d572aa elementor-widget elementor-widget-heading\" data-id=\"73d572aa\" data-element_type=\"widget\" data-e-type=\"widget\" data-widget_type=\"heading.default\">\n\t\t\t\t<div class=\"elementor-widget-container\">\n\t\t\t\t\t<h4 class=\"elementor-heading-title elementor-size-default\">WAS IST DER N\u00c4CHSTE SCHRITT?<\/h4>\t\t\t\t<\/div>\n\t\t\t\t<\/div>\n\t\t\t\t<div class=\"elementor-element elementor-element-70c01b3c elementor-widget elementor-widget-heading\" data-id=\"70c01b3c\" data-element_type=\"widget\" data-e-type=\"widget\" data-widget_type=\"heading.default\">\n\t\t\t\t<div class=\"elementor-widget-container\">\n\t\t\t\t\t<span class=\"elementor-heading-title elementor-size-default\">Nehmen Sie Ihre Englischpr\u00fcfung ab und testen Sie sich noch heute!<\/span>\t\t\t\t<\/div>\n\t\t\t\t<\/div>\n\t\t\t\t<\/div>\n\t\t<div class=\"elementor-element elementor-element-500e7378 e-flex e-con-boxed e-con e-child\" data-id=\"500e7378\" data-element_type=\"container\" data-e-type=\"container\">\n\t\t\t\t\t<div class=\"e-con-inner\">\n\t\t\t\t<div class=\"elementor-element elementor-element-416f2cb3 elementor-align-center elementor-widget elementor-widget-button\" data-id=\"416f2cb3\" data-element_type=\"widget\" data-e-type=\"widget\" data-widget_type=\"button.default\">\n\t\t\t\t<div class=\"elementor-widget-container\">\n\t\t\t\t\t\t\t\t\t<div class=\"elementor-button-wrapper\">\n\t\t\t\t\t<a class=\"elementor-button elementor-button-link elementor-size-sm\" href=\"https:\/\/elischools.com\/de\/englisch-niveautest\/\">\n\t\t\t\t\t\t<span class=\"elementor-button-content-wrapper\">\n\t\t\t\t\t\t\t\t\t<span class=\"elementor-button-text\">KEINE KOSTEN, ES IST KOSTENLOS!<\/span>\n\t\t\t\t\t<\/span>\n\t\t\t\t\t<\/a>\n\t\t\t\t<\/div>\n\t\t\t\t\t\t\t\t<\/div>\n\t\t\t\t<\/div>\n\t\t\t\t\t<\/div>\n\t\t\t\t<\/div>\n\t\t\t\t\t<\/div>\n\t\t\t\t<\/div>\n\t\t\t\t\t<\/div>\n\t\t\t\t<\/div>\n\t\t<div class=\"elementor-element elementor-element-237e934a e-flex e-con-boxed e-con e-parent\" data-id=\"237e934a\" data-element_type=\"container\" data-e-type=\"container\">\n\t\t\t\t\t<div class=\"e-con-inner\">\n\t\t\t\t<div class=\"elementor-element elementor-element-643eb471 elementor-widget elementor-widget-spacer\" data-id=\"643eb471\" data-element_type=\"widget\" data-e-type=\"widget\" data-widget_type=\"spacer.default\">\n\t\t\t\t<div class=\"elementor-widget-container\">\n\t\t\t\t\t\t\t<div class=\"elementor-spacer\">\n\t\t\t<div class=\"elementor-spacer-inner\"><\/div>\n\t\t<\/div>\n\t\t\t\t\t\t<\/div>\n\t\t\t\t<\/div>\n\t\t\t\t\t<\/div>\n\t\t\t\t<\/div>\n\t\t\t\t<\/div>\n\t\t","protected":false},"excerpt":{"rendered":"<p>ALLES IST BEREIT Unsere Brosch\u00fcre wird in Ihrem E-Mail-Posteingang eintreffen, damit Sie jederzeit darauf zugreifen k\u00f6nnen. In der Zwischenzeit haben Sie hier Zugang zur Brosch\u00fcre &#8222;Arbeiten und Studieren in Irland&#8220;. Arbeiten und Studieren in Irland WAS IST DER N\u00c4CHSTE SCHRITT? Nehmen Sie Ihre Englischpr\u00fcfung ab und testen Sie sich noch heute! KEINE KOSTEN, ES IST [&hellip;]<\/p>\n","protected":false},"author":19,"featured_media":81383,"parent":62454,"menu_order":0,"comment_status":"closed","ping_status":"closed","template":"elementor_header_footer","meta":{"_angie_page":false,"footnotes":""},"class_list":["post-65128","page","type-page","status-publish","has-post-thumbnail","hentry"],"_links":{"self":[{"href":"https:\/\/elischools.com\/de\/wp-json\/wp\/v2\/pages\/65128","targetHints":{"allow":["GET"]}}],"collection":[{"href":"https:\/\/elischools.com\/de\/wp-json\/wp\/v2\/pages"}],"about":[{"href":"https:\/\/elischools.com\/de\/wp-json\/wp\/v2\/types\/page"}],"author":[{"embeddable":true,"href":"https:\/\/elischools.com\/de\/wp-json\/wp\/v2\/users\/19"}],"replies":[{"embeddable":true,"href":"https:\/\/elischools.com\/de\/wp-json\/wp\/v2\/comments?post=65128"}],"version-history":[{"count":0,"href":"https:\/\/elischools.com\/de\/wp-json\/wp\/v2\/pages\/65128\/revisions"}],"up":[{"embeddable":true,"href":"https:\/\/elischools.com\/de\/wp-json\/wp\/v2\/pages\/62454"}],"wp:featuredmedia":[{"embeddable":true,"href":"https:\/\/elischools.com\/de\/wp-json\/wp\/v2\/media\/81383"}],"wp:attachment":[{"href":"https:\/\/elischools.com\/de\/wp-json\/wp\/v2\/media?parent=65128"}],"curies":[{"name":"wp","href":"https:\/\/api.w.org\/{rel}","templated":true}]}}